{"id":33647,"date":"2023-09-19T13:02:00","date_gmt":"2023-09-19T11:02:00","guid":{"rendered":"https:\/\/librairie7l.com\/?post_type=product&#038;p=33647"},"modified":"2026-04-23T18:06:23","modified_gmt":"2026-04-23T16:06:23","slug":"les-diamants-de-la-couronne","status":"publish","type":"product","link":"https:\/\/librairie7l.com\/en\/produit\/les-diamants-de-la-couronne\/","title":{"rendered":"LES DIAMANTS DE LA COURONNE ET JOYAUX DES SOUVERAINS FRAN\u00c7AIS"},"content":{"rendered":"<p>Le tr\u00e9sor des rois de France se compose aussi des c\u00e9l\u00e8bres diamants de la Couronne. Leurs origines remontent en 1530 avec huit bagues que Fran\u00e7ois Ier l\u00e8gue \u00e0 ses successeurs. D&#8217;abord prenant le nom de \u00ab joyaux de la Couronne \u00bb avant d&#8217;\u00eatre renomm\u00e9s \u00ab diamants de la Couronne \u00bb. Malgr\u00e9 les vicissitudes d&#8217;une histoire troubl\u00e9e, faites de vols, de dispersions et de ventes, quelques joyaux t\u00e9moignent encore du faste royal. La pierre la plus ancienne est le spinelle dit C\u00f4te-de-Bretagne car entr\u00e9 dans le tr\u00e9sor gr\u00e2ce \u00e0 la reine Anne de Bretagne. Trois diamants historiques, le R\u00e9gent, le Sancy et l&#8217;Hortensia, ont orn\u00e9 les habits ou les couronnes des souverains. Sont aussi conserv\u00e9es dans la galerie d&#8217;Apollon des parures spectaculaires cr\u00e9\u00e9es au xixe si\u00e8cle, comme celles en \u00e9meraudes et diamants de l&#8217;imp\u00e9ratrice Marie-Louise.<\/p>\n","protected":false},"excerpt":{"rendered":"<p>Le tr\u00e9sor des rois de France se compose aussi des c\u00e9l\u00e8bres diamants de la Couronne. Leurs origines remontent en 1530 avec huit bagues que Fran\u00e7ois Ier l\u00e8gue \u00e0 ses successeurs. D&#8217;abord prenant le nom de \u00ab joyaux de la Couronne \u00bb avant d&#8217;\u00eatre renomm\u00e9s \u00ab diamants de la Couronne \u00bb. Malgr\u00e9 les vicissitudes d&#8217;une histoire [&hellip;]<\/p>\n","protected":false},"featured_media":33645,"template":"","meta":[],"product_cat":[2948,2952],"product_tag":[],"acf":[],"yoast_head":"<!-- This site is optimized with the Yoast SEO plugin v20.11 - https:\/\/yoast.com\/wordpress\/plugins\/seo\/ -->\n<title>LES DIAMANTS DE LA COURONNE ET JOYAUX DES SOUVERAINS FRAN\u00c7AIS - Librairie 7L<\/title>\n<meta name=\"robots\" content=\"index, follow, max-snippet:-1, max-image-preview:large, max-video-preview:-1\" \/>\n<link rel=\"canonical\" href=\"https:\/\/librairie7l.com\/en\/produit\/les-diamants-de-la-couronne\/\" \/>\n<meta property=\"og:locale\" content=\"en_US\" \/>\n<meta property=\"og:type\" content=\"article\" \/>\n<meta property=\"og:title\" content=\"LES DIAMANTS DE LA COURONNE ET JOYAUX DES SOUVERAINS FRAN\u00c7AIS - Librairie 7L\" \/>\n<meta property=\"og:description\" content=\"Le tr\u00e9sor des rois de France se compose aussi des c\u00e9l\u00e8bres diamants de la Couronne. Leurs origines remontent en 1530 avec huit bagues que Fran\u00e7ois Ier l\u00e8gue \u00e0 ses successeurs. D&#8217;abord prenant le nom de \u00ab joyaux de la Couronne \u00bb avant d&#8217;\u00eatre renomm\u00e9s \u00ab diamants de la Couronne \u00bb. Malgr\u00e9 les vicissitudes d&#8217;une histoire [&hellip;]\" \/>\n<meta property=\"og:url\" content=\"https:\/\/librairie7l.com\/en\/produit\/les-diamants-de-la-couronne\/\" \/>\n<meta property=\"og:site_name\" content=\"Librairie 7L\" \/>\n<meta property=\"article:modified_time\" content=\"2026-04-23T16:06:23+00:00\" \/>\n<meta property=\"og:image\" content=\"https:\/\/librairie7l.com\/wp-content\/uploads\/2022\/07\/9782878443301_1_75.jpg\" \/>\n\t<meta property=\"og:image:width\" content=\"400\" \/>\n\t<meta property=\"og:image:height\" content=\"552\" \/>\n\t<meta property=\"og:image:type\" content=\"image\/jpeg\" \/>\n<meta name=\"twitter:card\" content=\"summary_large_image\" \/>\n<meta name=\"twitter:label1\" content=\"Est. reading time\" \/>\n\t<meta name=\"twitter:data1\" content=\"1 minute\" \/>\n<script type=\"application\/ld+json\" class=\"yoast-schema-graph\">{\"@context\":\"https:\/\/schema.org\",\"@graph\":[{\"@type\":\"WebPage\",\"@id\":\"https:\/\/librairie7l.com\/en\/produit\/les-diamants-de-la-couronne\/\",\"url\":\"https:\/\/librairie7l.com\/en\/produit\/les-diamants-de-la-couronne\/\",\"name\":\"LES DIAMANTS DE LA COURONNE ET JOYAUX DES SOUVERAINS FRAN\u00c7AIS - Librairie 7L\",\"isPartOf\":{\"@id\":\"https:\/\/librairie7l.com\/en\/#website\"},\"datePublished\":\"2023-09-19T11:02:00+00:00\",\"dateModified\":\"2026-04-23T16:06:23+00:00\",\"breadcrumb\":{\"@id\":\"https:\/\/librairie7l.com\/en\/produit\/les-diamants-de-la-couronne\/#breadcrumb\"},\"inLanguage\":\"en-US\",\"potentialAction\":[{\"@type\":\"ReadAction\",\"target\":[\"https:\/\/librairie7l.com\/en\/produit\/les-diamants-de-la-couronne\/\"]}]},{\"@type\":\"BreadcrumbList\",\"@id\":\"https:\/\/librairie7l.com\/en\/produit\/les-diamants-de-la-couronne\/#breadcrumb\",\"itemListElement\":[{\"@type\":\"ListItem\",\"position\":1,\"name\":\"Accueil\",\"item\":\"https:\/\/librairie7l.com\/en\/\"},{\"@type\":\"ListItem\",\"position\":2,\"name\":\"Shop\",\"item\":\"https:\/\/librairie7l.com\/en\/shop\/\"},{\"@type\":\"ListItem\",\"position\":3,\"name\":\"LES DIAMANTS DE LA COURONNE ET JOYAUX DES SOUVERAINS FRAN\u00c7AIS\"}]},{\"@type\":\"WebSite\",\"@id\":\"https:\/\/librairie7l.com\/en\/#website\",\"url\":\"https:\/\/librairie7l.com\/en\/\",\"name\":\"Librairie 7L\",\"description\":\"Librairie fond\u00e9e en 1999 par Karl Lagerfeld \u00e0 Paris\",\"publisher\":{\"@id\":\"https:\/\/librairie7l.com\/en\/#organization\"},\"potentialAction\":[{\"@type\":\"SearchAction\",\"target\":{\"@type\":\"EntryPoint\",\"urlTemplate\":\"https:\/\/librairie7l.com\/en\/?s={search_term_string}\"},\"query-input\":\"required name=search_term_string\"}],\"inLanguage\":\"en-US\"},{\"@type\":\"Organization\",\"@id\":\"https:\/\/librairie7l.com\/en\/#organization\",\"name\":\"Librairie 7L\",\"url\":\"https:\/\/librairie7l.com\/en\/\",\"logo\":{\"@type\":\"ImageObject\",\"inLanguage\":\"en-US\",\"@id\":\"https:\/\/librairie7l.com\/en\/#\/schema\/logo\/image\/\",\"url\":\"https:\/\/librairie7l.com\/wp-content\/uploads\/2022\/08\/logo-1.png\",\"contentUrl\":\"https:\/\/librairie7l.com\/wp-content\/uploads\/2022\/08\/logo-1.png\",\"width\":227,\"height\":301,\"caption\":\"Librairie 7L\"},\"image\":{\"@id\":\"https:\/\/librairie7l.com\/en\/#\/schema\/logo\/image\/\"}}]}<\/script>\n<!-- \/ Yoast SEO plugin. -->","yoast_head_json":{"title":"LES DIAMANTS DE LA COURONNE ET JOYAUX DES SOUVERAINS FRAN\u00c7AIS - Librairie 7L","robots":{"index":"index","follow":"follow","max-snippet":"max-snippet:-1","max-image-preview":"max-image-preview:large","max-video-preview":"max-video-preview:-1"},"canonical":"https:\/\/librairie7l.com\/en\/produit\/les-diamants-de-la-couronne\/","og_locale":"en_US","og_type":"article","og_title":"LES DIAMANTS DE LA COURONNE ET JOYAUX DES SOUVERAINS FRAN\u00c7AIS - Librairie 7L","og_description":"Le tr\u00e9sor des rois de France se compose aussi des c\u00e9l\u00e8bres diamants de la Couronne. Leurs origines remontent en 1530 avec huit bagues que Fran\u00e7ois Ier l\u00e8gue \u00e0 ses successeurs. D&#8217;abord prenant le nom de \u00ab joyaux de la Couronne \u00bb avant d&#8217;\u00eatre renomm\u00e9s \u00ab diamants de la Couronne \u00bb. Malgr\u00e9 les vicissitudes d&#8217;une histoire [&hellip;]","og_url":"https:\/\/librairie7l.com\/en\/produit\/les-diamants-de-la-couronne\/","og_site_name":"Librairie 7L","article_modified_time":"2026-04-23T16:06:23+00:00","og_image":[{"width":400,"height":552,"url":"https:\/\/librairie7l.com\/wp-content\/uploads\/2022\/07\/9782878443301_1_75.jpg","type":"image\/jpeg"}],"twitter_card":"summary_large_image","twitter_misc":{"Est. reading time":"1 minute"},"schema":{"@context":"https:\/\/schema.org","@graph":[{"@type":"WebPage","@id":"https:\/\/librairie7l.com\/en\/produit\/les-diamants-de-la-couronne\/","url":"https:\/\/librairie7l.com\/en\/produit\/les-diamants-de-la-couronne\/","name":"LES DIAMANTS DE LA COURONNE ET JOYAUX DES SOUVERAINS FRAN\u00c7AIS - Librairie 7L","isPartOf":{"@id":"https:\/\/librairie7l.com\/en\/#website"},"datePublished":"2023-09-19T11:02:00+00:00","dateModified":"2026-04-23T16:06:23+00:00","breadcrumb":{"@id":"https:\/\/librairie7l.com\/en\/produit\/les-diamants-de-la-couronne\/#breadcrumb"},"inLanguage":"en-US","potentialAction":[{"@type":"ReadAction","target":["https:\/\/librairie7l.com\/en\/produit\/les-diamants-de-la-couronne\/"]}]},{"@type":"BreadcrumbList","@id":"https:\/\/librairie7l.com\/en\/produit\/les-diamants-de-la-couronne\/#breadcrumb","itemListElement":[{"@type":"ListItem","position":1,"name":"Accueil","item":"https:\/\/librairie7l.com\/en\/"},{"@type":"ListItem","position":2,"name":"Shop","item":"https:\/\/librairie7l.com\/en\/shop\/"},{"@type":"ListItem","position":3,"name":"LES DIAMANTS DE LA COURONNE ET JOYAUX DES SOUVERAINS FRAN\u00c7AIS"}]},{"@type":"WebSite","@id":"https:\/\/librairie7l.com\/en\/#website","url":"https:\/\/librairie7l.com\/en\/","name":"Librairie 7L","description":"Librairie fond\u00e9e en 1999 par Karl Lagerfeld \u00e0 Paris","publisher":{"@id":"https:\/\/librairie7l.com\/en\/#organization"},"potentialAction":[{"@type":"SearchAction","target":{"@type":"EntryPoint","urlTemplate":"https:\/\/librairie7l.com\/en\/?s={search_term_string}"},"query-input":"required name=search_term_string"}],"inLanguage":"en-US"},{"@type":"Organization","@id":"https:\/\/librairie7l.com\/en\/#organization","name":"Librairie 7L","url":"https:\/\/librairie7l.com\/en\/","logo":{"@type":"ImageObject","inLanguage":"en-US","@id":"https:\/\/librairie7l.com\/en\/#\/schema\/logo\/image\/","url":"https:\/\/librairie7l.com\/wp-content\/uploads\/2022\/08\/logo-1.png","contentUrl":"https:\/\/librairie7l.com\/wp-content\/uploads\/2022\/08\/logo-1.png","width":227,"height":301,"caption":"Librairie 7L"},"image":{"@id":"https:\/\/librairie7l.com\/en\/#\/schema\/logo\/image\/"}}]}},"_links":{"self":[{"href":"https:\/\/librairie7l.com\/en\/wp-json\/wp\/v2\/product\/33647"}],"collection":[{"href":"https:\/\/librairie7l.com\/en\/wp-json\/wp\/v2\/product"}],"about":[{"href":"https:\/\/librairie7l.com\/en\/wp-json\/wp\/v2\/types\/product"}],"wp:featuredmedia":[{"embeddable":true,"href":"https:\/\/librairie7l.com\/en\/wp-json\/wp\/v2\/media\/33645"}],"wp:attachment":[{"href":"https:\/\/librairie7l.com\/en\/wp-json\/wp\/v2\/media?parent=33647"}],"wp:term":[{"taxonomy":"product_cat","embeddable":true,"href":"https:\/\/librairie7l.com\/en\/wp-json\/wp\/v2\/product_cat?post=33647"},{"taxonomy":"product_tag","embeddable":true,"href":"https:\/\/librairie7l.com\/en\/wp-json\/wp\/v2\/product_tag?post=33647"}],"curies":[{"name":"wp","href":"https:\/\/api.w.org\/{rel}","templated":true}]}}