{"id":33651,"date":"2023-09-19T13:02:06","date_gmt":"2023-09-19T11:02:06","guid":{"rendered":"https:\/\/librairie7l.com\/?post_type=product&#038;p=33651"},"modified":"2026-04-16T13:05:57","modified_gmt":"2026-04-16T11:05:57","slug":"pierre-seche","status":"publish","type":"product","link":"https:\/\/librairie7l.com\/en\/produit\/pierre-seche\/","title":{"rendered":"PIERRE S\u00c8CHE"},"content":{"rendered":"<p>La technique de la pierre s\u00e8che, commune \u00e0 l&#8217;humanit\u00e9, a \u00e9t\u00e9 mise en oeuvre avec beaucoup d&#8217;inventivit\u00e9 dans la vie quotidienne : murs de cl\u00f4ture, terrasses agricoles, cabanes pour prot\u00e9ger les b\u00eates ou remiser les r\u00e9coltes, aiguiers pour capter l&#8217;eau, escaliers et sentier pour conqu\u00e9rir les versants&#8230; A la fois documentaire et pratique, ce livre invite \u00e0 une d\u00e9couverte des paysages de pierre s\u00e8che model\u00e9s par l&#8217;homme dans le monde entier.<br \/>\nDes restanques proven\u00e7ales aux terrasses escarp\u00e9es du Cap-Vert, des cl\u00f4tures des jardins c\u00e9venols aux temples japonais de Nara, ces architectures anonymes demeurent d&#8217;une compl\u00e8te actualit\u00e9. Pour preuve, une nouvelle g\u00e9n\u00e9ration de ma\u00e7ons \u00e0 pierre s\u00e8che a fait son apparition, montrant ainsi la n\u00e9cessit\u00e9 patrimoniale et \u00e9cologique de pr\u00e9server et de transmettre ce savoir-faire. Cinq sp\u00e9cialistes de la pierre s\u00e8che apportent ici leurs connaissances passionn\u00e9es et partagent leurs exp\u00e9riences.<br \/>\nUn chapitre pratique d\u00e9taille en images la construction d&#8217;un mur et offre \u00e0 chacun, particulier ou professionnel, la possibilit\u00e9 de b\u00e2tir ou de restaurer des ouvrages en pierre s\u00e8che.<\/p>\n","protected":false},"excerpt":{"rendered":"<p>La technique de la pierre s\u00e8che, commune \u00e0 l&#8217;humanit\u00e9, a \u00e9t\u00e9 mise en oeuvre avec beaucoup d&#8217;inventivit\u00e9 dans la vie quotidienne : murs de cl\u00f4ture, terrasses agricoles, cabanes pour prot\u00e9ger les b\u00eates ou remiser les r\u00e9coltes, aiguiers pour capter l&#8217;eau, escaliers et sentier pour conqu\u00e9rir les versants&#8230; A la fois documentaire et pratique, ce livre [&hellip;]<\/p>\n","protected":false},"featured_media":33649,"template":"","meta":[],"product_cat":[2948,2956],"product_tag":[],"acf":[],"yoast_head":"<!-- This site is optimized with the Yoast SEO plugin v20.11 - https:\/\/yoast.com\/wordpress\/plugins\/seo\/ -->\n<title>PIERRE S\u00c8CHE - Librairie 7L<\/title>\n<meta name=\"robots\" content=\"index, follow, max-snippet:-1, max-image-preview:large, max-video-preview:-1\" \/>\n<link rel=\"canonical\" href=\"https:\/\/librairie7l.com\/en\/produit\/pierre-seche\/\" \/>\n<meta property=\"og:locale\" content=\"en_US\" \/>\n<meta property=\"og:type\" content=\"article\" \/>\n<meta property=\"og:title\" content=\"PIERRE S\u00c8CHE - Librairie 7L\" \/>\n<meta property=\"og:description\" content=\"La technique de la pierre s\u00e8che, commune \u00e0 l&#8217;humanit\u00e9, a \u00e9t\u00e9 mise en oeuvre avec beaucoup d&#8217;inventivit\u00e9 dans la vie quotidienne : murs de cl\u00f4ture, terrasses agricoles, cabanes pour prot\u00e9ger les b\u00eates ou remiser les r\u00e9coltes, aiguiers pour capter l&#8217;eau, escaliers et sentier pour conqu\u00e9rir les versants&#8230; A la fois documentaire et pratique, ce livre [&hellip;]\" \/>\n<meta property=\"og:url\" content=\"https:\/\/librairie7l.com\/en\/produit\/pierre-seche\/\" \/>\n<meta property=\"og:site_name\" content=\"Librairie 7L\" \/>\n<meta property=\"article:modified_time\" content=\"2026-04-16T11:05:57+00:00\" \/>\n<meta property=\"og:image\" content=\"https:\/\/librairie7l.com\/wp-content\/uploads\/2020\/11\/9782367441528_1_75.jpg\" \/>\n\t<meta property=\"og:image:width\" content=\"600\" \/>\n\t<meta property=\"og:image:height\" content=\"770\" \/>\n\t<meta property=\"og:image:type\" content=\"image\/jpeg\" \/>\n<meta name=\"twitter:card\" content=\"summary_large_image\" \/>\n<meta name=\"twitter:label1\" content=\"Est. reading time\" \/>\n\t<meta name=\"twitter:data1\" content=\"1 minute\" \/>\n<script type=\"application\/ld+json\" class=\"yoast-schema-graph\">{\"@context\":\"https:\/\/schema.org\",\"@graph\":[{\"@type\":\"WebPage\",\"@id\":\"https:\/\/librairie7l.com\/en\/produit\/pierre-seche\/\",\"url\":\"https:\/\/librairie7l.com\/en\/produit\/pierre-seche\/\",\"name\":\"PIERRE S\u00c8CHE - Librairie 7L\",\"isPartOf\":{\"@id\":\"https:\/\/librairie7l.com\/en\/#website\"},\"datePublished\":\"2023-09-19T11:02:06+00:00\",\"dateModified\":\"2026-04-16T11:05:57+00:00\",\"breadcrumb\":{\"@id\":\"https:\/\/librairie7l.com\/en\/produit\/pierre-seche\/#breadcrumb\"},\"inLanguage\":\"en-US\",\"potentialAction\":[{\"@type\":\"ReadAction\",\"target\":[\"https:\/\/librairie7l.com\/en\/produit\/pierre-seche\/\"]}]},{\"@type\":\"BreadcrumbList\",\"@id\":\"https:\/\/librairie7l.com\/en\/produit\/pierre-seche\/#breadcrumb\",\"itemListElement\":[{\"@type\":\"ListItem\",\"position\":1,\"name\":\"Accueil\",\"item\":\"https:\/\/librairie7l.com\/en\/\"},{\"@type\":\"ListItem\",\"position\":2,\"name\":\"Shop\",\"item\":\"https:\/\/librairie7l.com\/en\/shop\/\"},{\"@type\":\"ListItem\",\"position\":3,\"name\":\"PIERRE S\u00c8CHE\"}]},{\"@type\":\"WebSite\",\"@id\":\"https:\/\/librairie7l.com\/en\/#website\",\"url\":\"https:\/\/librairie7l.com\/en\/\",\"name\":\"Librairie 7L\",\"description\":\"Librairie fond\u00e9e en 1999 par Karl Lagerfeld \u00e0 Paris\",\"publisher\":{\"@id\":\"https:\/\/librairie7l.com\/en\/#organization\"},\"potentialAction\":[{\"@type\":\"SearchAction\",\"target\":{\"@type\":\"EntryPoint\",\"urlTemplate\":\"https:\/\/librairie7l.com\/en\/?s={search_term_string}\"},\"query-input\":\"required name=search_term_string\"}],\"inLanguage\":\"en-US\"},{\"@type\":\"Organization\",\"@id\":\"https:\/\/librairie7l.com\/en\/#organization\",\"name\":\"Librairie 7L\",\"url\":\"https:\/\/librairie7l.com\/en\/\",\"logo\":{\"@type\":\"ImageObject\",\"inLanguage\":\"en-US\",\"@id\":\"https:\/\/librairie7l.com\/en\/#\/schema\/logo\/image\/\",\"url\":\"https:\/\/librairie7l.com\/wp-content\/uploads\/2022\/08\/logo-1.png\",\"contentUrl\":\"https:\/\/librairie7l.com\/wp-content\/uploads\/2022\/08\/logo-1.png\",\"width\":227,\"height\":301,\"caption\":\"Librairie 7L\"},\"image\":{\"@id\":\"https:\/\/librairie7l.com\/en\/#\/schema\/logo\/image\/\"}}]}<\/script>\n<!-- \/ Yoast SEO plugin. -->","yoast_head_json":{"title":"PIERRE S\u00c8CHE - Librairie 7L","robots":{"index":"index","follow":"follow","max-snippet":"max-snippet:-1","max-image-preview":"max-image-preview:large","max-video-preview":"max-video-preview:-1"},"canonical":"https:\/\/librairie7l.com\/en\/produit\/pierre-seche\/","og_locale":"en_US","og_type":"article","og_title":"PIERRE S\u00c8CHE - Librairie 7L","og_description":"La technique de la pierre s\u00e8che, commune \u00e0 l&#8217;humanit\u00e9, a \u00e9t\u00e9 mise en oeuvre avec beaucoup d&#8217;inventivit\u00e9 dans la vie quotidienne : murs de cl\u00f4ture, terrasses agricoles, cabanes pour prot\u00e9ger les b\u00eates ou remiser les r\u00e9coltes, aiguiers pour capter l&#8217;eau, escaliers et sentier pour conqu\u00e9rir les versants&#8230; A la fois documentaire et pratique, ce livre [&hellip;]","og_url":"https:\/\/librairie7l.com\/en\/produit\/pierre-seche\/","og_site_name":"Librairie 7L","article_modified_time":"2026-04-16T11:05:57+00:00","og_image":[{"width":600,"height":770,"url":"https:\/\/librairie7l.com\/wp-content\/uploads\/2020\/11\/9782367441528_1_75.jpg","type":"image\/jpeg"}],"twitter_card":"summary_large_image","twitter_misc":{"Est. reading time":"1 minute"},"schema":{"@context":"https:\/\/schema.org","@graph":[{"@type":"WebPage","@id":"https:\/\/librairie7l.com\/en\/produit\/pierre-seche\/","url":"https:\/\/librairie7l.com\/en\/produit\/pierre-seche\/","name":"PIERRE S\u00c8CHE - Librairie 7L","isPartOf":{"@id":"https:\/\/librairie7l.com\/en\/#website"},"datePublished":"2023-09-19T11:02:06+00:00","dateModified":"2026-04-16T11:05:57+00:00","breadcrumb":{"@id":"https:\/\/librairie7l.com\/en\/produit\/pierre-seche\/#breadcrumb"},"inLanguage":"en-US","potentialAction":[{"@type":"ReadAction","target":["https:\/\/librairie7l.com\/en\/produit\/pierre-seche\/"]}]},{"@type":"BreadcrumbList","@id":"https:\/\/librairie7l.com\/en\/produit\/pierre-seche\/#breadcrumb","itemListElement":[{"@type":"ListItem","position":1,"name":"Accueil","item":"https:\/\/librairie7l.com\/en\/"},{"@type":"ListItem","position":2,"name":"Shop","item":"https:\/\/librairie7l.com\/en\/shop\/"},{"@type":"ListItem","position":3,"name":"PIERRE S\u00c8CHE"}]},{"@type":"WebSite","@id":"https:\/\/librairie7l.com\/en\/#website","url":"https:\/\/librairie7l.com\/en\/","name":"Librairie 7L","description":"Librairie fond\u00e9e en 1999 par Karl Lagerfeld \u00e0 Paris","publisher":{"@id":"https:\/\/librairie7l.com\/en\/#organization"},"potentialAction":[{"@type":"SearchAction","target":{"@type":"EntryPoint","urlTemplate":"https:\/\/librairie7l.com\/en\/?s={search_term_string}"},"query-input":"required name=search_term_string"}],"inLanguage":"en-US"},{"@type":"Organization","@id":"https:\/\/librairie7l.com\/en\/#organization","name":"Librairie 7L","url":"https:\/\/librairie7l.com\/en\/","logo":{"@type":"ImageObject","inLanguage":"en-US","@id":"https:\/\/librairie7l.com\/en\/#\/schema\/logo\/image\/","url":"https:\/\/librairie7l.com\/wp-content\/uploads\/2022\/08\/logo-1.png","contentUrl":"https:\/\/librairie7l.com\/wp-content\/uploads\/2022\/08\/logo-1.png","width":227,"height":301,"caption":"Librairie 7L"},"image":{"@id":"https:\/\/librairie7l.com\/en\/#\/schema\/logo\/image\/"}}]}},"_links":{"self":[{"href":"https:\/\/librairie7l.com\/en\/wp-json\/wp\/v2\/product\/33651"}],"collection":[{"href":"https:\/\/librairie7l.com\/en\/wp-json\/wp\/v2\/product"}],"about":[{"href":"https:\/\/librairie7l.com\/en\/wp-json\/wp\/v2\/types\/product"}],"wp:featuredmedia":[{"embeddable":true,"href":"https:\/\/librairie7l.com\/en\/wp-json\/wp\/v2\/media\/33649"}],"wp:attachment":[{"href":"https:\/\/librairie7l.com\/en\/wp-json\/wp\/v2\/media?parent=33651"}],"wp:term":[{"taxonomy":"product_cat","embeddable":true,"href":"https:\/\/librairie7l.com\/en\/wp-json\/wp\/v2\/product_cat?post=33651"},{"taxonomy":"product_tag","embeddable":true,"href":"https:\/\/librairie7l.com\/en\/wp-json\/wp\/v2\/product_tag?post=33651"}],"curies":[{"name":"wp","href":"https:\/\/api.w.org\/{rel}","templated":true}]}}