{"id":33653,"date":"2023-09-19T13:03:38","date_gmt":"2023-09-19T11:03:38","guid":{"rendered":"https:\/\/librairie7l.com\/?post_type=product&#038;p=33653"},"modified":"2026-04-14T15:50:38","modified_gmt":"2026-04-14T13:50:38","slug":"jules-buyssens-et-le-nouveau-jardin-pittoresque","status":"publish","type":"product","link":"https:\/\/librairie7l.com\/en\/produit\/jules-buyssens-et-le-nouveau-jardin-pittoresque\/","title":{"rendered":"JULES BUYSSENS ET LE NOUVEAU JARDIN PITTORESQUE"},"content":{"rendered":"<p>Jules Buyssens (1872-1958) est une figure majeure de l&#8217;art des jardins et du paysage en Belgique. Apr\u00e8s une formation internationale d&#8217;une quinzaine d&#8217;ann\u00e9es qu&#8217;il termine comme chef de bureau d&#8217;\u00c9douard Andr\u00e9 \u00e0 Paris, il con\u00e7oit plus de mille projets en Belgique et dans une dizaine de pays, essentiellement europ\u00e9ens (France, Russie, Suisse, Pays-Bas, Monaco, Pologne, Lituanie). Il r\u00e9alise l&#8217;am\u00e9nagement de parcs et de jardins pour l&#8217;aristocratie et la riche bourgeoise internationale (le prince et la princesse Napol\u00e9on \u00e0 Ronchinne, les Solvay \u00e0 La Hulpe et Bruxelles, B\u00e9atrice Ephrussi de Rothschild \u00e0 Monte-Carlo, la comtesse de Pourtal\u00e8s en Suisse et le baron de Dietrich en Alsace&#8230;), oeuvre pour diverses municipalit\u00e9s et, dans l&#8217;entre-deux-guerres, d\u00e9veloppe de s\u00e9duisants petits jardins de ville qui associent pittoresque et Art d\u00e9co. Initiateur du mouvement et de la revue Le Nouveau Jardin Pittoresque, il fut \u00e9galement architecte paysagiste en chef de la Ville de Bruxelles (1904-1937) et responsable des am\u00e9nagements paysagers de l&#8217;Exposition universelle de 1935 au Heysel.<\/p>\n","protected":false},"excerpt":{"rendered":"<p>Jules Buyssens (1872-1958) est une figure majeure de l&#8217;art des jardins et du paysage en Belgique. Apr\u00e8s une formation internationale d&#8217;une quinzaine d&#8217;ann\u00e9es qu&#8217;il termine comme chef de bureau d&#8217;\u00c9douard Andr\u00e9 \u00e0 Paris, il con\u00e7oit plus de mille projets en Belgique et dans une dizaine de pays, essentiellement europ\u00e9ens (France, Russie, Suisse, Pays-Bas, Monaco, Pologne, [&hellip;]<\/p>\n","protected":false},"featured_media":41215,"template":"","meta":[],"product_cat":[2948,2956],"product_tag":[],"acf":[],"yoast_head":"<!-- This site is optimized with the Yoast SEO plugin v20.11 - https:\/\/yoast.com\/wordpress\/plugins\/seo\/ -->\n<title>JULES BUYSSENS ET LE NOUVEAU JARDIN PITTORESQUE - Librairie 7L<\/title>\n<meta name=\"robots\" content=\"index, follow, max-snippet:-1, max-image-preview:large, max-video-preview:-1\" \/>\n<link rel=\"canonical\" href=\"https:\/\/librairie7l.com\/en\/produit\/jules-buyssens-et-le-nouveau-jardin-pittoresque\/\" \/>\n<meta property=\"og:locale\" content=\"en_US\" \/>\n<meta property=\"og:type\" content=\"article\" \/>\n<meta property=\"og:title\" content=\"JULES BUYSSENS ET LE NOUVEAU JARDIN PITTORESQUE - Librairie 7L\" \/>\n<meta property=\"og:description\" content=\"Jules Buyssens (1872-1958) est une figure majeure de l&#8217;art des jardins et du paysage en Belgique. Apr\u00e8s une formation internationale d&#8217;une quinzaine d&#8217;ann\u00e9es qu&#8217;il termine comme chef de bureau d&#8217;\u00c9douard Andr\u00e9 \u00e0 Paris, il con\u00e7oit plus de mille projets en Belgique et dans une dizaine de pays, essentiellement europ\u00e9ens (France, Russie, Suisse, Pays-Bas, Monaco, Pologne, [&hellip;]\" \/>\n<meta property=\"og:url\" content=\"https:\/\/librairie7l.com\/en\/produit\/jules-buyssens-et-le-nouveau-jardin-pittoresque\/\" \/>\n<meta property=\"og:site_name\" content=\"Librairie 7L\" \/>\n<meta property=\"article:modified_time\" content=\"2026-04-14T13:50:38+00:00\" \/>\n<meta property=\"og:image\" content=\"https:\/\/librairie7l.com\/wp-content\/uploads\/2024\/05\/9782875720825_1_75.jpg\" \/>\n\t<meta property=\"og:image:width\" content=\"333\" \/>\n\t<meta property=\"og:image:height\" content=\"445\" \/>\n\t<meta property=\"og:image:type\" content=\"image\/jpeg\" \/>\n<meta name=\"twitter:card\" content=\"summary_large_image\" \/>\n<meta name=\"twitter:label1\" content=\"Est. reading time\" \/>\n\t<meta name=\"twitter:data1\" content=\"1 minute\" \/>\n<script type=\"application\/ld+json\" class=\"yoast-schema-graph\">{\"@context\":\"https:\/\/schema.org\",\"@graph\":[{\"@type\":\"WebPage\",\"@id\":\"https:\/\/librairie7l.com\/en\/produit\/jules-buyssens-et-le-nouveau-jardin-pittoresque\/\",\"url\":\"https:\/\/librairie7l.com\/en\/produit\/jules-buyssens-et-le-nouveau-jardin-pittoresque\/\",\"name\":\"JULES BUYSSENS ET LE NOUVEAU JARDIN PITTORESQUE - Librairie 7L\",\"isPartOf\":{\"@id\":\"https:\/\/librairie7l.com\/en\/#website\"},\"datePublished\":\"2023-09-19T11:03:38+00:00\",\"dateModified\":\"2026-04-14T13:50:38+00:00\",\"breadcrumb\":{\"@id\":\"https:\/\/librairie7l.com\/en\/produit\/jules-buyssens-et-le-nouveau-jardin-pittoresque\/#breadcrumb\"},\"inLanguage\":\"en-US\",\"potentialAction\":[{\"@type\":\"ReadAction\",\"target\":[\"https:\/\/librairie7l.com\/en\/produit\/jules-buyssens-et-le-nouveau-jardin-pittoresque\/\"]}]},{\"@type\":\"BreadcrumbList\",\"@id\":\"https:\/\/librairie7l.com\/en\/produit\/jules-buyssens-et-le-nouveau-jardin-pittoresque\/#breadcrumb\",\"itemListElement\":[{\"@type\":\"ListItem\",\"position\":1,\"name\":\"Accueil\",\"item\":\"https:\/\/librairie7l.com\/en\/\"},{\"@type\":\"ListItem\",\"position\":2,\"name\":\"Shop\",\"item\":\"https:\/\/librairie7l.com\/en\/shop\/\"},{\"@type\":\"ListItem\",\"position\":3,\"name\":\"JULES BUYSSENS ET LE NOUVEAU JARDIN PITTORESQUE\"}]},{\"@type\":\"WebSite\",\"@id\":\"https:\/\/librairie7l.com\/en\/#website\",\"url\":\"https:\/\/librairie7l.com\/en\/\",\"name\":\"Librairie 7L\",\"description\":\"Librairie fond\u00e9e en 1999 par Karl Lagerfeld \u00e0 Paris\",\"publisher\":{\"@id\":\"https:\/\/librairie7l.com\/en\/#organization\"},\"potentialAction\":[{\"@type\":\"SearchAction\",\"target\":{\"@type\":\"EntryPoint\",\"urlTemplate\":\"https:\/\/librairie7l.com\/en\/?s={search_term_string}\"},\"query-input\":\"required name=search_term_string\"}],\"inLanguage\":\"en-US\"},{\"@type\":\"Organization\",\"@id\":\"https:\/\/librairie7l.com\/en\/#organization\",\"name\":\"Librairie 7L\",\"url\":\"https:\/\/librairie7l.com\/en\/\",\"logo\":{\"@type\":\"ImageObject\",\"inLanguage\":\"en-US\",\"@id\":\"https:\/\/librairie7l.com\/en\/#\/schema\/logo\/image\/\",\"url\":\"https:\/\/librairie7l.com\/wp-content\/uploads\/2022\/08\/logo-1.png\",\"contentUrl\":\"https:\/\/librairie7l.com\/wp-content\/uploads\/2022\/08\/logo-1.png\",\"width\":227,\"height\":301,\"caption\":\"Librairie 7L\"},\"image\":{\"@id\":\"https:\/\/librairie7l.com\/en\/#\/schema\/logo\/image\/\"}}]}<\/script>\n<!-- \/ Yoast SEO plugin. -->","yoast_head_json":{"title":"JULES BUYSSENS ET LE NOUVEAU JARDIN PITTORESQUE - Librairie 7L","robots":{"index":"index","follow":"follow","max-snippet":"max-snippet:-1","max-image-preview":"max-image-preview:large","max-video-preview":"max-video-preview:-1"},"canonical":"https:\/\/librairie7l.com\/en\/produit\/jules-buyssens-et-le-nouveau-jardin-pittoresque\/","og_locale":"en_US","og_type":"article","og_title":"JULES BUYSSENS ET LE NOUVEAU JARDIN PITTORESQUE - Librairie 7L","og_description":"Jules Buyssens (1872-1958) est une figure majeure de l&#8217;art des jardins et du paysage en Belgique. Apr\u00e8s une formation internationale d&#8217;une quinzaine d&#8217;ann\u00e9es qu&#8217;il termine comme chef de bureau d&#8217;\u00c9douard Andr\u00e9 \u00e0 Paris, il con\u00e7oit plus de mille projets en Belgique et dans une dizaine de pays, essentiellement europ\u00e9ens (France, Russie, Suisse, Pays-Bas, Monaco, Pologne, [&hellip;]","og_url":"https:\/\/librairie7l.com\/en\/produit\/jules-buyssens-et-le-nouveau-jardin-pittoresque\/","og_site_name":"Librairie 7L","article_modified_time":"2026-04-14T13:50:38+00:00","og_image":[{"width":333,"height":445,"url":"https:\/\/librairie7l.com\/wp-content\/uploads\/2024\/05\/9782875720825_1_75.jpg","type":"image\/jpeg"}],"twitter_card":"summary_large_image","twitter_misc":{"Est. reading time":"1 minute"},"schema":{"@context":"https:\/\/schema.org","@graph":[{"@type":"WebPage","@id":"https:\/\/librairie7l.com\/en\/produit\/jules-buyssens-et-le-nouveau-jardin-pittoresque\/","url":"https:\/\/librairie7l.com\/en\/produit\/jules-buyssens-et-le-nouveau-jardin-pittoresque\/","name":"JULES BUYSSENS ET LE NOUVEAU JARDIN PITTORESQUE - Librairie 7L","isPartOf":{"@id":"https:\/\/librairie7l.com\/en\/#website"},"datePublished":"2023-09-19T11:03:38+00:00","dateModified":"2026-04-14T13:50:38+00:00","breadcrumb":{"@id":"https:\/\/librairie7l.com\/en\/produit\/jules-buyssens-et-le-nouveau-jardin-pittoresque\/#breadcrumb"},"inLanguage":"en-US","potentialAction":[{"@type":"ReadAction","target":["https:\/\/librairie7l.com\/en\/produit\/jules-buyssens-et-le-nouveau-jardin-pittoresque\/"]}]},{"@type":"BreadcrumbList","@id":"https:\/\/librairie7l.com\/en\/produit\/jules-buyssens-et-le-nouveau-jardin-pittoresque\/#breadcrumb","itemListElement":[{"@type":"ListItem","position":1,"name":"Accueil","item":"https:\/\/librairie7l.com\/en\/"},{"@type":"ListItem","position":2,"name":"Shop","item":"https:\/\/librairie7l.com\/en\/shop\/"},{"@type":"ListItem","position":3,"name":"JULES BUYSSENS ET LE NOUVEAU JARDIN PITTORESQUE"}]},{"@type":"WebSite","@id":"https:\/\/librairie7l.com\/en\/#website","url":"https:\/\/librairie7l.com\/en\/","name":"Librairie 7L","description":"Librairie fond\u00e9e en 1999 par Karl Lagerfeld \u00e0 Paris","publisher":{"@id":"https:\/\/librairie7l.com\/en\/#organization"},"potentialAction":[{"@type":"SearchAction","target":{"@type":"EntryPoint","urlTemplate":"https:\/\/librairie7l.com\/en\/?s={search_term_string}"},"query-input":"required name=search_term_string"}],"inLanguage":"en-US"},{"@type":"Organization","@id":"https:\/\/librairie7l.com\/en\/#organization","name":"Librairie 7L","url":"https:\/\/librairie7l.com\/en\/","logo":{"@type":"ImageObject","inLanguage":"en-US","@id":"https:\/\/librairie7l.com\/en\/#\/schema\/logo\/image\/","url":"https:\/\/librairie7l.com\/wp-content\/uploads\/2022\/08\/logo-1.png","contentUrl":"https:\/\/librairie7l.com\/wp-content\/uploads\/2022\/08\/logo-1.png","width":227,"height":301,"caption":"Librairie 7L"},"image":{"@id":"https:\/\/librairie7l.com\/en\/#\/schema\/logo\/image\/"}}]}},"_links":{"self":[{"href":"https:\/\/librairie7l.com\/en\/wp-json\/wp\/v2\/product\/33653"}],"collection":[{"href":"https:\/\/librairie7l.com\/en\/wp-json\/wp\/v2\/product"}],"about":[{"href":"https:\/\/librairie7l.com\/en\/wp-json\/wp\/v2\/types\/product"}],"wp:featuredmedia":[{"embeddable":true,"href":"https:\/\/librairie7l.com\/en\/wp-json\/wp\/v2\/media\/41215"}],"wp:attachment":[{"href":"https:\/\/librairie7l.com\/en\/wp-json\/wp\/v2\/media?parent=33653"}],"wp:term":[{"taxonomy":"product_cat","embeddable":true,"href":"https:\/\/librairie7l.com\/en\/wp-json\/wp\/v2\/product_cat?post=33653"},{"taxonomy":"product_tag","embeddable":true,"href":"https:\/\/librairie7l.com\/en\/wp-json\/wp\/v2\/product_tag?post=33653"}],"curies":[{"name":"wp","href":"https:\/\/api.w.org\/{rel}","templated":true}]}}