{"id":33657,"date":"2023-09-19T13:04:41","date_gmt":"2023-09-19T11:04:41","guid":{"rendered":"https:\/\/librairie7l.com\/?post_type=product&#038;p=33657"},"modified":"2026-04-24T01:15:53","modified_gmt":"2026-04-23T23:15:53","slug":"maurice-calka-le-sculpteur-du-design","status":"publish","type":"product","link":"https:\/\/librairie7l.com\/en\/produit\/maurice-calka-le-sculpteur-du-design\/","title":{"rendered":"MAURICE CALKA : LE SCULPTEUR DU DESIGN"},"content":{"rendered":"<p>La premi\u00e8re monographie sur l&#8217;artiste multi-disciplinaire qui se cache derri\u00e8re le bureau \u00ab boomerang \u00bb, ic\u00f4ne du design pop.De Maurice Calka, les amateurs de design connaissent le bureau aux rondeurs color\u00e9es, sorti en 1969. Mais la plupart ignorent l&#8217;\u00e9tendue et la vari\u00e9t\u00e9 du travail de cet artiste inclassable, Premier Grand Prix de Rome de sculpture 1950. Designer et sculpteur, donc, mais aussi dessinateur, architecte et urbaniste, Maurice Calka est l&#8217;inventeur d&#8217;un art pour tous. Dans la France des ann\u00e9es 1950 \u00e0 1990, cet \u00e9ternel optimiste a cherch\u00e9 \u00e0 embellir autant les int\u00e9rieurs que les places publiques en inventant ses propres techniques. Avec le m\u00eame enthousiasme, il a tapiss\u00e9 murs et sols des palais officiels ou des cit\u00e9s de banlieue de ses mosa\u00efques color\u00e9es, exp\u00e9riment\u00e9 le b\u00e9ton moul\u00e9, os\u00e9 l&#8217;inox soud\u00e9. Il a pos\u00e9 des sculptures dans des \u00e9glises, \u00e9gay\u00e9 le p\u00e9riph&#8217; parisien de papillons g\u00e9ants, d\u00e9cor\u00e9 mairies et centres commerciaux. Maurice Calka, c&#8217;est aussi un projet de pont habit\u00e9 et m\u00eame une Renault 5 cabriolet. Son travail l&#8217;a men\u00e9 de Paris \u00e0 Addis Abeba, de V\u00e9lizy \u00e0 La R\u00e9union. Le d\u00e9couvrir, c&#8217;est se plonger dans la vie artistique fran\u00e7aise de la seconde moiti\u00e9 du XXe si\u00e8cle, ses grands projets, ses d\u00e9bats passionn\u00e9s sur la place de l&#8217;art dans la ville, son utopie du beau pour tous.<\/p>\n","protected":false},"excerpt":{"rendered":"<p>La premi\u00e8re monographie sur l&#8217;artiste multi-disciplinaire qui se cache derri\u00e8re le bureau \u00ab boomerang \u00bb, ic\u00f4ne du design pop.De Maurice Calka, les amateurs de design connaissent le bureau aux rondeurs color\u00e9es, sorti en 1969. Mais la plupart ignorent l&#8217;\u00e9tendue et la vari\u00e9t\u00e9 du travail de cet artiste inclassable, Premier Grand Prix de Rome de sculpture [&hellip;]<\/p>\n","protected":false},"featured_media":33655,"template":"","meta":[],"product_cat":[2948,2952],"product_tag":[],"acf":[],"yoast_head":"<!-- This site is optimized with the Yoast SEO plugin v20.11 - https:\/\/yoast.com\/wordpress\/plugins\/seo\/ -->\n<title>MAURICE CALKA : LE SCULPTEUR DU DESIGN - Librairie 7L<\/title>\n<meta name=\"robots\" content=\"index, follow, max-snippet:-1, max-image-preview:large, max-video-preview:-1\" \/>\n<link rel=\"canonical\" href=\"https:\/\/librairie7l.com\/en\/produit\/maurice-calka-le-sculpteur-du-design\/\" \/>\n<meta property=\"og:locale\" content=\"en_US\" \/>\n<meta property=\"og:type\" content=\"article\" \/>\n<meta property=\"og:title\" content=\"MAURICE CALKA : LE SCULPTEUR DU DESIGN - Librairie 7L\" \/>\n<meta property=\"og:description\" content=\"La premi\u00e8re monographie sur l&#8217;artiste multi-disciplinaire qui se cache derri\u00e8re le bureau \u00ab boomerang \u00bb, ic\u00f4ne du design pop.De Maurice Calka, les amateurs de design connaissent le bureau aux rondeurs color\u00e9es, sorti en 1969. Mais la plupart ignorent l&#8217;\u00e9tendue et la vari\u00e9t\u00e9 du travail de cet artiste inclassable, Premier Grand Prix de Rome de sculpture [&hellip;]\" \/>\n<meta property=\"og:url\" content=\"https:\/\/librairie7l.com\/en\/produit\/maurice-calka-le-sculpteur-du-design\/\" \/>\n<meta property=\"og:site_name\" content=\"Librairie 7L\" \/>\n<meta property=\"article:modified_time\" content=\"2026-04-23T23:15:53+00:00\" \/>\n<meta property=\"og:image\" content=\"https:\/\/librairie7l.com\/wp-content\/uploads\/2022\/06\/9782226475091_1_75.jpg\" \/>\n\t<meta property=\"og:image:width\" content=\"250\" \/>\n\t<meta property=\"og:image:height\" content=\"269\" \/>\n\t<meta property=\"og:image:type\" content=\"image\/jpeg\" \/>\n<meta name=\"twitter:card\" content=\"summary_large_image\" \/>\n<meta name=\"twitter:label1\" content=\"Est. reading time\" \/>\n\t<meta name=\"twitter:data1\" content=\"1 minute\" \/>\n<script type=\"application\/ld+json\" class=\"yoast-schema-graph\">{\"@context\":\"https:\/\/schema.org\",\"@graph\":[{\"@type\":\"WebPage\",\"@id\":\"https:\/\/librairie7l.com\/en\/produit\/maurice-calka-le-sculpteur-du-design\/\",\"url\":\"https:\/\/librairie7l.com\/en\/produit\/maurice-calka-le-sculpteur-du-design\/\",\"name\":\"MAURICE CALKA : LE SCULPTEUR DU DESIGN - Librairie 7L\",\"isPartOf\":{\"@id\":\"https:\/\/librairie7l.com\/en\/#website\"},\"datePublished\":\"2023-09-19T11:04:41+00:00\",\"dateModified\":\"2026-04-23T23:15:53+00:00\",\"breadcrumb\":{\"@id\":\"https:\/\/librairie7l.com\/en\/produit\/maurice-calka-le-sculpteur-du-design\/#breadcrumb\"},\"inLanguage\":\"en-US\",\"potentialAction\":[{\"@type\":\"ReadAction\",\"target\":[\"https:\/\/librairie7l.com\/en\/produit\/maurice-calka-le-sculpteur-du-design\/\"]}]},{\"@type\":\"BreadcrumbList\",\"@id\":\"https:\/\/librairie7l.com\/en\/produit\/maurice-calka-le-sculpteur-du-design\/#breadcrumb\",\"itemListElement\":[{\"@type\":\"ListItem\",\"position\":1,\"name\":\"Accueil\",\"item\":\"https:\/\/librairie7l.com\/en\/\"},{\"@type\":\"ListItem\",\"position\":2,\"name\":\"Shop\",\"item\":\"https:\/\/librairie7l.com\/en\/shop\/\"},{\"@type\":\"ListItem\",\"position\":3,\"name\":\"MAURICE CALKA : LE SCULPTEUR DU DESIGN\"}]},{\"@type\":\"WebSite\",\"@id\":\"https:\/\/librairie7l.com\/en\/#website\",\"url\":\"https:\/\/librairie7l.com\/en\/\",\"name\":\"Librairie 7L\",\"description\":\"Librairie fond\u00e9e en 1999 par Karl Lagerfeld \u00e0 Paris\",\"publisher\":{\"@id\":\"https:\/\/librairie7l.com\/en\/#organization\"},\"potentialAction\":[{\"@type\":\"SearchAction\",\"target\":{\"@type\":\"EntryPoint\",\"urlTemplate\":\"https:\/\/librairie7l.com\/en\/?s={search_term_string}\"},\"query-input\":\"required name=search_term_string\"}],\"inLanguage\":\"en-US\"},{\"@type\":\"Organization\",\"@id\":\"https:\/\/librairie7l.com\/en\/#organization\",\"name\":\"Librairie 7L\",\"url\":\"https:\/\/librairie7l.com\/en\/\",\"logo\":{\"@type\":\"ImageObject\",\"inLanguage\":\"en-US\",\"@id\":\"https:\/\/librairie7l.com\/en\/#\/schema\/logo\/image\/\",\"url\":\"https:\/\/librairie7l.com\/wp-content\/uploads\/2022\/08\/logo-1.png\",\"contentUrl\":\"https:\/\/librairie7l.com\/wp-content\/uploads\/2022\/08\/logo-1.png\",\"width\":227,\"height\":301,\"caption\":\"Librairie 7L\"},\"image\":{\"@id\":\"https:\/\/librairie7l.com\/en\/#\/schema\/logo\/image\/\"}}]}<\/script>\n<!-- \/ Yoast SEO plugin. -->","yoast_head_json":{"title":"MAURICE CALKA : LE SCULPTEUR DU DESIGN - Librairie 7L","robots":{"index":"index","follow":"follow","max-snippet":"max-snippet:-1","max-image-preview":"max-image-preview:large","max-video-preview":"max-video-preview:-1"},"canonical":"https:\/\/librairie7l.com\/en\/produit\/maurice-calka-le-sculpteur-du-design\/","og_locale":"en_US","og_type":"article","og_title":"MAURICE CALKA : LE SCULPTEUR DU DESIGN - Librairie 7L","og_description":"La premi\u00e8re monographie sur l&#8217;artiste multi-disciplinaire qui se cache derri\u00e8re le bureau \u00ab boomerang \u00bb, ic\u00f4ne du design pop.De Maurice Calka, les amateurs de design connaissent le bureau aux rondeurs color\u00e9es, sorti en 1969. Mais la plupart ignorent l&#8217;\u00e9tendue et la vari\u00e9t\u00e9 du travail de cet artiste inclassable, Premier Grand Prix de Rome de sculpture [&hellip;]","og_url":"https:\/\/librairie7l.com\/en\/produit\/maurice-calka-le-sculpteur-du-design\/","og_site_name":"Librairie 7L","article_modified_time":"2026-04-23T23:15:53+00:00","og_image":[{"width":250,"height":269,"url":"https:\/\/librairie7l.com\/wp-content\/uploads\/2022\/06\/9782226475091_1_75.jpg","type":"image\/jpeg"}],"twitter_card":"summary_large_image","twitter_misc":{"Est. reading time":"1 minute"},"schema":{"@context":"https:\/\/schema.org","@graph":[{"@type":"WebPage","@id":"https:\/\/librairie7l.com\/en\/produit\/maurice-calka-le-sculpteur-du-design\/","url":"https:\/\/librairie7l.com\/en\/produit\/maurice-calka-le-sculpteur-du-design\/","name":"MAURICE CALKA : LE SCULPTEUR DU DESIGN - Librairie 7L","isPartOf":{"@id":"https:\/\/librairie7l.com\/en\/#website"},"datePublished":"2023-09-19T11:04:41+00:00","dateModified":"2026-04-23T23:15:53+00:00","breadcrumb":{"@id":"https:\/\/librairie7l.com\/en\/produit\/maurice-calka-le-sculpteur-du-design\/#breadcrumb"},"inLanguage":"en-US","potentialAction":[{"@type":"ReadAction","target":["https:\/\/librairie7l.com\/en\/produit\/maurice-calka-le-sculpteur-du-design\/"]}]},{"@type":"BreadcrumbList","@id":"https:\/\/librairie7l.com\/en\/produit\/maurice-calka-le-sculpteur-du-design\/#breadcrumb","itemListElement":[{"@type":"ListItem","position":1,"name":"Accueil","item":"https:\/\/librairie7l.com\/en\/"},{"@type":"ListItem","position":2,"name":"Shop","item":"https:\/\/librairie7l.com\/en\/shop\/"},{"@type":"ListItem","position":3,"name":"MAURICE CALKA : LE SCULPTEUR DU DESIGN"}]},{"@type":"WebSite","@id":"https:\/\/librairie7l.com\/en\/#website","url":"https:\/\/librairie7l.com\/en\/","name":"Librairie 7L","description":"Librairie fond\u00e9e en 1999 par Karl Lagerfeld \u00e0 Paris","publisher":{"@id":"https:\/\/librairie7l.com\/en\/#organization"},"potentialAction":[{"@type":"SearchAction","target":{"@type":"EntryPoint","urlTemplate":"https:\/\/librairie7l.com\/en\/?s={search_term_string}"},"query-input":"required name=search_term_string"}],"inLanguage":"en-US"},{"@type":"Organization","@id":"https:\/\/librairie7l.com\/en\/#organization","name":"Librairie 7L","url":"https:\/\/librairie7l.com\/en\/","logo":{"@type":"ImageObject","inLanguage":"en-US","@id":"https:\/\/librairie7l.com\/en\/#\/schema\/logo\/image\/","url":"https:\/\/librairie7l.com\/wp-content\/uploads\/2022\/08\/logo-1.png","contentUrl":"https:\/\/librairie7l.com\/wp-content\/uploads\/2022\/08\/logo-1.png","width":227,"height":301,"caption":"Librairie 7L"},"image":{"@id":"https:\/\/librairie7l.com\/en\/#\/schema\/logo\/image\/"}}]}},"_links":{"self":[{"href":"https:\/\/librairie7l.com\/en\/wp-json\/wp\/v2\/product\/33657"}],"collection":[{"href":"https:\/\/librairie7l.com\/en\/wp-json\/wp\/v2\/product"}],"about":[{"href":"https:\/\/librairie7l.com\/en\/wp-json\/wp\/v2\/types\/product"}],"wp:featuredmedia":[{"embeddable":true,"href":"https:\/\/librairie7l.com\/en\/wp-json\/wp\/v2\/media\/33655"}],"wp:attachment":[{"href":"https:\/\/librairie7l.com\/en\/wp-json\/wp\/v2\/media?parent=33657"}],"wp:term":[{"taxonomy":"product_cat","embeddable":true,"href":"https:\/\/librairie7l.com\/en\/wp-json\/wp\/v2\/product_cat?post=33657"},{"taxonomy":"product_tag","embeddable":true,"href":"https:\/\/librairie7l.com\/en\/wp-json\/wp\/v2\/product_tag?post=33657"}],"curies":[{"name":"wp","href":"https:\/\/api.w.org\/{rel}","templated":true}]}}