{"id":33669,"date":"2023-09-19T13:08:39","date_gmt":"2023-09-19T11:08:39","guid":{"rendered":"https:\/\/librairie7l.com\/?post_type=product&#038;p=33669"},"modified":"2026-04-26T17:40:21","modified_gmt":"2026-04-26T15:40:21","slug":"the-little-book-of-alexander","status":"publish","type":"product","link":"https:\/\/librairie7l.com\/en\/produit\/the-little-book-of-alexander\/","title":{"rendered":"THE LITTLE BOOK OF ALEXANDER"},"content":{"rendered":"<p>Ce petit volume reli\u00e9 explore l&#8217;histoire de la marque Alexander McQueen, des d\u00e9buts de son cr\u00e9ateur \u00e0 la direction actuelle de Sarah Burton. Gr\u00e2ce \u00e0 une collection soigneusement organis\u00e9e de dessins, de d\u00e9tails et de croquis personnels, ce livre l\u00e8ve le voile sur le monde merveilleux du designer anglais.<\/p>\n","protected":false},"excerpt":{"rendered":"<p>Ce petit volume reli\u00e9 explore l&#8217;histoire de la marque Alexander McQueen, des d\u00e9buts de son cr\u00e9ateur \u00e0 la direction actuelle de Sarah Burton. Gr\u00e2ce \u00e0 une collection soigneusement organis\u00e9e de dessins, de d\u00e9tails et de croquis personnels, ce livre l\u00e8ve le voile sur le monde merveilleux du designer anglais.<\/p>\n","protected":false},"featured_media":33667,"template":"","meta":[],"product_cat":[2948,2957],"product_tag":[],"acf":[],"yoast_head":"<!-- This site is optimized with the Yoast SEO plugin v20.11 - https:\/\/yoast.com\/wordpress\/plugins\/seo\/ -->\n<title>THE LITTLE BOOK OF ALEXANDER - Librairie 7L<\/title>\n<meta name=\"robots\" content=\"index, follow, max-snippet:-1, max-image-preview:large, max-video-preview:-1\" \/>\n<link rel=\"canonical\" href=\"https:\/\/librairie7l.com\/en\/produit\/the-little-book-of-alexander\/\" \/>\n<meta property=\"og:locale\" content=\"en_US\" \/>\n<meta property=\"og:type\" content=\"article\" \/>\n<meta property=\"og:title\" content=\"THE LITTLE BOOK OF ALEXANDER - Librairie 7L\" \/>\n<meta property=\"og:description\" content=\"Ce petit volume reli\u00e9 explore l&#8217;histoire de la marque Alexander McQueen, des d\u00e9buts de son cr\u00e9ateur \u00e0 la direction actuelle de Sarah Burton. Gr\u00e2ce \u00e0 une collection soigneusement organis\u00e9e de dessins, de d\u00e9tails et de croquis personnels, ce livre l\u00e8ve le voile sur le monde merveilleux du designer anglais.\" \/>\n<meta property=\"og:url\" content=\"https:\/\/librairie7l.com\/en\/produit\/the-little-book-of-alexander\/\" \/>\n<meta property=\"og:site_name\" content=\"Librairie 7L\" \/>\n<meta property=\"article:modified_time\" content=\"2026-04-26T15:40:21+00:00\" \/>\n<meta property=\"og:image\" content=\"https:\/\/librairie7l.com\/wp-content\/uploads\/2023\/04\/9781847961006_1_75.jpg\" \/>\n\t<meta property=\"og:image:width\" content=\"353\" \/>\n\t<meta property=\"og:image:height\" content=\"500\" \/>\n\t<meta property=\"og:image:type\" content=\"image\/jpeg\" \/>\n<meta name=\"twitter:card\" content=\"summary_large_image\" \/>\n<script type=\"application\/ld+json\" class=\"yoast-schema-graph\">{\"@context\":\"https:\/\/schema.org\",\"@graph\":[{\"@type\":\"WebPage\",\"@id\":\"https:\/\/librairie7l.com\/en\/produit\/the-little-book-of-alexander\/\",\"url\":\"https:\/\/librairie7l.com\/en\/produit\/the-little-book-of-alexander\/\",\"name\":\"THE LITTLE BOOK OF ALEXANDER - Librairie 7L\",\"isPartOf\":{\"@id\":\"https:\/\/librairie7l.com\/en\/#website\"},\"datePublished\":\"2023-09-19T11:08:39+00:00\",\"dateModified\":\"2026-04-26T15:40:21+00:00\",\"breadcrumb\":{\"@id\":\"https:\/\/librairie7l.com\/en\/produit\/the-little-book-of-alexander\/#breadcrumb\"},\"inLanguage\":\"en-US\",\"potentialAction\":[{\"@type\":\"ReadAction\",\"target\":[\"https:\/\/librairie7l.com\/en\/produit\/the-little-book-of-alexander\/\"]}]},{\"@type\":\"BreadcrumbList\",\"@id\":\"https:\/\/librairie7l.com\/en\/produit\/the-little-book-of-alexander\/#breadcrumb\",\"itemListElement\":[{\"@type\":\"ListItem\",\"position\":1,\"name\":\"Accueil\",\"item\":\"https:\/\/librairie7l.com\/en\/\"},{\"@type\":\"ListItem\",\"position\":2,\"name\":\"Shop\",\"item\":\"https:\/\/librairie7l.com\/en\/shop\/\"},{\"@type\":\"ListItem\",\"position\":3,\"name\":\"THE LITTLE BOOK OF ALEXANDER\"}]},{\"@type\":\"WebSite\",\"@id\":\"https:\/\/librairie7l.com\/en\/#website\",\"url\":\"https:\/\/librairie7l.com\/en\/\",\"name\":\"Librairie 7L\",\"description\":\"Librairie fond\u00e9e en 1999 par Karl Lagerfeld \u00e0 Paris\",\"publisher\":{\"@id\":\"https:\/\/librairie7l.com\/en\/#organization\"},\"potentialAction\":[{\"@type\":\"SearchAction\",\"target\":{\"@type\":\"EntryPoint\",\"urlTemplate\":\"https:\/\/librairie7l.com\/en\/?s={search_term_string}\"},\"query-input\":\"required name=search_term_string\"}],\"inLanguage\":\"en-US\"},{\"@type\":\"Organization\",\"@id\":\"https:\/\/librairie7l.com\/en\/#organization\",\"name\":\"Librairie 7L\",\"url\":\"https:\/\/librairie7l.com\/en\/\",\"logo\":{\"@type\":\"ImageObject\",\"inLanguage\":\"en-US\",\"@id\":\"https:\/\/librairie7l.com\/en\/#\/schema\/logo\/image\/\",\"url\":\"https:\/\/librairie7l.com\/wp-content\/uploads\/2022\/08\/logo-1.png\",\"contentUrl\":\"https:\/\/librairie7l.com\/wp-content\/uploads\/2022\/08\/logo-1.png\",\"width\":227,\"height\":301,\"caption\":\"Librairie 7L\"},\"image\":{\"@id\":\"https:\/\/librairie7l.com\/en\/#\/schema\/logo\/image\/\"}}]}<\/script>\n<!-- \/ Yoast SEO plugin. -->","yoast_head_json":{"title":"THE LITTLE BOOK OF ALEXANDER - Librairie 7L","robots":{"index":"index","follow":"follow","max-snippet":"max-snippet:-1","max-image-preview":"max-image-preview:large","max-video-preview":"max-video-preview:-1"},"canonical":"https:\/\/librairie7l.com\/en\/produit\/the-little-book-of-alexander\/","og_locale":"en_US","og_type":"article","og_title":"THE LITTLE BOOK OF ALEXANDER - Librairie 7L","og_description":"Ce petit volume reli\u00e9 explore l&#8217;histoire de la marque Alexander McQueen, des d\u00e9buts de son cr\u00e9ateur \u00e0 la direction actuelle de Sarah Burton. Gr\u00e2ce \u00e0 une collection soigneusement organis\u00e9e de dessins, de d\u00e9tails et de croquis personnels, ce livre l\u00e8ve le voile sur le monde merveilleux du designer anglais.","og_url":"https:\/\/librairie7l.com\/en\/produit\/the-little-book-of-alexander\/","og_site_name":"Librairie 7L","article_modified_time":"2026-04-26T15:40:21+00:00","og_image":[{"width":353,"height":500,"url":"https:\/\/librairie7l.com\/wp-content\/uploads\/2023\/04\/9781847961006_1_75.jpg","type":"image\/jpeg"}],"twitter_card":"summary_large_image","schema":{"@context":"https:\/\/schema.org","@graph":[{"@type":"WebPage","@id":"https:\/\/librairie7l.com\/en\/produit\/the-little-book-of-alexander\/","url":"https:\/\/librairie7l.com\/en\/produit\/the-little-book-of-alexander\/","name":"THE LITTLE BOOK OF ALEXANDER - Librairie 7L","isPartOf":{"@id":"https:\/\/librairie7l.com\/en\/#website"},"datePublished":"2023-09-19T11:08:39+00:00","dateModified":"2026-04-26T15:40:21+00:00","breadcrumb":{"@id":"https:\/\/librairie7l.com\/en\/produit\/the-little-book-of-alexander\/#breadcrumb"},"inLanguage":"en-US","potentialAction":[{"@type":"ReadAction","target":["https:\/\/librairie7l.com\/en\/produit\/the-little-book-of-alexander\/"]}]},{"@type":"BreadcrumbList","@id":"https:\/\/librairie7l.com\/en\/produit\/the-little-book-of-alexander\/#breadcrumb","itemListElement":[{"@type":"ListItem","position":1,"name":"Accueil","item":"https:\/\/librairie7l.com\/en\/"},{"@type":"ListItem","position":2,"name":"Shop","item":"https:\/\/librairie7l.com\/en\/shop\/"},{"@type":"ListItem","position":3,"name":"THE LITTLE BOOK OF ALEXANDER"}]},{"@type":"WebSite","@id":"https:\/\/librairie7l.com\/en\/#website","url":"https:\/\/librairie7l.com\/en\/","name":"Librairie 7L","description":"Librairie fond\u00e9e en 1999 par Karl Lagerfeld \u00e0 Paris","publisher":{"@id":"https:\/\/librairie7l.com\/en\/#organization"},"potentialAction":[{"@type":"SearchAction","target":{"@type":"EntryPoint","urlTemplate":"https:\/\/librairie7l.com\/en\/?s={search_term_string}"},"query-input":"required name=search_term_string"}],"inLanguage":"en-US"},{"@type":"Organization","@id":"https:\/\/librairie7l.com\/en\/#organization","name":"Librairie 7L","url":"https:\/\/librairie7l.com\/en\/","logo":{"@type":"ImageObject","inLanguage":"en-US","@id":"https:\/\/librairie7l.com\/en\/#\/schema\/logo\/image\/","url":"https:\/\/librairie7l.com\/wp-content\/uploads\/2022\/08\/logo-1.png","contentUrl":"https:\/\/librairie7l.com\/wp-content\/uploads\/2022\/08\/logo-1.png","width":227,"height":301,"caption":"Librairie 7L"},"image":{"@id":"https:\/\/librairie7l.com\/en\/#\/schema\/logo\/image\/"}}]}},"_links":{"self":[{"href":"https:\/\/librairie7l.com\/en\/wp-json\/wp\/v2\/product\/33669"}],"collection":[{"href":"https:\/\/librairie7l.com\/en\/wp-json\/wp\/v2\/product"}],"about":[{"href":"https:\/\/librairie7l.com\/en\/wp-json\/wp\/v2\/types\/product"}],"wp:featuredmedia":[{"embeddable":true,"href":"https:\/\/librairie7l.com\/en\/wp-json\/wp\/v2\/media\/33667"}],"wp:attachment":[{"href":"https:\/\/librairie7l.com\/en\/wp-json\/wp\/v2\/media?parent=33669"}],"wp:term":[{"taxonomy":"product_cat","embeddable":true,"href":"https:\/\/librairie7l.com\/en\/wp-json\/wp\/v2\/product_cat?post=33669"},{"taxonomy":"product_tag","embeddable":true,"href":"https:\/\/librairie7l.com\/en\/wp-json\/wp\/v2\/product_tag?post=33669"}],"curies":[{"name":"wp","href":"https:\/\/api.w.org\/{rel}","templated":true}]}}