{"id":33673,"date":"2023-09-19T13:09:09","date_gmt":"2023-09-19T11:09:09","guid":{"rendered":"https:\/\/librairie7l.com\/?post_type=product&#038;p=33673"},"modified":"2026-04-24T00:59:11","modified_gmt":"2026-04-23T22:59:11","slug":"rene-buthaud-2","status":"publish","type":"product","link":"https:\/\/librairie7l.com\/en\/produit\/rene-buthaud-2\/","title":{"rendered":"REN\u00c9 BUTHAUD"},"content":{"rendered":"<p>Figure marquante des arts d\u00e9coratifs de l&#8217;entre-deux guerres, Ren\u00e9 Buthaud (1886-1986) s&#8217;int\u00e9resse \u00e0 la c\u00e9ramique, mais aussi \u00e0 la peinture et \u00e0 la gravure ,d\u00e8s la fin de ses \u00e9tudes \u00e0 l&#8217;\u00c9cole des Beaux-Arts de Paris et \u00e0 l&#8217;\u00c9cole  nationale sup\u00e9rieure des Arts D\u00e9coratifs, avant d&#8217;\u00eatre mobilis\u00e9.<br \/>\nTant\u00f4t figuratifs et peupl\u00e9s de figures historicisantes ou d&#8217;animaux, tant\u00f4t g\u00e9om\u00e9triques ou abstraits, ses vases et  sculptures rencontrent un grand succ\u00e8s d\u00e8s le salon d&#8217;Automne et le Salon des artistes d\u00e9corateurs de 1920, aux  c\u00f4t\u00e9s de ses amis Jean Dunand et Alfred Janniot. Excellent technicien, il devient directeur technique de Primavera  et de la Fa\u00efencerie d&#8217;art de Sainte-Radegonde et est notamment connu et appr\u00e9ci\u00e9 du public pour sa grande ma\u00eetrise du craquel\u00e9 qu&#8217;il fait red\u00e9couvrir en France. Il est en outre l&#8217;auteur d&#8217;une trentaine de remarquables fix\u00e9s sous  verre qui t\u00e9moignent de sa dext\u00e9rit\u00e9 avec d&#8217;autres mat\u00e9riaux.<br \/>\nDiffus\u00e9 par la galerie Rouart et participant \u00e0 la plupart des Salons comme aux grandes expositions (Exposition  internationale des Arts d\u00e9coratifs de 1925, Exposition coloniale internationale de 1931 et Exposition des arts et  techniques de 1937), il conna\u00eet \u00e9galement un vrai succ\u00e8s outre-Atlantique, gr\u00e2ce au Prix Florence Blumenthal dont  il a \u00e9t\u00e9 laur\u00e9at en 1921 ou \u00e0 ses vases sign\u00e9s Doris.<br \/>\nSon oeuvre &#8211; plus de mille pi\u00e8ces &#8211; figure aujourd&#8217;hui dans de nombreuses collections priv\u00e9es ou publiques, parmi  lesquelles le madd Bordeaux, sa ville de naissance, ou encore le Mus\u00e9e d&#8217;art moderne de Paris. Le mus\u00e9e des  Beaux-Arts Antoine L\u00e9cuyer, \u00e0 Saint Quentin, lui consacrera une exposition monographique de mai \u00e0 septembre  2023.<\/p>\n","protected":false},"excerpt":{"rendered":"<p>Figure marquante des arts d\u00e9coratifs de l&#8217;entre-deux guerres, Ren\u00e9 Buthaud (1886-1986) s&#8217;int\u00e9resse \u00e0 la c\u00e9ramique, mais aussi \u00e0 la peinture et \u00e0 la gravure ,d\u00e8s la fin de ses \u00e9tudes \u00e0 l&#8217;\u00c9cole des Beaux-Arts de Paris et \u00e0 l&#8217;\u00c9cole nationale sup\u00e9rieure des Arts D\u00e9coratifs, avant d&#8217;\u00eatre mobilis\u00e9. Tant\u00f4t figuratifs et peupl\u00e9s de figures historicisantes ou [&hellip;]<\/p>\n","protected":false},"featured_media":33672,"template":"","meta":[],"product_cat":[2948,2952],"product_tag":[],"acf":[],"yoast_head":"<!-- This site is optimized with the Yoast SEO plugin v20.11 - https:\/\/yoast.com\/wordpress\/plugins\/seo\/ -->\n<title>REN\u00c9 BUTHAUD - Librairie 7L<\/title>\n<meta name=\"robots\" content=\"index, follow, max-snippet:-1, max-image-preview:large, max-video-preview:-1\" \/>\n<link rel=\"canonical\" href=\"https:\/\/librairie7l.com\/en\/produit\/rene-buthaud-2\/\" \/>\n<meta property=\"og:locale\" content=\"en_US\" \/>\n<meta property=\"og:type\" content=\"article\" \/>\n<meta property=\"og:title\" content=\"REN\u00c9 BUTHAUD - Librairie 7L\" \/>\n<meta property=\"og:description\" content=\"Figure marquante des arts d\u00e9coratifs de l&#8217;entre-deux guerres, Ren\u00e9 Buthaud (1886-1986) s&#8217;int\u00e9resse \u00e0 la c\u00e9ramique, mais aussi \u00e0 la peinture et \u00e0 la gravure ,d\u00e8s la fin de ses \u00e9tudes \u00e0 l&#8217;\u00c9cole des Beaux-Arts de Paris et \u00e0 l&#8217;\u00c9cole nationale sup\u00e9rieure des Arts D\u00e9coratifs, avant d&#8217;\u00eatre mobilis\u00e9. Tant\u00f4t figuratifs et peupl\u00e9s de figures historicisantes ou [&hellip;]\" \/>\n<meta property=\"og:url\" content=\"https:\/\/librairie7l.com\/en\/produit\/rene-buthaud-2\/\" \/>\n<meta property=\"og:site_name\" content=\"Librairie 7L\" \/>\n<meta property=\"article:modified_time\" content=\"2026-04-23T22:59:11+00:00\" \/>\n<meta property=\"og:image\" content=\"https:\/\/librairie7l.com\/wp-content\/uploads\/2023\/01\/9782376660781_1_75.jpg\" \/>\n\t<meta property=\"og:image:width\" content=\"400\" \/>\n\t<meta property=\"og:image:height\" content=\"527\" \/>\n\t<meta property=\"og:image:type\" content=\"image\/jpeg\" \/>\n<meta name=\"twitter:card\" content=\"summary_large_image\" \/>\n<meta name=\"twitter:label1\" content=\"Est. reading time\" \/>\n\t<meta name=\"twitter:data1\" content=\"1 minute\" \/>\n<script type=\"application\/ld+json\" class=\"yoast-schema-graph\">{\"@context\":\"https:\/\/schema.org\",\"@graph\":[{\"@type\":\"WebPage\",\"@id\":\"https:\/\/librairie7l.com\/en\/produit\/rene-buthaud-2\/\",\"url\":\"https:\/\/librairie7l.com\/en\/produit\/rene-buthaud-2\/\",\"name\":\"REN\u00c9 BUTHAUD - Librairie 7L\",\"isPartOf\":{\"@id\":\"https:\/\/librairie7l.com\/en\/#website\"},\"datePublished\":\"2023-09-19T11:09:09+00:00\",\"dateModified\":\"2026-04-23T22:59:11+00:00\",\"breadcrumb\":{\"@id\":\"https:\/\/librairie7l.com\/en\/produit\/rene-buthaud-2\/#breadcrumb\"},\"inLanguage\":\"en-US\",\"potentialAction\":[{\"@type\":\"ReadAction\",\"target\":[\"https:\/\/librairie7l.com\/en\/produit\/rene-buthaud-2\/\"]}]},{\"@type\":\"BreadcrumbList\",\"@id\":\"https:\/\/librairie7l.com\/en\/produit\/rene-buthaud-2\/#breadcrumb\",\"itemListElement\":[{\"@type\":\"ListItem\",\"position\":1,\"name\":\"Accueil\",\"item\":\"https:\/\/librairie7l.com\/en\/\"},{\"@type\":\"ListItem\",\"position\":2,\"name\":\"Shop\",\"item\":\"https:\/\/librairie7l.com\/en\/shop\/\"},{\"@type\":\"ListItem\",\"position\":3,\"name\":\"REN\u00c9 BUTHAUD\"}]},{\"@type\":\"WebSite\",\"@id\":\"https:\/\/librairie7l.com\/en\/#website\",\"url\":\"https:\/\/librairie7l.com\/en\/\",\"name\":\"Librairie 7L\",\"description\":\"Librairie fond\u00e9e en 1999 par Karl Lagerfeld \u00e0 Paris\",\"publisher\":{\"@id\":\"https:\/\/librairie7l.com\/en\/#organization\"},\"potentialAction\":[{\"@type\":\"SearchAction\",\"target\":{\"@type\":\"EntryPoint\",\"urlTemplate\":\"https:\/\/librairie7l.com\/en\/?s={search_term_string}\"},\"query-input\":\"required name=search_term_string\"}],\"inLanguage\":\"en-US\"},{\"@type\":\"Organization\",\"@id\":\"https:\/\/librairie7l.com\/en\/#organization\",\"name\":\"Librairie 7L\",\"url\":\"https:\/\/librairie7l.com\/en\/\",\"logo\":{\"@type\":\"ImageObject\",\"inLanguage\":\"en-US\",\"@id\":\"https:\/\/librairie7l.com\/en\/#\/schema\/logo\/image\/\",\"url\":\"https:\/\/librairie7l.com\/wp-content\/uploads\/2022\/08\/logo-1.png\",\"contentUrl\":\"https:\/\/librairie7l.com\/wp-content\/uploads\/2022\/08\/logo-1.png\",\"width\":227,\"height\":301,\"caption\":\"Librairie 7L\"},\"image\":{\"@id\":\"https:\/\/librairie7l.com\/en\/#\/schema\/logo\/image\/\"}}]}<\/script>\n<!-- \/ Yoast SEO plugin. -->","yoast_head_json":{"title":"REN\u00c9 BUTHAUD - Librairie 7L","robots":{"index":"index","follow":"follow","max-snippet":"max-snippet:-1","max-image-preview":"max-image-preview:large","max-video-preview":"max-video-preview:-1"},"canonical":"https:\/\/librairie7l.com\/en\/produit\/rene-buthaud-2\/","og_locale":"en_US","og_type":"article","og_title":"REN\u00c9 BUTHAUD - Librairie 7L","og_description":"Figure marquante des arts d\u00e9coratifs de l&#8217;entre-deux guerres, Ren\u00e9 Buthaud (1886-1986) s&#8217;int\u00e9resse \u00e0 la c\u00e9ramique, mais aussi \u00e0 la peinture et \u00e0 la gravure ,d\u00e8s la fin de ses \u00e9tudes \u00e0 l&#8217;\u00c9cole des Beaux-Arts de Paris et \u00e0 l&#8217;\u00c9cole nationale sup\u00e9rieure des Arts D\u00e9coratifs, avant d&#8217;\u00eatre mobilis\u00e9. Tant\u00f4t figuratifs et peupl\u00e9s de figures historicisantes ou [&hellip;]","og_url":"https:\/\/librairie7l.com\/en\/produit\/rene-buthaud-2\/","og_site_name":"Librairie 7L","article_modified_time":"2026-04-23T22:59:11+00:00","og_image":[{"width":400,"height":527,"url":"https:\/\/librairie7l.com\/wp-content\/uploads\/2023\/01\/9782376660781_1_75.jpg","type":"image\/jpeg"}],"twitter_card":"summary_large_image","twitter_misc":{"Est. reading time":"1 minute"},"schema":{"@context":"https:\/\/schema.org","@graph":[{"@type":"WebPage","@id":"https:\/\/librairie7l.com\/en\/produit\/rene-buthaud-2\/","url":"https:\/\/librairie7l.com\/en\/produit\/rene-buthaud-2\/","name":"REN\u00c9 BUTHAUD - Librairie 7L","isPartOf":{"@id":"https:\/\/librairie7l.com\/en\/#website"},"datePublished":"2023-09-19T11:09:09+00:00","dateModified":"2026-04-23T22:59:11+00:00","breadcrumb":{"@id":"https:\/\/librairie7l.com\/en\/produit\/rene-buthaud-2\/#breadcrumb"},"inLanguage":"en-US","potentialAction":[{"@type":"ReadAction","target":["https:\/\/librairie7l.com\/en\/produit\/rene-buthaud-2\/"]}]},{"@type":"BreadcrumbList","@id":"https:\/\/librairie7l.com\/en\/produit\/rene-buthaud-2\/#breadcrumb","itemListElement":[{"@type":"ListItem","position":1,"name":"Accueil","item":"https:\/\/librairie7l.com\/en\/"},{"@type":"ListItem","position":2,"name":"Shop","item":"https:\/\/librairie7l.com\/en\/shop\/"},{"@type":"ListItem","position":3,"name":"REN\u00c9 BUTHAUD"}]},{"@type":"WebSite","@id":"https:\/\/librairie7l.com\/en\/#website","url":"https:\/\/librairie7l.com\/en\/","name":"Librairie 7L","description":"Librairie fond\u00e9e en 1999 par Karl Lagerfeld \u00e0 Paris","publisher":{"@id":"https:\/\/librairie7l.com\/en\/#organization"},"potentialAction":[{"@type":"SearchAction","target":{"@type":"EntryPoint","urlTemplate":"https:\/\/librairie7l.com\/en\/?s={search_term_string}"},"query-input":"required name=search_term_string"}],"inLanguage":"en-US"},{"@type":"Organization","@id":"https:\/\/librairie7l.com\/en\/#organization","name":"Librairie 7L","url":"https:\/\/librairie7l.com\/en\/","logo":{"@type":"ImageObject","inLanguage":"en-US","@id":"https:\/\/librairie7l.com\/en\/#\/schema\/logo\/image\/","url":"https:\/\/librairie7l.com\/wp-content\/uploads\/2022\/08\/logo-1.png","contentUrl":"https:\/\/librairie7l.com\/wp-content\/uploads\/2022\/08\/logo-1.png","width":227,"height":301,"caption":"Librairie 7L"},"image":{"@id":"https:\/\/librairie7l.com\/en\/#\/schema\/logo\/image\/"}}]}},"_links":{"self":[{"href":"https:\/\/librairie7l.com\/en\/wp-json\/wp\/v2\/product\/33673"}],"collection":[{"href":"https:\/\/librairie7l.com\/en\/wp-json\/wp\/v2\/product"}],"about":[{"href":"https:\/\/librairie7l.com\/en\/wp-json\/wp\/v2\/types\/product"}],"wp:featuredmedia":[{"embeddable":true,"href":"https:\/\/librairie7l.com\/en\/wp-json\/wp\/v2\/media\/33672"}],"wp:attachment":[{"href":"https:\/\/librairie7l.com\/en\/wp-json\/wp\/v2\/media?parent=33673"}],"wp:term":[{"taxonomy":"product_cat","embeddable":true,"href":"https:\/\/librairie7l.com\/en\/wp-json\/wp\/v2\/product_cat?post=33673"},{"taxonomy":"product_tag","embeddable":true,"href":"https:\/\/librairie7l.com\/en\/wp-json\/wp\/v2\/product_tag?post=33673"}],"curies":[{"name":"wp","href":"https:\/\/api.w.org\/{rel}","templated":true}]}}