{"id":33681,"date":"2023-09-19T13:11:55","date_gmt":"2023-09-19T11:11:55","guid":{"rendered":"https:\/\/librairie7l.com\/?post_type=product&#038;p=33681"},"modified":"2026-04-08T19:54:03","modified_gmt":"2026-04-08T17:54:03","slug":"les-cercles-de-la-baronne-doettingem","status":"publish","type":"product","link":"https:\/\/librairie7l.com\/en\/produit\/les-cercles-de-la-baronne-doettingem\/","title":{"rendered":"LES CERCLES DE LA BARONNE D&#8217;OETTINGEM"},"content":{"rendered":"<p>Au coeur du creuset cr\u00e9atif parisien des ann\u00e9es 1910, la flamboyante, extravagante, russe et \u00e9nigmatique baronne H\u00e9l\u00e8ne d&#8217;Oettingen attire dans son salon du boulevard Raspail la cr\u00e8me des avant-gardes.<br \/>\nEn 1913, le salon de la Baronne devient le si\u00e8ge de la r\u00e9daction des Soir\u00e9es de Paris (revue d&#8217;avant-garde cr\u00e9\u00e9e par Guillaume Apollinaire et sauv\u00e9e de la faillite gr\u00e2ce aux fortunes personnelles d&#8217;H\u00e9l\u00e8ne et de son cousin, le peintre Serge F\u00e9rat), un haut lieu de passage et d&#8217;\u00e9changes entre les milieux artistiques et litt\u00e9raires des ann\u00e9es 1910. Apollinaire y transporte alors ses fameux \u00ab mercredis \u00bb, attirant les artistes tels que Pablo Picasso, Robert Delaunay, Louis Marcoussis, Fernand L\u00e9ger, Alexander Archipenko, Serge Charchoune, Natalia Gontcharova, Mikha\u00efl Larionov ou Francis Picabia. En 1920, plusieurs d&#8217;entre eux participent d&#8217;ailleurs au deuxi\u00e8me salon de la Section d&#8217;Or, groupe cr\u00e9\u00e9 en 1912 dans l&#8217;objectif de diversifier le vocabulaire cubiste, monopolis\u00e9 \u00e0 l&#8217;\u00e9poque par les solutions de l&#8217;\u00ab \u00e9curie Kahnweiler \u00bb, limitant souvent le mouvement aux seuls noms de Braque et de Picasso.<\/p>\n<p>\u00c0 travers dessins, toiles, sculptures et photographies d&#8217;archives pr\u00e9sentant l&#8217;\u00e9tonnante personnalit\u00e9 d&#8217;H\u00e9l\u00e8ne d&#8217;Oettingen et de son entourage, l&#8217;ouvrage \u00e9voque \u00e0 la fois le trio artistique et fusionnel form\u00e9 dans les ann\u00e9es 1910 avec L\u00e9opold Survage et Serge F\u00e9rat, l&#8217;amatrice de l&#8217;oeuvre du Douanier Rousseau, ses liens avec les avant-gardes (des Futuristes italiens via Ardengo Soffici aux cubistes de la Section d&#8217;Or, des recherches abstraites de Survage aux d\u00e9cors de th\u00e9\u00e2tre et de marionnettes), de sa relation avec Apollinaire \u00e0 son oeuvre de po\u00e9tesse sous le pseudonyme de Louis Pieu, de romanci\u00e8re sous celui de Roch Grey et de peintre sous celui de Fran\u00e7ois Angiboult.<\/p>\n","protected":false},"excerpt":{"rendered":"<p>Au coeur du creuset cr\u00e9atif parisien des ann\u00e9es 1910, la flamboyante, extravagante, russe et \u00e9nigmatique baronne H\u00e9l\u00e8ne d&#8217;Oettingen attire dans son salon du boulevard Raspail la cr\u00e8me des avant-gardes. En 1913, le salon de la Baronne devient le si\u00e8ge de la r\u00e9daction des Soir\u00e9es de Paris (revue d&#8217;avant-garde cr\u00e9\u00e9e par Guillaume Apollinaire et sauv\u00e9e de [&hellip;]<\/p>\n","protected":false},"featured_media":33679,"template":"","meta":[],"product_cat":[2948,2953],"product_tag":[],"acf":[],"yoast_head":"<!-- This site is optimized with the Yoast SEO plugin v20.11 - https:\/\/yoast.com\/wordpress\/plugins\/seo\/ -->\n<title>LES CERCLES DE LA BARONNE D&#039;OETTINGEM - Librairie 7L<\/title>\n<meta name=\"robots\" content=\"index, follow, max-snippet:-1, max-image-preview:large, max-video-preview:-1\" \/>\n<link rel=\"canonical\" href=\"https:\/\/librairie7l.com\/en\/produit\/les-cercles-de-la-baronne-doettingem\/\" \/>\n<meta property=\"og:locale\" content=\"en_US\" \/>\n<meta property=\"og:type\" content=\"article\" \/>\n<meta property=\"og:title\" content=\"LES CERCLES DE LA BARONNE D&#039;OETTINGEM - Librairie 7L\" \/>\n<meta property=\"og:description\" content=\"Au coeur du creuset cr\u00e9atif parisien des ann\u00e9es 1910, la flamboyante, extravagante, russe et \u00e9nigmatique baronne H\u00e9l\u00e8ne d&#8217;Oettingen attire dans son salon du boulevard Raspail la cr\u00e8me des avant-gardes. En 1913, le salon de la Baronne devient le si\u00e8ge de la r\u00e9daction des Soir\u00e9es de Paris (revue d&#8217;avant-garde cr\u00e9\u00e9e par Guillaume Apollinaire et sauv\u00e9e de [&hellip;]\" \/>\n<meta property=\"og:url\" content=\"https:\/\/librairie7l.com\/en\/produit\/les-cercles-de-la-baronne-doettingem\/\" \/>\n<meta property=\"og:site_name\" content=\"Librairie 7L\" \/>\n<meta property=\"article:modified_time\" content=\"2026-04-08T17:54:03+00:00\" \/>\n<meta property=\"og:image\" content=\"https:\/\/librairie7l.com\/wp-content\/uploads\/2022\/10\/9782382031124_1_75.jpg\" \/>\n\t<meta property=\"og:image:width\" content=\"600\" \/>\n\t<meta property=\"og:image:height\" content=\"899\" \/>\n\t<meta property=\"og:image:type\" content=\"image\/jpeg\" \/>\n<meta name=\"twitter:card\" content=\"summary_large_image\" \/>\n<meta name=\"twitter:label1\" content=\"Est. reading time\" \/>\n\t<meta name=\"twitter:data1\" content=\"1 minute\" \/>\n<script type=\"application\/ld+json\" class=\"yoast-schema-graph\">{\"@context\":\"https:\/\/schema.org\",\"@graph\":[{\"@type\":\"WebPage\",\"@id\":\"https:\/\/librairie7l.com\/en\/produit\/les-cercles-de-la-baronne-doettingem\/\",\"url\":\"https:\/\/librairie7l.com\/en\/produit\/les-cercles-de-la-baronne-doettingem\/\",\"name\":\"LES CERCLES DE LA BARONNE D'OETTINGEM - Librairie 7L\",\"isPartOf\":{\"@id\":\"https:\/\/librairie7l.com\/en\/#website\"},\"datePublished\":\"2023-09-19T11:11:55+00:00\",\"dateModified\":\"2026-04-08T17:54:03+00:00\",\"breadcrumb\":{\"@id\":\"https:\/\/librairie7l.com\/en\/produit\/les-cercles-de-la-baronne-doettingem\/#breadcrumb\"},\"inLanguage\":\"en-US\",\"potentialAction\":[{\"@type\":\"ReadAction\",\"target\":[\"https:\/\/librairie7l.com\/en\/produit\/les-cercles-de-la-baronne-doettingem\/\"]}]},{\"@type\":\"BreadcrumbList\",\"@id\":\"https:\/\/librairie7l.com\/en\/produit\/les-cercles-de-la-baronne-doettingem\/#breadcrumb\",\"itemListElement\":[{\"@type\":\"ListItem\",\"position\":1,\"name\":\"Accueil\",\"item\":\"https:\/\/librairie7l.com\/en\/\"},{\"@type\":\"ListItem\",\"position\":2,\"name\":\"Shop\",\"item\":\"https:\/\/librairie7l.com\/en\/shop\/\"},{\"@type\":\"ListItem\",\"position\":3,\"name\":\"LES CERCLES DE LA BARONNE D&#8217;OETTINGEM\"}]},{\"@type\":\"WebSite\",\"@id\":\"https:\/\/librairie7l.com\/en\/#website\",\"url\":\"https:\/\/librairie7l.com\/en\/\",\"name\":\"Librairie 7L\",\"description\":\"Librairie fond\u00e9e en 1999 par Karl Lagerfeld \u00e0 Paris\",\"publisher\":{\"@id\":\"https:\/\/librairie7l.com\/en\/#organization\"},\"potentialAction\":[{\"@type\":\"SearchAction\",\"target\":{\"@type\":\"EntryPoint\",\"urlTemplate\":\"https:\/\/librairie7l.com\/en\/?s={search_term_string}\"},\"query-input\":\"required name=search_term_string\"}],\"inLanguage\":\"en-US\"},{\"@type\":\"Organization\",\"@id\":\"https:\/\/librairie7l.com\/en\/#organization\",\"name\":\"Librairie 7L\",\"url\":\"https:\/\/librairie7l.com\/en\/\",\"logo\":{\"@type\":\"ImageObject\",\"inLanguage\":\"en-US\",\"@id\":\"https:\/\/librairie7l.com\/en\/#\/schema\/logo\/image\/\",\"url\":\"https:\/\/librairie7l.com\/wp-content\/uploads\/2022\/08\/logo-1.png\",\"contentUrl\":\"https:\/\/librairie7l.com\/wp-content\/uploads\/2022\/08\/logo-1.png\",\"width\":227,\"height\":301,\"caption\":\"Librairie 7L\"},\"image\":{\"@id\":\"https:\/\/librairie7l.com\/en\/#\/schema\/logo\/image\/\"}}]}<\/script>\n<!-- \/ Yoast SEO plugin. -->","yoast_head_json":{"title":"LES CERCLES DE LA BARONNE D'OETTINGEM - Librairie 7L","robots":{"index":"index","follow":"follow","max-snippet":"max-snippet:-1","max-image-preview":"max-image-preview:large","max-video-preview":"max-video-preview:-1"},"canonical":"https:\/\/librairie7l.com\/en\/produit\/les-cercles-de-la-baronne-doettingem\/","og_locale":"en_US","og_type":"article","og_title":"LES CERCLES DE LA BARONNE D'OETTINGEM - Librairie 7L","og_description":"Au coeur du creuset cr\u00e9atif parisien des ann\u00e9es 1910, la flamboyante, extravagante, russe et \u00e9nigmatique baronne H\u00e9l\u00e8ne d&#8217;Oettingen attire dans son salon du boulevard Raspail la cr\u00e8me des avant-gardes. En 1913, le salon de la Baronne devient le si\u00e8ge de la r\u00e9daction des Soir\u00e9es de Paris (revue d&#8217;avant-garde cr\u00e9\u00e9e par Guillaume Apollinaire et sauv\u00e9e de [&hellip;]","og_url":"https:\/\/librairie7l.com\/en\/produit\/les-cercles-de-la-baronne-doettingem\/","og_site_name":"Librairie 7L","article_modified_time":"2026-04-08T17:54:03+00:00","og_image":[{"width":600,"height":899,"url":"https:\/\/librairie7l.com\/wp-content\/uploads\/2022\/10\/9782382031124_1_75.jpg","type":"image\/jpeg"}],"twitter_card":"summary_large_image","twitter_misc":{"Est. reading time":"1 minute"},"schema":{"@context":"https:\/\/schema.org","@graph":[{"@type":"WebPage","@id":"https:\/\/librairie7l.com\/en\/produit\/les-cercles-de-la-baronne-doettingem\/","url":"https:\/\/librairie7l.com\/en\/produit\/les-cercles-de-la-baronne-doettingem\/","name":"LES CERCLES DE LA BARONNE D'OETTINGEM - Librairie 7L","isPartOf":{"@id":"https:\/\/librairie7l.com\/en\/#website"},"datePublished":"2023-09-19T11:11:55+00:00","dateModified":"2026-04-08T17:54:03+00:00","breadcrumb":{"@id":"https:\/\/librairie7l.com\/en\/produit\/les-cercles-de-la-baronne-doettingem\/#breadcrumb"},"inLanguage":"en-US","potentialAction":[{"@type":"ReadAction","target":["https:\/\/librairie7l.com\/en\/produit\/les-cercles-de-la-baronne-doettingem\/"]}]},{"@type":"BreadcrumbList","@id":"https:\/\/librairie7l.com\/en\/produit\/les-cercles-de-la-baronne-doettingem\/#breadcrumb","itemListElement":[{"@type":"ListItem","position":1,"name":"Accueil","item":"https:\/\/librairie7l.com\/en\/"},{"@type":"ListItem","position":2,"name":"Shop","item":"https:\/\/librairie7l.com\/en\/shop\/"},{"@type":"ListItem","position":3,"name":"LES CERCLES DE LA BARONNE D&#8217;OETTINGEM"}]},{"@type":"WebSite","@id":"https:\/\/librairie7l.com\/en\/#website","url":"https:\/\/librairie7l.com\/en\/","name":"Librairie 7L","description":"Librairie fond\u00e9e en 1999 par Karl Lagerfeld \u00e0 Paris","publisher":{"@id":"https:\/\/librairie7l.com\/en\/#organization"},"potentialAction":[{"@type":"SearchAction","target":{"@type":"EntryPoint","urlTemplate":"https:\/\/librairie7l.com\/en\/?s={search_term_string}"},"query-input":"required name=search_term_string"}],"inLanguage":"en-US"},{"@type":"Organization","@id":"https:\/\/librairie7l.com\/en\/#organization","name":"Librairie 7L","url":"https:\/\/librairie7l.com\/en\/","logo":{"@type":"ImageObject","inLanguage":"en-US","@id":"https:\/\/librairie7l.com\/en\/#\/schema\/logo\/image\/","url":"https:\/\/librairie7l.com\/wp-content\/uploads\/2022\/08\/logo-1.png","contentUrl":"https:\/\/librairie7l.com\/wp-content\/uploads\/2022\/08\/logo-1.png","width":227,"height":301,"caption":"Librairie 7L"},"image":{"@id":"https:\/\/librairie7l.com\/en\/#\/schema\/logo\/image\/"}}]}},"_links":{"self":[{"href":"https:\/\/librairie7l.com\/en\/wp-json\/wp\/v2\/product\/33681"}],"collection":[{"href":"https:\/\/librairie7l.com\/en\/wp-json\/wp\/v2\/product"}],"about":[{"href":"https:\/\/librairie7l.com\/en\/wp-json\/wp\/v2\/types\/product"}],"wp:featuredmedia":[{"embeddable":true,"href":"https:\/\/librairie7l.com\/en\/wp-json\/wp\/v2\/media\/33679"}],"wp:attachment":[{"href":"https:\/\/librairie7l.com\/en\/wp-json\/wp\/v2\/media?parent=33681"}],"wp:term":[{"taxonomy":"product_cat","embeddable":true,"href":"https:\/\/librairie7l.com\/en\/wp-json\/wp\/v2\/product_cat?post=33681"},{"taxonomy":"product_tag","embeddable":true,"href":"https:\/\/librairie7l.com\/en\/wp-json\/wp\/v2\/product_tag?post=33681"}],"curies":[{"name":"wp","href":"https:\/\/api.w.org\/{rel}","templated":true}]}}