{"id":33695,"date":"2023-09-19T13:19:30","date_gmt":"2023-09-19T11:19:30","guid":{"rendered":"https:\/\/librairie7l.com\/?post_type=product&#038;p=33695"},"modified":"2026-04-12T03:06:30","modified_gmt":"2026-04-12T01:06:30","slug":"je-lai-deja-joue-demain","status":"publish","type":"product","link":"https:\/\/librairie7l.com\/en\/produit\/je-lai-deja-joue-demain\/","title":{"rendered":"JE L&#8217;AI D\u00c9J\u00c0 JOU\u00c9 DEMAIN"},"content":{"rendered":"<p>Richard Peduzzi, aux prises avec le temps qui passe, se met \u00e0 nu et tente de porter un regard neuf, quoique toujours h\u00e9sitant, sur les traumatismes de son enfance et les \u00e9pisodes douloureux de sa vie personnelle. Comment ces \u00e9v\u00e9nements ont-ils \u00e9t\u00e9 d\u00e9cisifs dans sa vie d&#8217;artiste et lui ont permis, malgr\u00e9 tout, d&#8217;exploiter sa cr\u00e9ativit\u00e9 ?<\/p>\n","protected":false},"excerpt":{"rendered":"<p>Richard Peduzzi, aux prises avec le temps qui passe, se met \u00e0 nu et tente de porter un regard neuf, quoique toujours h\u00e9sitant, sur les traumatismes de son enfance et les \u00e9pisodes douloureux de sa vie personnelle. Comment ces \u00e9v\u00e9nements ont-ils \u00e9t\u00e9 d\u00e9cisifs dans sa vie d&#8217;artiste et lui ont permis, malgr\u00e9 tout, d&#8217;exploiter sa [&hellip;]<\/p>\n","protected":false},"featured_media":33693,"template":"","meta":[],"product_cat":[2948,2958],"product_tag":[],"acf":[],"yoast_head":"<!-- This site is optimized with the Yoast SEO plugin v20.11 - https:\/\/yoast.com\/wordpress\/plugins\/seo\/ -->\n<title>JE L&#039;AI D\u00c9J\u00c0 JOU\u00c9 DEMAIN - Librairie 7L<\/title>\n<meta name=\"robots\" content=\"index, follow, max-snippet:-1, max-image-preview:large, max-video-preview:-1\" \/>\n<link rel=\"canonical\" href=\"https:\/\/librairie7l.com\/en\/produit\/je-lai-deja-joue-demain\/\" \/>\n<meta property=\"og:locale\" content=\"en_US\" \/>\n<meta property=\"og:type\" content=\"article\" \/>\n<meta property=\"og:title\" content=\"JE L&#039;AI D\u00c9J\u00c0 JOU\u00c9 DEMAIN - Librairie 7L\" \/>\n<meta property=\"og:description\" content=\"Richard Peduzzi, aux prises avec le temps qui passe, se met \u00e0 nu et tente de porter un regard neuf, quoique toujours h\u00e9sitant, sur les traumatismes de son enfance et les \u00e9pisodes douloureux de sa vie personnelle. Comment ces \u00e9v\u00e9nements ont-ils \u00e9t\u00e9 d\u00e9cisifs dans sa vie d&#8217;artiste et lui ont permis, malgr\u00e9 tout, d&#8217;exploiter sa [&hellip;]\" \/>\n<meta property=\"og:url\" content=\"https:\/\/librairie7l.com\/en\/produit\/je-lai-deja-joue-demain\/\" \/>\n<meta property=\"og:site_name\" content=\"Librairie 7L\" \/>\n<meta property=\"article:modified_time\" content=\"2026-04-12T01:06:30+00:00\" \/>\n<meta property=\"og:image\" content=\"https:\/\/librairie7l.com\/wp-content\/uploads\/2021\/04\/9782330153427_1_75.jpg\" \/>\n\t<meta property=\"og:image:width\" content=\"600\" \/>\n\t<meta property=\"og:image:height\" content=\"907\" \/>\n\t<meta property=\"og:image:type\" content=\"image\/jpeg\" \/>\n<meta name=\"twitter:card\" content=\"summary_large_image\" \/>\n<script type=\"application\/ld+json\" class=\"yoast-schema-graph\">{\"@context\":\"https:\/\/schema.org\",\"@graph\":[{\"@type\":\"WebPage\",\"@id\":\"https:\/\/librairie7l.com\/en\/produit\/je-lai-deja-joue-demain\/\",\"url\":\"https:\/\/librairie7l.com\/en\/produit\/je-lai-deja-joue-demain\/\",\"name\":\"JE L'AI D\u00c9J\u00c0 JOU\u00c9 DEMAIN - Librairie 7L\",\"isPartOf\":{\"@id\":\"https:\/\/librairie7l.com\/en\/#website\"},\"datePublished\":\"2023-09-19T11:19:30+00:00\",\"dateModified\":\"2026-04-12T01:06:30+00:00\",\"breadcrumb\":{\"@id\":\"https:\/\/librairie7l.com\/en\/produit\/je-lai-deja-joue-demain\/#breadcrumb\"},\"inLanguage\":\"en-US\",\"potentialAction\":[{\"@type\":\"ReadAction\",\"target\":[\"https:\/\/librairie7l.com\/en\/produit\/je-lai-deja-joue-demain\/\"]}]},{\"@type\":\"BreadcrumbList\",\"@id\":\"https:\/\/librairie7l.com\/en\/produit\/je-lai-deja-joue-demain\/#breadcrumb\",\"itemListElement\":[{\"@type\":\"ListItem\",\"position\":1,\"name\":\"Accueil\",\"item\":\"https:\/\/librairie7l.com\/en\/\"},{\"@type\":\"ListItem\",\"position\":2,\"name\":\"Shop\",\"item\":\"https:\/\/librairie7l.com\/en\/shop\/\"},{\"@type\":\"ListItem\",\"position\":3,\"name\":\"JE L&#8217;AI D\u00c9J\u00c0 JOU\u00c9 DEMAIN\"}]},{\"@type\":\"WebSite\",\"@id\":\"https:\/\/librairie7l.com\/en\/#website\",\"url\":\"https:\/\/librairie7l.com\/en\/\",\"name\":\"Librairie 7L\",\"description\":\"Librairie fond\u00e9e en 1999 par Karl Lagerfeld \u00e0 Paris\",\"publisher\":{\"@id\":\"https:\/\/librairie7l.com\/en\/#organization\"},\"potentialAction\":[{\"@type\":\"SearchAction\",\"target\":{\"@type\":\"EntryPoint\",\"urlTemplate\":\"https:\/\/librairie7l.com\/en\/?s={search_term_string}\"},\"query-input\":\"required name=search_term_string\"}],\"inLanguage\":\"en-US\"},{\"@type\":\"Organization\",\"@id\":\"https:\/\/librairie7l.com\/en\/#organization\",\"name\":\"Librairie 7L\",\"url\":\"https:\/\/librairie7l.com\/en\/\",\"logo\":{\"@type\":\"ImageObject\",\"inLanguage\":\"en-US\",\"@id\":\"https:\/\/librairie7l.com\/en\/#\/schema\/logo\/image\/\",\"url\":\"https:\/\/librairie7l.com\/wp-content\/uploads\/2022\/08\/logo-1.png\",\"contentUrl\":\"https:\/\/librairie7l.com\/wp-content\/uploads\/2022\/08\/logo-1.png\",\"width\":227,\"height\":301,\"caption\":\"Librairie 7L\"},\"image\":{\"@id\":\"https:\/\/librairie7l.com\/en\/#\/schema\/logo\/image\/\"}}]}<\/script>\n<!-- \/ Yoast SEO plugin. -->","yoast_head_json":{"title":"JE L'AI D\u00c9J\u00c0 JOU\u00c9 DEMAIN - Librairie 7L","robots":{"index":"index","follow":"follow","max-snippet":"max-snippet:-1","max-image-preview":"max-image-preview:large","max-video-preview":"max-video-preview:-1"},"canonical":"https:\/\/librairie7l.com\/en\/produit\/je-lai-deja-joue-demain\/","og_locale":"en_US","og_type":"article","og_title":"JE L'AI D\u00c9J\u00c0 JOU\u00c9 DEMAIN - Librairie 7L","og_description":"Richard Peduzzi, aux prises avec le temps qui passe, se met \u00e0 nu et tente de porter un regard neuf, quoique toujours h\u00e9sitant, sur les traumatismes de son enfance et les \u00e9pisodes douloureux de sa vie personnelle. Comment ces \u00e9v\u00e9nements ont-ils \u00e9t\u00e9 d\u00e9cisifs dans sa vie d&#8217;artiste et lui ont permis, malgr\u00e9 tout, d&#8217;exploiter sa [&hellip;]","og_url":"https:\/\/librairie7l.com\/en\/produit\/je-lai-deja-joue-demain\/","og_site_name":"Librairie 7L","article_modified_time":"2026-04-12T01:06:30+00:00","og_image":[{"width":600,"height":907,"url":"https:\/\/librairie7l.com\/wp-content\/uploads\/2021\/04\/9782330153427_1_75.jpg","type":"image\/jpeg"}],"twitter_card":"summary_large_image","schema":{"@context":"https:\/\/schema.org","@graph":[{"@type":"WebPage","@id":"https:\/\/librairie7l.com\/en\/produit\/je-lai-deja-joue-demain\/","url":"https:\/\/librairie7l.com\/en\/produit\/je-lai-deja-joue-demain\/","name":"JE L'AI D\u00c9J\u00c0 JOU\u00c9 DEMAIN - Librairie 7L","isPartOf":{"@id":"https:\/\/librairie7l.com\/en\/#website"},"datePublished":"2023-09-19T11:19:30+00:00","dateModified":"2026-04-12T01:06:30+00:00","breadcrumb":{"@id":"https:\/\/librairie7l.com\/en\/produit\/je-lai-deja-joue-demain\/#breadcrumb"},"inLanguage":"en-US","potentialAction":[{"@type":"ReadAction","target":["https:\/\/librairie7l.com\/en\/produit\/je-lai-deja-joue-demain\/"]}]},{"@type":"BreadcrumbList","@id":"https:\/\/librairie7l.com\/en\/produit\/je-lai-deja-joue-demain\/#breadcrumb","itemListElement":[{"@type":"ListItem","position":1,"name":"Accueil","item":"https:\/\/librairie7l.com\/en\/"},{"@type":"ListItem","position":2,"name":"Shop","item":"https:\/\/librairie7l.com\/en\/shop\/"},{"@type":"ListItem","position":3,"name":"JE L&#8217;AI D\u00c9J\u00c0 JOU\u00c9 DEMAIN"}]},{"@type":"WebSite","@id":"https:\/\/librairie7l.com\/en\/#website","url":"https:\/\/librairie7l.com\/en\/","name":"Librairie 7L","description":"Librairie fond\u00e9e en 1999 par Karl Lagerfeld \u00e0 Paris","publisher":{"@id":"https:\/\/librairie7l.com\/en\/#organization"},"potentialAction":[{"@type":"SearchAction","target":{"@type":"EntryPoint","urlTemplate":"https:\/\/librairie7l.com\/en\/?s={search_term_string}"},"query-input":"required name=search_term_string"}],"inLanguage":"en-US"},{"@type":"Organization","@id":"https:\/\/librairie7l.com\/en\/#organization","name":"Librairie 7L","url":"https:\/\/librairie7l.com\/en\/","logo":{"@type":"ImageObject","inLanguage":"en-US","@id":"https:\/\/librairie7l.com\/en\/#\/schema\/logo\/image\/","url":"https:\/\/librairie7l.com\/wp-content\/uploads\/2022\/08\/logo-1.png","contentUrl":"https:\/\/librairie7l.com\/wp-content\/uploads\/2022\/08\/logo-1.png","width":227,"height":301,"caption":"Librairie 7L"},"image":{"@id":"https:\/\/librairie7l.com\/en\/#\/schema\/logo\/image\/"}}]}},"_links":{"self":[{"href":"https:\/\/librairie7l.com\/en\/wp-json\/wp\/v2\/product\/33695"}],"collection":[{"href":"https:\/\/librairie7l.com\/en\/wp-json\/wp\/v2\/product"}],"about":[{"href":"https:\/\/librairie7l.com\/en\/wp-json\/wp\/v2\/types\/product"}],"wp:featuredmedia":[{"embeddable":true,"href":"https:\/\/librairie7l.com\/en\/wp-json\/wp\/v2\/media\/33693"}],"wp:attachment":[{"href":"https:\/\/librairie7l.com\/en\/wp-json\/wp\/v2\/media?parent=33695"}],"wp:term":[{"taxonomy":"product_cat","embeddable":true,"href":"https:\/\/librairie7l.com\/en\/wp-json\/wp\/v2\/product_cat?post=33695"},{"taxonomy":"product_tag","embeddable":true,"href":"https:\/\/librairie7l.com\/en\/wp-json\/wp\/v2\/product_tag?post=33695"}],"curies":[{"name":"wp","href":"https:\/\/api.w.org\/{rel}","templated":true}]}}