{"id":33705,"date":"2023-09-19T13:21:27","date_gmt":"2023-09-19T11:21:27","guid":{"rendered":"https:\/\/librairie7l.com\/?post_type=product&#038;p=33705"},"modified":"2026-04-22T11:06:10","modified_gmt":"2026-04-22T09:06:10","slug":"front-de-mer-canet-collioure-banyuls-1940","status":"publish","type":"product","link":"https:\/\/librairie7l.com\/en\/produit\/front-de-mer-canet-collioure-banyuls-1940\/","title":{"rendered":"FRONT DE MER : CANET &#8211; COLLIOURE &#8211; BANYULS 1940"},"content":{"rendered":"<p>Un trait de c\u00f4te, Canet-Collioure-Banyuls, comme un concentr\u00e9 d&#8217;espace. Une date, 1940, comme un pr\u00e9cipit\u00e9 d&#8217;histoire.<br \/>\nDe nombreux artistes accostent les rivages catalans et m\u00ealent sur ses chemins leurs destin\u00e9es. Qu&#8217;ils se cachent, esp\u00e8rent l&#8217;exil, connaissent les camps, militent, r\u00e9sistent ou collaborent, tous, par leur art, t\u00e9moignent d&#8217;une \u00e9poque qui ne supporte aucun raccourci.<br \/>\nEspace frontalier, zone libre puis occup\u00e9e, porte ouverte vers un possible d\u00e9part ou lieu clos de l&#8217;enfermement, cette c\u00f4te, de Canet \u00e0 Banyuls, devient un territoire en lutte.<br \/>\nDepuis Collioure, Babel des arts, le mus\u00e9e de Collioure poursuit son exploration des pans m\u00e9connus de l&#8217;histoire artistique de la C\u00f4te vermeille.<br \/>\nAvec ce nouvel ouvrage, le mus\u00e9e plonge dans les eaux troubles d&#8217;une ann\u00e9e sombre, qui transforme un front de mer en v\u00e9ritable front de guerre.<\/p>\n","protected":false},"excerpt":{"rendered":"<p>Un trait de c\u00f4te, Canet-Collioure-Banyuls, comme un concentr\u00e9 d&#8217;espace. Une date, 1940, comme un pr\u00e9cipit\u00e9 d&#8217;histoire. De nombreux artistes accostent les rivages catalans et m\u00ealent sur ses chemins leurs destin\u00e9es. Qu&#8217;ils se cachent, esp\u00e8rent l&#8217;exil, connaissent les camps, militent, r\u00e9sistent ou collaborent, tous, par leur art, t\u00e9moignent d&#8217;une \u00e9poque qui ne supporte aucun raccourci. Espace [&hellip;]<\/p>\n","protected":false},"featured_media":33703,"template":"","meta":[],"product_cat":[2948,2953],"product_tag":[],"acf":[],"yoast_head":"<!-- This site is optimized with the Yoast SEO plugin v20.11 - https:\/\/yoast.com\/wordpress\/plugins\/seo\/ -->\n<title>FRONT DE MER : CANET - COLLIOURE - BANYULS 1940 - Librairie 7L<\/title>\n<meta name=\"robots\" content=\"index, follow, max-snippet:-1, max-image-preview:large, max-video-preview:-1\" \/>\n<link rel=\"canonical\" href=\"https:\/\/librairie7l.com\/en\/produit\/front-de-mer-canet-collioure-banyuls-1940\/\" \/>\n<meta property=\"og:locale\" content=\"en_US\" \/>\n<meta property=\"og:type\" content=\"article\" \/>\n<meta property=\"og:title\" content=\"FRONT DE MER : CANET - COLLIOURE - BANYULS 1940 - Librairie 7L\" \/>\n<meta property=\"og:description\" content=\"Un trait de c\u00f4te, Canet-Collioure-Banyuls, comme un concentr\u00e9 d&#8217;espace. Une date, 1940, comme un pr\u00e9cipit\u00e9 d&#8217;histoire. De nombreux artistes accostent les rivages catalans et m\u00ealent sur ses chemins leurs destin\u00e9es. Qu&#8217;ils se cachent, esp\u00e8rent l&#8217;exil, connaissent les camps, militent, r\u00e9sistent ou collaborent, tous, par leur art, t\u00e9moignent d&#8217;une \u00e9poque qui ne supporte aucun raccourci. Espace [&hellip;]\" \/>\n<meta property=\"og:url\" content=\"https:\/\/librairie7l.com\/en\/produit\/front-de-mer-canet-collioure-banyuls-1940\/\" \/>\n<meta property=\"og:site_name\" content=\"Librairie 7L\" \/>\n<meta property=\"article:modified_time\" content=\"2026-04-22T09:06:10+00:00\" \/>\n<meta property=\"og:image\" content=\"https:\/\/librairie7l.com\/wp-content\/uploads\/2023\/02\/9782382031285_1_75.jpg\" \/>\n\t<meta property=\"og:image:width\" content=\"600\" \/>\n\t<meta property=\"og:image:height\" content=\"757\" \/>\n\t<meta property=\"og:image:type\" content=\"image\/jpeg\" \/>\n<meta name=\"twitter:card\" content=\"summary_large_image\" \/>\n<meta name=\"twitter:label1\" content=\"Est. reading time\" \/>\n\t<meta name=\"twitter:data1\" content=\"1 minute\" \/>\n<script type=\"application\/ld+json\" class=\"yoast-schema-graph\">{\"@context\":\"https:\/\/schema.org\",\"@graph\":[{\"@type\":\"WebPage\",\"@id\":\"https:\/\/librairie7l.com\/en\/produit\/front-de-mer-canet-collioure-banyuls-1940\/\",\"url\":\"https:\/\/librairie7l.com\/en\/produit\/front-de-mer-canet-collioure-banyuls-1940\/\",\"name\":\"FRONT DE MER : CANET - COLLIOURE - BANYULS 1940 - Librairie 7L\",\"isPartOf\":{\"@id\":\"https:\/\/librairie7l.com\/en\/#website\"},\"datePublished\":\"2023-09-19T11:21:27+00:00\",\"dateModified\":\"2026-04-22T09:06:10+00:00\",\"breadcrumb\":{\"@id\":\"https:\/\/librairie7l.com\/en\/produit\/front-de-mer-canet-collioure-banyuls-1940\/#breadcrumb\"},\"inLanguage\":\"en-US\",\"potentialAction\":[{\"@type\":\"ReadAction\",\"target\":[\"https:\/\/librairie7l.com\/en\/produit\/front-de-mer-canet-collioure-banyuls-1940\/\"]}]},{\"@type\":\"BreadcrumbList\",\"@id\":\"https:\/\/librairie7l.com\/en\/produit\/front-de-mer-canet-collioure-banyuls-1940\/#breadcrumb\",\"itemListElement\":[{\"@type\":\"ListItem\",\"position\":1,\"name\":\"Accueil\",\"item\":\"https:\/\/librairie7l.com\/en\/\"},{\"@type\":\"ListItem\",\"position\":2,\"name\":\"Shop\",\"item\":\"https:\/\/librairie7l.com\/en\/shop\/\"},{\"@type\":\"ListItem\",\"position\":3,\"name\":\"FRONT DE MER : CANET &#8211; COLLIOURE &#8211; BANYULS 1940\"}]},{\"@type\":\"WebSite\",\"@id\":\"https:\/\/librairie7l.com\/en\/#website\",\"url\":\"https:\/\/librairie7l.com\/en\/\",\"name\":\"Librairie 7L\",\"description\":\"Librairie fond\u00e9e en 1999 par Karl Lagerfeld \u00e0 Paris\",\"publisher\":{\"@id\":\"https:\/\/librairie7l.com\/en\/#organization\"},\"potentialAction\":[{\"@type\":\"SearchAction\",\"target\":{\"@type\":\"EntryPoint\",\"urlTemplate\":\"https:\/\/librairie7l.com\/en\/?s={search_term_string}\"},\"query-input\":\"required name=search_term_string\"}],\"inLanguage\":\"en-US\"},{\"@type\":\"Organization\",\"@id\":\"https:\/\/librairie7l.com\/en\/#organization\",\"name\":\"Librairie 7L\",\"url\":\"https:\/\/librairie7l.com\/en\/\",\"logo\":{\"@type\":\"ImageObject\",\"inLanguage\":\"en-US\",\"@id\":\"https:\/\/librairie7l.com\/en\/#\/schema\/logo\/image\/\",\"url\":\"https:\/\/librairie7l.com\/wp-content\/uploads\/2022\/08\/logo-1.png\",\"contentUrl\":\"https:\/\/librairie7l.com\/wp-content\/uploads\/2022\/08\/logo-1.png\",\"width\":227,\"height\":301,\"caption\":\"Librairie 7L\"},\"image\":{\"@id\":\"https:\/\/librairie7l.com\/en\/#\/schema\/logo\/image\/\"}}]}<\/script>\n<!-- \/ Yoast SEO plugin. -->","yoast_head_json":{"title":"FRONT DE MER : CANET - COLLIOURE - BANYULS 1940 - Librairie 7L","robots":{"index":"index","follow":"follow","max-snippet":"max-snippet:-1","max-image-preview":"max-image-preview:large","max-video-preview":"max-video-preview:-1"},"canonical":"https:\/\/librairie7l.com\/en\/produit\/front-de-mer-canet-collioure-banyuls-1940\/","og_locale":"en_US","og_type":"article","og_title":"FRONT DE MER : CANET - COLLIOURE - BANYULS 1940 - Librairie 7L","og_description":"Un trait de c\u00f4te, Canet-Collioure-Banyuls, comme un concentr\u00e9 d&#8217;espace. Une date, 1940, comme un pr\u00e9cipit\u00e9 d&#8217;histoire. De nombreux artistes accostent les rivages catalans et m\u00ealent sur ses chemins leurs destin\u00e9es. Qu&#8217;ils se cachent, esp\u00e8rent l&#8217;exil, connaissent les camps, militent, r\u00e9sistent ou collaborent, tous, par leur art, t\u00e9moignent d&#8217;une \u00e9poque qui ne supporte aucun raccourci. Espace [&hellip;]","og_url":"https:\/\/librairie7l.com\/en\/produit\/front-de-mer-canet-collioure-banyuls-1940\/","og_site_name":"Librairie 7L","article_modified_time":"2026-04-22T09:06:10+00:00","og_image":[{"width":600,"height":757,"url":"https:\/\/librairie7l.com\/wp-content\/uploads\/2023\/02\/9782382031285_1_75.jpg","type":"image\/jpeg"}],"twitter_card":"summary_large_image","twitter_misc":{"Est. reading time":"1 minute"},"schema":{"@context":"https:\/\/schema.org","@graph":[{"@type":"WebPage","@id":"https:\/\/librairie7l.com\/en\/produit\/front-de-mer-canet-collioure-banyuls-1940\/","url":"https:\/\/librairie7l.com\/en\/produit\/front-de-mer-canet-collioure-banyuls-1940\/","name":"FRONT DE MER : CANET - COLLIOURE - BANYULS 1940 - Librairie 7L","isPartOf":{"@id":"https:\/\/librairie7l.com\/en\/#website"},"datePublished":"2023-09-19T11:21:27+00:00","dateModified":"2026-04-22T09:06:10+00:00","breadcrumb":{"@id":"https:\/\/librairie7l.com\/en\/produit\/front-de-mer-canet-collioure-banyuls-1940\/#breadcrumb"},"inLanguage":"en-US","potentialAction":[{"@type":"ReadAction","target":["https:\/\/librairie7l.com\/en\/produit\/front-de-mer-canet-collioure-banyuls-1940\/"]}]},{"@type":"BreadcrumbList","@id":"https:\/\/librairie7l.com\/en\/produit\/front-de-mer-canet-collioure-banyuls-1940\/#breadcrumb","itemListElement":[{"@type":"ListItem","position":1,"name":"Accueil","item":"https:\/\/librairie7l.com\/en\/"},{"@type":"ListItem","position":2,"name":"Shop","item":"https:\/\/librairie7l.com\/en\/shop\/"},{"@type":"ListItem","position":3,"name":"FRONT DE MER : CANET &#8211; COLLIOURE &#8211; BANYULS 1940"}]},{"@type":"WebSite","@id":"https:\/\/librairie7l.com\/en\/#website","url":"https:\/\/librairie7l.com\/en\/","name":"Librairie 7L","description":"Librairie fond\u00e9e en 1999 par Karl Lagerfeld \u00e0 Paris","publisher":{"@id":"https:\/\/librairie7l.com\/en\/#organization"},"potentialAction":[{"@type":"SearchAction","target":{"@type":"EntryPoint","urlTemplate":"https:\/\/librairie7l.com\/en\/?s={search_term_string}"},"query-input":"required name=search_term_string"}],"inLanguage":"en-US"},{"@type":"Organization","@id":"https:\/\/librairie7l.com\/en\/#organization","name":"Librairie 7L","url":"https:\/\/librairie7l.com\/en\/","logo":{"@type":"ImageObject","inLanguage":"en-US","@id":"https:\/\/librairie7l.com\/en\/#\/schema\/logo\/image\/","url":"https:\/\/librairie7l.com\/wp-content\/uploads\/2022\/08\/logo-1.png","contentUrl":"https:\/\/librairie7l.com\/wp-content\/uploads\/2022\/08\/logo-1.png","width":227,"height":301,"caption":"Librairie 7L"},"image":{"@id":"https:\/\/librairie7l.com\/en\/#\/schema\/logo\/image\/"}}]}},"_links":{"self":[{"href":"https:\/\/librairie7l.com\/en\/wp-json\/wp\/v2\/product\/33705"}],"collection":[{"href":"https:\/\/librairie7l.com\/en\/wp-json\/wp\/v2\/product"}],"about":[{"href":"https:\/\/librairie7l.com\/en\/wp-json\/wp\/v2\/types\/product"}],"wp:featuredmedia":[{"embeddable":true,"href":"https:\/\/librairie7l.com\/en\/wp-json\/wp\/v2\/media\/33703"}],"wp:attachment":[{"href":"https:\/\/librairie7l.com\/en\/wp-json\/wp\/v2\/media?parent=33705"}],"wp:term":[{"taxonomy":"product_cat","embeddable":true,"href":"https:\/\/librairie7l.com\/en\/wp-json\/wp\/v2\/product_cat?post=33705"},{"taxonomy":"product_tag","embeddable":true,"href":"https:\/\/librairie7l.com\/en\/wp-json\/wp\/v2\/product_tag?post=33705"}],"curies":[{"name":"wp","href":"https:\/\/api.w.org\/{rel}","templated":true}]}}