{"id":33711,"date":"2023-09-19T13:23:57","date_gmt":"2023-09-19T11:23:57","guid":{"rendered":"https:\/\/librairie7l.com\/?post_type=product&#038;p=33711"},"modified":"2026-04-23T01:06:07","modified_gmt":"2026-04-22T23:06:07","slug":"lison-de-caunes-la-paille-en-heritage","status":"publish","type":"product","link":"https:\/\/librairie7l.com\/en\/produit\/lison-de-caunes-la-paille-en-heritage\/","title":{"rendered":"LISON DE CAUNES : LA PAILLE EN H\u00c9RITAGE"},"content":{"rendered":"<p>Avec patience, constance, avec surtout cette \u00e9nergie qui la caract\u00e9rise, Lison de Caunes a sorti la marqueterie de paille de l&#8217;oubli. Elle a su la faire conna\u00eetre, la faire revivre certes, mais aussi l&#8217;inscrire dans une esth\u00e9tique tr\u00e8s contemporaine.<br \/>\nAvec patience, constance, avec surtout cette \u00e9nergie qui la caract\u00e9rise, Lison de Caunes a sorti la marqueterie de paille de l&#8217;oubli. Elle a su la faire conna\u00eetre, la faire revivre certes, mais aussi l&#8217;inscrire dans une esth\u00e9tique tr\u00e8s contemporaine. Cette technique connut son apog\u00e9e durant la p\u00e9riode Art d\u00e9co gr\u00e2ce \u00e0 des cr\u00e9ateurs tels que Jean-Michel Frank et Andr\u00e9 Groult. Ce dernier, son grand-p\u00e8re, lui fit d\u00e9couvrir, tout enfant, quelles merveilles pouvaient surgir lorsque l&#8217;imaginaire et la dext\u00e9rit\u00e9 s&#8217;allient \u00e0 la plus humble des mati\u00e8res. <\/p>\n<p>Lison de Caunes se raconte dans ces pages avec sinc\u00e9rit\u00e9 et simplicit\u00e9, revient sur les quelques d\u00e9cennies qui l&#8217;ont amen\u00e9e \u00e0 la reconnaissance dont elle jouit aujourd&#8217;hui. Son amour des m\u00e9tiers d&#8217;art, son d\u00e9sir de transmettre son savoir-faire, ses collaborations avec les grands architectes d&#8217;int\u00e9rieur de notre temps, sa famille dont les membres ne sont autres que Beno\u00eete Groult, sa m\u00e8re, Paul Poiret, Jeanne Boivin pour n&#8217;en citer que quelques-uns, nous font, \u00e0 travers son histoire, revenir sur les plus belles heures de cette culture qui a forg\u00e9 notre modernit\u00e9.<\/p>\n","protected":false},"excerpt":{"rendered":"<p>Avec patience, constance, avec surtout cette \u00e9nergie qui la caract\u00e9rise, Lison de Caunes a sorti la marqueterie de paille de l&#8217;oubli. Elle a su la faire conna\u00eetre, la faire revivre certes, mais aussi l&#8217;inscrire dans une esth\u00e9tique tr\u00e8s contemporaine. Avec patience, constance, avec surtout cette \u00e9nergie qui la caract\u00e9rise, Lison de Caunes a sorti la [&hellip;]<\/p>\n","protected":false},"featured_media":33709,"template":"","meta":[],"product_cat":[2948,2952],"product_tag":[],"acf":[],"yoast_head":"<!-- This site is optimized with the Yoast SEO plugin v20.11 - https:\/\/yoast.com\/wordpress\/plugins\/seo\/ -->\n<title>LISON DE CAUNES : LA PAILLE EN H\u00c9RITAGE - Librairie 7L<\/title>\n<meta name=\"robots\" content=\"index, follow, max-snippet:-1, max-image-preview:large, max-video-preview:-1\" \/>\n<link rel=\"canonical\" href=\"https:\/\/librairie7l.com\/en\/produit\/lison-de-caunes-la-paille-en-heritage\/\" \/>\n<meta property=\"og:locale\" content=\"en_US\" \/>\n<meta property=\"og:type\" content=\"article\" \/>\n<meta property=\"og:title\" content=\"LISON DE CAUNES : LA PAILLE EN H\u00c9RITAGE - Librairie 7L\" \/>\n<meta property=\"og:description\" content=\"Avec patience, constance, avec surtout cette \u00e9nergie qui la caract\u00e9rise, Lison de Caunes a sorti la marqueterie de paille de l&#8217;oubli. Elle a su la faire conna\u00eetre, la faire revivre certes, mais aussi l&#8217;inscrire dans une esth\u00e9tique tr\u00e8s contemporaine. Avec patience, constance, avec surtout cette \u00e9nergie qui la caract\u00e9rise, Lison de Caunes a sorti la [&hellip;]\" \/>\n<meta property=\"og:url\" content=\"https:\/\/librairie7l.com\/en\/produit\/lison-de-caunes-la-paille-en-heritage\/\" \/>\n<meta property=\"og:site_name\" content=\"Librairie 7L\" \/>\n<meta property=\"article:modified_time\" content=\"2026-04-22T23:06:07+00:00\" \/>\n<meta property=\"og:image\" content=\"https:\/\/librairie7l.com\/wp-content\/uploads\/2023\/04\/9782841054237_1_75.jpg\" \/>\n\t<meta property=\"og:image:width\" content=\"600\" \/>\n\t<meta property=\"og:image:height\" content=\"839\" \/>\n\t<meta property=\"og:image:type\" content=\"image\/jpeg\" \/>\n<meta name=\"twitter:card\" content=\"summary_large_image\" \/>\n<meta name=\"twitter:label1\" content=\"Est. reading time\" \/>\n\t<meta name=\"twitter:data1\" content=\"1 minute\" \/>\n<script type=\"application\/ld+json\" class=\"yoast-schema-graph\">{\"@context\":\"https:\/\/schema.org\",\"@graph\":[{\"@type\":\"WebPage\",\"@id\":\"https:\/\/librairie7l.com\/en\/produit\/lison-de-caunes-la-paille-en-heritage\/\",\"url\":\"https:\/\/librairie7l.com\/en\/produit\/lison-de-caunes-la-paille-en-heritage\/\",\"name\":\"LISON DE CAUNES : LA PAILLE EN H\u00c9RITAGE - Librairie 7L\",\"isPartOf\":{\"@id\":\"https:\/\/librairie7l.com\/en\/#website\"},\"datePublished\":\"2023-09-19T11:23:57+00:00\",\"dateModified\":\"2026-04-22T23:06:07+00:00\",\"breadcrumb\":{\"@id\":\"https:\/\/librairie7l.com\/en\/produit\/lison-de-caunes-la-paille-en-heritage\/#breadcrumb\"},\"inLanguage\":\"en-US\",\"potentialAction\":[{\"@type\":\"ReadAction\",\"target\":[\"https:\/\/librairie7l.com\/en\/produit\/lison-de-caunes-la-paille-en-heritage\/\"]}]},{\"@type\":\"BreadcrumbList\",\"@id\":\"https:\/\/librairie7l.com\/en\/produit\/lison-de-caunes-la-paille-en-heritage\/#breadcrumb\",\"itemListElement\":[{\"@type\":\"ListItem\",\"position\":1,\"name\":\"Accueil\",\"item\":\"https:\/\/librairie7l.com\/en\/\"},{\"@type\":\"ListItem\",\"position\":2,\"name\":\"Shop\",\"item\":\"https:\/\/librairie7l.com\/en\/shop\/\"},{\"@type\":\"ListItem\",\"position\":3,\"name\":\"LISON DE CAUNES : LA PAILLE EN H\u00c9RITAGE\"}]},{\"@type\":\"WebSite\",\"@id\":\"https:\/\/librairie7l.com\/en\/#website\",\"url\":\"https:\/\/librairie7l.com\/en\/\",\"name\":\"Librairie 7L\",\"description\":\"Librairie fond\u00e9e en 1999 par Karl Lagerfeld \u00e0 Paris\",\"publisher\":{\"@id\":\"https:\/\/librairie7l.com\/en\/#organization\"},\"potentialAction\":[{\"@type\":\"SearchAction\",\"target\":{\"@type\":\"EntryPoint\",\"urlTemplate\":\"https:\/\/librairie7l.com\/en\/?s={search_term_string}\"},\"query-input\":\"required name=search_term_string\"}],\"inLanguage\":\"en-US\"},{\"@type\":\"Organization\",\"@id\":\"https:\/\/librairie7l.com\/en\/#organization\",\"name\":\"Librairie 7L\",\"url\":\"https:\/\/librairie7l.com\/en\/\",\"logo\":{\"@type\":\"ImageObject\",\"inLanguage\":\"en-US\",\"@id\":\"https:\/\/librairie7l.com\/en\/#\/schema\/logo\/image\/\",\"url\":\"https:\/\/librairie7l.com\/wp-content\/uploads\/2022\/08\/logo-1.png\",\"contentUrl\":\"https:\/\/librairie7l.com\/wp-content\/uploads\/2022\/08\/logo-1.png\",\"width\":227,\"height\":301,\"caption\":\"Librairie 7L\"},\"image\":{\"@id\":\"https:\/\/librairie7l.com\/en\/#\/schema\/logo\/image\/\"}}]}<\/script>\n<!-- \/ Yoast SEO plugin. -->","yoast_head_json":{"title":"LISON DE CAUNES : LA PAILLE EN H\u00c9RITAGE - Librairie 7L","robots":{"index":"index","follow":"follow","max-snippet":"max-snippet:-1","max-image-preview":"max-image-preview:large","max-video-preview":"max-video-preview:-1"},"canonical":"https:\/\/librairie7l.com\/en\/produit\/lison-de-caunes-la-paille-en-heritage\/","og_locale":"en_US","og_type":"article","og_title":"LISON DE CAUNES : LA PAILLE EN H\u00c9RITAGE - Librairie 7L","og_description":"Avec patience, constance, avec surtout cette \u00e9nergie qui la caract\u00e9rise, Lison de Caunes a sorti la marqueterie de paille de l&#8217;oubli. Elle a su la faire conna\u00eetre, la faire revivre certes, mais aussi l&#8217;inscrire dans une esth\u00e9tique tr\u00e8s contemporaine. Avec patience, constance, avec surtout cette \u00e9nergie qui la caract\u00e9rise, Lison de Caunes a sorti la [&hellip;]","og_url":"https:\/\/librairie7l.com\/en\/produit\/lison-de-caunes-la-paille-en-heritage\/","og_site_name":"Librairie 7L","article_modified_time":"2026-04-22T23:06:07+00:00","og_image":[{"width":600,"height":839,"url":"https:\/\/librairie7l.com\/wp-content\/uploads\/2023\/04\/9782841054237_1_75.jpg","type":"image\/jpeg"}],"twitter_card":"summary_large_image","twitter_misc":{"Est. reading time":"1 minute"},"schema":{"@context":"https:\/\/schema.org","@graph":[{"@type":"WebPage","@id":"https:\/\/librairie7l.com\/en\/produit\/lison-de-caunes-la-paille-en-heritage\/","url":"https:\/\/librairie7l.com\/en\/produit\/lison-de-caunes-la-paille-en-heritage\/","name":"LISON DE CAUNES : LA PAILLE EN H\u00c9RITAGE - Librairie 7L","isPartOf":{"@id":"https:\/\/librairie7l.com\/en\/#website"},"datePublished":"2023-09-19T11:23:57+00:00","dateModified":"2026-04-22T23:06:07+00:00","breadcrumb":{"@id":"https:\/\/librairie7l.com\/en\/produit\/lison-de-caunes-la-paille-en-heritage\/#breadcrumb"},"inLanguage":"en-US","potentialAction":[{"@type":"ReadAction","target":["https:\/\/librairie7l.com\/en\/produit\/lison-de-caunes-la-paille-en-heritage\/"]}]},{"@type":"BreadcrumbList","@id":"https:\/\/librairie7l.com\/en\/produit\/lison-de-caunes-la-paille-en-heritage\/#breadcrumb","itemListElement":[{"@type":"ListItem","position":1,"name":"Accueil","item":"https:\/\/librairie7l.com\/en\/"},{"@type":"ListItem","position":2,"name":"Shop","item":"https:\/\/librairie7l.com\/en\/shop\/"},{"@type":"ListItem","position":3,"name":"LISON DE CAUNES : LA PAILLE EN H\u00c9RITAGE"}]},{"@type":"WebSite","@id":"https:\/\/librairie7l.com\/en\/#website","url":"https:\/\/librairie7l.com\/en\/","name":"Librairie 7L","description":"Librairie fond\u00e9e en 1999 par Karl Lagerfeld \u00e0 Paris","publisher":{"@id":"https:\/\/librairie7l.com\/en\/#organization"},"potentialAction":[{"@type":"SearchAction","target":{"@type":"EntryPoint","urlTemplate":"https:\/\/librairie7l.com\/en\/?s={search_term_string}"},"query-input":"required name=search_term_string"}],"inLanguage":"en-US"},{"@type":"Organization","@id":"https:\/\/librairie7l.com\/en\/#organization","name":"Librairie 7L","url":"https:\/\/librairie7l.com\/en\/","logo":{"@type":"ImageObject","inLanguage":"en-US","@id":"https:\/\/librairie7l.com\/en\/#\/schema\/logo\/image\/","url":"https:\/\/librairie7l.com\/wp-content\/uploads\/2022\/08\/logo-1.png","contentUrl":"https:\/\/librairie7l.com\/wp-content\/uploads\/2022\/08\/logo-1.png","width":227,"height":301,"caption":"Librairie 7L"},"image":{"@id":"https:\/\/librairie7l.com\/en\/#\/schema\/logo\/image\/"}}]}},"_links":{"self":[{"href":"https:\/\/librairie7l.com\/en\/wp-json\/wp\/v2\/product\/33711"}],"collection":[{"href":"https:\/\/librairie7l.com\/en\/wp-json\/wp\/v2\/product"}],"about":[{"href":"https:\/\/librairie7l.com\/en\/wp-json\/wp\/v2\/types\/product"}],"wp:featuredmedia":[{"embeddable":true,"href":"https:\/\/librairie7l.com\/en\/wp-json\/wp\/v2\/media\/33709"}],"wp:attachment":[{"href":"https:\/\/librairie7l.com\/en\/wp-json\/wp\/v2\/media?parent=33711"}],"wp:term":[{"taxonomy":"product_cat","embeddable":true,"href":"https:\/\/librairie7l.com\/en\/wp-json\/wp\/v2\/product_cat?post=33711"},{"taxonomy":"product_tag","embeddable":true,"href":"https:\/\/librairie7l.com\/en\/wp-json\/wp\/v2\/product_tag?post=33711"}],"curies":[{"name":"wp","href":"https:\/\/api.w.org\/{rel}","templated":true}]}}