{"id":33719,"date":"2023-09-19T13:25:11","date_gmt":"2023-09-19T11:25:11","guid":{"rendered":"https:\/\/librairie7l.com\/?post_type=product&#038;p=33719"},"modified":"2026-04-05T23:27:31","modified_gmt":"2026-04-05T21:27:31","slug":"noyaux-boutures-le-guide-pour-faire-germer-bouturer-et-multiplier-60-plante","status":"publish","type":"product","link":"https:\/\/librairie7l.com\/en\/produit\/noyaux-boutures-le-guide-pour-faire-germer-bouturer-et-multiplier-60-plante\/","title":{"rendered":"NOYAUX &AMP; BOUTURES : LE GUIDE POUR FAIRE GERMER, BOUTURER ET MULTIPLIER 60 PLANTES \u00c0 SAVOURER"},"content":{"rendered":"<p>Fortes de leur exp\u00e9rience et savoir-faire, les auteures, Tiphaine Germain-Lacour et Olivia Brun, fondatrices de la start-up Maison Bouture nous font partager leur s\u00e9lection de plantes, leurs conseils pour amener boutures, graines, noyaux et p\u00e9pins de toutes sortes \u00e0 devenir de jolies plantes \u00e0 planter en terre ou \u00e0 offrir.<br \/>\nToutes leurs astuces pro et faciles \u00e0 mettre en pratique sont propos\u00e9es pour \u00e9viter la d\u00e9ception d&#8217;un noyau d&#8217;avocat d\u00e9sesp\u00e9r\u00e9ment lisse, ou d&#8217;une tige de laurier rose, ou de mis\u00e8re flapie dans son verre d&#8217;eau et qui le restera une fois en terre.<\/p>\n<p>Avec cette garantie de succ\u00e8s que nous offre cet accompagnement, on a aussi le plaisir d&#8217;observer la croissance de ses plantes les pieds dans l&#8217;eau, avec le d\u00e9veloppement de leurs racines visibles dans la transparence du contenant et de leur v\u00e9g\u00e9tation en surface&#8230; Et une patate douce en germination, c&#8217;est vraiment tr\u00e8s esth\u00e9tique, et cela participe tr\u00e8s avantageusement \u00e0 la d\u00e9coration d&#8217;un int\u00e9rieur.<\/p>\n<p>C&#8217;est aussi l&#8217;occasion de d\u00e9velopper son jardin ou ses jardini\u00e8res \u00e0 moindre co\u00fbt, voire gratuitement, d&#8217;\u00e9changer avec ses voisins, ses amis, sa famille boutures et cr\u00e9er ainsi du lien social. Cela invite \u00e9galement \u00e0 s&#8217;inscrire dans un d\u00e9marche vertueuse, z\u00e9ro d\u00e9chet et de consommation responsable.<\/p>\n<p>Le livre se compose de 3 parties qui s&#8217;ouvrent sur des pas-\u00e0-pas expliquant de mani\u00e8re tr\u00e8s d\u00e9taill\u00e9e et en images, suivies d&#8217;une proposition de 60 plantes, et les conseils sp\u00e9cifiques qui s&#8217;y attachent pour les entretenir et les replanter et les multiplier \u00e0 nouveau :<\/p>\n<p>1) LES BONS GESTES :<br \/>\nFaire germer noyaux, p\u00e9pins et rebuts ;<br \/>\nBouturer les plantes (en eau, en terre, boutures de feuilles, de tiges simples ou \u00e0 l&#8217;\u00e9touff\u00e9e, par marcottage, s\u00e9paration du rejet) ;<br \/>\n2) LES PLANTES A SAVOURER :<br \/>\nLes aromatiques (basilic, coriandre, menthe, romarin, thym&#8230;) ;<br \/>\nLes fruiti\u00e8res (ananas, avocatier, bananier, citronnier, manguier, noisetier, olivier, oranger, pommier&#8230;) ;<br \/>\nLes potag\u00e8res (carotte, patate douce, poireau, salade&#8230;) ;<br \/>\n3) LES BELLES PLANTES :<br \/>\nLes vertes (caoutchouc, faux philodrendon, lierre, mis\u00e8re, oreille d&#8217;\u00e9l\u00e9phant, pachira, patte-d&#8217;oie, p\u00e9p\u00e9romie, plante \u00e0 monnie chinoise, plante aux \u00e9ph\u00e9lides, plante dormeuse, plante z\u00e8bre&#8230;) ;<br \/>\nLes fleuries (b\u00e9gonia, fleur de porcelaine, jasmin blanc d&#8217;hiver, laurier rose, rosier, tamaya&#8230;) ;<br \/>\nLes succulentes (aloe vera, cha\u00eene des coeurs, echeveria, haworthia, langue de belle-m\u00e8re&#8230;) ;<\/p>\n","protected":false},"excerpt":{"rendered":"<p>Fortes de leur exp\u00e9rience et savoir-faire, les auteures, Tiphaine Germain-Lacour et Olivia Brun, fondatrices de la start-up Maison Bouture nous font partager leur s\u00e9lection de plantes, leurs conseils pour amener boutures, graines, noyaux et p\u00e9pins de toutes sortes \u00e0 devenir de jolies plantes \u00e0 planter en terre ou \u00e0 offrir. Toutes leurs astuces pro et [&hellip;]<\/p>\n","protected":false},"featured_media":33717,"template":"","meta":[],"product_cat":[2948,2956],"product_tag":[],"acf":[],"yoast_head":"<!-- This site is optimized with the Yoast SEO plugin v20.11 - https:\/\/yoast.com\/wordpress\/plugins\/seo\/ -->\n<title>NOYAUX &amp; BOUTURES : LE GUIDE POUR FAIRE GERMER, BOUTURER ET MULTIPLIER 60 PLANTES \u00c0 SAVOURER - Librairie 7L<\/title>\n<meta name=\"robots\" content=\"index, follow, max-snippet:-1, max-image-preview:large, max-video-preview:-1\" \/>\n<link rel=\"canonical\" href=\"https:\/\/librairie7l.com\/en\/produit\/noyaux-boutures-le-guide-pour-faire-germer-bouturer-et-multiplier-60-plante\/\" \/>\n<meta property=\"og:locale\" content=\"en_US\" \/>\n<meta property=\"og:type\" content=\"article\" \/>\n<meta property=\"og:title\" content=\"NOYAUX &amp; BOUTURES : LE GUIDE POUR FAIRE GERMER, BOUTURER ET MULTIPLIER 60 PLANTES \u00c0 SAVOURER - Librairie 7L\" \/>\n<meta property=\"og:description\" content=\"Fortes de leur exp\u00e9rience et savoir-faire, les auteures, Tiphaine Germain-Lacour et Olivia Brun, fondatrices de la start-up Maison Bouture nous font partager leur s\u00e9lection de plantes, leurs conseils pour amener boutures, graines, noyaux et p\u00e9pins de toutes sortes \u00e0 devenir de jolies plantes \u00e0 planter en terre ou \u00e0 offrir. Toutes leurs astuces pro et [&hellip;]\" \/>\n<meta property=\"og:url\" content=\"https:\/\/librairie7l.com\/en\/produit\/noyaux-boutures-le-guide-pour-faire-germer-bouturer-et-multiplier-60-plante\/\" \/>\n<meta property=\"og:site_name\" content=\"Librairie 7L\" \/>\n<meta property=\"article:modified_time\" content=\"2026-04-05T21:27:31+00:00\" \/>\n<meta property=\"og:image\" content=\"https:\/\/librairie7l.com\/wp-content\/uploads\/2021\/04\/9782263175114_1_75.jpg\" \/>\n\t<meta property=\"og:image:width\" content=\"400\" \/>\n\t<meta property=\"og:image:height\" content=\"505\" \/>\n\t<meta property=\"og:image:type\" content=\"image\/jpeg\" \/>\n<meta name=\"twitter:card\" content=\"summary_large_image\" \/>\n<meta name=\"twitter:label1\" content=\"Est. reading time\" \/>\n\t<meta name=\"twitter:data1\" content=\"2 minutes\" \/>\n<script type=\"application\/ld+json\" class=\"yoast-schema-graph\">{\"@context\":\"https:\/\/schema.org\",\"@graph\":[{\"@type\":\"WebPage\",\"@id\":\"https:\/\/librairie7l.com\/en\/produit\/noyaux-boutures-le-guide-pour-faire-germer-bouturer-et-multiplier-60-plante\/\",\"url\":\"https:\/\/librairie7l.com\/en\/produit\/noyaux-boutures-le-guide-pour-faire-germer-bouturer-et-multiplier-60-plante\/\",\"name\":\"NOYAUX &amp; BOUTURES : LE GUIDE POUR FAIRE GERMER, BOUTURER ET MULTIPLIER 60 PLANTES \u00c0 SAVOURER - Librairie 7L\",\"isPartOf\":{\"@id\":\"https:\/\/librairie7l.com\/en\/#website\"},\"datePublished\":\"2023-09-19T11:25:11+00:00\",\"dateModified\":\"2026-04-05T21:27:31+00:00\",\"breadcrumb\":{\"@id\":\"https:\/\/librairie7l.com\/en\/produit\/noyaux-boutures-le-guide-pour-faire-germer-bouturer-et-multiplier-60-plante\/#breadcrumb\"},\"inLanguage\":\"en-US\",\"potentialAction\":[{\"@type\":\"ReadAction\",\"target\":[\"https:\/\/librairie7l.com\/en\/produit\/noyaux-boutures-le-guide-pour-faire-germer-bouturer-et-multiplier-60-plante\/\"]}]},{\"@type\":\"BreadcrumbList\",\"@id\":\"https:\/\/librairie7l.com\/en\/produit\/noyaux-boutures-le-guide-pour-faire-germer-bouturer-et-multiplier-60-plante\/#breadcrumb\",\"itemListElement\":[{\"@type\":\"ListItem\",\"position\":1,\"name\":\"Accueil\",\"item\":\"https:\/\/librairie7l.com\/en\/\"},{\"@type\":\"ListItem\",\"position\":2,\"name\":\"Shop\",\"item\":\"https:\/\/librairie7l.com\/en\/shop\/\"},{\"@type\":\"ListItem\",\"position\":3,\"name\":\"NOYAUX &AMP; BOUTURES : LE GUIDE POUR FAIRE GERMER, BOUTURER ET MULTIPLIER 60 PLANTES \u00c0 SAVOURER\"}]},{\"@type\":\"WebSite\",\"@id\":\"https:\/\/librairie7l.com\/en\/#website\",\"url\":\"https:\/\/librairie7l.com\/en\/\",\"name\":\"Librairie 7L\",\"description\":\"Librairie fond\u00e9e en 1999 par Karl Lagerfeld \u00e0 Paris\",\"publisher\":{\"@id\":\"https:\/\/librairie7l.com\/en\/#organization\"},\"potentialAction\":[{\"@type\":\"SearchAction\",\"target\":{\"@type\":\"EntryPoint\",\"urlTemplate\":\"https:\/\/librairie7l.com\/en\/?s={search_term_string}\"},\"query-input\":\"required name=search_term_string\"}],\"inLanguage\":\"en-US\"},{\"@type\":\"Organization\",\"@id\":\"https:\/\/librairie7l.com\/en\/#organization\",\"name\":\"Librairie 7L\",\"url\":\"https:\/\/librairie7l.com\/en\/\",\"logo\":{\"@type\":\"ImageObject\",\"inLanguage\":\"en-US\",\"@id\":\"https:\/\/librairie7l.com\/en\/#\/schema\/logo\/image\/\",\"url\":\"https:\/\/librairie7l.com\/wp-content\/uploads\/2022\/08\/logo-1.png\",\"contentUrl\":\"https:\/\/librairie7l.com\/wp-content\/uploads\/2022\/08\/logo-1.png\",\"width\":227,\"height\":301,\"caption\":\"Librairie 7L\"},\"image\":{\"@id\":\"https:\/\/librairie7l.com\/en\/#\/schema\/logo\/image\/\"}}]}<\/script>\n<!-- \/ Yoast SEO plugin. -->","yoast_head_json":{"title":"NOYAUX &amp; BOUTURES : LE GUIDE POUR FAIRE GERMER, BOUTURER ET MULTIPLIER 60 PLANTES \u00c0 SAVOURER - Librairie 7L","robots":{"index":"index","follow":"follow","max-snippet":"max-snippet:-1","max-image-preview":"max-image-preview:large","max-video-preview":"max-video-preview:-1"},"canonical":"https:\/\/librairie7l.com\/en\/produit\/noyaux-boutures-le-guide-pour-faire-germer-bouturer-et-multiplier-60-plante\/","og_locale":"en_US","og_type":"article","og_title":"NOYAUX &amp; BOUTURES : LE GUIDE POUR FAIRE GERMER, BOUTURER ET MULTIPLIER 60 PLANTES \u00c0 SAVOURER - Librairie 7L","og_description":"Fortes de leur exp\u00e9rience et savoir-faire, les auteures, Tiphaine Germain-Lacour et Olivia Brun, fondatrices de la start-up Maison Bouture nous font partager leur s\u00e9lection de plantes, leurs conseils pour amener boutures, graines, noyaux et p\u00e9pins de toutes sortes \u00e0 devenir de jolies plantes \u00e0 planter en terre ou \u00e0 offrir. Toutes leurs astuces pro et [&hellip;]","og_url":"https:\/\/librairie7l.com\/en\/produit\/noyaux-boutures-le-guide-pour-faire-germer-bouturer-et-multiplier-60-plante\/","og_site_name":"Librairie 7L","article_modified_time":"2026-04-05T21:27:31+00:00","og_image":[{"width":400,"height":505,"url":"https:\/\/librairie7l.com\/wp-content\/uploads\/2021\/04\/9782263175114_1_75.jpg","type":"image\/jpeg"}],"twitter_card":"summary_large_image","twitter_misc":{"Est. reading time":"2 minutes"},"schema":{"@context":"https:\/\/schema.org","@graph":[{"@type":"WebPage","@id":"https:\/\/librairie7l.com\/en\/produit\/noyaux-boutures-le-guide-pour-faire-germer-bouturer-et-multiplier-60-plante\/","url":"https:\/\/librairie7l.com\/en\/produit\/noyaux-boutures-le-guide-pour-faire-germer-bouturer-et-multiplier-60-plante\/","name":"NOYAUX &amp; BOUTURES : LE GUIDE POUR FAIRE GERMER, BOUTURER ET MULTIPLIER 60 PLANTES \u00c0 SAVOURER - Librairie 7L","isPartOf":{"@id":"https:\/\/librairie7l.com\/en\/#website"},"datePublished":"2023-09-19T11:25:11+00:00","dateModified":"2026-04-05T21:27:31+00:00","breadcrumb":{"@id":"https:\/\/librairie7l.com\/en\/produit\/noyaux-boutures-le-guide-pour-faire-germer-bouturer-et-multiplier-60-plante\/#breadcrumb"},"inLanguage":"en-US","potentialAction":[{"@type":"ReadAction","target":["https:\/\/librairie7l.com\/en\/produit\/noyaux-boutures-le-guide-pour-faire-germer-bouturer-et-multiplier-60-plante\/"]}]},{"@type":"BreadcrumbList","@id":"https:\/\/librairie7l.com\/en\/produit\/noyaux-boutures-le-guide-pour-faire-germer-bouturer-et-multiplier-60-plante\/#breadcrumb","itemListElement":[{"@type":"ListItem","position":1,"name":"Accueil","item":"https:\/\/librairie7l.com\/en\/"},{"@type":"ListItem","position":2,"name":"Shop","item":"https:\/\/librairie7l.com\/en\/shop\/"},{"@type":"ListItem","position":3,"name":"NOYAUX &AMP; BOUTURES : LE GUIDE POUR FAIRE GERMER, BOUTURER ET MULTIPLIER 60 PLANTES \u00c0 SAVOURER"}]},{"@type":"WebSite","@id":"https:\/\/librairie7l.com\/en\/#website","url":"https:\/\/librairie7l.com\/en\/","name":"Librairie 7L","description":"Librairie fond\u00e9e en 1999 par Karl Lagerfeld \u00e0 Paris","publisher":{"@id":"https:\/\/librairie7l.com\/en\/#organization"},"potentialAction":[{"@type":"SearchAction","target":{"@type":"EntryPoint","urlTemplate":"https:\/\/librairie7l.com\/en\/?s={search_term_string}"},"query-input":"required name=search_term_string"}],"inLanguage":"en-US"},{"@type":"Organization","@id":"https:\/\/librairie7l.com\/en\/#organization","name":"Librairie 7L","url":"https:\/\/librairie7l.com\/en\/","logo":{"@type":"ImageObject","inLanguage":"en-US","@id":"https:\/\/librairie7l.com\/en\/#\/schema\/logo\/image\/","url":"https:\/\/librairie7l.com\/wp-content\/uploads\/2022\/08\/logo-1.png","contentUrl":"https:\/\/librairie7l.com\/wp-content\/uploads\/2022\/08\/logo-1.png","width":227,"height":301,"caption":"Librairie 7L"},"image":{"@id":"https:\/\/librairie7l.com\/en\/#\/schema\/logo\/image\/"}}]}},"_links":{"self":[{"href":"https:\/\/librairie7l.com\/en\/wp-json\/wp\/v2\/product\/33719"}],"collection":[{"href":"https:\/\/librairie7l.com\/en\/wp-json\/wp\/v2\/product"}],"about":[{"href":"https:\/\/librairie7l.com\/en\/wp-json\/wp\/v2\/types\/product"}],"wp:featuredmedia":[{"embeddable":true,"href":"https:\/\/librairie7l.com\/en\/wp-json\/wp\/v2\/media\/33717"}],"wp:attachment":[{"href":"https:\/\/librairie7l.com\/en\/wp-json\/wp\/v2\/media?parent=33719"}],"wp:term":[{"taxonomy":"product_cat","embeddable":true,"href":"https:\/\/librairie7l.com\/en\/wp-json\/wp\/v2\/product_cat?post=33719"},{"taxonomy":"product_tag","embeddable":true,"href":"https:\/\/librairie7l.com\/en\/wp-json\/wp\/v2\/product_tag?post=33719"}],"curies":[{"name":"wp","href":"https:\/\/api.w.org\/{rel}","templated":true}]}}