{"id":33723,"date":"2023-09-19T13:26:41","date_gmt":"2023-09-19T11:26:41","guid":{"rendered":"https:\/\/librairie7l.com\/?post_type=product&#038;p=33723"},"modified":"2026-04-15T22:57:24","modified_gmt":"2026-04-15T20:57:24","slug":"lesprit-japandi-a-la-croisee-des-designs-japonais-et-scandinave","status":"publish","type":"product","link":"https:\/\/librairie7l.com\/en\/produit\/lesprit-japandi-a-la-croisee-des-designs-japonais-et-scandinave\/","title":{"rendered":"L&#8217;ESPRIT JAPANDI : \u00c0 LA CROIS\u00c9E DES DESIGNS JAPONAIS ET SCANDINAVE"},"content":{"rendered":"<p>Le style Japandi est la nouvelle tendance d\u00e9co en vogue.<\/p>\n<p>N\u00e9 de l&#8217;alliance entre le minimalisme fonctionnel caract\u00e9ristique du design scandinave et l&#8217;\u00e9l\u00e9gance \u00e9pur\u00e9e de l&#8217;artisanat traditionnel japonais, il m\u00eale harmonieusement l&#8217;atmosph\u00e8re hygge des pays nordiques et le wabi-sabi, un concept issu du bouddhisme zen qui pr\u00f4ne une sobri\u00e9t\u00e9 paisible et nous invite \u00e0 admirer la beaut\u00e9 cach\u00e9e dans les l\u00e9g\u00e8res imperfections de la nature.<\/p>\n<p>D\u00e9couvrez dans cet ouvrage les principes fondamentaux du Japandi et des objets iconiques. De nombreuses interviews avec des designers et un chapitre pratique pour d\u00e9corer toutes les pi\u00e8ces de la maison dans l&#8217;esprit Japandi en font \u00e9galement un livre de r\u00e9f\u00e9rence pour tous les amateurs de d\u00e9co !<\/p>\n","protected":false},"excerpt":{"rendered":"<p>Le style Japandi est la nouvelle tendance d\u00e9co en vogue. N\u00e9 de l&#8217;alliance entre le minimalisme fonctionnel caract\u00e9ristique du design scandinave et l&#8217;\u00e9l\u00e9gance \u00e9pur\u00e9e de l&#8217;artisanat traditionnel japonais, il m\u00eale harmonieusement l&#8217;atmosph\u00e8re hygge des pays nordiques et le wabi-sabi, un concept issu du bouddhisme zen qui pr\u00f4ne une sobri\u00e9t\u00e9 paisible et nous invite \u00e0 admirer [&hellip;]<\/p>\n","protected":false},"featured_media":33721,"template":"","meta":[],"product_cat":[2948,2956],"product_tag":[],"acf":[],"yoast_head":"<!-- This site is optimized with the Yoast SEO plugin v20.11 - https:\/\/yoast.com\/wordpress\/plugins\/seo\/ -->\n<title>L&#039;ESPRIT JAPANDI : \u00c0 LA CROIS\u00c9E DES DESIGNS JAPONAIS ET SCANDINAVE - Librairie 7L<\/title>\n<meta name=\"robots\" content=\"index, follow, max-snippet:-1, max-image-preview:large, max-video-preview:-1\" \/>\n<link rel=\"canonical\" href=\"https:\/\/librairie7l.com\/en\/produit\/lesprit-japandi-a-la-croisee-des-designs-japonais-et-scandinave\/\" \/>\n<meta property=\"og:locale\" content=\"en_US\" \/>\n<meta property=\"og:type\" content=\"article\" \/>\n<meta property=\"og:title\" content=\"L&#039;ESPRIT JAPANDI : \u00c0 LA CROIS\u00c9E DES DESIGNS JAPONAIS ET SCANDINAVE - Librairie 7L\" \/>\n<meta property=\"og:description\" content=\"Le style Japandi est la nouvelle tendance d\u00e9co en vogue. N\u00e9 de l&#8217;alliance entre le minimalisme fonctionnel caract\u00e9ristique du design scandinave et l&#8217;\u00e9l\u00e9gance \u00e9pur\u00e9e de l&#8217;artisanat traditionnel japonais, il m\u00eale harmonieusement l&#8217;atmosph\u00e8re hygge des pays nordiques et le wabi-sabi, un concept issu du bouddhisme zen qui pr\u00f4ne une sobri\u00e9t\u00e9 paisible et nous invite \u00e0 admirer [&hellip;]\" \/>\n<meta property=\"og:url\" content=\"https:\/\/librairie7l.com\/en\/produit\/lesprit-japandi-a-la-croisee-des-designs-japonais-et-scandinave\/\" \/>\n<meta property=\"og:site_name\" content=\"Librairie 7L\" \/>\n<meta property=\"article:modified_time\" content=\"2026-04-15T20:57:24+00:00\" \/>\n<meta property=\"og:image\" content=\"https:\/\/librairie7l.com\/wp-content\/uploads\/2022\/02\/9791040111733_1_75.jpg\" \/>\n\t<meta property=\"og:image:width\" content=\"600\" \/>\n\t<meta property=\"og:image:height\" content=\"734\" \/>\n\t<meta property=\"og:image:type\" content=\"image\/jpeg\" \/>\n<meta name=\"twitter:card\" content=\"summary_large_image\" \/>\n<meta name=\"twitter:label1\" content=\"Est. reading time\" \/>\n\t<meta name=\"twitter:data1\" content=\"1 minute\" \/>\n<script type=\"application\/ld+json\" class=\"yoast-schema-graph\">{\"@context\":\"https:\/\/schema.org\",\"@graph\":[{\"@type\":\"WebPage\",\"@id\":\"https:\/\/librairie7l.com\/en\/produit\/lesprit-japandi-a-la-croisee-des-designs-japonais-et-scandinave\/\",\"url\":\"https:\/\/librairie7l.com\/en\/produit\/lesprit-japandi-a-la-croisee-des-designs-japonais-et-scandinave\/\",\"name\":\"L'ESPRIT JAPANDI : \u00c0 LA CROIS\u00c9E DES DESIGNS JAPONAIS ET SCANDINAVE - Librairie 7L\",\"isPartOf\":{\"@id\":\"https:\/\/librairie7l.com\/en\/#website\"},\"datePublished\":\"2023-09-19T11:26:41+00:00\",\"dateModified\":\"2026-04-15T20:57:24+00:00\",\"breadcrumb\":{\"@id\":\"https:\/\/librairie7l.com\/en\/produit\/lesprit-japandi-a-la-croisee-des-designs-japonais-et-scandinave\/#breadcrumb\"},\"inLanguage\":\"en-US\",\"potentialAction\":[{\"@type\":\"ReadAction\",\"target\":[\"https:\/\/librairie7l.com\/en\/produit\/lesprit-japandi-a-la-croisee-des-designs-japonais-et-scandinave\/\"]}]},{\"@type\":\"BreadcrumbList\",\"@id\":\"https:\/\/librairie7l.com\/en\/produit\/lesprit-japandi-a-la-croisee-des-designs-japonais-et-scandinave\/#breadcrumb\",\"itemListElement\":[{\"@type\":\"ListItem\",\"position\":1,\"name\":\"Accueil\",\"item\":\"https:\/\/librairie7l.com\/en\/\"},{\"@type\":\"ListItem\",\"position\":2,\"name\":\"Shop\",\"item\":\"https:\/\/librairie7l.com\/en\/shop\/\"},{\"@type\":\"ListItem\",\"position\":3,\"name\":\"L&#8217;ESPRIT JAPANDI : \u00c0 LA CROIS\u00c9E DES DESIGNS JAPONAIS ET SCANDINAVE\"}]},{\"@type\":\"WebSite\",\"@id\":\"https:\/\/librairie7l.com\/en\/#website\",\"url\":\"https:\/\/librairie7l.com\/en\/\",\"name\":\"Librairie 7L\",\"description\":\"Librairie fond\u00e9e en 1999 par Karl Lagerfeld \u00e0 Paris\",\"publisher\":{\"@id\":\"https:\/\/librairie7l.com\/en\/#organization\"},\"potentialAction\":[{\"@type\":\"SearchAction\",\"target\":{\"@type\":\"EntryPoint\",\"urlTemplate\":\"https:\/\/librairie7l.com\/en\/?s={search_term_string}\"},\"query-input\":\"required name=search_term_string\"}],\"inLanguage\":\"en-US\"},{\"@type\":\"Organization\",\"@id\":\"https:\/\/librairie7l.com\/en\/#organization\",\"name\":\"Librairie 7L\",\"url\":\"https:\/\/librairie7l.com\/en\/\",\"logo\":{\"@type\":\"ImageObject\",\"inLanguage\":\"en-US\",\"@id\":\"https:\/\/librairie7l.com\/en\/#\/schema\/logo\/image\/\",\"url\":\"https:\/\/librairie7l.com\/wp-content\/uploads\/2022\/08\/logo-1.png\",\"contentUrl\":\"https:\/\/librairie7l.com\/wp-content\/uploads\/2022\/08\/logo-1.png\",\"width\":227,\"height\":301,\"caption\":\"Librairie 7L\"},\"image\":{\"@id\":\"https:\/\/librairie7l.com\/en\/#\/schema\/logo\/image\/\"}}]}<\/script>\n<!-- \/ Yoast SEO plugin. -->","yoast_head_json":{"title":"L'ESPRIT JAPANDI : \u00c0 LA CROIS\u00c9E DES DESIGNS JAPONAIS ET SCANDINAVE - Librairie 7L","robots":{"index":"index","follow":"follow","max-snippet":"max-snippet:-1","max-image-preview":"max-image-preview:large","max-video-preview":"max-video-preview:-1"},"canonical":"https:\/\/librairie7l.com\/en\/produit\/lesprit-japandi-a-la-croisee-des-designs-japonais-et-scandinave\/","og_locale":"en_US","og_type":"article","og_title":"L'ESPRIT JAPANDI : \u00c0 LA CROIS\u00c9E DES DESIGNS JAPONAIS ET SCANDINAVE - Librairie 7L","og_description":"Le style Japandi est la nouvelle tendance d\u00e9co en vogue. N\u00e9 de l&#8217;alliance entre le minimalisme fonctionnel caract\u00e9ristique du design scandinave et l&#8217;\u00e9l\u00e9gance \u00e9pur\u00e9e de l&#8217;artisanat traditionnel japonais, il m\u00eale harmonieusement l&#8217;atmosph\u00e8re hygge des pays nordiques et le wabi-sabi, un concept issu du bouddhisme zen qui pr\u00f4ne une sobri\u00e9t\u00e9 paisible et nous invite \u00e0 admirer [&hellip;]","og_url":"https:\/\/librairie7l.com\/en\/produit\/lesprit-japandi-a-la-croisee-des-designs-japonais-et-scandinave\/","og_site_name":"Librairie 7L","article_modified_time":"2026-04-15T20:57:24+00:00","og_image":[{"width":600,"height":734,"url":"https:\/\/librairie7l.com\/wp-content\/uploads\/2022\/02\/9791040111733_1_75.jpg","type":"image\/jpeg"}],"twitter_card":"summary_large_image","twitter_misc":{"Est. reading time":"1 minute"},"schema":{"@context":"https:\/\/schema.org","@graph":[{"@type":"WebPage","@id":"https:\/\/librairie7l.com\/en\/produit\/lesprit-japandi-a-la-croisee-des-designs-japonais-et-scandinave\/","url":"https:\/\/librairie7l.com\/en\/produit\/lesprit-japandi-a-la-croisee-des-designs-japonais-et-scandinave\/","name":"L'ESPRIT JAPANDI : \u00c0 LA CROIS\u00c9E DES DESIGNS JAPONAIS ET SCANDINAVE - Librairie 7L","isPartOf":{"@id":"https:\/\/librairie7l.com\/en\/#website"},"datePublished":"2023-09-19T11:26:41+00:00","dateModified":"2026-04-15T20:57:24+00:00","breadcrumb":{"@id":"https:\/\/librairie7l.com\/en\/produit\/lesprit-japandi-a-la-croisee-des-designs-japonais-et-scandinave\/#breadcrumb"},"inLanguage":"en-US","potentialAction":[{"@type":"ReadAction","target":["https:\/\/librairie7l.com\/en\/produit\/lesprit-japandi-a-la-croisee-des-designs-japonais-et-scandinave\/"]}]},{"@type":"BreadcrumbList","@id":"https:\/\/librairie7l.com\/en\/produit\/lesprit-japandi-a-la-croisee-des-designs-japonais-et-scandinave\/#breadcrumb","itemListElement":[{"@type":"ListItem","position":1,"name":"Accueil","item":"https:\/\/librairie7l.com\/en\/"},{"@type":"ListItem","position":2,"name":"Shop","item":"https:\/\/librairie7l.com\/en\/shop\/"},{"@type":"ListItem","position":3,"name":"L&#8217;ESPRIT JAPANDI : \u00c0 LA CROIS\u00c9E DES DESIGNS JAPONAIS ET SCANDINAVE"}]},{"@type":"WebSite","@id":"https:\/\/librairie7l.com\/en\/#website","url":"https:\/\/librairie7l.com\/en\/","name":"Librairie 7L","description":"Librairie fond\u00e9e en 1999 par Karl Lagerfeld \u00e0 Paris","publisher":{"@id":"https:\/\/librairie7l.com\/en\/#organization"},"potentialAction":[{"@type":"SearchAction","target":{"@type":"EntryPoint","urlTemplate":"https:\/\/librairie7l.com\/en\/?s={search_term_string}"},"query-input":"required name=search_term_string"}],"inLanguage":"en-US"},{"@type":"Organization","@id":"https:\/\/librairie7l.com\/en\/#organization","name":"Librairie 7L","url":"https:\/\/librairie7l.com\/en\/","logo":{"@type":"ImageObject","inLanguage":"en-US","@id":"https:\/\/librairie7l.com\/en\/#\/schema\/logo\/image\/","url":"https:\/\/librairie7l.com\/wp-content\/uploads\/2022\/08\/logo-1.png","contentUrl":"https:\/\/librairie7l.com\/wp-content\/uploads\/2022\/08\/logo-1.png","width":227,"height":301,"caption":"Librairie 7L"},"image":{"@id":"https:\/\/librairie7l.com\/en\/#\/schema\/logo\/image\/"}}]}},"_links":{"self":[{"href":"https:\/\/librairie7l.com\/en\/wp-json\/wp\/v2\/product\/33723"}],"collection":[{"href":"https:\/\/librairie7l.com\/en\/wp-json\/wp\/v2\/product"}],"about":[{"href":"https:\/\/librairie7l.com\/en\/wp-json\/wp\/v2\/types\/product"}],"wp:featuredmedia":[{"embeddable":true,"href":"https:\/\/librairie7l.com\/en\/wp-json\/wp\/v2\/media\/33721"}],"wp:attachment":[{"href":"https:\/\/librairie7l.com\/en\/wp-json\/wp\/v2\/media?parent=33723"}],"wp:term":[{"taxonomy":"product_cat","embeddable":true,"href":"https:\/\/librairie7l.com\/en\/wp-json\/wp\/v2\/product_cat?post=33723"},{"taxonomy":"product_tag","embeddable":true,"href":"https:\/\/librairie7l.com\/en\/wp-json\/wp\/v2\/product_tag?post=33723"}],"curies":[{"name":"wp","href":"https:\/\/api.w.org\/{rel}","templated":true}]}}