{"id":33727,"date":"2023-09-19T13:29:09","date_gmt":"2023-09-19T11:29:09","guid":{"rendered":"https:\/\/librairie7l.com\/?post_type=product&#038;p=33727"},"modified":"2026-04-26T18:23:44","modified_gmt":"2026-04-26T16:23:44","slug":"plumassiers","status":"publish","type":"product","link":"https:\/\/librairie7l.com\/en\/produit\/plumassiers\/","title":{"rendered":"PLUMASSIERS"},"content":{"rendered":"<p>Cet ouvrage r\u00e9v\u00e8le le monde des plumassiers qui ont confi\u00e9 les secrets de leur m\u00e9tier au photographe designer Rip Hopkins.<br \/>\n Peu connus du grand public, les plumassiers cultivent la discr\u00e9tion et restent dans l&#8217;ombre, par modestie et par souci de conserver leur pr\u00e9cieux savoir-faire, transmis de g\u00e9n\u00e9ration en g\u00e9n\u00e9ration, souvent au sein de la m\u00eame famille.<br \/>\n Rip Hopkins nous emm\u00e8ne en Afrique du Sud, source des plumes d&#8217;autruche, omnipr\u00e9sentes depuis la naissance du m\u00e9tier, avant de remonter la fili\u00e8re en passant par la France, l&#8217;Angleterre, la Belgique et l&#8217;Italie, au fil des rencontres.<br \/>\n Les textes relatent maintes fa\u00e7ons et techniques employ\u00e9es pour travailler les plumes, qu&#8217;il s&#8217;agisse d&#8217;un plumet de chapeau militaire, d&#8217;un boa de cabaret, d&#8217;une couette de lit ou d&#8217;un hackle &#8211; enrouler une plume autour d&#8217;un hame\u00e7on afin d&#8217;en faire une mouche s\u00e8che qui va flotter sur la surface de l&#8217;eau pour attraper une truite.<br \/>\n Un rare livre sur un sujet qui n&#8217;a pas \u00e9t\u00e9 trait\u00e9 depuis plus de cent ans.<\/p>\n<p> Peu connus du grand public, les plumassiers cultivent la discr\u00e9tion et restent dans l&#8217;ombre, par modestie et par souci de conserver leur pr\u00e9cieux savoir-faire, transmis de g\u00e9n\u00e9ration en g\u00e9n\u00e9ration, souvent au sein de la m\u00eame famille. Rip Hopkins nous emm\u00e8ne en Afrique du Sud, source des plumes d&#8217;autruche, omnipr\u00e9sentes depuis la naissance du m\u00e9tier, avant de remonter la fili\u00e8re en passant par la France, l&#8217;Angleterre, la Belgique et l&#8217;Italie, au fil des rencontres. Les textes relatent maintes fa\u00e7ons et techniques employ\u00e9es pour travailler les plumes.<br \/>\n Un rare livre sur un sujet qui n&#8217;a pas \u00e9t\u00e9 trait\u00e9 depuis plus de cent ans.<\/p>\n<p> Exposition au mus\u00e9e Paul-Dupuy de Toulouse, du 12 mai au 10 novembre 2023.<\/p>\n","protected":false},"excerpt":{"rendered":"<p>Cet ouvrage r\u00e9v\u00e8le le monde des plumassiers qui ont confi\u00e9 les secrets de leur m\u00e9tier au photographe designer Rip Hopkins. Peu connus du grand public, les plumassiers cultivent la discr\u00e9tion et restent dans l&#8217;ombre, par modestie et par souci de conserver leur pr\u00e9cieux savoir-faire, transmis de g\u00e9n\u00e9ration en g\u00e9n\u00e9ration, souvent au sein de la m\u00eame [&hellip;]<\/p>\n","protected":false},"featured_media":33725,"template":"","meta":[],"product_cat":[2948,2957],"product_tag":[],"acf":[],"yoast_head":"<!-- This site is optimized with the Yoast SEO plugin v20.11 - https:\/\/yoast.com\/wordpress\/plugins\/seo\/ -->\n<title>PLUMASSIERS - Librairie 7L<\/title>\n<meta name=\"robots\" content=\"index, follow, max-snippet:-1, max-image-preview:large, max-video-preview:-1\" \/>\n<link rel=\"canonical\" href=\"https:\/\/librairie7l.com\/en\/produit\/plumassiers\/\" \/>\n<meta property=\"og:locale\" content=\"en_US\" \/>\n<meta property=\"og:type\" content=\"article\" \/>\n<meta property=\"og:title\" content=\"PLUMASSIERS - Librairie 7L\" \/>\n<meta property=\"og:description\" content=\"Cet ouvrage r\u00e9v\u00e8le le monde des plumassiers qui ont confi\u00e9 les secrets de leur m\u00e9tier au photographe designer Rip Hopkins. Peu connus du grand public, les plumassiers cultivent la discr\u00e9tion et restent dans l&#8217;ombre, par modestie et par souci de conserver leur pr\u00e9cieux savoir-faire, transmis de g\u00e9n\u00e9ration en g\u00e9n\u00e9ration, souvent au sein de la m\u00eame [&hellip;]\" \/>\n<meta property=\"og:url\" content=\"https:\/\/librairie7l.com\/en\/produit\/plumassiers\/\" \/>\n<meta property=\"og:site_name\" content=\"Librairie 7L\" \/>\n<meta property=\"article:modified_time\" content=\"2026-04-26T16:23:44+00:00\" \/>\n<meta property=\"og:image\" content=\"https:\/\/librairie7l.com\/wp-content\/uploads\/2023\/02\/9782350466019_1_75.jpg\" \/>\n\t<meta property=\"og:image:width\" content=\"600\" \/>\n\t<meta property=\"og:image:height\" content=\"839\" \/>\n\t<meta property=\"og:image:type\" content=\"image\/jpeg\" \/>\n<meta name=\"twitter:card\" content=\"summary_large_image\" \/>\n<meta name=\"twitter:label1\" content=\"Est. reading time\" \/>\n\t<meta name=\"twitter:data1\" content=\"2 minutes\" \/>\n<script type=\"application\/ld+json\" class=\"yoast-schema-graph\">{\"@context\":\"https:\/\/schema.org\",\"@graph\":[{\"@type\":\"WebPage\",\"@id\":\"https:\/\/librairie7l.com\/en\/produit\/plumassiers\/\",\"url\":\"https:\/\/librairie7l.com\/en\/produit\/plumassiers\/\",\"name\":\"PLUMASSIERS - Librairie 7L\",\"isPartOf\":{\"@id\":\"https:\/\/librairie7l.com\/en\/#website\"},\"datePublished\":\"2023-09-19T11:29:09+00:00\",\"dateModified\":\"2026-04-26T16:23:44+00:00\",\"breadcrumb\":{\"@id\":\"https:\/\/librairie7l.com\/en\/produit\/plumassiers\/#breadcrumb\"},\"inLanguage\":\"en-US\",\"potentialAction\":[{\"@type\":\"ReadAction\",\"target\":[\"https:\/\/librairie7l.com\/en\/produit\/plumassiers\/\"]}]},{\"@type\":\"BreadcrumbList\",\"@id\":\"https:\/\/librairie7l.com\/en\/produit\/plumassiers\/#breadcrumb\",\"itemListElement\":[{\"@type\":\"ListItem\",\"position\":1,\"name\":\"Accueil\",\"item\":\"https:\/\/librairie7l.com\/en\/\"},{\"@type\":\"ListItem\",\"position\":2,\"name\":\"Shop\",\"item\":\"https:\/\/librairie7l.com\/en\/shop\/\"},{\"@type\":\"ListItem\",\"position\":3,\"name\":\"PLUMASSIERS\"}]},{\"@type\":\"WebSite\",\"@id\":\"https:\/\/librairie7l.com\/en\/#website\",\"url\":\"https:\/\/librairie7l.com\/en\/\",\"name\":\"Librairie 7L\",\"description\":\"Librairie fond\u00e9e en 1999 par Karl Lagerfeld \u00e0 Paris\",\"publisher\":{\"@id\":\"https:\/\/librairie7l.com\/en\/#organization\"},\"potentialAction\":[{\"@type\":\"SearchAction\",\"target\":{\"@type\":\"EntryPoint\",\"urlTemplate\":\"https:\/\/librairie7l.com\/en\/?s={search_term_string}\"},\"query-input\":\"required name=search_term_string\"}],\"inLanguage\":\"en-US\"},{\"@type\":\"Organization\",\"@id\":\"https:\/\/librairie7l.com\/en\/#organization\",\"name\":\"Librairie 7L\",\"url\":\"https:\/\/librairie7l.com\/en\/\",\"logo\":{\"@type\":\"ImageObject\",\"inLanguage\":\"en-US\",\"@id\":\"https:\/\/librairie7l.com\/en\/#\/schema\/logo\/image\/\",\"url\":\"https:\/\/librairie7l.com\/wp-content\/uploads\/2022\/08\/logo-1.png\",\"contentUrl\":\"https:\/\/librairie7l.com\/wp-content\/uploads\/2022\/08\/logo-1.png\",\"width\":227,\"height\":301,\"caption\":\"Librairie 7L\"},\"image\":{\"@id\":\"https:\/\/librairie7l.com\/en\/#\/schema\/logo\/image\/\"}}]}<\/script>\n<!-- \/ Yoast SEO plugin. -->","yoast_head_json":{"title":"PLUMASSIERS - Librairie 7L","robots":{"index":"index","follow":"follow","max-snippet":"max-snippet:-1","max-image-preview":"max-image-preview:large","max-video-preview":"max-video-preview:-1"},"canonical":"https:\/\/librairie7l.com\/en\/produit\/plumassiers\/","og_locale":"en_US","og_type":"article","og_title":"PLUMASSIERS - Librairie 7L","og_description":"Cet ouvrage r\u00e9v\u00e8le le monde des plumassiers qui ont confi\u00e9 les secrets de leur m\u00e9tier au photographe designer Rip Hopkins. Peu connus du grand public, les plumassiers cultivent la discr\u00e9tion et restent dans l&#8217;ombre, par modestie et par souci de conserver leur pr\u00e9cieux savoir-faire, transmis de g\u00e9n\u00e9ration en g\u00e9n\u00e9ration, souvent au sein de la m\u00eame [&hellip;]","og_url":"https:\/\/librairie7l.com\/en\/produit\/plumassiers\/","og_site_name":"Librairie 7L","article_modified_time":"2026-04-26T16:23:44+00:00","og_image":[{"width":600,"height":839,"url":"https:\/\/librairie7l.com\/wp-content\/uploads\/2023\/02\/9782350466019_1_75.jpg","type":"image\/jpeg"}],"twitter_card":"summary_large_image","twitter_misc":{"Est. reading time":"2 minutes"},"schema":{"@context":"https:\/\/schema.org","@graph":[{"@type":"WebPage","@id":"https:\/\/librairie7l.com\/en\/produit\/plumassiers\/","url":"https:\/\/librairie7l.com\/en\/produit\/plumassiers\/","name":"PLUMASSIERS - Librairie 7L","isPartOf":{"@id":"https:\/\/librairie7l.com\/en\/#website"},"datePublished":"2023-09-19T11:29:09+00:00","dateModified":"2026-04-26T16:23:44+00:00","breadcrumb":{"@id":"https:\/\/librairie7l.com\/en\/produit\/plumassiers\/#breadcrumb"},"inLanguage":"en-US","potentialAction":[{"@type":"ReadAction","target":["https:\/\/librairie7l.com\/en\/produit\/plumassiers\/"]}]},{"@type":"BreadcrumbList","@id":"https:\/\/librairie7l.com\/en\/produit\/plumassiers\/#breadcrumb","itemListElement":[{"@type":"ListItem","position":1,"name":"Accueil","item":"https:\/\/librairie7l.com\/en\/"},{"@type":"ListItem","position":2,"name":"Shop","item":"https:\/\/librairie7l.com\/en\/shop\/"},{"@type":"ListItem","position":3,"name":"PLUMASSIERS"}]},{"@type":"WebSite","@id":"https:\/\/librairie7l.com\/en\/#website","url":"https:\/\/librairie7l.com\/en\/","name":"Librairie 7L","description":"Librairie fond\u00e9e en 1999 par Karl Lagerfeld \u00e0 Paris","publisher":{"@id":"https:\/\/librairie7l.com\/en\/#organization"},"potentialAction":[{"@type":"SearchAction","target":{"@type":"EntryPoint","urlTemplate":"https:\/\/librairie7l.com\/en\/?s={search_term_string}"},"query-input":"required name=search_term_string"}],"inLanguage":"en-US"},{"@type":"Organization","@id":"https:\/\/librairie7l.com\/en\/#organization","name":"Librairie 7L","url":"https:\/\/librairie7l.com\/en\/","logo":{"@type":"ImageObject","inLanguage":"en-US","@id":"https:\/\/librairie7l.com\/en\/#\/schema\/logo\/image\/","url":"https:\/\/librairie7l.com\/wp-content\/uploads\/2022\/08\/logo-1.png","contentUrl":"https:\/\/librairie7l.com\/wp-content\/uploads\/2022\/08\/logo-1.png","width":227,"height":301,"caption":"Librairie 7L"},"image":{"@id":"https:\/\/librairie7l.com\/en\/#\/schema\/logo\/image\/"}}]}},"_links":{"self":[{"href":"https:\/\/librairie7l.com\/en\/wp-json\/wp\/v2\/product\/33727"}],"collection":[{"href":"https:\/\/librairie7l.com\/en\/wp-json\/wp\/v2\/product"}],"about":[{"href":"https:\/\/librairie7l.com\/en\/wp-json\/wp\/v2\/types\/product"}],"wp:featuredmedia":[{"embeddable":true,"href":"https:\/\/librairie7l.com\/en\/wp-json\/wp\/v2\/media\/33725"}],"wp:attachment":[{"href":"https:\/\/librairie7l.com\/en\/wp-json\/wp\/v2\/media?parent=33727"}],"wp:term":[{"taxonomy":"product_cat","embeddable":true,"href":"https:\/\/librairie7l.com\/en\/wp-json\/wp\/v2\/product_cat?post=33727"},{"taxonomy":"product_tag","embeddable":true,"href":"https:\/\/librairie7l.com\/en\/wp-json\/wp\/v2\/product_tag?post=33727"}],"curies":[{"name":"wp","href":"https:\/\/api.w.org\/{rel}","templated":true}]}}