{"id":33753,"date":"2023-09-19T13:39:35","date_gmt":"2023-09-19T11:39:35","guid":{"rendered":"https:\/\/librairie7l.com\/?post_type=product&#038;p=33753"},"modified":"2026-05-01T05:55:53","modified_gmt":"2026-05-01T03:55:53","slug":"calades-les-sols-de-pierre","status":"publish","type":"product","link":"https:\/\/librairie7l.com\/en\/produit\/calades-les-sols-de-pierre\/","title":{"rendered":"CALADES ; LES SOLS DE PIERRE"},"content":{"rendered":"<p>En Provence, on nomme &#8221; calade &#8221; la technique traditionnelle o\u00f9 la pierre brute locale est pos\u00e9e debout, sur chant. Certains villages conservent encore leurs aires de battage et leurs ruelles calad\u00e9es, tandis que dans les villes, les h\u00f4tels particuliers et les cours priv\u00e9es d\u00e9ploient leur richesse en de pr\u00e9cieux tapis de pierres. En Italie, les ciottolati, m\u00e9lange de galets noirs et blancs, recouvrent le parvis des \u00e9glises tout comme en Gr\u00e8ce o\u00f9 ils prennent le nom de chochlakia.<\/p>\n<p>Depuis quelques ann\u00e9es, de nombreuses cr\u00e9ations publiques ou priv\u00e9es remettent \u00e0 l&#8217;honneur ce savoir-faire que ce livre aborde sous deux angles compl\u00e9mentaires : une d\u00e9couverte typologique et historique des plus belles calades m\u00e9diterran\u00e9ennes ainsi que les r\u00e8gles de base pour r\u00e9aliser soi-m\u00eame un sol de pierre. Des dessins techniques et des photos illustrent avec pr\u00e9cision chacun des gestes du caladeur.<\/p>\n","protected":false},"excerpt":{"rendered":"<p>En Provence, on nomme &#8221; calade &#8221; la technique traditionnelle o\u00f9 la pierre brute locale est pos\u00e9e debout, sur chant. Certains villages conservent encore leurs aires de battage et leurs ruelles calad\u00e9es, tandis que dans les villes, les h\u00f4tels particuliers et les cours priv\u00e9es d\u00e9ploient leur richesse en de pr\u00e9cieux tapis de pierres. En Italie, [&hellip;]<\/p>\n","protected":false},"featured_media":33751,"template":"","meta":[],"product_cat":[2948,2956],"product_tag":[],"acf":[],"yoast_head":"<!-- This site is optimized with the Yoast SEO plugin v20.11 - https:\/\/yoast.com\/wordpress\/plugins\/seo\/ -->\n<title>CALADES ; LES SOLS DE PIERRE - Librairie 7L<\/title>\n<meta name=\"robots\" content=\"index, follow, max-snippet:-1, max-image-preview:large, max-video-preview:-1\" \/>\n<link rel=\"canonical\" href=\"https:\/\/librairie7l.com\/en\/produit\/calades-les-sols-de-pierre\/\" \/>\n<meta property=\"og:locale\" content=\"en_US\" \/>\n<meta property=\"og:type\" content=\"article\" \/>\n<meta property=\"og:title\" content=\"CALADES ; LES SOLS DE PIERRE - Librairie 7L\" \/>\n<meta property=\"og:description\" content=\"En Provence, on nomme &#8221; calade &#8221; la technique traditionnelle o\u00f9 la pierre brute locale est pos\u00e9e debout, sur chant. Certains villages conservent encore leurs aires de battage et leurs ruelles calad\u00e9es, tandis que dans les villes, les h\u00f4tels particuliers et les cours priv\u00e9es d\u00e9ploient leur richesse en de pr\u00e9cieux tapis de pierres. En Italie, [&hellip;]\" \/>\n<meta property=\"og:url\" content=\"https:\/\/librairie7l.com\/en\/produit\/calades-les-sols-de-pierre\/\" \/>\n<meta property=\"og:site_name\" content=\"Librairie 7L\" \/>\n<meta property=\"article:modified_time\" content=\"2026-05-01T03:55:53+00:00\" \/>\n<meta property=\"og:image\" content=\"https:\/\/librairie7l.com\/wp-content\/uploads\/2012\/06\/9782916073958_1_75.jpg\" \/>\n\t<meta property=\"og:image:width\" content=\"600\" \/>\n\t<meta property=\"og:image:height\" content=\"757\" \/>\n\t<meta property=\"og:image:type\" content=\"image\/jpeg\" \/>\n<meta name=\"twitter:card\" content=\"summary_large_image\" \/>\n<meta name=\"twitter:label1\" content=\"Est. reading time\" \/>\n\t<meta name=\"twitter:data1\" content=\"1 minute\" \/>\n<script type=\"application\/ld+json\" class=\"yoast-schema-graph\">{\"@context\":\"https:\/\/schema.org\",\"@graph\":[{\"@type\":\"WebPage\",\"@id\":\"https:\/\/librairie7l.com\/en\/produit\/calades-les-sols-de-pierre\/\",\"url\":\"https:\/\/librairie7l.com\/en\/produit\/calades-les-sols-de-pierre\/\",\"name\":\"CALADES ; LES SOLS DE PIERRE - Librairie 7L\",\"isPartOf\":{\"@id\":\"https:\/\/librairie7l.com\/en\/#website\"},\"datePublished\":\"2023-09-19T11:39:35+00:00\",\"dateModified\":\"2026-05-01T03:55:53+00:00\",\"breadcrumb\":{\"@id\":\"https:\/\/librairie7l.com\/en\/produit\/calades-les-sols-de-pierre\/#breadcrumb\"},\"inLanguage\":\"en-US\",\"potentialAction\":[{\"@type\":\"ReadAction\",\"target\":[\"https:\/\/librairie7l.com\/en\/produit\/calades-les-sols-de-pierre\/\"]}]},{\"@type\":\"BreadcrumbList\",\"@id\":\"https:\/\/librairie7l.com\/en\/produit\/calades-les-sols-de-pierre\/#breadcrumb\",\"itemListElement\":[{\"@type\":\"ListItem\",\"position\":1,\"name\":\"Accueil\",\"item\":\"https:\/\/librairie7l.com\/en\/\"},{\"@type\":\"ListItem\",\"position\":2,\"name\":\"Shop\",\"item\":\"https:\/\/librairie7l.com\/en\/shop\/\"},{\"@type\":\"ListItem\",\"position\":3,\"name\":\"CALADES ; LES SOLS DE PIERRE\"}]},{\"@type\":\"WebSite\",\"@id\":\"https:\/\/librairie7l.com\/en\/#website\",\"url\":\"https:\/\/librairie7l.com\/en\/\",\"name\":\"Librairie 7L\",\"description\":\"Librairie fond\u00e9e en 1999 par Karl Lagerfeld \u00e0 Paris\",\"publisher\":{\"@id\":\"https:\/\/librairie7l.com\/en\/#organization\"},\"potentialAction\":[{\"@type\":\"SearchAction\",\"target\":{\"@type\":\"EntryPoint\",\"urlTemplate\":\"https:\/\/librairie7l.com\/en\/?s={search_term_string}\"},\"query-input\":\"required name=search_term_string\"}],\"inLanguage\":\"en-US\"},{\"@type\":\"Organization\",\"@id\":\"https:\/\/librairie7l.com\/en\/#organization\",\"name\":\"Librairie 7L\",\"url\":\"https:\/\/librairie7l.com\/en\/\",\"logo\":{\"@type\":\"ImageObject\",\"inLanguage\":\"en-US\",\"@id\":\"https:\/\/librairie7l.com\/en\/#\/schema\/logo\/image\/\",\"url\":\"https:\/\/librairie7l.com\/wp-content\/uploads\/2022\/08\/logo-1.png\",\"contentUrl\":\"https:\/\/librairie7l.com\/wp-content\/uploads\/2022\/08\/logo-1.png\",\"width\":227,\"height\":301,\"caption\":\"Librairie 7L\"},\"image\":{\"@id\":\"https:\/\/librairie7l.com\/en\/#\/schema\/logo\/image\/\"}}]}<\/script>\n<!-- \/ Yoast SEO plugin. -->","yoast_head_json":{"title":"CALADES ; LES SOLS DE PIERRE - Librairie 7L","robots":{"index":"index","follow":"follow","max-snippet":"max-snippet:-1","max-image-preview":"max-image-preview:large","max-video-preview":"max-video-preview:-1"},"canonical":"https:\/\/librairie7l.com\/en\/produit\/calades-les-sols-de-pierre\/","og_locale":"en_US","og_type":"article","og_title":"CALADES ; LES SOLS DE PIERRE - Librairie 7L","og_description":"En Provence, on nomme &#8221; calade &#8221; la technique traditionnelle o\u00f9 la pierre brute locale est pos\u00e9e debout, sur chant. Certains villages conservent encore leurs aires de battage et leurs ruelles calad\u00e9es, tandis que dans les villes, les h\u00f4tels particuliers et les cours priv\u00e9es d\u00e9ploient leur richesse en de pr\u00e9cieux tapis de pierres. En Italie, [&hellip;]","og_url":"https:\/\/librairie7l.com\/en\/produit\/calades-les-sols-de-pierre\/","og_site_name":"Librairie 7L","article_modified_time":"2026-05-01T03:55:53+00:00","og_image":[{"width":600,"height":757,"url":"https:\/\/librairie7l.com\/wp-content\/uploads\/2012\/06\/9782916073958_1_75.jpg","type":"image\/jpeg"}],"twitter_card":"summary_large_image","twitter_misc":{"Est. reading time":"1 minute"},"schema":{"@context":"https:\/\/schema.org","@graph":[{"@type":"WebPage","@id":"https:\/\/librairie7l.com\/en\/produit\/calades-les-sols-de-pierre\/","url":"https:\/\/librairie7l.com\/en\/produit\/calades-les-sols-de-pierre\/","name":"CALADES ; LES SOLS DE PIERRE - Librairie 7L","isPartOf":{"@id":"https:\/\/librairie7l.com\/en\/#website"},"datePublished":"2023-09-19T11:39:35+00:00","dateModified":"2026-05-01T03:55:53+00:00","breadcrumb":{"@id":"https:\/\/librairie7l.com\/en\/produit\/calades-les-sols-de-pierre\/#breadcrumb"},"inLanguage":"en-US","potentialAction":[{"@type":"ReadAction","target":["https:\/\/librairie7l.com\/en\/produit\/calades-les-sols-de-pierre\/"]}]},{"@type":"BreadcrumbList","@id":"https:\/\/librairie7l.com\/en\/produit\/calades-les-sols-de-pierre\/#breadcrumb","itemListElement":[{"@type":"ListItem","position":1,"name":"Accueil","item":"https:\/\/librairie7l.com\/en\/"},{"@type":"ListItem","position":2,"name":"Shop","item":"https:\/\/librairie7l.com\/en\/shop\/"},{"@type":"ListItem","position":3,"name":"CALADES ; LES SOLS DE PIERRE"}]},{"@type":"WebSite","@id":"https:\/\/librairie7l.com\/en\/#website","url":"https:\/\/librairie7l.com\/en\/","name":"Librairie 7L","description":"Librairie fond\u00e9e en 1999 par Karl Lagerfeld \u00e0 Paris","publisher":{"@id":"https:\/\/librairie7l.com\/en\/#organization"},"potentialAction":[{"@type":"SearchAction","target":{"@type":"EntryPoint","urlTemplate":"https:\/\/librairie7l.com\/en\/?s={search_term_string}"},"query-input":"required name=search_term_string"}],"inLanguage":"en-US"},{"@type":"Organization","@id":"https:\/\/librairie7l.com\/en\/#organization","name":"Librairie 7L","url":"https:\/\/librairie7l.com\/en\/","logo":{"@type":"ImageObject","inLanguage":"en-US","@id":"https:\/\/librairie7l.com\/en\/#\/schema\/logo\/image\/","url":"https:\/\/librairie7l.com\/wp-content\/uploads\/2022\/08\/logo-1.png","contentUrl":"https:\/\/librairie7l.com\/wp-content\/uploads\/2022\/08\/logo-1.png","width":227,"height":301,"caption":"Librairie 7L"},"image":{"@id":"https:\/\/librairie7l.com\/en\/#\/schema\/logo\/image\/"}}]}},"_links":{"self":[{"href":"https:\/\/librairie7l.com\/en\/wp-json\/wp\/v2\/product\/33753"}],"collection":[{"href":"https:\/\/librairie7l.com\/en\/wp-json\/wp\/v2\/product"}],"about":[{"href":"https:\/\/librairie7l.com\/en\/wp-json\/wp\/v2\/types\/product"}],"wp:featuredmedia":[{"embeddable":true,"href":"https:\/\/librairie7l.com\/en\/wp-json\/wp\/v2\/media\/33751"}],"wp:attachment":[{"href":"https:\/\/librairie7l.com\/en\/wp-json\/wp\/v2\/media?parent=33753"}],"wp:term":[{"taxonomy":"product_cat","embeddable":true,"href":"https:\/\/librairie7l.com\/en\/wp-json\/wp\/v2\/product_cat?post=33753"},{"taxonomy":"product_tag","embeddable":true,"href":"https:\/\/librairie7l.com\/en\/wp-json\/wp\/v2\/product_tag?post=33753"}],"curies":[{"name":"wp","href":"https:\/\/api.w.org\/{rel}","templated":true}]}}