{"id":33763,"date":"2023-09-19T13:50:35","date_gmt":"2023-09-19T11:50:35","guid":{"rendered":"https:\/\/librairie7l.com\/?post_type=product&#038;p=33763"},"modified":"2026-04-21T14:15:30","modified_gmt":"2026-04-21T12:15:30","slug":"mehdi-moutashar","status":"publish","type":"product","link":"https:\/\/librairie7l.com\/en\/produit\/mehdi-moutashar\/","title":{"rendered":"MEHDI MOUTASHAR"},"content":{"rendered":"<p>En co\u00e9dition avec les \u00e9ditions M\u00e9ridianes, cet ouvrage monographique de l&#8217;artiste Medhi Moustashar aborde au fil de chapitres tant\u00f4t chronologiques, tant\u00f4t th\u00e9matiques, tous les ressorts d&#8217;une oeuvre commenc\u00e9e au milieu des ann\u00e9es 1960 et qui continue \u00e0 se d\u00e9velopper aujourd&#8217;hui de fa\u00e7on aussi prot\u00e9iforme qu&#8217;extraordinairement homog\u00e8ne. Fond\u00e9e sur l&#8217;id\u00e9e de mesure, sa d\u00e9marche se rattache aussi bien aux fondements de l&#8217;art arabo-musulman, et plus particuli\u00e8rement \u00e0 l&#8217;arabesque, qu&#8217;\u00e0 ceux du minimalisme g\u00e9om\u00e9trique, mais t\u00e9moigne surtout d&#8217;une approche globale et sans limites de l&#8217;espace, o\u00f9 sols, murs, plafonds et ligne d&#8217;horizon rel\u00e8vent d&#8217;une m\u00eame unit\u00e9. \u00c0 travers la figure fondatrice du carr\u00e9, ou l&#8217;importance du module, dont la brique est historiquement la premi\u00e8re manifestation, \u00e0 travers la po\u00e9tique des trames, des entrelacs, des coupes, des angles, des plis, il s&#8217;agit en fait de consid\u00e9rer la g\u00e9om\u00e9trie dans son sens premier : mesurer la terre. Textes de l&#8217;historienne Domitille d&#8217;Orgeval, entretien avec Tomazi Abdul Rajman, Ab\u00e9c\u00e9daire r\u00e9alis\u00e9 par Mich\u00e8le Moutashar.<\/p>\n","protected":false},"excerpt":{"rendered":"<p>En co\u00e9dition avec les \u00e9ditions M\u00e9ridianes, cet ouvrage monographique de l&#8217;artiste Medhi Moustashar aborde au fil de chapitres tant\u00f4t chronologiques, tant\u00f4t th\u00e9matiques, tous les ressorts d&#8217;une oeuvre commenc\u00e9e au milieu des ann\u00e9es 1960 et qui continue \u00e0 se d\u00e9velopper aujourd&#8217;hui de fa\u00e7on aussi prot\u00e9iforme qu&#8217;extraordinairement homog\u00e8ne. Fond\u00e9e sur l&#8217;id\u00e9e de mesure, sa d\u00e9marche se rattache [&hellip;]<\/p>\n","protected":false},"featured_media":33761,"template":"","meta":[],"product_cat":[2948,2953],"product_tag":[],"acf":[],"yoast_head":"<!-- This site is optimized with the Yoast SEO plugin v20.11 - https:\/\/yoast.com\/wordpress\/plugins\/seo\/ -->\n<title>MEHDI MOUTASHAR - Librairie 7L<\/title>\n<meta name=\"robots\" content=\"index, follow, max-snippet:-1, max-image-preview:large, max-video-preview:-1\" \/>\n<link rel=\"canonical\" href=\"https:\/\/librairie7l.com\/en\/produit\/mehdi-moutashar\/\" \/>\n<meta property=\"og:locale\" content=\"en_US\" \/>\n<meta property=\"og:type\" content=\"article\" \/>\n<meta property=\"og:title\" content=\"MEHDI MOUTASHAR - Librairie 7L\" \/>\n<meta property=\"og:description\" content=\"En co\u00e9dition avec les \u00e9ditions M\u00e9ridianes, cet ouvrage monographique de l&#8217;artiste Medhi Moustashar aborde au fil de chapitres tant\u00f4t chronologiques, tant\u00f4t th\u00e9matiques, tous les ressorts d&#8217;une oeuvre commenc\u00e9e au milieu des ann\u00e9es 1960 et qui continue \u00e0 se d\u00e9velopper aujourd&#8217;hui de fa\u00e7on aussi prot\u00e9iforme qu&#8217;extraordinairement homog\u00e8ne. Fond\u00e9e sur l&#8217;id\u00e9e de mesure, sa d\u00e9marche se rattache [&hellip;]\" \/>\n<meta property=\"og:url\" content=\"https:\/\/librairie7l.com\/en\/produit\/mehdi-moutashar\/\" \/>\n<meta property=\"og:site_name\" content=\"Librairie 7L\" \/>\n<meta property=\"article:modified_time\" content=\"2026-04-21T12:15:30+00:00\" \/>\n<meta property=\"og:image\" content=\"https:\/\/librairie7l.com\/wp-content\/uploads\/2022\/12\/9782363063335_1_75.jpg\" \/>\n\t<meta property=\"og:image:width\" content=\"594\" \/>\n\t<meta property=\"og:image:height\" content=\"600\" \/>\n\t<meta property=\"og:image:type\" content=\"image\/jpeg\" \/>\n<meta name=\"twitter:card\" content=\"summary_large_image\" \/>\n<meta name=\"twitter:label1\" content=\"Est. reading time\" \/>\n\t<meta name=\"twitter:data1\" content=\"1 minute\" \/>\n<script type=\"application\/ld+json\" class=\"yoast-schema-graph\">{\"@context\":\"https:\/\/schema.org\",\"@graph\":[{\"@type\":\"WebPage\",\"@id\":\"https:\/\/librairie7l.com\/en\/produit\/mehdi-moutashar\/\",\"url\":\"https:\/\/librairie7l.com\/en\/produit\/mehdi-moutashar\/\",\"name\":\"MEHDI MOUTASHAR - Librairie 7L\",\"isPartOf\":{\"@id\":\"https:\/\/librairie7l.com\/en\/#website\"},\"datePublished\":\"2023-09-19T11:50:35+00:00\",\"dateModified\":\"2026-04-21T12:15:30+00:00\",\"breadcrumb\":{\"@id\":\"https:\/\/librairie7l.com\/en\/produit\/mehdi-moutashar\/#breadcrumb\"},\"inLanguage\":\"en-US\",\"potentialAction\":[{\"@type\":\"ReadAction\",\"target\":[\"https:\/\/librairie7l.com\/en\/produit\/mehdi-moutashar\/\"]}]},{\"@type\":\"BreadcrumbList\",\"@id\":\"https:\/\/librairie7l.com\/en\/produit\/mehdi-moutashar\/#breadcrumb\",\"itemListElement\":[{\"@type\":\"ListItem\",\"position\":1,\"name\":\"Accueil\",\"item\":\"https:\/\/librairie7l.com\/en\/\"},{\"@type\":\"ListItem\",\"position\":2,\"name\":\"Shop\",\"item\":\"https:\/\/librairie7l.com\/en\/shop\/\"},{\"@type\":\"ListItem\",\"position\":3,\"name\":\"MEHDI MOUTASHAR\"}]},{\"@type\":\"WebSite\",\"@id\":\"https:\/\/librairie7l.com\/en\/#website\",\"url\":\"https:\/\/librairie7l.com\/en\/\",\"name\":\"Librairie 7L\",\"description\":\"Librairie fond\u00e9e en 1999 par Karl Lagerfeld \u00e0 Paris\",\"publisher\":{\"@id\":\"https:\/\/librairie7l.com\/en\/#organization\"},\"potentialAction\":[{\"@type\":\"SearchAction\",\"target\":{\"@type\":\"EntryPoint\",\"urlTemplate\":\"https:\/\/librairie7l.com\/en\/?s={search_term_string}\"},\"query-input\":\"required name=search_term_string\"}],\"inLanguage\":\"en-US\"},{\"@type\":\"Organization\",\"@id\":\"https:\/\/librairie7l.com\/en\/#organization\",\"name\":\"Librairie 7L\",\"url\":\"https:\/\/librairie7l.com\/en\/\",\"logo\":{\"@type\":\"ImageObject\",\"inLanguage\":\"en-US\",\"@id\":\"https:\/\/librairie7l.com\/en\/#\/schema\/logo\/image\/\",\"url\":\"https:\/\/librairie7l.com\/wp-content\/uploads\/2022\/08\/logo-1.png\",\"contentUrl\":\"https:\/\/librairie7l.com\/wp-content\/uploads\/2022\/08\/logo-1.png\",\"width\":227,\"height\":301,\"caption\":\"Librairie 7L\"},\"image\":{\"@id\":\"https:\/\/librairie7l.com\/en\/#\/schema\/logo\/image\/\"}}]}<\/script>\n<!-- \/ Yoast SEO plugin. -->","yoast_head_json":{"title":"MEHDI MOUTASHAR - Librairie 7L","robots":{"index":"index","follow":"follow","max-snippet":"max-snippet:-1","max-image-preview":"max-image-preview:large","max-video-preview":"max-video-preview:-1"},"canonical":"https:\/\/librairie7l.com\/en\/produit\/mehdi-moutashar\/","og_locale":"en_US","og_type":"article","og_title":"MEHDI MOUTASHAR - Librairie 7L","og_description":"En co\u00e9dition avec les \u00e9ditions M\u00e9ridianes, cet ouvrage monographique de l&#8217;artiste Medhi Moustashar aborde au fil de chapitres tant\u00f4t chronologiques, tant\u00f4t th\u00e9matiques, tous les ressorts d&#8217;une oeuvre commenc\u00e9e au milieu des ann\u00e9es 1960 et qui continue \u00e0 se d\u00e9velopper aujourd&#8217;hui de fa\u00e7on aussi prot\u00e9iforme qu&#8217;extraordinairement homog\u00e8ne. Fond\u00e9e sur l&#8217;id\u00e9e de mesure, sa d\u00e9marche se rattache [&hellip;]","og_url":"https:\/\/librairie7l.com\/en\/produit\/mehdi-moutashar\/","og_site_name":"Librairie 7L","article_modified_time":"2026-04-21T12:15:30+00:00","og_image":[{"width":594,"height":600,"url":"https:\/\/librairie7l.com\/wp-content\/uploads\/2022\/12\/9782363063335_1_75.jpg","type":"image\/jpeg"}],"twitter_card":"summary_large_image","twitter_misc":{"Est. reading time":"1 minute"},"schema":{"@context":"https:\/\/schema.org","@graph":[{"@type":"WebPage","@id":"https:\/\/librairie7l.com\/en\/produit\/mehdi-moutashar\/","url":"https:\/\/librairie7l.com\/en\/produit\/mehdi-moutashar\/","name":"MEHDI MOUTASHAR - Librairie 7L","isPartOf":{"@id":"https:\/\/librairie7l.com\/en\/#website"},"datePublished":"2023-09-19T11:50:35+00:00","dateModified":"2026-04-21T12:15:30+00:00","breadcrumb":{"@id":"https:\/\/librairie7l.com\/en\/produit\/mehdi-moutashar\/#breadcrumb"},"inLanguage":"en-US","potentialAction":[{"@type":"ReadAction","target":["https:\/\/librairie7l.com\/en\/produit\/mehdi-moutashar\/"]}]},{"@type":"BreadcrumbList","@id":"https:\/\/librairie7l.com\/en\/produit\/mehdi-moutashar\/#breadcrumb","itemListElement":[{"@type":"ListItem","position":1,"name":"Accueil","item":"https:\/\/librairie7l.com\/en\/"},{"@type":"ListItem","position":2,"name":"Shop","item":"https:\/\/librairie7l.com\/en\/shop\/"},{"@type":"ListItem","position":3,"name":"MEHDI MOUTASHAR"}]},{"@type":"WebSite","@id":"https:\/\/librairie7l.com\/en\/#website","url":"https:\/\/librairie7l.com\/en\/","name":"Librairie 7L","description":"Librairie fond\u00e9e en 1999 par Karl Lagerfeld \u00e0 Paris","publisher":{"@id":"https:\/\/librairie7l.com\/en\/#organization"},"potentialAction":[{"@type":"SearchAction","target":{"@type":"EntryPoint","urlTemplate":"https:\/\/librairie7l.com\/en\/?s={search_term_string}"},"query-input":"required name=search_term_string"}],"inLanguage":"en-US"},{"@type":"Organization","@id":"https:\/\/librairie7l.com\/en\/#organization","name":"Librairie 7L","url":"https:\/\/librairie7l.com\/en\/","logo":{"@type":"ImageObject","inLanguage":"en-US","@id":"https:\/\/librairie7l.com\/en\/#\/schema\/logo\/image\/","url":"https:\/\/librairie7l.com\/wp-content\/uploads\/2022\/08\/logo-1.png","contentUrl":"https:\/\/librairie7l.com\/wp-content\/uploads\/2022\/08\/logo-1.png","width":227,"height":301,"caption":"Librairie 7L"},"image":{"@id":"https:\/\/librairie7l.com\/en\/#\/schema\/logo\/image\/"}}]}},"_links":{"self":[{"href":"https:\/\/librairie7l.com\/en\/wp-json\/wp\/v2\/product\/33763"}],"collection":[{"href":"https:\/\/librairie7l.com\/en\/wp-json\/wp\/v2\/product"}],"about":[{"href":"https:\/\/librairie7l.com\/en\/wp-json\/wp\/v2\/types\/product"}],"wp:featuredmedia":[{"embeddable":true,"href":"https:\/\/librairie7l.com\/en\/wp-json\/wp\/v2\/media\/33761"}],"wp:attachment":[{"href":"https:\/\/librairie7l.com\/en\/wp-json\/wp\/v2\/media?parent=33763"}],"wp:term":[{"taxonomy":"product_cat","embeddable":true,"href":"https:\/\/librairie7l.com\/en\/wp-json\/wp\/v2\/product_cat?post=33763"},{"taxonomy":"product_tag","embeddable":true,"href":"https:\/\/librairie7l.com\/en\/wp-json\/wp\/v2\/product_tag?post=33763"}],"curies":[{"name":"wp","href":"https:\/\/api.w.org\/{rel}","templated":true}]}}