{"id":33783,"date":"2023-09-19T14:01:10","date_gmt":"2023-09-19T12:01:10","guid":{"rendered":"https:\/\/librairie7l.com\/?post_type=product&#038;p=33783"},"modified":"2026-04-27T08:06:55","modified_gmt":"2026-04-27T06:06:55","slug":"gio-ponti-archi-designer","status":"publish","type":"product","link":"https:\/\/librairie7l.com\/en\/produit\/gio-ponti-archi-designer\/","title":{"rendered":"GIO PONTI, ARCHI DESIGNER"},"content":{"rendered":"<p>Cr\u00e9ateur prolifique, autant int\u00e9ress\u00e9 par la production industrielle que par l?artisanat, Gio Ponti (1891-1979) a \u00e9t\u00e9 un acteur majeur de l?architecture d?apr\u00e8s-guerre et a ouvert les perspectives d?un nouvel art de vivre.<br \/>\nCe livre couvre l?ensemble de sa longue carri\u00e8re, des ann\u00e9es 1920 \u00e0 la fin des ann\u00e9es 1970. Architecture priv \u00e9e, publique et religieuse, mobilier, luminaire, verre, c\u00e9ramique, orf\u00e8vrerie, textiles? : tous les domaines o\u00f9 il a exerc\u00e9 son talent sont abord\u00e9s. S?il a men\u00e9 l?essentiel de sa carri\u00e8re \u00e0 Milan, o\u00f9 il a construit l?embl\u00e9matique tour Pirelli, Gio Ponti a \u00e9galement \u00e9t\u00e9 sollicit\u00e9 par des commanditaires new-yorkais, sud-am\u00e9ricains ou pakistanais, entre autres, pour la r\u00e9alisation de somptueuses villas ou de b\u00e2timents officiels.<br \/>\nParmi ses r\u00e9alisations les plus connues, citons la chaise Superleggera et la machine \u00e0 caf\u00e9 La Cornuta, toutes deux devenues des classiques du design.<br \/>\nEn cr\u00e9ant la c\u00e9l\u00e8bre revue Domus,  mensuel phare du monde de l?architecture et du design, et en \u00e9tant r\u00e9dacteur en chef de la revue Lo Stile, il a aussi \u00e9t\u00e9 un remarquable promoteur de la modernit\u00e9. C?est \u00e9galement Gio Ponti qui a permis \u00e0 la Triennale de Milan de devenir un incontournable rendez-vous de l?innovation dans le domaine du design.<br \/>\nSi Gio Ponti est aujourd?hui admir\u00e9 par un public \u00e9clair\u00e9 d?amateurs de design et d?architecture, et est tr\u00e8s convoit \u00e9 par les collectionneurs, son ?uvre reste peu connue en France.<br \/>\nCet ouvrage est \u00e0 la fois le catalogue de l?exposition pr\u00e9- sent\u00e9e au mus\u00e9e des Arts d\u00e9coratifs et le premier livre de r\u00e9f\u00e9rence sur Gio Ponti en fran\u00e7ais. Il rend hommage \u00e0 l?univers cr\u00e9atif de cette personnalit\u00e9 mythique de la sc\u00e8ne italienne, dont la g\u00e9n\u00e9rosit\u00e9 et l?enthousiasme ont stimul\u00e9 ses contemporains et inspirent toujours les nouvelles g\u00e9n\u00e9rations de designers et d?architectes.<\/p>\n","protected":false},"excerpt":{"rendered":"<p>Cr\u00e9ateur prolifique, autant int\u00e9ress\u00e9 par la production industrielle que par l?artisanat, Gio Ponti (1891-1979) a \u00e9t\u00e9 un acteur majeur de l?architecture d?apr\u00e8s-guerre et a ouvert les perspectives d?un nouvel art de vivre. Ce livre couvre l?ensemble de sa longue carri\u00e8re, des ann\u00e9es 1920 \u00e0 la fin des ann\u00e9es 1970. Architecture priv \u00e9e, publique et religieuse, [&hellip;]<\/p>\n","protected":false},"featured_media":33781,"template":"","meta":[],"product_cat":[2948,2950],"product_tag":[],"acf":[],"yoast_head":"<!-- This site is optimized with the Yoast SEO plugin v20.11 - https:\/\/yoast.com\/wordpress\/plugins\/seo\/ -->\n<title>GIO PONTI, ARCHI DESIGNER - Librairie 7L<\/title>\n<meta name=\"robots\" content=\"index, follow, max-snippet:-1, max-image-preview:large, max-video-preview:-1\" \/>\n<link rel=\"canonical\" href=\"https:\/\/librairie7l.com\/en\/produit\/gio-ponti-archi-designer\/\" \/>\n<meta property=\"og:locale\" content=\"en_US\" \/>\n<meta property=\"og:type\" content=\"article\" \/>\n<meta property=\"og:title\" content=\"GIO PONTI, ARCHI DESIGNER - Librairie 7L\" \/>\n<meta property=\"og:description\" content=\"Cr\u00e9ateur prolifique, autant int\u00e9ress\u00e9 par la production industrielle que par l?artisanat, Gio Ponti (1891-1979) a \u00e9t\u00e9 un acteur majeur de l?architecture d?apr\u00e8s-guerre et a ouvert les perspectives d?un nouvel art de vivre. Ce livre couvre l?ensemble de sa longue carri\u00e8re, des ann\u00e9es 1920 \u00e0 la fin des ann\u00e9es 1970. Architecture priv \u00e9e, publique et religieuse, [&hellip;]\" \/>\n<meta property=\"og:url\" content=\"https:\/\/librairie7l.com\/en\/produit\/gio-ponti-archi-designer\/\" \/>\n<meta property=\"og:site_name\" content=\"Librairie 7L\" \/>\n<meta property=\"article:modified_time\" content=\"2026-04-27T06:06:55+00:00\" \/>\n<meta property=\"og:image\" content=\"https:\/\/librairie7l.com\/wp-content\/uploads\/2018\/06\/9782916914756_1_75.jpg\" \/>\n\t<meta property=\"og:image:width\" content=\"600\" \/>\n\t<meta property=\"og:image:height\" content=\"760\" \/>\n\t<meta property=\"og:image:type\" content=\"image\/jpeg\" \/>\n<meta name=\"twitter:card\" content=\"summary_large_image\" \/>\n<meta name=\"twitter:label1\" content=\"Est. reading time\" \/>\n\t<meta name=\"twitter:data1\" content=\"2 minutes\" \/>\n<script type=\"application\/ld+json\" class=\"yoast-schema-graph\">{\"@context\":\"https:\/\/schema.org\",\"@graph\":[{\"@type\":\"WebPage\",\"@id\":\"https:\/\/librairie7l.com\/en\/produit\/gio-ponti-archi-designer\/\",\"url\":\"https:\/\/librairie7l.com\/en\/produit\/gio-ponti-archi-designer\/\",\"name\":\"GIO PONTI, ARCHI DESIGNER - Librairie 7L\",\"isPartOf\":{\"@id\":\"https:\/\/librairie7l.com\/en\/#website\"},\"datePublished\":\"2023-09-19T12:01:10+00:00\",\"dateModified\":\"2026-04-27T06:06:55+00:00\",\"breadcrumb\":{\"@id\":\"https:\/\/librairie7l.com\/en\/produit\/gio-ponti-archi-designer\/#breadcrumb\"},\"inLanguage\":\"en-US\",\"potentialAction\":[{\"@type\":\"ReadAction\",\"target\":[\"https:\/\/librairie7l.com\/en\/produit\/gio-ponti-archi-designer\/\"]}]},{\"@type\":\"BreadcrumbList\",\"@id\":\"https:\/\/librairie7l.com\/en\/produit\/gio-ponti-archi-designer\/#breadcrumb\",\"itemListElement\":[{\"@type\":\"ListItem\",\"position\":1,\"name\":\"Accueil\",\"item\":\"https:\/\/librairie7l.com\/en\/\"},{\"@type\":\"ListItem\",\"position\":2,\"name\":\"Shop\",\"item\":\"https:\/\/librairie7l.com\/en\/shop\/\"},{\"@type\":\"ListItem\",\"position\":3,\"name\":\"GIO PONTI, ARCHI DESIGNER\"}]},{\"@type\":\"WebSite\",\"@id\":\"https:\/\/librairie7l.com\/en\/#website\",\"url\":\"https:\/\/librairie7l.com\/en\/\",\"name\":\"Librairie 7L\",\"description\":\"Librairie fond\u00e9e en 1999 par Karl Lagerfeld \u00e0 Paris\",\"publisher\":{\"@id\":\"https:\/\/librairie7l.com\/en\/#organization\"},\"potentialAction\":[{\"@type\":\"SearchAction\",\"target\":{\"@type\":\"EntryPoint\",\"urlTemplate\":\"https:\/\/librairie7l.com\/en\/?s={search_term_string}\"},\"query-input\":\"required name=search_term_string\"}],\"inLanguage\":\"en-US\"},{\"@type\":\"Organization\",\"@id\":\"https:\/\/librairie7l.com\/en\/#organization\",\"name\":\"Librairie 7L\",\"url\":\"https:\/\/librairie7l.com\/en\/\",\"logo\":{\"@type\":\"ImageObject\",\"inLanguage\":\"en-US\",\"@id\":\"https:\/\/librairie7l.com\/en\/#\/schema\/logo\/image\/\",\"url\":\"https:\/\/librairie7l.com\/wp-content\/uploads\/2022\/08\/logo-1.png\",\"contentUrl\":\"https:\/\/librairie7l.com\/wp-content\/uploads\/2022\/08\/logo-1.png\",\"width\":227,\"height\":301,\"caption\":\"Librairie 7L\"},\"image\":{\"@id\":\"https:\/\/librairie7l.com\/en\/#\/schema\/logo\/image\/\"}}]}<\/script>\n<!-- \/ Yoast SEO plugin. -->","yoast_head_json":{"title":"GIO PONTI, ARCHI DESIGNER - Librairie 7L","robots":{"index":"index","follow":"follow","max-snippet":"max-snippet:-1","max-image-preview":"max-image-preview:large","max-video-preview":"max-video-preview:-1"},"canonical":"https:\/\/librairie7l.com\/en\/produit\/gio-ponti-archi-designer\/","og_locale":"en_US","og_type":"article","og_title":"GIO PONTI, ARCHI DESIGNER - Librairie 7L","og_description":"Cr\u00e9ateur prolifique, autant int\u00e9ress\u00e9 par la production industrielle que par l?artisanat, Gio Ponti (1891-1979) a \u00e9t\u00e9 un acteur majeur de l?architecture d?apr\u00e8s-guerre et a ouvert les perspectives d?un nouvel art de vivre. Ce livre couvre l?ensemble de sa longue carri\u00e8re, des ann\u00e9es 1920 \u00e0 la fin des ann\u00e9es 1970. Architecture priv \u00e9e, publique et religieuse, [&hellip;]","og_url":"https:\/\/librairie7l.com\/en\/produit\/gio-ponti-archi-designer\/","og_site_name":"Librairie 7L","article_modified_time":"2026-04-27T06:06:55+00:00","og_image":[{"width":600,"height":760,"url":"https:\/\/librairie7l.com\/wp-content\/uploads\/2018\/06\/9782916914756_1_75.jpg","type":"image\/jpeg"}],"twitter_card":"summary_large_image","twitter_misc":{"Est. reading time":"2 minutes"},"schema":{"@context":"https:\/\/schema.org","@graph":[{"@type":"WebPage","@id":"https:\/\/librairie7l.com\/en\/produit\/gio-ponti-archi-designer\/","url":"https:\/\/librairie7l.com\/en\/produit\/gio-ponti-archi-designer\/","name":"GIO PONTI, ARCHI DESIGNER - Librairie 7L","isPartOf":{"@id":"https:\/\/librairie7l.com\/en\/#website"},"datePublished":"2023-09-19T12:01:10+00:00","dateModified":"2026-04-27T06:06:55+00:00","breadcrumb":{"@id":"https:\/\/librairie7l.com\/en\/produit\/gio-ponti-archi-designer\/#breadcrumb"},"inLanguage":"en-US","potentialAction":[{"@type":"ReadAction","target":["https:\/\/librairie7l.com\/en\/produit\/gio-ponti-archi-designer\/"]}]},{"@type":"BreadcrumbList","@id":"https:\/\/librairie7l.com\/en\/produit\/gio-ponti-archi-designer\/#breadcrumb","itemListElement":[{"@type":"ListItem","position":1,"name":"Accueil","item":"https:\/\/librairie7l.com\/en\/"},{"@type":"ListItem","position":2,"name":"Shop","item":"https:\/\/librairie7l.com\/en\/shop\/"},{"@type":"ListItem","position":3,"name":"GIO PONTI, ARCHI DESIGNER"}]},{"@type":"WebSite","@id":"https:\/\/librairie7l.com\/en\/#website","url":"https:\/\/librairie7l.com\/en\/","name":"Librairie 7L","description":"Librairie fond\u00e9e en 1999 par Karl Lagerfeld \u00e0 Paris","publisher":{"@id":"https:\/\/librairie7l.com\/en\/#organization"},"potentialAction":[{"@type":"SearchAction","target":{"@type":"EntryPoint","urlTemplate":"https:\/\/librairie7l.com\/en\/?s={search_term_string}"},"query-input":"required name=search_term_string"}],"inLanguage":"en-US"},{"@type":"Organization","@id":"https:\/\/librairie7l.com\/en\/#organization","name":"Librairie 7L","url":"https:\/\/librairie7l.com\/en\/","logo":{"@type":"ImageObject","inLanguage":"en-US","@id":"https:\/\/librairie7l.com\/en\/#\/schema\/logo\/image\/","url":"https:\/\/librairie7l.com\/wp-content\/uploads\/2022\/08\/logo-1.png","contentUrl":"https:\/\/librairie7l.com\/wp-content\/uploads\/2022\/08\/logo-1.png","width":227,"height":301,"caption":"Librairie 7L"},"image":{"@id":"https:\/\/librairie7l.com\/en\/#\/schema\/logo\/image\/"}}]}},"_links":{"self":[{"href":"https:\/\/librairie7l.com\/en\/wp-json\/wp\/v2\/product\/33783"}],"collection":[{"href":"https:\/\/librairie7l.com\/en\/wp-json\/wp\/v2\/product"}],"about":[{"href":"https:\/\/librairie7l.com\/en\/wp-json\/wp\/v2\/types\/product"}],"wp:featuredmedia":[{"embeddable":true,"href":"https:\/\/librairie7l.com\/en\/wp-json\/wp\/v2\/media\/33781"}],"wp:attachment":[{"href":"https:\/\/librairie7l.com\/en\/wp-json\/wp\/v2\/media?parent=33783"}],"wp:term":[{"taxonomy":"product_cat","embeddable":true,"href":"https:\/\/librairie7l.com\/en\/wp-json\/wp\/v2\/product_cat?post=33783"},{"taxonomy":"product_tag","embeddable":true,"href":"https:\/\/librairie7l.com\/en\/wp-json\/wp\/v2\/product_tag?post=33783"}],"curies":[{"name":"wp","href":"https:\/\/api.w.org\/{rel}","templated":true}]}}