{"id":33815,"date":"2023-09-19T14:13:49","date_gmt":"2023-09-19T12:13:49","guid":{"rendered":"https:\/\/librairie7l.com\/?post_type=product&#038;p=33815"},"modified":"2026-04-05T23:06:00","modified_gmt":"2026-04-05T21:06:00","slug":"technologies-des-textiles-de-la-fibre-a-larticle","status":"publish","type":"product","link":"https:\/\/librairie7l.com\/en\/produit\/technologies-des-textiles-de-la-fibre-a-larticle\/","title":{"rendered":"TECHNOLOGIES DES TEXTILES ; DE LA FIBRE \u00c0 L&#8217;ARTICLE (4E \u00c9DITION)"},"content":{"rendered":"<p>V\u00e9ritable trait\u00e9 de technologie des textiles, cet ouvrage unique en son genre pr\u00e9sente de mani\u00e8re simple et synth\u00e9tique les donn\u00e9es techniques de base de l&#8217;ensemble de la fili\u00e8re textile habillement, depuis les mati\u00e8res textiles (la fibre) jusqu&#8217;\u00e0 la confection (l&#8217;article). Il a \u00e9t\u00e9 con\u00e7u pour une lecture facile et s&#8217;adresse \u00e0 celles et ceux qui souhaitent acqu\u00e9rir les connaissances de base sur l&#8217;ensemble des techniques de cette fili\u00e8re. Les informations sont pr\u00e9sent\u00e9es de mani\u00e8re p\u00e9dagogique, avec beaucoup de sch\u00e9mas et de photos. Le plan du livre suit l&#8217;ordre chronologique du process de fabrication.<br \/>\nCette quatri\u00e8me \u00e9dition actualise l&#8217;ensemble des donn\u00e9es et apporte des informations sur de nouvelles fibres et de nouveaux textiles techniques en particulier.<\/p>\n","protected":false},"excerpt":{"rendered":"<p>V\u00e9ritable trait\u00e9 de technologie des textiles, cet ouvrage unique en son genre pr\u00e9sente de mani\u00e8re simple et synth\u00e9tique les donn\u00e9es techniques de base de l&#8217;ensemble de la fili\u00e8re textile habillement, depuis les mati\u00e8res textiles (la fibre) jusqu&#8217;\u00e0 la confection (l&#8217;article). Il a \u00e9t\u00e9 con\u00e7u pour une lecture facile et s&#8217;adresse \u00e0 celles et ceux qui [&hellip;]<\/p>\n","protected":false},"featured_media":33813,"template":"","meta":[],"product_cat":[2948,2957],"product_tag":[],"acf":[],"yoast_head":"<!-- This site is optimized with the Yoast SEO plugin v20.11 - https:\/\/yoast.com\/wordpress\/plugins\/seo\/ -->\n<title>TECHNOLOGIES DES TEXTILES ; DE LA FIBRE \u00c0 L&#039;ARTICLE (4E \u00c9DITION) - Librairie 7L<\/title>\n<meta name=\"robots\" content=\"index, follow, max-snippet:-1, max-image-preview:large, max-video-preview:-1\" \/>\n<link rel=\"canonical\" href=\"https:\/\/librairie7l.com\/en\/produit\/technologies-des-textiles-de-la-fibre-a-larticle\/\" \/>\n<meta property=\"og:locale\" content=\"en_US\" \/>\n<meta property=\"og:type\" content=\"article\" \/>\n<meta property=\"og:title\" content=\"TECHNOLOGIES DES TEXTILES ; DE LA FIBRE \u00c0 L&#039;ARTICLE (4E \u00c9DITION) - Librairie 7L\" \/>\n<meta property=\"og:description\" content=\"V\u00e9ritable trait\u00e9 de technologie des textiles, cet ouvrage unique en son genre pr\u00e9sente de mani\u00e8re simple et synth\u00e9tique les donn\u00e9es techniques de base de l&#8217;ensemble de la fili\u00e8re textile habillement, depuis les mati\u00e8res textiles (la fibre) jusqu&#8217;\u00e0 la confection (l&#8217;article). Il a \u00e9t\u00e9 con\u00e7u pour une lecture facile et s&#8217;adresse \u00e0 celles et ceux qui [&hellip;]\" \/>\n<meta property=\"og:url\" content=\"https:\/\/librairie7l.com\/en\/produit\/technologies-des-textiles-de-la-fibre-a-larticle\/\" \/>\n<meta property=\"og:site_name\" content=\"Librairie 7L\" \/>\n<meta property=\"article:modified_time\" content=\"2026-04-05T21:06:00+00:00\" \/>\n<meta property=\"og:image\" content=\"https:\/\/librairie7l.com\/wp-content\/uploads\/2020\/02\/9782100809257_1_75.jpg\" \/>\n\t<meta property=\"og:image:width\" content=\"600\" \/>\n\t<meta property=\"og:image:height\" content=\"913\" \/>\n\t<meta property=\"og:image:type\" content=\"image\/jpeg\" \/>\n<meta name=\"twitter:card\" content=\"summary_large_image\" \/>\n<meta name=\"twitter:label1\" content=\"Est. reading time\" \/>\n\t<meta name=\"twitter:data1\" content=\"1 minute\" \/>\n<script type=\"application\/ld+json\" class=\"yoast-schema-graph\">{\"@context\":\"https:\/\/schema.org\",\"@graph\":[{\"@type\":\"WebPage\",\"@id\":\"https:\/\/librairie7l.com\/en\/produit\/technologies-des-textiles-de-la-fibre-a-larticle\/\",\"url\":\"https:\/\/librairie7l.com\/en\/produit\/technologies-des-textiles-de-la-fibre-a-larticle\/\",\"name\":\"TECHNOLOGIES DES TEXTILES ; DE LA FIBRE \u00c0 L'ARTICLE (4E \u00c9DITION) - Librairie 7L\",\"isPartOf\":{\"@id\":\"https:\/\/librairie7l.com\/en\/#website\"},\"datePublished\":\"2023-09-19T12:13:49+00:00\",\"dateModified\":\"2026-04-05T21:06:00+00:00\",\"breadcrumb\":{\"@id\":\"https:\/\/librairie7l.com\/en\/produit\/technologies-des-textiles-de-la-fibre-a-larticle\/#breadcrumb\"},\"inLanguage\":\"en-US\",\"potentialAction\":[{\"@type\":\"ReadAction\",\"target\":[\"https:\/\/librairie7l.com\/en\/produit\/technologies-des-textiles-de-la-fibre-a-larticle\/\"]}]},{\"@type\":\"BreadcrumbList\",\"@id\":\"https:\/\/librairie7l.com\/en\/produit\/technologies-des-textiles-de-la-fibre-a-larticle\/#breadcrumb\",\"itemListElement\":[{\"@type\":\"ListItem\",\"position\":1,\"name\":\"Accueil\",\"item\":\"https:\/\/librairie7l.com\/en\/\"},{\"@type\":\"ListItem\",\"position\":2,\"name\":\"Shop\",\"item\":\"https:\/\/librairie7l.com\/en\/shop\/\"},{\"@type\":\"ListItem\",\"position\":3,\"name\":\"TECHNOLOGIES DES TEXTILES ; DE LA FIBRE \u00c0 L&#8217;ARTICLE (4E \u00c9DITION)\"}]},{\"@type\":\"WebSite\",\"@id\":\"https:\/\/librairie7l.com\/en\/#website\",\"url\":\"https:\/\/librairie7l.com\/en\/\",\"name\":\"Librairie 7L\",\"description\":\"Librairie fond\u00e9e en 1999 par Karl Lagerfeld \u00e0 Paris\",\"publisher\":{\"@id\":\"https:\/\/librairie7l.com\/en\/#organization\"},\"potentialAction\":[{\"@type\":\"SearchAction\",\"target\":{\"@type\":\"EntryPoint\",\"urlTemplate\":\"https:\/\/librairie7l.com\/en\/?s={search_term_string}\"},\"query-input\":\"required name=search_term_string\"}],\"inLanguage\":\"en-US\"},{\"@type\":\"Organization\",\"@id\":\"https:\/\/librairie7l.com\/en\/#organization\",\"name\":\"Librairie 7L\",\"url\":\"https:\/\/librairie7l.com\/en\/\",\"logo\":{\"@type\":\"ImageObject\",\"inLanguage\":\"en-US\",\"@id\":\"https:\/\/librairie7l.com\/en\/#\/schema\/logo\/image\/\",\"url\":\"https:\/\/librairie7l.com\/wp-content\/uploads\/2022\/08\/logo-1.png\",\"contentUrl\":\"https:\/\/librairie7l.com\/wp-content\/uploads\/2022\/08\/logo-1.png\",\"width\":227,\"height\":301,\"caption\":\"Librairie 7L\"},\"image\":{\"@id\":\"https:\/\/librairie7l.com\/en\/#\/schema\/logo\/image\/\"}}]}<\/script>\n<!-- \/ Yoast SEO plugin. -->","yoast_head_json":{"title":"TECHNOLOGIES DES TEXTILES ; DE LA FIBRE \u00c0 L'ARTICLE (4E \u00c9DITION) - Librairie 7L","robots":{"index":"index","follow":"follow","max-snippet":"max-snippet:-1","max-image-preview":"max-image-preview:large","max-video-preview":"max-video-preview:-1"},"canonical":"https:\/\/librairie7l.com\/en\/produit\/technologies-des-textiles-de-la-fibre-a-larticle\/","og_locale":"en_US","og_type":"article","og_title":"TECHNOLOGIES DES TEXTILES ; DE LA FIBRE \u00c0 L'ARTICLE (4E \u00c9DITION) - Librairie 7L","og_description":"V\u00e9ritable trait\u00e9 de technologie des textiles, cet ouvrage unique en son genre pr\u00e9sente de mani\u00e8re simple et synth\u00e9tique les donn\u00e9es techniques de base de l&#8217;ensemble de la fili\u00e8re textile habillement, depuis les mati\u00e8res textiles (la fibre) jusqu&#8217;\u00e0 la confection (l&#8217;article). Il a \u00e9t\u00e9 con\u00e7u pour une lecture facile et s&#8217;adresse \u00e0 celles et ceux qui [&hellip;]","og_url":"https:\/\/librairie7l.com\/en\/produit\/technologies-des-textiles-de-la-fibre-a-larticle\/","og_site_name":"Librairie 7L","article_modified_time":"2026-04-05T21:06:00+00:00","og_image":[{"width":600,"height":913,"url":"https:\/\/librairie7l.com\/wp-content\/uploads\/2020\/02\/9782100809257_1_75.jpg","type":"image\/jpeg"}],"twitter_card":"summary_large_image","twitter_misc":{"Est. reading time":"1 minute"},"schema":{"@context":"https:\/\/schema.org","@graph":[{"@type":"WebPage","@id":"https:\/\/librairie7l.com\/en\/produit\/technologies-des-textiles-de-la-fibre-a-larticle\/","url":"https:\/\/librairie7l.com\/en\/produit\/technologies-des-textiles-de-la-fibre-a-larticle\/","name":"TECHNOLOGIES DES TEXTILES ; DE LA FIBRE \u00c0 L'ARTICLE (4E \u00c9DITION) - Librairie 7L","isPartOf":{"@id":"https:\/\/librairie7l.com\/en\/#website"},"datePublished":"2023-09-19T12:13:49+00:00","dateModified":"2026-04-05T21:06:00+00:00","breadcrumb":{"@id":"https:\/\/librairie7l.com\/en\/produit\/technologies-des-textiles-de-la-fibre-a-larticle\/#breadcrumb"},"inLanguage":"en-US","potentialAction":[{"@type":"ReadAction","target":["https:\/\/librairie7l.com\/en\/produit\/technologies-des-textiles-de-la-fibre-a-larticle\/"]}]},{"@type":"BreadcrumbList","@id":"https:\/\/librairie7l.com\/en\/produit\/technologies-des-textiles-de-la-fibre-a-larticle\/#breadcrumb","itemListElement":[{"@type":"ListItem","position":1,"name":"Accueil","item":"https:\/\/librairie7l.com\/en\/"},{"@type":"ListItem","position":2,"name":"Shop","item":"https:\/\/librairie7l.com\/en\/shop\/"},{"@type":"ListItem","position":3,"name":"TECHNOLOGIES DES TEXTILES ; DE LA FIBRE \u00c0 L&#8217;ARTICLE (4E \u00c9DITION)"}]},{"@type":"WebSite","@id":"https:\/\/librairie7l.com\/en\/#website","url":"https:\/\/librairie7l.com\/en\/","name":"Librairie 7L","description":"Librairie fond\u00e9e en 1999 par Karl Lagerfeld \u00e0 Paris","publisher":{"@id":"https:\/\/librairie7l.com\/en\/#organization"},"potentialAction":[{"@type":"SearchAction","target":{"@type":"EntryPoint","urlTemplate":"https:\/\/librairie7l.com\/en\/?s={search_term_string}"},"query-input":"required name=search_term_string"}],"inLanguage":"en-US"},{"@type":"Organization","@id":"https:\/\/librairie7l.com\/en\/#organization","name":"Librairie 7L","url":"https:\/\/librairie7l.com\/en\/","logo":{"@type":"ImageObject","inLanguage":"en-US","@id":"https:\/\/librairie7l.com\/en\/#\/schema\/logo\/image\/","url":"https:\/\/librairie7l.com\/wp-content\/uploads\/2022\/08\/logo-1.png","contentUrl":"https:\/\/librairie7l.com\/wp-content\/uploads\/2022\/08\/logo-1.png","width":227,"height":301,"caption":"Librairie 7L"},"image":{"@id":"https:\/\/librairie7l.com\/en\/#\/schema\/logo\/image\/"}}]}},"_links":{"self":[{"href":"https:\/\/librairie7l.com\/en\/wp-json\/wp\/v2\/product\/33815"}],"collection":[{"href":"https:\/\/librairie7l.com\/en\/wp-json\/wp\/v2\/product"}],"about":[{"href":"https:\/\/librairie7l.com\/en\/wp-json\/wp\/v2\/types\/product"}],"wp:featuredmedia":[{"embeddable":true,"href":"https:\/\/librairie7l.com\/en\/wp-json\/wp\/v2\/media\/33813"}],"wp:attachment":[{"href":"https:\/\/librairie7l.com\/en\/wp-json\/wp\/v2\/media?parent=33815"}],"wp:term":[{"taxonomy":"product_cat","embeddable":true,"href":"https:\/\/librairie7l.com\/en\/wp-json\/wp\/v2\/product_cat?post=33815"},{"taxonomy":"product_tag","embeddable":true,"href":"https:\/\/librairie7l.com\/en\/wp-json\/wp\/v2\/product_tag?post=33815"}],"curies":[{"name":"wp","href":"https:\/\/api.w.org\/{rel}","templated":true}]}}