{"id":33819,"date":"2023-09-19T14:14:43","date_gmt":"2023-09-19T12:14:43","guid":{"rendered":"https:\/\/librairie7l.com\/?post_type=product&#038;p=33819"},"modified":"2026-04-27T12:06:07","modified_gmt":"2026-04-27T10:06:07","slug":"guide-pratique-des-textiles-tisses-tricotes-techniques","status":"publish","type":"product","link":"https:\/\/librairie7l.com\/en\/produit\/guide-pratique-des-textiles-tisses-tricotes-techniques\/","title":{"rendered":"GUIDE PRATIQUE DES TEXTILES ; TISS\u00c9S, TRICOT\u00c9S, TECHNIQUES (2E \u00c9DITION)"},"content":{"rendered":"<p>Pratique, complet et p\u00e9dagogique, cet ouvrage pr\u00e9sente sous forme de doubles pages les principales \u00e9toffes utilis\u00e9es dans l&#8217;habillement et l&#8217;ameublement. Il analyse plus de 100 tissus et tricots couramment employ\u00e9s et offre un focus sur les \u00e9toffes techniques (microfibres, membranes, enduction, etc.). Pour chacun d&#8217;eux sont pr\u00e9cis\u00e9s :<br \/>\n&#8211; l&#8217;appellation et l&#8217;origine ;<br \/>\n&#8211; les repr\u00e9sentations sch\u00e9matiques des armures et liages ;<br \/>\n&#8211; les propri\u00e9t\u00e9s principales ;<br \/>\n&#8211; les diff\u00e9rentes utilisations ;<br \/>\n&#8211; les \u00e9ventuels textiles d\u00e9riv\u00e9s.<br \/>\nCette nouvelle \u00e9dition pr\u00e9sente de nouveaux textiles et s&#8217;adresse aux \u00e9tudiants des \u00e9coles textiles, aux vendeurs, vendeuses en habillement, aux stylistes, mod\u00e9listes et personnel des bureaux de cr\u00e9ation mais aussi \u00e0 toutes les personnes qui s&#8217;int\u00e9ressent \u00e0 ce domaine et qui souhaitent d\u00e9couvrir ou approfondir leurs connaissances.<\/p>\n","protected":false},"excerpt":{"rendered":"<p>Pratique, complet et p\u00e9dagogique, cet ouvrage pr\u00e9sente sous forme de doubles pages les principales \u00e9toffes utilis\u00e9es dans l&#8217;habillement et l&#8217;ameublement. Il analyse plus de 100 tissus et tricots couramment employ\u00e9s et offre un focus sur les \u00e9toffes techniques (microfibres, membranes, enduction, etc.). Pour chacun d&#8217;eux sont pr\u00e9cis\u00e9s : &#8211; l&#8217;appellation et l&#8217;origine ; &#8211; les [&hellip;]<\/p>\n","protected":false},"featured_media":33817,"template":"","meta":[],"product_cat":[2948,2957],"product_tag":[],"acf":[],"yoast_head":"<!-- This site is optimized with the Yoast SEO plugin v20.11 - https:\/\/yoast.com\/wordpress\/plugins\/seo\/ -->\n<title>GUIDE PRATIQUE DES TEXTILES ; TISS\u00c9S, TRICOT\u00c9S, TECHNIQUES (2E \u00c9DITION) - Librairie 7L<\/title>\n<meta name=\"robots\" content=\"index, follow, max-snippet:-1, max-image-preview:large, max-video-preview:-1\" \/>\n<link rel=\"canonical\" href=\"https:\/\/librairie7l.com\/en\/produit\/guide-pratique-des-textiles-tisses-tricotes-techniques\/\" \/>\n<meta property=\"og:locale\" content=\"en_US\" \/>\n<meta property=\"og:type\" content=\"article\" \/>\n<meta property=\"og:title\" content=\"GUIDE PRATIQUE DES TEXTILES ; TISS\u00c9S, TRICOT\u00c9S, TECHNIQUES (2E \u00c9DITION) - Librairie 7L\" \/>\n<meta property=\"og:description\" content=\"Pratique, complet et p\u00e9dagogique, cet ouvrage pr\u00e9sente sous forme de doubles pages les principales \u00e9toffes utilis\u00e9es dans l&#8217;habillement et l&#8217;ameublement. Il analyse plus de 100 tissus et tricots couramment employ\u00e9s et offre un focus sur les \u00e9toffes techniques (microfibres, membranes, enduction, etc.). Pour chacun d&#8217;eux sont pr\u00e9cis\u00e9s : &#8211; l&#8217;appellation et l&#8217;origine ; &#8211; les [&hellip;]\" \/>\n<meta property=\"og:url\" content=\"https:\/\/librairie7l.com\/en\/produit\/guide-pratique-des-textiles-tisses-tricotes-techniques\/\" \/>\n<meta property=\"og:site_name\" content=\"Librairie 7L\" \/>\n<meta property=\"article:modified_time\" content=\"2026-04-27T10:06:07+00:00\" \/>\n<meta property=\"og:image\" content=\"https:\/\/librairie7l.com\/wp-content\/uploads\/2019\/10\/9782100806027_1_75.jpg\" \/>\n\t<meta property=\"og:image:width\" content=\"600\" \/>\n\t<meta property=\"og:image:height\" content=\"929\" \/>\n\t<meta property=\"og:image:type\" content=\"image\/jpeg\" \/>\n<meta name=\"twitter:card\" content=\"summary_large_image\" \/>\n<meta name=\"twitter:label1\" content=\"Est. reading time\" \/>\n\t<meta name=\"twitter:data1\" content=\"1 minute\" \/>\n<script type=\"application\/ld+json\" class=\"yoast-schema-graph\">{\"@context\":\"https:\/\/schema.org\",\"@graph\":[{\"@type\":\"WebPage\",\"@id\":\"https:\/\/librairie7l.com\/en\/produit\/guide-pratique-des-textiles-tisses-tricotes-techniques\/\",\"url\":\"https:\/\/librairie7l.com\/en\/produit\/guide-pratique-des-textiles-tisses-tricotes-techniques\/\",\"name\":\"GUIDE PRATIQUE DES TEXTILES ; TISS\u00c9S, TRICOT\u00c9S, TECHNIQUES (2E \u00c9DITION) - Librairie 7L\",\"isPartOf\":{\"@id\":\"https:\/\/librairie7l.com\/en\/#website\"},\"datePublished\":\"2023-09-19T12:14:43+00:00\",\"dateModified\":\"2026-04-27T10:06:07+00:00\",\"breadcrumb\":{\"@id\":\"https:\/\/librairie7l.com\/en\/produit\/guide-pratique-des-textiles-tisses-tricotes-techniques\/#breadcrumb\"},\"inLanguage\":\"en-US\",\"potentialAction\":[{\"@type\":\"ReadAction\",\"target\":[\"https:\/\/librairie7l.com\/en\/produit\/guide-pratique-des-textiles-tisses-tricotes-techniques\/\"]}]},{\"@type\":\"BreadcrumbList\",\"@id\":\"https:\/\/librairie7l.com\/en\/produit\/guide-pratique-des-textiles-tisses-tricotes-techniques\/#breadcrumb\",\"itemListElement\":[{\"@type\":\"ListItem\",\"position\":1,\"name\":\"Accueil\",\"item\":\"https:\/\/librairie7l.com\/en\/\"},{\"@type\":\"ListItem\",\"position\":2,\"name\":\"Shop\",\"item\":\"https:\/\/librairie7l.com\/en\/shop\/\"},{\"@type\":\"ListItem\",\"position\":3,\"name\":\"GUIDE PRATIQUE DES TEXTILES ; TISS\u00c9S, TRICOT\u00c9S, TECHNIQUES (2E \u00c9DITION)\"}]},{\"@type\":\"WebSite\",\"@id\":\"https:\/\/librairie7l.com\/en\/#website\",\"url\":\"https:\/\/librairie7l.com\/en\/\",\"name\":\"Librairie 7L\",\"description\":\"Librairie fond\u00e9e en 1999 par Karl Lagerfeld \u00e0 Paris\",\"publisher\":{\"@id\":\"https:\/\/librairie7l.com\/en\/#organization\"},\"potentialAction\":[{\"@type\":\"SearchAction\",\"target\":{\"@type\":\"EntryPoint\",\"urlTemplate\":\"https:\/\/librairie7l.com\/en\/?s={search_term_string}\"},\"query-input\":\"required name=search_term_string\"}],\"inLanguage\":\"en-US\"},{\"@type\":\"Organization\",\"@id\":\"https:\/\/librairie7l.com\/en\/#organization\",\"name\":\"Librairie 7L\",\"url\":\"https:\/\/librairie7l.com\/en\/\",\"logo\":{\"@type\":\"ImageObject\",\"inLanguage\":\"en-US\",\"@id\":\"https:\/\/librairie7l.com\/en\/#\/schema\/logo\/image\/\",\"url\":\"https:\/\/librairie7l.com\/wp-content\/uploads\/2022\/08\/logo-1.png\",\"contentUrl\":\"https:\/\/librairie7l.com\/wp-content\/uploads\/2022\/08\/logo-1.png\",\"width\":227,\"height\":301,\"caption\":\"Librairie 7L\"},\"image\":{\"@id\":\"https:\/\/librairie7l.com\/en\/#\/schema\/logo\/image\/\"}}]}<\/script>\n<!-- \/ Yoast SEO plugin. -->","yoast_head_json":{"title":"GUIDE PRATIQUE DES TEXTILES ; TISS\u00c9S, TRICOT\u00c9S, TECHNIQUES (2E \u00c9DITION) - Librairie 7L","robots":{"index":"index","follow":"follow","max-snippet":"max-snippet:-1","max-image-preview":"max-image-preview:large","max-video-preview":"max-video-preview:-1"},"canonical":"https:\/\/librairie7l.com\/en\/produit\/guide-pratique-des-textiles-tisses-tricotes-techniques\/","og_locale":"en_US","og_type":"article","og_title":"GUIDE PRATIQUE DES TEXTILES ; TISS\u00c9S, TRICOT\u00c9S, TECHNIQUES (2E \u00c9DITION) - Librairie 7L","og_description":"Pratique, complet et p\u00e9dagogique, cet ouvrage pr\u00e9sente sous forme de doubles pages les principales \u00e9toffes utilis\u00e9es dans l&#8217;habillement et l&#8217;ameublement. Il analyse plus de 100 tissus et tricots couramment employ\u00e9s et offre un focus sur les \u00e9toffes techniques (microfibres, membranes, enduction, etc.). Pour chacun d&#8217;eux sont pr\u00e9cis\u00e9s : &#8211; l&#8217;appellation et l&#8217;origine ; &#8211; les [&hellip;]","og_url":"https:\/\/librairie7l.com\/en\/produit\/guide-pratique-des-textiles-tisses-tricotes-techniques\/","og_site_name":"Librairie 7L","article_modified_time":"2026-04-27T10:06:07+00:00","og_image":[{"width":600,"height":929,"url":"https:\/\/librairie7l.com\/wp-content\/uploads\/2019\/10\/9782100806027_1_75.jpg","type":"image\/jpeg"}],"twitter_card":"summary_large_image","twitter_misc":{"Est. reading time":"1 minute"},"schema":{"@context":"https:\/\/schema.org","@graph":[{"@type":"WebPage","@id":"https:\/\/librairie7l.com\/en\/produit\/guide-pratique-des-textiles-tisses-tricotes-techniques\/","url":"https:\/\/librairie7l.com\/en\/produit\/guide-pratique-des-textiles-tisses-tricotes-techniques\/","name":"GUIDE PRATIQUE DES TEXTILES ; TISS\u00c9S, TRICOT\u00c9S, TECHNIQUES (2E \u00c9DITION) - Librairie 7L","isPartOf":{"@id":"https:\/\/librairie7l.com\/en\/#website"},"datePublished":"2023-09-19T12:14:43+00:00","dateModified":"2026-04-27T10:06:07+00:00","breadcrumb":{"@id":"https:\/\/librairie7l.com\/en\/produit\/guide-pratique-des-textiles-tisses-tricotes-techniques\/#breadcrumb"},"inLanguage":"en-US","potentialAction":[{"@type":"ReadAction","target":["https:\/\/librairie7l.com\/en\/produit\/guide-pratique-des-textiles-tisses-tricotes-techniques\/"]}]},{"@type":"BreadcrumbList","@id":"https:\/\/librairie7l.com\/en\/produit\/guide-pratique-des-textiles-tisses-tricotes-techniques\/#breadcrumb","itemListElement":[{"@type":"ListItem","position":1,"name":"Accueil","item":"https:\/\/librairie7l.com\/en\/"},{"@type":"ListItem","position":2,"name":"Shop","item":"https:\/\/librairie7l.com\/en\/shop\/"},{"@type":"ListItem","position":3,"name":"GUIDE PRATIQUE DES TEXTILES ; TISS\u00c9S, TRICOT\u00c9S, TECHNIQUES (2E \u00c9DITION)"}]},{"@type":"WebSite","@id":"https:\/\/librairie7l.com\/en\/#website","url":"https:\/\/librairie7l.com\/en\/","name":"Librairie 7L","description":"Librairie fond\u00e9e en 1999 par Karl Lagerfeld \u00e0 Paris","publisher":{"@id":"https:\/\/librairie7l.com\/en\/#organization"},"potentialAction":[{"@type":"SearchAction","target":{"@type":"EntryPoint","urlTemplate":"https:\/\/librairie7l.com\/en\/?s={search_term_string}"},"query-input":"required name=search_term_string"}],"inLanguage":"en-US"},{"@type":"Organization","@id":"https:\/\/librairie7l.com\/en\/#organization","name":"Librairie 7L","url":"https:\/\/librairie7l.com\/en\/","logo":{"@type":"ImageObject","inLanguage":"en-US","@id":"https:\/\/librairie7l.com\/en\/#\/schema\/logo\/image\/","url":"https:\/\/librairie7l.com\/wp-content\/uploads\/2022\/08\/logo-1.png","contentUrl":"https:\/\/librairie7l.com\/wp-content\/uploads\/2022\/08\/logo-1.png","width":227,"height":301,"caption":"Librairie 7L"},"image":{"@id":"https:\/\/librairie7l.com\/en\/#\/schema\/logo\/image\/"}}]}},"_links":{"self":[{"href":"https:\/\/librairie7l.com\/en\/wp-json\/wp\/v2\/product\/33819"}],"collection":[{"href":"https:\/\/librairie7l.com\/en\/wp-json\/wp\/v2\/product"}],"about":[{"href":"https:\/\/librairie7l.com\/en\/wp-json\/wp\/v2\/types\/product"}],"wp:featuredmedia":[{"embeddable":true,"href":"https:\/\/librairie7l.com\/en\/wp-json\/wp\/v2\/media\/33817"}],"wp:attachment":[{"href":"https:\/\/librairie7l.com\/en\/wp-json\/wp\/v2\/media?parent=33819"}],"wp:term":[{"taxonomy":"product_cat","embeddable":true,"href":"https:\/\/librairie7l.com\/en\/wp-json\/wp\/v2\/product_cat?post=33819"},{"taxonomy":"product_tag","embeddable":true,"href":"https:\/\/librairie7l.com\/en\/wp-json\/wp\/v2\/product_tag?post=33819"}],"curies":[{"name":"wp","href":"https:\/\/api.w.org\/{rel}","templated":true}]}}