{"id":33823,"date":"2023-09-19T14:18:21","date_gmt":"2023-09-19T12:18:21","guid":{"rendered":"https:\/\/librairie7l.com\/?post_type=product&#038;p=33823"},"modified":"2026-04-27T18:27:50","modified_gmt":"2026-04-27T16:27:50","slug":"lart-du-tissage-metier-fils-structure-apprivoiser-la-technique-pour-creer","status":"publish","type":"product","link":"https:\/\/librairie7l.com\/en\/produit\/lart-du-tissage-metier-fils-structure-apprivoiser-la-technique-pour-creer\/","title":{"rendered":"L&#8217;ART DU TISSAGE ; M\u00c9TIER, FILS, STRUCTURE ; APPRIVOISER LA TECHNIQUE POUR CR\u00c9ER EN LIBERT\u00c9"},"content":{"rendered":"<p>UN LIVRE UNIQUE, COMPLET, \u00c9RUDIT, CLAIR, PRATIQUE ET TECHNIQUE SUR L&#8217;ART DU TISSAGE Dans cet ouvrage \u00e0 destination des tisserandes et tisserands de tout niveau, l&#8217;auteure, v\u00e9ritable passionn\u00e9e du tissage, transmet la somme de plusieurs ann\u00e9es d&#8217;enseignement, de recherches et d&#8217;explorations pour proposer une m\u00e9thode d&#8217;apprentissage progressive et fascinante. Dans ce livre tr\u00e8s illustr\u00e9, les dessins sont d&#8217;Alix Albrespy-Boiron et d&#8217;Ang\u00e8le Coquerie et les photos sont de Jacques P\u00e9r\u00e9   AU SOM MA I R E PARTI E 1 &#8211; Mat\u00e9riel et pr\u00e9paration du m\u00e9tier : le mat\u00e9riel, les outils, les fils, la conception du tissu (armure, densit\u00e9, \u00e9chantillonnage), la compr\u00e9hension des sch\u00e9mas d&#8217;enlissage, de p\u00e9dalage et d&#8217;attachage, l&#8217;installation de la cha\u00eene sur le m\u00e9tier, la correction des erreurs potentielles puis le tissage PARTI E 2 &#8211; Structures de tissage : les armures fondamentales (toile, serg\u00e9 et satin), les reps de trame et de cha\u00eene, les structures compos\u00e9es, les structures ajour\u00e9es, les structures d\u00e9vi\u00e9es et le double-tissage PARTI E 3 &#8211; Pour approfondir : l&#8217;\u00e9tude des blocs et du profil draft, l&#8217;analyse d&#8217;un tissu, faire \u00e9voluer une structure, installer une cha\u00eene suppl\u00e9mentaire, s&#8217;inspirer et cr\u00e9er<\/p>\n","protected":false},"excerpt":{"rendered":"<p>UN LIVRE UNIQUE, COMPLET, \u00c9RUDIT, CLAIR, PRATIQUE ET TECHNIQUE SUR L&#8217;ART DU TISSAGE Dans cet ouvrage \u00e0 destination des tisserandes et tisserands de tout niveau, l&#8217;auteure, v\u00e9ritable passionn\u00e9e du tissage, transmet la somme de plusieurs ann\u00e9es d&#8217;enseignement, de recherches et d&#8217;explorations pour proposer une m\u00e9thode d&#8217;apprentissage progressive et fascinante. Dans ce livre tr\u00e8s illustr\u00e9, les [&hellip;]<\/p>\n","protected":false},"featured_media":33821,"template":"","meta":[],"product_cat":[2948,2957],"product_tag":[],"acf":[],"yoast_head":"<!-- This site is optimized with the Yoast SEO plugin v20.11 - https:\/\/yoast.com\/wordpress\/plugins\/seo\/ -->\n<title>L&#039;ART DU TISSAGE ; M\u00c9TIER, FILS, STRUCTURE ; APPRIVOISER LA TECHNIQUE POUR CR\u00c9ER EN LIBERT\u00c9 - Librairie 7L<\/title>\n<meta name=\"robots\" content=\"index, follow, max-snippet:-1, max-image-preview:large, max-video-preview:-1\" \/>\n<link rel=\"canonical\" href=\"https:\/\/librairie7l.com\/en\/produit\/lart-du-tissage-metier-fils-structure-apprivoiser-la-technique-pour-creer\/\" \/>\n<meta property=\"og:locale\" content=\"en_US\" \/>\n<meta property=\"og:type\" content=\"article\" \/>\n<meta property=\"og:title\" content=\"L&#039;ART DU TISSAGE ; M\u00c9TIER, FILS, STRUCTURE ; APPRIVOISER LA TECHNIQUE POUR CR\u00c9ER EN LIBERT\u00c9 - Librairie 7L\" \/>\n<meta property=\"og:description\" content=\"UN LIVRE UNIQUE, COMPLET, \u00c9RUDIT, CLAIR, PRATIQUE ET TECHNIQUE SUR L&#8217;ART DU TISSAGE Dans cet ouvrage \u00e0 destination des tisserandes et tisserands de tout niveau, l&#8217;auteure, v\u00e9ritable passionn\u00e9e du tissage, transmet la somme de plusieurs ann\u00e9es d&#8217;enseignement, de recherches et d&#8217;explorations pour proposer une m\u00e9thode d&#8217;apprentissage progressive et fascinante. Dans ce livre tr\u00e8s illustr\u00e9, les [&hellip;]\" \/>\n<meta property=\"og:url\" content=\"https:\/\/librairie7l.com\/en\/produit\/lart-du-tissage-metier-fils-structure-apprivoiser-la-technique-pour-creer\/\" \/>\n<meta property=\"og:site_name\" content=\"Librairie 7L\" \/>\n<meta property=\"article:modified_time\" content=\"2026-04-27T16:27:50+00:00\" \/>\n<meta property=\"og:image\" content=\"https:\/\/librairie7l.com\/wp-content\/uploads\/2020\/04\/9782212678765_1_75.jpg\" \/>\n\t<meta property=\"og:image:width\" content=\"600\" \/>\n\t<meta property=\"og:image:height\" content=\"770\" \/>\n\t<meta property=\"og:image:type\" content=\"image\/jpeg\" \/>\n<meta name=\"twitter:card\" content=\"summary_large_image\" \/>\n<meta name=\"twitter:label1\" content=\"Est. reading time\" \/>\n\t<meta name=\"twitter:data1\" content=\"1 minute\" \/>\n<script type=\"application\/ld+json\" class=\"yoast-schema-graph\">{\"@context\":\"https:\/\/schema.org\",\"@graph\":[{\"@type\":\"WebPage\",\"@id\":\"https:\/\/librairie7l.com\/en\/produit\/lart-du-tissage-metier-fils-structure-apprivoiser-la-technique-pour-creer\/\",\"url\":\"https:\/\/librairie7l.com\/en\/produit\/lart-du-tissage-metier-fils-structure-apprivoiser-la-technique-pour-creer\/\",\"name\":\"L'ART DU TISSAGE ; M\u00c9TIER, FILS, STRUCTURE ; APPRIVOISER LA TECHNIQUE POUR CR\u00c9ER EN LIBERT\u00c9 - Librairie 7L\",\"isPartOf\":{\"@id\":\"https:\/\/librairie7l.com\/en\/#website\"},\"datePublished\":\"2023-09-19T12:18:21+00:00\",\"dateModified\":\"2026-04-27T16:27:50+00:00\",\"breadcrumb\":{\"@id\":\"https:\/\/librairie7l.com\/en\/produit\/lart-du-tissage-metier-fils-structure-apprivoiser-la-technique-pour-creer\/#breadcrumb\"},\"inLanguage\":\"en-US\",\"potentialAction\":[{\"@type\":\"ReadAction\",\"target\":[\"https:\/\/librairie7l.com\/en\/produit\/lart-du-tissage-metier-fils-structure-apprivoiser-la-technique-pour-creer\/\"]}]},{\"@type\":\"BreadcrumbList\",\"@id\":\"https:\/\/librairie7l.com\/en\/produit\/lart-du-tissage-metier-fils-structure-apprivoiser-la-technique-pour-creer\/#breadcrumb\",\"itemListElement\":[{\"@type\":\"ListItem\",\"position\":1,\"name\":\"Accueil\",\"item\":\"https:\/\/librairie7l.com\/en\/\"},{\"@type\":\"ListItem\",\"position\":2,\"name\":\"Shop\",\"item\":\"https:\/\/librairie7l.com\/en\/shop\/\"},{\"@type\":\"ListItem\",\"position\":3,\"name\":\"L&#8217;ART DU TISSAGE ; M\u00c9TIER, FILS, STRUCTURE ; APPRIVOISER LA TECHNIQUE POUR CR\u00c9ER EN LIBERT\u00c9\"}]},{\"@type\":\"WebSite\",\"@id\":\"https:\/\/librairie7l.com\/en\/#website\",\"url\":\"https:\/\/librairie7l.com\/en\/\",\"name\":\"Librairie 7L\",\"description\":\"Librairie fond\u00e9e en 1999 par Karl Lagerfeld \u00e0 Paris\",\"publisher\":{\"@id\":\"https:\/\/librairie7l.com\/en\/#organization\"},\"potentialAction\":[{\"@type\":\"SearchAction\",\"target\":{\"@type\":\"EntryPoint\",\"urlTemplate\":\"https:\/\/librairie7l.com\/en\/?s={search_term_string}\"},\"query-input\":\"required name=search_term_string\"}],\"inLanguage\":\"en-US\"},{\"@type\":\"Organization\",\"@id\":\"https:\/\/librairie7l.com\/en\/#organization\",\"name\":\"Librairie 7L\",\"url\":\"https:\/\/librairie7l.com\/en\/\",\"logo\":{\"@type\":\"ImageObject\",\"inLanguage\":\"en-US\",\"@id\":\"https:\/\/librairie7l.com\/en\/#\/schema\/logo\/image\/\",\"url\":\"https:\/\/librairie7l.com\/wp-content\/uploads\/2022\/08\/logo-1.png\",\"contentUrl\":\"https:\/\/librairie7l.com\/wp-content\/uploads\/2022\/08\/logo-1.png\",\"width\":227,\"height\":301,\"caption\":\"Librairie 7L\"},\"image\":{\"@id\":\"https:\/\/librairie7l.com\/en\/#\/schema\/logo\/image\/\"}}]}<\/script>\n<!-- \/ Yoast SEO plugin. -->","yoast_head_json":{"title":"L'ART DU TISSAGE ; M\u00c9TIER, FILS, STRUCTURE ; APPRIVOISER LA TECHNIQUE POUR CR\u00c9ER EN LIBERT\u00c9 - Librairie 7L","robots":{"index":"index","follow":"follow","max-snippet":"max-snippet:-1","max-image-preview":"max-image-preview:large","max-video-preview":"max-video-preview:-1"},"canonical":"https:\/\/librairie7l.com\/en\/produit\/lart-du-tissage-metier-fils-structure-apprivoiser-la-technique-pour-creer\/","og_locale":"en_US","og_type":"article","og_title":"L'ART DU TISSAGE ; M\u00c9TIER, FILS, STRUCTURE ; APPRIVOISER LA TECHNIQUE POUR CR\u00c9ER EN LIBERT\u00c9 - Librairie 7L","og_description":"UN LIVRE UNIQUE, COMPLET, \u00c9RUDIT, CLAIR, PRATIQUE ET TECHNIQUE SUR L&#8217;ART DU TISSAGE Dans cet ouvrage \u00e0 destination des tisserandes et tisserands de tout niveau, l&#8217;auteure, v\u00e9ritable passionn\u00e9e du tissage, transmet la somme de plusieurs ann\u00e9es d&#8217;enseignement, de recherches et d&#8217;explorations pour proposer une m\u00e9thode d&#8217;apprentissage progressive et fascinante. Dans ce livre tr\u00e8s illustr\u00e9, les [&hellip;]","og_url":"https:\/\/librairie7l.com\/en\/produit\/lart-du-tissage-metier-fils-structure-apprivoiser-la-technique-pour-creer\/","og_site_name":"Librairie 7L","article_modified_time":"2026-04-27T16:27:50+00:00","og_image":[{"width":600,"height":770,"url":"https:\/\/librairie7l.com\/wp-content\/uploads\/2020\/04\/9782212678765_1_75.jpg","type":"image\/jpeg"}],"twitter_card":"summary_large_image","twitter_misc":{"Est. reading time":"1 minute"},"schema":{"@context":"https:\/\/schema.org","@graph":[{"@type":"WebPage","@id":"https:\/\/librairie7l.com\/en\/produit\/lart-du-tissage-metier-fils-structure-apprivoiser-la-technique-pour-creer\/","url":"https:\/\/librairie7l.com\/en\/produit\/lart-du-tissage-metier-fils-structure-apprivoiser-la-technique-pour-creer\/","name":"L'ART DU TISSAGE ; M\u00c9TIER, FILS, STRUCTURE ; APPRIVOISER LA TECHNIQUE POUR CR\u00c9ER EN LIBERT\u00c9 - Librairie 7L","isPartOf":{"@id":"https:\/\/librairie7l.com\/en\/#website"},"datePublished":"2023-09-19T12:18:21+00:00","dateModified":"2026-04-27T16:27:50+00:00","breadcrumb":{"@id":"https:\/\/librairie7l.com\/en\/produit\/lart-du-tissage-metier-fils-structure-apprivoiser-la-technique-pour-creer\/#breadcrumb"},"inLanguage":"en-US","potentialAction":[{"@type":"ReadAction","target":["https:\/\/librairie7l.com\/en\/produit\/lart-du-tissage-metier-fils-structure-apprivoiser-la-technique-pour-creer\/"]}]},{"@type":"BreadcrumbList","@id":"https:\/\/librairie7l.com\/en\/produit\/lart-du-tissage-metier-fils-structure-apprivoiser-la-technique-pour-creer\/#breadcrumb","itemListElement":[{"@type":"ListItem","position":1,"name":"Accueil","item":"https:\/\/librairie7l.com\/en\/"},{"@type":"ListItem","position":2,"name":"Shop","item":"https:\/\/librairie7l.com\/en\/shop\/"},{"@type":"ListItem","position":3,"name":"L&#8217;ART DU TISSAGE ; M\u00c9TIER, FILS, STRUCTURE ; APPRIVOISER LA TECHNIQUE POUR CR\u00c9ER EN LIBERT\u00c9"}]},{"@type":"WebSite","@id":"https:\/\/librairie7l.com\/en\/#website","url":"https:\/\/librairie7l.com\/en\/","name":"Librairie 7L","description":"Librairie fond\u00e9e en 1999 par Karl Lagerfeld \u00e0 Paris","publisher":{"@id":"https:\/\/librairie7l.com\/en\/#organization"},"potentialAction":[{"@type":"SearchAction","target":{"@type":"EntryPoint","urlTemplate":"https:\/\/librairie7l.com\/en\/?s={search_term_string}"},"query-input":"required name=search_term_string"}],"inLanguage":"en-US"},{"@type":"Organization","@id":"https:\/\/librairie7l.com\/en\/#organization","name":"Librairie 7L","url":"https:\/\/librairie7l.com\/en\/","logo":{"@type":"ImageObject","inLanguage":"en-US","@id":"https:\/\/librairie7l.com\/en\/#\/schema\/logo\/image\/","url":"https:\/\/librairie7l.com\/wp-content\/uploads\/2022\/08\/logo-1.png","contentUrl":"https:\/\/librairie7l.com\/wp-content\/uploads\/2022\/08\/logo-1.png","width":227,"height":301,"caption":"Librairie 7L"},"image":{"@id":"https:\/\/librairie7l.com\/en\/#\/schema\/logo\/image\/"}}]}},"_links":{"self":[{"href":"https:\/\/librairie7l.com\/en\/wp-json\/wp\/v2\/product\/33823"}],"collection":[{"href":"https:\/\/librairie7l.com\/en\/wp-json\/wp\/v2\/product"}],"about":[{"href":"https:\/\/librairie7l.com\/en\/wp-json\/wp\/v2\/types\/product"}],"wp:featuredmedia":[{"embeddable":true,"href":"https:\/\/librairie7l.com\/en\/wp-json\/wp\/v2\/media\/33821"}],"wp:attachment":[{"href":"https:\/\/librairie7l.com\/en\/wp-json\/wp\/v2\/media?parent=33823"}],"wp:term":[{"taxonomy":"product_cat","embeddable":true,"href":"https:\/\/librairie7l.com\/en\/wp-json\/wp\/v2\/product_cat?post=33823"},{"taxonomy":"product_tag","embeddable":true,"href":"https:\/\/librairie7l.com\/en\/wp-json\/wp\/v2\/product_tag?post=33823"}],"curies":[{"name":"wp","href":"https:\/\/api.w.org\/{rel}","templated":true}]}}