{"id":33851,"date":"2023-09-19T14:27:32","date_gmt":"2023-09-19T12:27:32","guid":{"rendered":"https:\/\/librairie7l.com\/?post_type=product&#038;p=33851"},"modified":"2026-04-08T18:06:32","modified_gmt":"2026-04-08T16:06:32","slug":"magma-1","status":"publish","type":"product","link":"https:\/\/librairie7l.com\/en\/produit\/magma-1\/","title":{"rendered":"MAGMA N.1"},"content":{"rendered":"<p>Le premier num\u00e9ro de Magma, luxueuse publication annuelle grand format inspir\u00e9e par l&#8217;\u00e2ge d&#8217;or des revues d&#8217;art d&#8217;avant-garde du si\u00e8cle dernier, r\u00e9unit 18 artistes et pr\u00e9sente plus de 80 oeuvres et textes litt\u00e9raires originaux. Les artistes et les contributeurs ont particip\u00e9 activement \u00e0 la cr\u00e9ation de la publication, jusqu&#8217;\u00e0 la s\u00e9lection des visuels et \u00e0 la mise en page.<br \/>\nLe premier num\u00e9ro comprend deux inserts : un disque X-Ray exclusif d&#8217;Andra Ursuta et un fac-simil\u00e9 d&#8217;une lettre in\u00e9dite de Ren\u00e9 Char.<\/p>\n","protected":false},"excerpt":{"rendered":"<p>Le premier num\u00e9ro de Magma, luxueuse publication annuelle grand format inspir\u00e9e par l&#8217;\u00e2ge d&#8217;or des revues d&#8217;art d&#8217;avant-garde du si\u00e8cle dernier, r\u00e9unit 18 artistes et pr\u00e9sente plus de 80 oeuvres et textes litt\u00e9raires originaux. Les artistes et les contributeurs ont particip\u00e9 activement \u00e0 la cr\u00e9ation de la publication, jusqu&#8217;\u00e0 la s\u00e9lection des visuels et \u00e0 [&hellip;]<\/p>\n","protected":false},"featured_media":33849,"template":"","meta":[],"product_cat":[2948,2953],"product_tag":[],"acf":[],"yoast_head":"<!-- This site is optimized with the Yoast SEO plugin v20.11 - https:\/\/yoast.com\/wordpress\/plugins\/seo\/ -->\n<title>MAGMA N.1 - Librairie 7L<\/title>\n<meta name=\"robots\" content=\"index, follow, max-snippet:-1, max-image-preview:large, max-video-preview:-1\" \/>\n<link rel=\"canonical\" href=\"https:\/\/librairie7l.com\/en\/produit\/magma-1\/\" \/>\n<meta property=\"og:locale\" content=\"en_US\" \/>\n<meta property=\"og:type\" content=\"article\" \/>\n<meta property=\"og:title\" content=\"MAGMA N.1 - Librairie 7L\" \/>\n<meta property=\"og:description\" content=\"Le premier num\u00e9ro de Magma, luxueuse publication annuelle grand format inspir\u00e9e par l&#8217;\u00e2ge d&#8217;or des revues d&#8217;art d&#8217;avant-garde du si\u00e8cle dernier, r\u00e9unit 18 artistes et pr\u00e9sente plus de 80 oeuvres et textes litt\u00e9raires originaux. Les artistes et les contributeurs ont particip\u00e9 activement \u00e0 la cr\u00e9ation de la publication, jusqu&#8217;\u00e0 la s\u00e9lection des visuels et \u00e0 [&hellip;]\" \/>\n<meta property=\"og:url\" content=\"https:\/\/librairie7l.com\/en\/produit\/magma-1\/\" \/>\n<meta property=\"og:site_name\" content=\"Librairie 7L\" \/>\n<meta property=\"article:modified_time\" content=\"2026-04-08T16:06:32+00:00\" \/>\n<meta property=\"og:image\" content=\"https:\/\/librairie7l.com\/wp-content\/uploads\/2023\/09\/9782958724306_1_75.jpg\" \/>\n\t<meta property=\"og:image:width\" content=\"600\" \/>\n\t<meta property=\"og:image:height\" content=\"809\" \/>\n\t<meta property=\"og:image:type\" content=\"image\/jpeg\" \/>\n<meta name=\"twitter:card\" content=\"summary_large_image\" \/>\n<script type=\"application\/ld+json\" class=\"yoast-schema-graph\">{\"@context\":\"https:\/\/schema.org\",\"@graph\":[{\"@type\":\"WebPage\",\"@id\":\"https:\/\/librairie7l.com\/en\/produit\/magma-1\/\",\"url\":\"https:\/\/librairie7l.com\/en\/produit\/magma-1\/\",\"name\":\"MAGMA N.1 - Librairie 7L\",\"isPartOf\":{\"@id\":\"https:\/\/librairie7l.com\/en\/#website\"},\"datePublished\":\"2023-09-19T12:27:32+00:00\",\"dateModified\":\"2026-04-08T16:06:32+00:00\",\"breadcrumb\":{\"@id\":\"https:\/\/librairie7l.com\/en\/produit\/magma-1\/#breadcrumb\"},\"inLanguage\":\"en-US\",\"potentialAction\":[{\"@type\":\"ReadAction\",\"target\":[\"https:\/\/librairie7l.com\/en\/produit\/magma-1\/\"]}]},{\"@type\":\"BreadcrumbList\",\"@id\":\"https:\/\/librairie7l.com\/en\/produit\/magma-1\/#breadcrumb\",\"itemListElement\":[{\"@type\":\"ListItem\",\"position\":1,\"name\":\"Accueil\",\"item\":\"https:\/\/librairie7l.com\/en\/\"},{\"@type\":\"ListItem\",\"position\":2,\"name\":\"Shop\",\"item\":\"https:\/\/librairie7l.com\/en\/shop\/\"},{\"@type\":\"ListItem\",\"position\":3,\"name\":\"MAGMA N.1\"}]},{\"@type\":\"WebSite\",\"@id\":\"https:\/\/librairie7l.com\/en\/#website\",\"url\":\"https:\/\/librairie7l.com\/en\/\",\"name\":\"Librairie 7L\",\"description\":\"Librairie fond\u00e9e en 1999 par Karl Lagerfeld \u00e0 Paris\",\"publisher\":{\"@id\":\"https:\/\/librairie7l.com\/en\/#organization\"},\"potentialAction\":[{\"@type\":\"SearchAction\",\"target\":{\"@type\":\"EntryPoint\",\"urlTemplate\":\"https:\/\/librairie7l.com\/en\/?s={search_term_string}\"},\"query-input\":\"required name=search_term_string\"}],\"inLanguage\":\"en-US\"},{\"@type\":\"Organization\",\"@id\":\"https:\/\/librairie7l.com\/en\/#organization\",\"name\":\"Librairie 7L\",\"url\":\"https:\/\/librairie7l.com\/en\/\",\"logo\":{\"@type\":\"ImageObject\",\"inLanguage\":\"en-US\",\"@id\":\"https:\/\/librairie7l.com\/en\/#\/schema\/logo\/image\/\",\"url\":\"https:\/\/librairie7l.com\/wp-content\/uploads\/2022\/08\/logo-1.png\",\"contentUrl\":\"https:\/\/librairie7l.com\/wp-content\/uploads\/2022\/08\/logo-1.png\",\"width\":227,\"height\":301,\"caption\":\"Librairie 7L\"},\"image\":{\"@id\":\"https:\/\/librairie7l.com\/en\/#\/schema\/logo\/image\/\"}}]}<\/script>\n<!-- \/ Yoast SEO plugin. -->","yoast_head_json":{"title":"MAGMA N.1 - Librairie 7L","robots":{"index":"index","follow":"follow","max-snippet":"max-snippet:-1","max-image-preview":"max-image-preview:large","max-video-preview":"max-video-preview:-1"},"canonical":"https:\/\/librairie7l.com\/en\/produit\/magma-1\/","og_locale":"en_US","og_type":"article","og_title":"MAGMA N.1 - Librairie 7L","og_description":"Le premier num\u00e9ro de Magma, luxueuse publication annuelle grand format inspir\u00e9e par l&#8217;\u00e2ge d&#8217;or des revues d&#8217;art d&#8217;avant-garde du si\u00e8cle dernier, r\u00e9unit 18 artistes et pr\u00e9sente plus de 80 oeuvres et textes litt\u00e9raires originaux. Les artistes et les contributeurs ont particip\u00e9 activement \u00e0 la cr\u00e9ation de la publication, jusqu&#8217;\u00e0 la s\u00e9lection des visuels et \u00e0 [&hellip;]","og_url":"https:\/\/librairie7l.com\/en\/produit\/magma-1\/","og_site_name":"Librairie 7L","article_modified_time":"2026-04-08T16:06:32+00:00","og_image":[{"width":600,"height":809,"url":"https:\/\/librairie7l.com\/wp-content\/uploads\/2023\/09\/9782958724306_1_75.jpg","type":"image\/jpeg"}],"twitter_card":"summary_large_image","schema":{"@context":"https:\/\/schema.org","@graph":[{"@type":"WebPage","@id":"https:\/\/librairie7l.com\/en\/produit\/magma-1\/","url":"https:\/\/librairie7l.com\/en\/produit\/magma-1\/","name":"MAGMA N.1 - Librairie 7L","isPartOf":{"@id":"https:\/\/librairie7l.com\/en\/#website"},"datePublished":"2023-09-19T12:27:32+00:00","dateModified":"2026-04-08T16:06:32+00:00","breadcrumb":{"@id":"https:\/\/librairie7l.com\/en\/produit\/magma-1\/#breadcrumb"},"inLanguage":"en-US","potentialAction":[{"@type":"ReadAction","target":["https:\/\/librairie7l.com\/en\/produit\/magma-1\/"]}]},{"@type":"BreadcrumbList","@id":"https:\/\/librairie7l.com\/en\/produit\/magma-1\/#breadcrumb","itemListElement":[{"@type":"ListItem","position":1,"name":"Accueil","item":"https:\/\/librairie7l.com\/en\/"},{"@type":"ListItem","position":2,"name":"Shop","item":"https:\/\/librairie7l.com\/en\/shop\/"},{"@type":"ListItem","position":3,"name":"MAGMA N.1"}]},{"@type":"WebSite","@id":"https:\/\/librairie7l.com\/en\/#website","url":"https:\/\/librairie7l.com\/en\/","name":"Librairie 7L","description":"Librairie fond\u00e9e en 1999 par Karl Lagerfeld \u00e0 Paris","publisher":{"@id":"https:\/\/librairie7l.com\/en\/#organization"},"potentialAction":[{"@type":"SearchAction","target":{"@type":"EntryPoint","urlTemplate":"https:\/\/librairie7l.com\/en\/?s={search_term_string}"},"query-input":"required name=search_term_string"}],"inLanguage":"en-US"},{"@type":"Organization","@id":"https:\/\/librairie7l.com\/en\/#organization","name":"Librairie 7L","url":"https:\/\/librairie7l.com\/en\/","logo":{"@type":"ImageObject","inLanguage":"en-US","@id":"https:\/\/librairie7l.com\/en\/#\/schema\/logo\/image\/","url":"https:\/\/librairie7l.com\/wp-content\/uploads\/2022\/08\/logo-1.png","contentUrl":"https:\/\/librairie7l.com\/wp-content\/uploads\/2022\/08\/logo-1.png","width":227,"height":301,"caption":"Librairie 7L"},"image":{"@id":"https:\/\/librairie7l.com\/en\/#\/schema\/logo\/image\/"}}]}},"_links":{"self":[{"href":"https:\/\/librairie7l.com\/en\/wp-json\/wp\/v2\/product\/33851"}],"collection":[{"href":"https:\/\/librairie7l.com\/en\/wp-json\/wp\/v2\/product"}],"about":[{"href":"https:\/\/librairie7l.com\/en\/wp-json\/wp\/v2\/types\/product"}],"wp:featuredmedia":[{"embeddable":true,"href":"https:\/\/librairie7l.com\/en\/wp-json\/wp\/v2\/media\/33849"}],"wp:attachment":[{"href":"https:\/\/librairie7l.com\/en\/wp-json\/wp\/v2\/media?parent=33851"}],"wp:term":[{"taxonomy":"product_cat","embeddable":true,"href":"https:\/\/librairie7l.com\/en\/wp-json\/wp\/v2\/product_cat?post=33851"},{"taxonomy":"product_tag","embeddable":true,"href":"https:\/\/librairie7l.com\/en\/wp-json\/wp\/v2\/product_tag?post=33851"}],"curies":[{"name":"wp","href":"https:\/\/api.w.org\/{rel}","templated":true}]}}