{"id":33857,"date":"2023-09-19T14:33:44","date_gmt":"2023-09-19T12:33:44","guid":{"rendered":"https:\/\/librairie7l.com\/?post_type=product&#038;p=33857"},"modified":"2026-04-29T22:59:10","modified_gmt":"2026-04-29T20:59:10","slug":"sophie-taeuber-la-force-du-silence","status":"publish","type":"product","link":"https:\/\/librairie7l.com\/en\/produit\/sophie-taeuber-la-force-du-silence\/","title":{"rendered":"SOPHIE TAEUBER : LA FORCE DU SILENCE"},"content":{"rendered":"<p>Trop longtemps, Sophie Taeuber est rest\u00e9e dans l&#8217;ombre de son mari Jean Arp. Elle-m\u00eame ne parlait pas &#8211; ou bien peu &#8211; de son travail artistique, pourtant si singulier. Un paradoxe \u00e0 partir duquel le subtil portrait biographique qu&#8217;en donne \u00c9tienne Barilier s&#8217;attache \u00e0 saisir ce que son oeuvre a d&#8217;unique.<\/p>\n<p>Cette oeuvre, d&#8217;abord, efface la fronti\u00e8re entre \u00abbeaux-arts\u00bb et \u00abarts appliqu\u00e9s\u00bb pour s&#8217;incarner dans les formes les plus diverses (peinture, dessin, sculpture, architecture, d\u00e9coration d&#8217;int\u00e9rieur, tissages, collages, cr\u00e9ation de marionnettes, expression chor\u00e9graphique&#8230;). Ensuite, m\u00eame si elle peut \u00eatre qualifi\u00e9e d&#8217;abstraite, son abstraction ne proc\u00e8de pas d&#8217;un rejet du figuratif, et ne la coupe pas de l&#8217;univers des formes concr\u00e8tes.<\/p>\n<p>\u00c0 maints \u00e9gards donc, Sophie Taeuber r\u00e9siste \u00e9l\u00e9gamment aux tentatives de classification. Elle \u00e9volue en toute ind\u00e9pendance, sans se laisser asservir par les modes et les mouvements qui agitent l&#8217;art de son temps, mais sans non plus rester sourde au bruit et \u00e0 la fureur du monde. En r\u00e9ponse, elle leur oppose un silence, mais un silence fort, qui fait partie de son oeuvre, et de son myst\u00e8re.<\/p>\n","protected":false},"excerpt":{"rendered":"<p>Trop longtemps, Sophie Taeuber est rest\u00e9e dans l&#8217;ombre de son mari Jean Arp. Elle-m\u00eame ne parlait pas &#8211; ou bien peu &#8211; de son travail artistique, pourtant si singulier. Un paradoxe \u00e0 partir duquel le subtil portrait biographique qu&#8217;en donne \u00c9tienne Barilier s&#8217;attache \u00e0 saisir ce que son oeuvre a d&#8217;unique. Cette oeuvre, d&#8217;abord, efface [&hellip;]<\/p>\n","protected":false},"featured_media":33855,"template":"","meta":[],"product_cat":[2948,2953],"product_tag":[],"acf":[],"yoast_head":"<!-- This site is optimized with the Yoast SEO plugin v20.11 - https:\/\/yoast.com\/wordpress\/plugins\/seo\/ -->\n<title>SOPHIE TAEUBER : LA FORCE DU SILENCE - Librairie 7L<\/title>\n<meta name=\"robots\" content=\"index, follow, max-snippet:-1, max-image-preview:large, max-video-preview:-1\" \/>\n<link rel=\"canonical\" href=\"https:\/\/librairie7l.com\/en\/produit\/sophie-taeuber-la-force-du-silence\/\" \/>\n<meta property=\"og:locale\" content=\"en_US\" \/>\n<meta property=\"og:type\" content=\"article\" \/>\n<meta property=\"og:title\" content=\"SOPHIE TAEUBER : LA FORCE DU SILENCE - Librairie 7L\" \/>\n<meta property=\"og:description\" content=\"Trop longtemps, Sophie Taeuber est rest\u00e9e dans l&#8217;ombre de son mari Jean Arp. Elle-m\u00eame ne parlait pas &#8211; ou bien peu &#8211; de son travail artistique, pourtant si singulier. Un paradoxe \u00e0 partir duquel le subtil portrait biographique qu&#8217;en donne \u00c9tienne Barilier s&#8217;attache \u00e0 saisir ce que son oeuvre a d&#8217;unique. Cette oeuvre, d&#8217;abord, efface [&hellip;]\" \/>\n<meta property=\"og:url\" content=\"https:\/\/librairie7l.com\/en\/produit\/sophie-taeuber-la-force-du-silence\/\" \/>\n<meta property=\"og:site_name\" content=\"Librairie 7L\" \/>\n<meta property=\"article:modified_time\" content=\"2026-04-29T20:59:10+00:00\" \/>\n<meta property=\"og:image\" content=\"https:\/\/librairie7l.com\/wp-content\/uploads\/2022\/11\/9782889155149_1_75.jpg\" \/>\n\t<meta property=\"og:image:width\" content=\"600\" \/>\n\t<meta property=\"og:image:height\" content=\"887\" \/>\n\t<meta property=\"og:image:type\" content=\"image\/jpeg\" \/>\n<meta name=\"twitter:card\" content=\"summary_large_image\" \/>\n<meta name=\"twitter:label1\" content=\"Est. reading time\" \/>\n\t<meta name=\"twitter:data1\" content=\"1 minute\" \/>\n<script type=\"application\/ld+json\" class=\"yoast-schema-graph\">{\"@context\":\"https:\/\/schema.org\",\"@graph\":[{\"@type\":\"WebPage\",\"@id\":\"https:\/\/librairie7l.com\/en\/produit\/sophie-taeuber-la-force-du-silence\/\",\"url\":\"https:\/\/librairie7l.com\/en\/produit\/sophie-taeuber-la-force-du-silence\/\",\"name\":\"SOPHIE TAEUBER : LA FORCE DU SILENCE - Librairie 7L\",\"isPartOf\":{\"@id\":\"https:\/\/librairie7l.com\/en\/#website\"},\"datePublished\":\"2023-09-19T12:33:44+00:00\",\"dateModified\":\"2026-04-29T20:59:10+00:00\",\"breadcrumb\":{\"@id\":\"https:\/\/librairie7l.com\/en\/produit\/sophie-taeuber-la-force-du-silence\/#breadcrumb\"},\"inLanguage\":\"en-US\",\"potentialAction\":[{\"@type\":\"ReadAction\",\"target\":[\"https:\/\/librairie7l.com\/en\/produit\/sophie-taeuber-la-force-du-silence\/\"]}]},{\"@type\":\"BreadcrumbList\",\"@id\":\"https:\/\/librairie7l.com\/en\/produit\/sophie-taeuber-la-force-du-silence\/#breadcrumb\",\"itemListElement\":[{\"@type\":\"ListItem\",\"position\":1,\"name\":\"Accueil\",\"item\":\"https:\/\/librairie7l.com\/en\/\"},{\"@type\":\"ListItem\",\"position\":2,\"name\":\"Shop\",\"item\":\"https:\/\/librairie7l.com\/en\/shop\/\"},{\"@type\":\"ListItem\",\"position\":3,\"name\":\"SOPHIE TAEUBER : LA FORCE DU SILENCE\"}]},{\"@type\":\"WebSite\",\"@id\":\"https:\/\/librairie7l.com\/en\/#website\",\"url\":\"https:\/\/librairie7l.com\/en\/\",\"name\":\"Librairie 7L\",\"description\":\"Librairie fond\u00e9e en 1999 par Karl Lagerfeld \u00e0 Paris\",\"publisher\":{\"@id\":\"https:\/\/librairie7l.com\/en\/#organization\"},\"potentialAction\":[{\"@type\":\"SearchAction\",\"target\":{\"@type\":\"EntryPoint\",\"urlTemplate\":\"https:\/\/librairie7l.com\/en\/?s={search_term_string}\"},\"query-input\":\"required name=search_term_string\"}],\"inLanguage\":\"en-US\"},{\"@type\":\"Organization\",\"@id\":\"https:\/\/librairie7l.com\/en\/#organization\",\"name\":\"Librairie 7L\",\"url\":\"https:\/\/librairie7l.com\/en\/\",\"logo\":{\"@type\":\"ImageObject\",\"inLanguage\":\"en-US\",\"@id\":\"https:\/\/librairie7l.com\/en\/#\/schema\/logo\/image\/\",\"url\":\"https:\/\/librairie7l.com\/wp-content\/uploads\/2022\/08\/logo-1.png\",\"contentUrl\":\"https:\/\/librairie7l.com\/wp-content\/uploads\/2022\/08\/logo-1.png\",\"width\":227,\"height\":301,\"caption\":\"Librairie 7L\"},\"image\":{\"@id\":\"https:\/\/librairie7l.com\/en\/#\/schema\/logo\/image\/\"}}]}<\/script>\n<!-- \/ Yoast SEO plugin. -->","yoast_head_json":{"title":"SOPHIE TAEUBER : LA FORCE DU SILENCE - Librairie 7L","robots":{"index":"index","follow":"follow","max-snippet":"max-snippet:-1","max-image-preview":"max-image-preview:large","max-video-preview":"max-video-preview:-1"},"canonical":"https:\/\/librairie7l.com\/en\/produit\/sophie-taeuber-la-force-du-silence\/","og_locale":"en_US","og_type":"article","og_title":"SOPHIE TAEUBER : LA FORCE DU SILENCE - Librairie 7L","og_description":"Trop longtemps, Sophie Taeuber est rest\u00e9e dans l&#8217;ombre de son mari Jean Arp. Elle-m\u00eame ne parlait pas &#8211; ou bien peu &#8211; de son travail artistique, pourtant si singulier. Un paradoxe \u00e0 partir duquel le subtil portrait biographique qu&#8217;en donne \u00c9tienne Barilier s&#8217;attache \u00e0 saisir ce que son oeuvre a d&#8217;unique. Cette oeuvre, d&#8217;abord, efface [&hellip;]","og_url":"https:\/\/librairie7l.com\/en\/produit\/sophie-taeuber-la-force-du-silence\/","og_site_name":"Librairie 7L","article_modified_time":"2026-04-29T20:59:10+00:00","og_image":[{"width":600,"height":887,"url":"https:\/\/librairie7l.com\/wp-content\/uploads\/2022\/11\/9782889155149_1_75.jpg","type":"image\/jpeg"}],"twitter_card":"summary_large_image","twitter_misc":{"Est. reading time":"1 minute"},"schema":{"@context":"https:\/\/schema.org","@graph":[{"@type":"WebPage","@id":"https:\/\/librairie7l.com\/en\/produit\/sophie-taeuber-la-force-du-silence\/","url":"https:\/\/librairie7l.com\/en\/produit\/sophie-taeuber-la-force-du-silence\/","name":"SOPHIE TAEUBER : LA FORCE DU SILENCE - Librairie 7L","isPartOf":{"@id":"https:\/\/librairie7l.com\/en\/#website"},"datePublished":"2023-09-19T12:33:44+00:00","dateModified":"2026-04-29T20:59:10+00:00","breadcrumb":{"@id":"https:\/\/librairie7l.com\/en\/produit\/sophie-taeuber-la-force-du-silence\/#breadcrumb"},"inLanguage":"en-US","potentialAction":[{"@type":"ReadAction","target":["https:\/\/librairie7l.com\/en\/produit\/sophie-taeuber-la-force-du-silence\/"]}]},{"@type":"BreadcrumbList","@id":"https:\/\/librairie7l.com\/en\/produit\/sophie-taeuber-la-force-du-silence\/#breadcrumb","itemListElement":[{"@type":"ListItem","position":1,"name":"Accueil","item":"https:\/\/librairie7l.com\/en\/"},{"@type":"ListItem","position":2,"name":"Shop","item":"https:\/\/librairie7l.com\/en\/shop\/"},{"@type":"ListItem","position":3,"name":"SOPHIE TAEUBER : LA FORCE DU SILENCE"}]},{"@type":"WebSite","@id":"https:\/\/librairie7l.com\/en\/#website","url":"https:\/\/librairie7l.com\/en\/","name":"Librairie 7L","description":"Librairie fond\u00e9e en 1999 par Karl Lagerfeld \u00e0 Paris","publisher":{"@id":"https:\/\/librairie7l.com\/en\/#organization"},"potentialAction":[{"@type":"SearchAction","target":{"@type":"EntryPoint","urlTemplate":"https:\/\/librairie7l.com\/en\/?s={search_term_string}"},"query-input":"required name=search_term_string"}],"inLanguage":"en-US"},{"@type":"Organization","@id":"https:\/\/librairie7l.com\/en\/#organization","name":"Librairie 7L","url":"https:\/\/librairie7l.com\/en\/","logo":{"@type":"ImageObject","inLanguage":"en-US","@id":"https:\/\/librairie7l.com\/en\/#\/schema\/logo\/image\/","url":"https:\/\/librairie7l.com\/wp-content\/uploads\/2022\/08\/logo-1.png","contentUrl":"https:\/\/librairie7l.com\/wp-content\/uploads\/2022\/08\/logo-1.png","width":227,"height":301,"caption":"Librairie 7L"},"image":{"@id":"https:\/\/librairie7l.com\/en\/#\/schema\/logo\/image\/"}}]}},"_links":{"self":[{"href":"https:\/\/librairie7l.com\/en\/wp-json\/wp\/v2\/product\/33857"}],"collection":[{"href":"https:\/\/librairie7l.com\/en\/wp-json\/wp\/v2\/product"}],"about":[{"href":"https:\/\/librairie7l.com\/en\/wp-json\/wp\/v2\/types\/product"}],"wp:featuredmedia":[{"embeddable":true,"href":"https:\/\/librairie7l.com\/en\/wp-json\/wp\/v2\/media\/33855"}],"wp:attachment":[{"href":"https:\/\/librairie7l.com\/en\/wp-json\/wp\/v2\/media?parent=33857"}],"wp:term":[{"taxonomy":"product_cat","embeddable":true,"href":"https:\/\/librairie7l.com\/en\/wp-json\/wp\/v2\/product_cat?post=33857"},{"taxonomy":"product_tag","embeddable":true,"href":"https:\/\/librairie7l.com\/en\/wp-json\/wp\/v2\/product_tag?post=33857"}],"curies":[{"name":"wp","href":"https:\/\/api.w.org\/{rel}","templated":true}]}}