{"id":33877,"date":"2023-09-19T14:44:48","date_gmt":"2023-09-19T12:44:48","guid":{"rendered":"https:\/\/librairie7l.com\/?post_type=product&#038;p=33877"},"modified":"2026-04-08T20:40:07","modified_gmt":"2026-04-08T18:40:07","slug":"le-mobilier-de-versailles","status":"publish","type":"product","link":"https:\/\/librairie7l.com\/en\/produit\/le-mobilier-de-versailles\/","title":{"rendered":"LE MOBILIER DE VERSAILLES"},"content":{"rendered":"<p>Versailles ne fut pas au XIXe si\u00e8cle comme sous l&#8217;Ancien R\u00e9gime la r\u00e9sidence des rois ni le si\u00e8ge du gouvernement.<br \/>\nLe ch\u00e2teau devint un mus\u00e9e alors que les Trianons furent \u00e0 nouveau habit\u00e9s par les souverains et leur famille sous le premier Empire, la Restauration et la monarchie de Juillet. Il en r\u00e9sulta d&#8217;importants am\u00e9nagements mobiliers dont la qualit\u00e9 est souvent ignor\u00e9e. Ce livre est la suite de l&#8217;ouvrage en deux volumes sur le mobilier des XVIIe et XVIIIe si\u00e8cles paru pr\u00e9c\u00e9demment. Avec plus de trois cents illustrations, il a fait l&#8217;objet d&#8217;une campagne photographique in\u00e9dite.<br \/>\nPierre Arizzoli-Cl\u00e9mentel et Jean-Pierre Samoyault proposent une description parfaitement document\u00e9e de cent soixante dix-huit meubles ou ensembles conserv\u00e9s \u00e0 Versailles et aux Trianons ; chefs-d&#8217;oeuvre de l&#8217;histoire du mobilier &#8211; \u00e0 l&#8217;exemple des meubles r\u00e9alis\u00e9s avec les malachites offertes par Alexandre I \u00e0 Napol\u00e9on ou du cabinet-secr\u00e9taire en porcelaine de S\u00e8vres cr\u00e9\u00e9 \u00e0 la gloire de Versailles &#8211; ou t\u00e9moins de l&#8217;intimit\u00e9 des souverains &#8211; comme le m\u00e9tier \u00e0 broder de l&#8217;imp\u00e9ratrice Marie-Louise ou les tables du salon de famille de Louis-Philippe -, ils r\u00e9v\u00e8lent la richesse et la diversit\u00e9 de l&#8217;ameublement de Versailles au XIXe si\u00e8cle.<\/p>\n","protected":false},"excerpt":{"rendered":"<p>Versailles ne fut pas au XIXe si\u00e8cle comme sous l&#8217;Ancien R\u00e9gime la r\u00e9sidence des rois ni le si\u00e8ge du gouvernement. Le ch\u00e2teau devint un mus\u00e9e alors que les Trianons furent \u00e0 nouveau habit\u00e9s par les souverains et leur famille sous le premier Empire, la Restauration et la monarchie de Juillet. Il en r\u00e9sulta d&#8217;importants am\u00e9nagements [&hellip;]<\/p>\n","protected":false},"featured_media":33875,"template":"","meta":[],"product_cat":[2948,2952],"product_tag":[],"acf":[],"yoast_head":"<!-- This site is optimized with the Yoast SEO plugin v20.11 - https:\/\/yoast.com\/wordpress\/plugins\/seo\/ -->\n<title>LE MOBILIER DE VERSAILLES - Librairie 7L<\/title>\n<meta name=\"robots\" content=\"index, follow, max-snippet:-1, max-image-preview:large, max-video-preview:-1\" \/>\n<link rel=\"canonical\" href=\"https:\/\/librairie7l.com\/en\/produit\/le-mobilier-de-versailles\/\" \/>\n<meta property=\"og:locale\" content=\"en_US\" \/>\n<meta property=\"og:type\" content=\"article\" \/>\n<meta property=\"og:title\" content=\"LE MOBILIER DE VERSAILLES - Librairie 7L\" \/>\n<meta property=\"og:description\" content=\"Versailles ne fut pas au XIXe si\u00e8cle comme sous l&#8217;Ancien R\u00e9gime la r\u00e9sidence des rois ni le si\u00e8ge du gouvernement. Le ch\u00e2teau devint un mus\u00e9e alors que les Trianons furent \u00e0 nouveau habit\u00e9s par les souverains et leur famille sous le premier Empire, la Restauration et la monarchie de Juillet. Il en r\u00e9sulta d&#8217;importants am\u00e9nagements [&hellip;]\" \/>\n<meta property=\"og:url\" content=\"https:\/\/librairie7l.com\/en\/produit\/le-mobilier-de-versailles\/\" \/>\n<meta property=\"og:site_name\" content=\"Librairie 7L\" \/>\n<meta property=\"article:modified_time\" content=\"2026-04-08T18:40:07+00:00\" \/>\n<meta property=\"og:image\" content=\"https:\/\/librairie7l.com\/wp-content\/uploads\/2009\/09\/9782878441215_1_75.jpg\" \/>\n\t<meta property=\"og:image:width\" content=\"636\" \/>\n\t<meta property=\"og:image:height\" content=\"874\" \/>\n\t<meta property=\"og:image:type\" content=\"image\/jpeg\" \/>\n<meta name=\"twitter:card\" content=\"summary_large_image\" \/>\n<meta name=\"twitter:label1\" content=\"Est. reading time\" \/>\n\t<meta name=\"twitter:data1\" content=\"1 minute\" \/>\n<script type=\"application\/ld+json\" class=\"yoast-schema-graph\">{\"@context\":\"https:\/\/schema.org\",\"@graph\":[{\"@type\":\"WebPage\",\"@id\":\"https:\/\/librairie7l.com\/en\/produit\/le-mobilier-de-versailles\/\",\"url\":\"https:\/\/librairie7l.com\/en\/produit\/le-mobilier-de-versailles\/\",\"name\":\"LE MOBILIER DE VERSAILLES - Librairie 7L\",\"isPartOf\":{\"@id\":\"https:\/\/librairie7l.com\/en\/#website\"},\"datePublished\":\"2023-09-19T12:44:48+00:00\",\"dateModified\":\"2026-04-08T18:40:07+00:00\",\"breadcrumb\":{\"@id\":\"https:\/\/librairie7l.com\/en\/produit\/le-mobilier-de-versailles\/#breadcrumb\"},\"inLanguage\":\"en-US\",\"potentialAction\":[{\"@type\":\"ReadAction\",\"target\":[\"https:\/\/librairie7l.com\/en\/produit\/le-mobilier-de-versailles\/\"]}]},{\"@type\":\"BreadcrumbList\",\"@id\":\"https:\/\/librairie7l.com\/en\/produit\/le-mobilier-de-versailles\/#breadcrumb\",\"itemListElement\":[{\"@type\":\"ListItem\",\"position\":1,\"name\":\"Accueil\",\"item\":\"https:\/\/librairie7l.com\/en\/\"},{\"@type\":\"ListItem\",\"position\":2,\"name\":\"Shop\",\"item\":\"https:\/\/librairie7l.com\/en\/shop\/\"},{\"@type\":\"ListItem\",\"position\":3,\"name\":\"LE MOBILIER DE VERSAILLES\"}]},{\"@type\":\"WebSite\",\"@id\":\"https:\/\/librairie7l.com\/en\/#website\",\"url\":\"https:\/\/librairie7l.com\/en\/\",\"name\":\"Librairie 7L\",\"description\":\"Librairie fond\u00e9e en 1999 par Karl Lagerfeld \u00e0 Paris\",\"publisher\":{\"@id\":\"https:\/\/librairie7l.com\/en\/#organization\"},\"potentialAction\":[{\"@type\":\"SearchAction\",\"target\":{\"@type\":\"EntryPoint\",\"urlTemplate\":\"https:\/\/librairie7l.com\/en\/?s={search_term_string}\"},\"query-input\":\"required name=search_term_string\"}],\"inLanguage\":\"en-US\"},{\"@type\":\"Organization\",\"@id\":\"https:\/\/librairie7l.com\/en\/#organization\",\"name\":\"Librairie 7L\",\"url\":\"https:\/\/librairie7l.com\/en\/\",\"logo\":{\"@type\":\"ImageObject\",\"inLanguage\":\"en-US\",\"@id\":\"https:\/\/librairie7l.com\/en\/#\/schema\/logo\/image\/\",\"url\":\"https:\/\/librairie7l.com\/wp-content\/uploads\/2022\/08\/logo-1.png\",\"contentUrl\":\"https:\/\/librairie7l.com\/wp-content\/uploads\/2022\/08\/logo-1.png\",\"width\":227,\"height\":301,\"caption\":\"Librairie 7L\"},\"image\":{\"@id\":\"https:\/\/librairie7l.com\/en\/#\/schema\/logo\/image\/\"}}]}<\/script>\n<!-- \/ Yoast SEO plugin. -->","yoast_head_json":{"title":"LE MOBILIER DE VERSAILLES - Librairie 7L","robots":{"index":"index","follow":"follow","max-snippet":"max-snippet:-1","max-image-preview":"max-image-preview:large","max-video-preview":"max-video-preview:-1"},"canonical":"https:\/\/librairie7l.com\/en\/produit\/le-mobilier-de-versailles\/","og_locale":"en_US","og_type":"article","og_title":"LE MOBILIER DE VERSAILLES - Librairie 7L","og_description":"Versailles ne fut pas au XIXe si\u00e8cle comme sous l&#8217;Ancien R\u00e9gime la r\u00e9sidence des rois ni le si\u00e8ge du gouvernement. Le ch\u00e2teau devint un mus\u00e9e alors que les Trianons furent \u00e0 nouveau habit\u00e9s par les souverains et leur famille sous le premier Empire, la Restauration et la monarchie de Juillet. Il en r\u00e9sulta d&#8217;importants am\u00e9nagements [&hellip;]","og_url":"https:\/\/librairie7l.com\/en\/produit\/le-mobilier-de-versailles\/","og_site_name":"Librairie 7L","article_modified_time":"2026-04-08T18:40:07+00:00","og_image":[{"width":636,"height":874,"url":"https:\/\/librairie7l.com\/wp-content\/uploads\/2009\/09\/9782878441215_1_75.jpg","type":"image\/jpeg"}],"twitter_card":"summary_large_image","twitter_misc":{"Est. reading time":"1 minute"},"schema":{"@context":"https:\/\/schema.org","@graph":[{"@type":"WebPage","@id":"https:\/\/librairie7l.com\/en\/produit\/le-mobilier-de-versailles\/","url":"https:\/\/librairie7l.com\/en\/produit\/le-mobilier-de-versailles\/","name":"LE MOBILIER DE VERSAILLES - Librairie 7L","isPartOf":{"@id":"https:\/\/librairie7l.com\/en\/#website"},"datePublished":"2023-09-19T12:44:48+00:00","dateModified":"2026-04-08T18:40:07+00:00","breadcrumb":{"@id":"https:\/\/librairie7l.com\/en\/produit\/le-mobilier-de-versailles\/#breadcrumb"},"inLanguage":"en-US","potentialAction":[{"@type":"ReadAction","target":["https:\/\/librairie7l.com\/en\/produit\/le-mobilier-de-versailles\/"]}]},{"@type":"BreadcrumbList","@id":"https:\/\/librairie7l.com\/en\/produit\/le-mobilier-de-versailles\/#breadcrumb","itemListElement":[{"@type":"ListItem","position":1,"name":"Accueil","item":"https:\/\/librairie7l.com\/en\/"},{"@type":"ListItem","position":2,"name":"Shop","item":"https:\/\/librairie7l.com\/en\/shop\/"},{"@type":"ListItem","position":3,"name":"LE MOBILIER DE VERSAILLES"}]},{"@type":"WebSite","@id":"https:\/\/librairie7l.com\/en\/#website","url":"https:\/\/librairie7l.com\/en\/","name":"Librairie 7L","description":"Librairie fond\u00e9e en 1999 par Karl Lagerfeld \u00e0 Paris","publisher":{"@id":"https:\/\/librairie7l.com\/en\/#organization"},"potentialAction":[{"@type":"SearchAction","target":{"@type":"EntryPoint","urlTemplate":"https:\/\/librairie7l.com\/en\/?s={search_term_string}"},"query-input":"required name=search_term_string"}],"inLanguage":"en-US"},{"@type":"Organization","@id":"https:\/\/librairie7l.com\/en\/#organization","name":"Librairie 7L","url":"https:\/\/librairie7l.com\/en\/","logo":{"@type":"ImageObject","inLanguage":"en-US","@id":"https:\/\/librairie7l.com\/en\/#\/schema\/logo\/image\/","url":"https:\/\/librairie7l.com\/wp-content\/uploads\/2022\/08\/logo-1.png","contentUrl":"https:\/\/librairie7l.com\/wp-content\/uploads\/2022\/08\/logo-1.png","width":227,"height":301,"caption":"Librairie 7L"},"image":{"@id":"https:\/\/librairie7l.com\/en\/#\/schema\/logo\/image\/"}}]}},"_links":{"self":[{"href":"https:\/\/librairie7l.com\/en\/wp-json\/wp\/v2\/product\/33877"}],"collection":[{"href":"https:\/\/librairie7l.com\/en\/wp-json\/wp\/v2\/product"}],"about":[{"href":"https:\/\/librairie7l.com\/en\/wp-json\/wp\/v2\/types\/product"}],"wp:featuredmedia":[{"embeddable":true,"href":"https:\/\/librairie7l.com\/en\/wp-json\/wp\/v2\/media\/33875"}],"wp:attachment":[{"href":"https:\/\/librairie7l.com\/en\/wp-json\/wp\/v2\/media?parent=33877"}],"wp:term":[{"taxonomy":"product_cat","embeddable":true,"href":"https:\/\/librairie7l.com\/en\/wp-json\/wp\/v2\/product_cat?post=33877"},{"taxonomy":"product_tag","embeddable":true,"href":"https:\/\/librairie7l.com\/en\/wp-json\/wp\/v2\/product_tag?post=33877"}],"curies":[{"name":"wp","href":"https:\/\/api.w.org\/{rel}","templated":true}]}}