{"id":33881,"date":"2023-09-19T14:45:08","date_gmt":"2023-09-19T12:45:08","guid":{"rendered":"https:\/\/librairie7l.com\/?post_type=product&#038;p=33881"},"modified":"2026-04-05T21:56:25","modified_gmt":"2026-04-05T19:56:25","slug":"dior","status":"publish","type":"product","link":"https:\/\/librairie7l.com\/en\/produit\/dior\/","title":{"rendered":"DIOR"},"content":{"rendered":"<p>Ce livre 100% Christian Dior est le seul ouvrage pr\u00e9sentant l&#8217;unique et magnifique \u00e9poque Dior.<\/p>\n<p> Ensuite la marque est pass\u00e9e de groupe en groupe avec de nouveaux stylistes.<br \/>\nIl aura suffi de dix ans pour que Christian Dior prenne place parmi les cinq personnes les plus connues au monde. Le 12 f\u00e9vrier 1947, Christian Dior pr\u00e9sentait sa premi\u00e8re collection. Le New Look \u00e9tait n\u00e9 qui offrait \u00e0 la femme, au sortir de la guerre, les d\u00e9lices d&#8217;une silhouette d\u00e9licatement f\u00e9minine v\u00eatue d&#8217;interminables m\u00e9trages de riches \u00e9toffes. Le g\u00e9nie de Christian Dior tient sans nul doute \u00e0 son amour de la femme, qu&#8217;il habilla peu \u00e0 peu de la t\u00eate au pied, \u00e0 son exigence d&#8217;un travail parfait rarement \u00e9gal\u00e9, \u00e0 son intuitive compr\u00e9hension de l&#8217;\u00e9poque dont il pr\u00e9c\u00e9dait les d\u00e9sirs. Dior prit tr\u00e8s vite l&#8217;ampleur qu&#8217;on lui conna\u00eet aujourd&#8217;hui et qui reste la griffe parisienne de la Haute couture par excellence. Ce livre se veut l&#8217;image m\u00eame d&#8217;une l\u00e9gende dont Fran\u00e7oise Giroud, d&#8217;une plume vive et cursive, nous relate l&#8217;\u00e9tonnante histoire.<\/p>\n","protected":false},"excerpt":{"rendered":"<p>Ce livre 100% Christian Dior est le seul ouvrage pr\u00e9sentant l&#8217;unique et magnifique \u00e9poque Dior. Ensuite la marque est pass\u00e9e de groupe en groupe avec de nouveaux stylistes. Il aura suffi de dix ans pour que Christian Dior prenne place parmi les cinq personnes les plus connues au monde. Le 12 f\u00e9vrier 1947, Christian Dior [&hellip;]<\/p>\n","protected":false},"featured_media":33879,"template":"","meta":[],"product_cat":[2948,2957],"product_tag":[],"acf":[],"yoast_head":"<!-- This site is optimized with the Yoast SEO plugin v20.11 - https:\/\/yoast.com\/wordpress\/plugins\/seo\/ -->\n<title>DIOR - Librairie 7L<\/title>\n<meta name=\"robots\" content=\"index, follow, max-snippet:-1, max-image-preview:large, max-video-preview:-1\" \/>\n<link rel=\"canonical\" href=\"https:\/\/librairie7l.com\/en\/produit\/dior\/\" \/>\n<meta property=\"og:locale\" content=\"en_US\" \/>\n<meta property=\"og:type\" content=\"article\" \/>\n<meta property=\"og:title\" content=\"DIOR - Librairie 7L\" \/>\n<meta property=\"og:description\" content=\"Ce livre 100% Christian Dior est le seul ouvrage pr\u00e9sentant l&#8217;unique et magnifique \u00e9poque Dior. Ensuite la marque est pass\u00e9e de groupe en groupe avec de nouveaux stylistes. Il aura suffi de dix ans pour que Christian Dior prenne place parmi les cinq personnes les plus connues au monde. Le 12 f\u00e9vrier 1947, Christian Dior [&hellip;]\" \/>\n<meta property=\"og:url\" content=\"https:\/\/librairie7l.com\/en\/produit\/dior\/\" \/>\n<meta property=\"og:site_name\" content=\"Librairie 7L\" \/>\n<meta property=\"article:modified_time\" content=\"2026-04-05T19:56:25+00:00\" \/>\n<meta property=\"og:image\" content=\"https:\/\/librairie7l.com\/wp-content\/uploads\/2017\/03\/9782841053650_1_75.jpg\" \/>\n\t<meta property=\"og:image:width\" content=\"600\" \/>\n\t<meta property=\"og:image:height\" content=\"805\" \/>\n\t<meta property=\"og:image:type\" content=\"image\/jpeg\" \/>\n<meta name=\"twitter:card\" content=\"summary_large_image\" \/>\n<meta name=\"twitter:label1\" content=\"Est. reading time\" \/>\n\t<meta name=\"twitter:data1\" content=\"1 minute\" \/>\n<script type=\"application\/ld+json\" class=\"yoast-schema-graph\">{\"@context\":\"https:\/\/schema.org\",\"@graph\":[{\"@type\":\"WebPage\",\"@id\":\"https:\/\/librairie7l.com\/en\/produit\/dior\/\",\"url\":\"https:\/\/librairie7l.com\/en\/produit\/dior\/\",\"name\":\"DIOR - Librairie 7L\",\"isPartOf\":{\"@id\":\"https:\/\/librairie7l.com\/en\/#website\"},\"datePublished\":\"2023-09-19T12:45:08+00:00\",\"dateModified\":\"2026-04-05T19:56:25+00:00\",\"breadcrumb\":{\"@id\":\"https:\/\/librairie7l.com\/en\/produit\/dior\/#breadcrumb\"},\"inLanguage\":\"en-US\",\"potentialAction\":[{\"@type\":\"ReadAction\",\"target\":[\"https:\/\/librairie7l.com\/en\/produit\/dior\/\"]}]},{\"@type\":\"BreadcrumbList\",\"@id\":\"https:\/\/librairie7l.com\/en\/produit\/dior\/#breadcrumb\",\"itemListElement\":[{\"@type\":\"ListItem\",\"position\":1,\"name\":\"Accueil\",\"item\":\"https:\/\/librairie7l.com\/en\/\"},{\"@type\":\"ListItem\",\"position\":2,\"name\":\"Shop\",\"item\":\"https:\/\/librairie7l.com\/en\/shop\/\"},{\"@type\":\"ListItem\",\"position\":3,\"name\":\"DIOR\"}]},{\"@type\":\"WebSite\",\"@id\":\"https:\/\/librairie7l.com\/en\/#website\",\"url\":\"https:\/\/librairie7l.com\/en\/\",\"name\":\"Librairie 7L\",\"description\":\"Librairie fond\u00e9e en 1999 par Karl Lagerfeld \u00e0 Paris\",\"publisher\":{\"@id\":\"https:\/\/librairie7l.com\/en\/#organization\"},\"potentialAction\":[{\"@type\":\"SearchAction\",\"target\":{\"@type\":\"EntryPoint\",\"urlTemplate\":\"https:\/\/librairie7l.com\/en\/?s={search_term_string}\"},\"query-input\":\"required name=search_term_string\"}],\"inLanguage\":\"en-US\"},{\"@type\":\"Organization\",\"@id\":\"https:\/\/librairie7l.com\/en\/#organization\",\"name\":\"Librairie 7L\",\"url\":\"https:\/\/librairie7l.com\/en\/\",\"logo\":{\"@type\":\"ImageObject\",\"inLanguage\":\"en-US\",\"@id\":\"https:\/\/librairie7l.com\/en\/#\/schema\/logo\/image\/\",\"url\":\"https:\/\/librairie7l.com\/wp-content\/uploads\/2022\/08\/logo-1.png\",\"contentUrl\":\"https:\/\/librairie7l.com\/wp-content\/uploads\/2022\/08\/logo-1.png\",\"width\":227,\"height\":301,\"caption\":\"Librairie 7L\"},\"image\":{\"@id\":\"https:\/\/librairie7l.com\/en\/#\/schema\/logo\/image\/\"}}]}<\/script>\n<!-- \/ Yoast SEO plugin. -->","yoast_head_json":{"title":"DIOR - Librairie 7L","robots":{"index":"index","follow":"follow","max-snippet":"max-snippet:-1","max-image-preview":"max-image-preview:large","max-video-preview":"max-video-preview:-1"},"canonical":"https:\/\/librairie7l.com\/en\/produit\/dior\/","og_locale":"en_US","og_type":"article","og_title":"DIOR - Librairie 7L","og_description":"Ce livre 100% Christian Dior est le seul ouvrage pr\u00e9sentant l&#8217;unique et magnifique \u00e9poque Dior. Ensuite la marque est pass\u00e9e de groupe en groupe avec de nouveaux stylistes. Il aura suffi de dix ans pour que Christian Dior prenne place parmi les cinq personnes les plus connues au monde. Le 12 f\u00e9vrier 1947, Christian Dior [&hellip;]","og_url":"https:\/\/librairie7l.com\/en\/produit\/dior\/","og_site_name":"Librairie 7L","article_modified_time":"2026-04-05T19:56:25+00:00","og_image":[{"width":600,"height":805,"url":"https:\/\/librairie7l.com\/wp-content\/uploads\/2017\/03\/9782841053650_1_75.jpg","type":"image\/jpeg"}],"twitter_card":"summary_large_image","twitter_misc":{"Est. reading time":"1 minute"},"schema":{"@context":"https:\/\/schema.org","@graph":[{"@type":"WebPage","@id":"https:\/\/librairie7l.com\/en\/produit\/dior\/","url":"https:\/\/librairie7l.com\/en\/produit\/dior\/","name":"DIOR - Librairie 7L","isPartOf":{"@id":"https:\/\/librairie7l.com\/en\/#website"},"datePublished":"2023-09-19T12:45:08+00:00","dateModified":"2026-04-05T19:56:25+00:00","breadcrumb":{"@id":"https:\/\/librairie7l.com\/en\/produit\/dior\/#breadcrumb"},"inLanguage":"en-US","potentialAction":[{"@type":"ReadAction","target":["https:\/\/librairie7l.com\/en\/produit\/dior\/"]}]},{"@type":"BreadcrumbList","@id":"https:\/\/librairie7l.com\/en\/produit\/dior\/#breadcrumb","itemListElement":[{"@type":"ListItem","position":1,"name":"Accueil","item":"https:\/\/librairie7l.com\/en\/"},{"@type":"ListItem","position":2,"name":"Shop","item":"https:\/\/librairie7l.com\/en\/shop\/"},{"@type":"ListItem","position":3,"name":"DIOR"}]},{"@type":"WebSite","@id":"https:\/\/librairie7l.com\/en\/#website","url":"https:\/\/librairie7l.com\/en\/","name":"Librairie 7L","description":"Librairie fond\u00e9e en 1999 par Karl Lagerfeld \u00e0 Paris","publisher":{"@id":"https:\/\/librairie7l.com\/en\/#organization"},"potentialAction":[{"@type":"SearchAction","target":{"@type":"EntryPoint","urlTemplate":"https:\/\/librairie7l.com\/en\/?s={search_term_string}"},"query-input":"required name=search_term_string"}],"inLanguage":"en-US"},{"@type":"Organization","@id":"https:\/\/librairie7l.com\/en\/#organization","name":"Librairie 7L","url":"https:\/\/librairie7l.com\/en\/","logo":{"@type":"ImageObject","inLanguage":"en-US","@id":"https:\/\/librairie7l.com\/en\/#\/schema\/logo\/image\/","url":"https:\/\/librairie7l.com\/wp-content\/uploads\/2022\/08\/logo-1.png","contentUrl":"https:\/\/librairie7l.com\/wp-content\/uploads\/2022\/08\/logo-1.png","width":227,"height":301,"caption":"Librairie 7L"},"image":{"@id":"https:\/\/librairie7l.com\/en\/#\/schema\/logo\/image\/"}}]}},"_links":{"self":[{"href":"https:\/\/librairie7l.com\/en\/wp-json\/wp\/v2\/product\/33881"}],"collection":[{"href":"https:\/\/librairie7l.com\/en\/wp-json\/wp\/v2\/product"}],"about":[{"href":"https:\/\/librairie7l.com\/en\/wp-json\/wp\/v2\/types\/product"}],"wp:featuredmedia":[{"embeddable":true,"href":"https:\/\/librairie7l.com\/en\/wp-json\/wp\/v2\/media\/33879"}],"wp:attachment":[{"href":"https:\/\/librairie7l.com\/en\/wp-json\/wp\/v2\/media?parent=33881"}],"wp:term":[{"taxonomy":"product_cat","embeddable":true,"href":"https:\/\/librairie7l.com\/en\/wp-json\/wp\/v2\/product_cat?post=33881"},{"taxonomy":"product_tag","embeddable":true,"href":"https:\/\/librairie7l.com\/en\/wp-json\/wp\/v2\/product_tag?post=33881"}],"curies":[{"name":"wp","href":"https:\/\/api.w.org\/{rel}","templated":true}]}}