{"id":33913,"date":"2023-09-19T14:57:46","date_gmt":"2023-09-19T12:57:46","guid":{"rendered":"https:\/\/librairie7l.com\/?post_type=product&#038;p=33913"},"modified":"2026-04-24T01:17:22","modified_gmt":"2026-04-23T23:17:22","slug":"crafts-anthologie-contemporaine-pour-un-artisanat-de-demain","status":"publish","type":"product","link":"https:\/\/librairie7l.com\/en\/produit\/crafts-anthologie-contemporaine-pour-un-artisanat-de-demain\/","title":{"rendered":"CRAFTS ; ANTHOLOGIE CONTEMPORAINE POUR UN ARTISANAT DE DEMAIN"},"content":{"rendered":"<p>Source de fantasmes et d&#8217;espoirs comme de malentendus, le craft est depuis longtemps l&#8217;objet de d\u00e9bats qui n\u00e9cessitent aujourd&#8217;hui un \u00e9clairage critique et th\u00e9orique renouvel\u00e9 que le seul mot \u00ab artisanat \u00bb restreint parfois. Politiques, \u00e9cologiques, entrepreneuriales, humanitaires, patrimoniales, technologiques, \u00e9ducatives, etc., les formes du craft se sont \u00e9tendues, r\u00e9invent\u00e9es et complexi&amp;\u00e9es. Chacun, des craftivists aux makers, du folk craft au craft art, d&#8217;une nouvelle g\u00e9n\u00e9ration de cr\u00e9ateurs aux maisons de luxe, s&#8217;empare de ce domaine, bouleversant la tradition et ses codes souvent h\u00e9rit\u00e9s du pass\u00e9. Aux \u00c9tats-Unis, en Chine, en France, comme en Italie ou dans de nombreux autres pays comme le Br\u00e9sil, l&#8217;Afrique du Sud, la Tha\u00eflande, ces diff\u00e9rentes approches nous obligent \u00e0 prendre en compte de plus vastes questions articul\u00e9es autour de quatre th\u00e9matiques : AFFINIT\u00c9S aborde l&#8217;esprit collaboratif et la porosit\u00e9 entre les diff\u00e9rents domaines de la cr\u00e9ation et le craft ; CULTURES, les valeurs port\u00e9es par les artisans au-del\u00e0 de leurs savoir-faire ; \u00c9DUCATIONS, les exp\u00e9riences p\u00e9dagogiques innovantes qui renouvellent la transmission des savoirs ; \u00c9CONOMIES traite de la grande vari\u00e9t\u00e9 des mod\u00e8les \u00e9conomiques dans ce secteur aujourd&#8217;hui.<br \/>\nCette anthologie rassemble 65 textes des ann\u00e9es 1970 \u00e0 nos jours traitant de la question du craft, accompagn\u00e9s d&#8217;essais, de textes explicatifs et de bibliographies. Leurs auteurs, venus du monde entier, professionnels ou observateurs \u00e9clair\u00e9s, t\u00e9moignent de la richesse de leur exp\u00e9rience et de leurs r\u00e9;exions \u00e0 vis\u00e9e prospective.<br \/>\nTextes de Fabien Petiot, Chlo\u00e9 Braunstein-Kriegel, Andrea Branzi, Grace Lees-Maffei, Linda Sandino, Gloria Hickey, Jacques Anquetil, Nina Strizler-Levine, Garth Clark, Maria Elena Buszek, St\u00e9phane Sauzedde, Annick Colonna-C\u00e9sari, Emmanuel Barrois et Fr\u00e9d\u00e9rique Le Graverend, Dana Buntrock, Laura M. Richard, Wang Shu, Charlotte Benton, Teleri Lloyd-Jones, M\u00f2nica Gaspar, Marcus Fairs, Alice Rawsthorn, Peter Siegenthaler, Anne Jourdain, Paul Greenhalgh, Anthea Black et Nicole Burisch, Clara Mantica, Unfold, Toby Glanville, David Cam\u00e9o, Eriko Horiki et Blaine Brownell, Enzo Mari et Elvio Facchinelli, Stefano Micelli, Bruce Altschuler, Chunmei Li, Anneke Bokern, Herv\u00e9 Barbaret, Kajsa Borg, Glenn Adamson, Bruce Metcalf, Caroline Maniaque, Gr\u00e9goire Talon, Gerard C.J. Lynch, Patricia Woods, Teleri Lloyd-Jones, Namita Gupta Wiggers, Mary Douglas, Nicole Van Dijk, Patrick Bouchain, Penny Sparke, Serge Le Roux, Hugues Jacquet, Robin Mellery-Pratt, Guy Salter, Yuri Na et Michel Lamblin, Ruth Brewerton, Miguel Angel Gardetti et Subramanian Senthilkannan Muthu, Alberto Cavalli, Caroline Roux, Justin McGuirk, Jennifer Beamer, Anitra Nettleton, Eleanore Herring, Darrin Alfred, Daniel Nicolas, Jean-Marc Huygen, Sumanatsya Voharn&#8230;<\/p>\n","protected":false},"excerpt":{"rendered":"<p>Source de fantasmes et d&#8217;espoirs comme de malentendus, le craft est depuis longtemps l&#8217;objet de d\u00e9bats qui n\u00e9cessitent aujourd&#8217;hui un \u00e9clairage critique et th\u00e9orique renouvel\u00e9 que le seul mot \u00ab artisanat \u00bb restreint parfois. Politiques, \u00e9cologiques, entrepreneuriales, humanitaires, patrimoniales, technologiques, \u00e9ducatives, etc., les formes du craft se sont \u00e9tendues, r\u00e9invent\u00e9es et complexi&amp;\u00e9es. Chacun, des craftivists [&hellip;]<\/p>\n","protected":false},"featured_media":33911,"template":"","meta":[],"product_cat":[2948,2952],"product_tag":[],"acf":[],"yoast_head":"<!-- This site is optimized with the Yoast SEO plugin v20.11 - https:\/\/yoast.com\/wordpress\/plugins\/seo\/ -->\n<title>CRAFTS ; ANTHOLOGIE CONTEMPORAINE POUR UN ARTISANAT DE DEMAIN - Librairie 7L<\/title>\n<meta name=\"robots\" content=\"index, follow, max-snippet:-1, max-image-preview:large, max-video-preview:-1\" \/>\n<link rel=\"canonical\" href=\"https:\/\/librairie7l.com\/en\/produit\/crafts-anthologie-contemporaine-pour-un-artisanat-de-demain\/\" \/>\n<meta property=\"og:locale\" content=\"en_US\" \/>\n<meta property=\"og:type\" content=\"article\" \/>\n<meta property=\"og:title\" content=\"CRAFTS ; ANTHOLOGIE CONTEMPORAINE POUR UN ARTISANAT DE DEMAIN - Librairie 7L\" \/>\n<meta property=\"og:description\" content=\"Source de fantasmes et d&#8217;espoirs comme de malentendus, le craft est depuis longtemps l&#8217;objet de d\u00e9bats qui n\u00e9cessitent aujourd&#8217;hui un \u00e9clairage critique et th\u00e9orique renouvel\u00e9 que le seul mot \u00ab artisanat \u00bb restreint parfois. Politiques, \u00e9cologiques, entrepreneuriales, humanitaires, patrimoniales, technologiques, \u00e9ducatives, etc., les formes du craft se sont \u00e9tendues, r\u00e9invent\u00e9es et complexi&amp;\u00e9es. Chacun, des craftivists [&hellip;]\" \/>\n<meta property=\"og:url\" content=\"https:\/\/librairie7l.com\/en\/produit\/crafts-anthologie-contemporaine-pour-un-artisanat-de-demain\/\" \/>\n<meta property=\"og:site_name\" content=\"Librairie 7L\" \/>\n<meta property=\"article:modified_time\" content=\"2026-04-23T23:17:22+00:00\" \/>\n<meta property=\"og:image\" content=\"https:\/\/librairie7l.com\/wp-content\/uploads\/2018\/04\/9782376660064_1_75.jpg\" \/>\n\t<meta property=\"og:image:width\" content=\"600\" \/>\n\t<meta property=\"og:image:height\" content=\"841\" \/>\n\t<meta property=\"og:image:type\" content=\"image\/jpeg\" \/>\n<meta name=\"twitter:card\" content=\"summary_large_image\" \/>\n<meta name=\"twitter:label1\" content=\"Est. reading time\" \/>\n\t<meta name=\"twitter:data1\" content=\"2 minutes\" \/>\n<script type=\"application\/ld+json\" class=\"yoast-schema-graph\">{\"@context\":\"https:\/\/schema.org\",\"@graph\":[{\"@type\":\"WebPage\",\"@id\":\"https:\/\/librairie7l.com\/en\/produit\/crafts-anthologie-contemporaine-pour-un-artisanat-de-demain\/\",\"url\":\"https:\/\/librairie7l.com\/en\/produit\/crafts-anthologie-contemporaine-pour-un-artisanat-de-demain\/\",\"name\":\"CRAFTS ; ANTHOLOGIE CONTEMPORAINE POUR UN ARTISANAT DE DEMAIN - Librairie 7L\",\"isPartOf\":{\"@id\":\"https:\/\/librairie7l.com\/en\/#website\"},\"datePublished\":\"2023-09-19T12:57:46+00:00\",\"dateModified\":\"2026-04-23T23:17:22+00:00\",\"breadcrumb\":{\"@id\":\"https:\/\/librairie7l.com\/en\/produit\/crafts-anthologie-contemporaine-pour-un-artisanat-de-demain\/#breadcrumb\"},\"inLanguage\":\"en-US\",\"potentialAction\":[{\"@type\":\"ReadAction\",\"target\":[\"https:\/\/librairie7l.com\/en\/produit\/crafts-anthologie-contemporaine-pour-un-artisanat-de-demain\/\"]}]},{\"@type\":\"BreadcrumbList\",\"@id\":\"https:\/\/librairie7l.com\/en\/produit\/crafts-anthologie-contemporaine-pour-un-artisanat-de-demain\/#breadcrumb\",\"itemListElement\":[{\"@type\":\"ListItem\",\"position\":1,\"name\":\"Accueil\",\"item\":\"https:\/\/librairie7l.com\/en\/\"},{\"@type\":\"ListItem\",\"position\":2,\"name\":\"Shop\",\"item\":\"https:\/\/librairie7l.com\/en\/shop\/\"},{\"@type\":\"ListItem\",\"position\":3,\"name\":\"CRAFTS ; ANTHOLOGIE CONTEMPORAINE POUR UN ARTISANAT DE DEMAIN\"}]},{\"@type\":\"WebSite\",\"@id\":\"https:\/\/librairie7l.com\/en\/#website\",\"url\":\"https:\/\/librairie7l.com\/en\/\",\"name\":\"Librairie 7L\",\"description\":\"Librairie fond\u00e9e en 1999 par Karl Lagerfeld \u00e0 Paris\",\"publisher\":{\"@id\":\"https:\/\/librairie7l.com\/en\/#organization\"},\"potentialAction\":[{\"@type\":\"SearchAction\",\"target\":{\"@type\":\"EntryPoint\",\"urlTemplate\":\"https:\/\/librairie7l.com\/en\/?s={search_term_string}\"},\"query-input\":\"required name=search_term_string\"}],\"inLanguage\":\"en-US\"},{\"@type\":\"Organization\",\"@id\":\"https:\/\/librairie7l.com\/en\/#organization\",\"name\":\"Librairie 7L\",\"url\":\"https:\/\/librairie7l.com\/en\/\",\"logo\":{\"@type\":\"ImageObject\",\"inLanguage\":\"en-US\",\"@id\":\"https:\/\/librairie7l.com\/en\/#\/schema\/logo\/image\/\",\"url\":\"https:\/\/librairie7l.com\/wp-content\/uploads\/2022\/08\/logo-1.png\",\"contentUrl\":\"https:\/\/librairie7l.com\/wp-content\/uploads\/2022\/08\/logo-1.png\",\"width\":227,\"height\":301,\"caption\":\"Librairie 7L\"},\"image\":{\"@id\":\"https:\/\/librairie7l.com\/en\/#\/schema\/logo\/image\/\"}}]}<\/script>\n<!-- \/ Yoast SEO plugin. -->","yoast_head_json":{"title":"CRAFTS ; ANTHOLOGIE CONTEMPORAINE POUR UN ARTISANAT DE DEMAIN - Librairie 7L","robots":{"index":"index","follow":"follow","max-snippet":"max-snippet:-1","max-image-preview":"max-image-preview:large","max-video-preview":"max-video-preview:-1"},"canonical":"https:\/\/librairie7l.com\/en\/produit\/crafts-anthologie-contemporaine-pour-un-artisanat-de-demain\/","og_locale":"en_US","og_type":"article","og_title":"CRAFTS ; ANTHOLOGIE CONTEMPORAINE POUR UN ARTISANAT DE DEMAIN - Librairie 7L","og_description":"Source de fantasmes et d&#8217;espoirs comme de malentendus, le craft est depuis longtemps l&#8217;objet de d\u00e9bats qui n\u00e9cessitent aujourd&#8217;hui un \u00e9clairage critique et th\u00e9orique renouvel\u00e9 que le seul mot \u00ab artisanat \u00bb restreint parfois. Politiques, \u00e9cologiques, entrepreneuriales, humanitaires, patrimoniales, technologiques, \u00e9ducatives, etc., les formes du craft se sont \u00e9tendues, r\u00e9invent\u00e9es et complexi&amp;\u00e9es. Chacun, des craftivists [&hellip;]","og_url":"https:\/\/librairie7l.com\/en\/produit\/crafts-anthologie-contemporaine-pour-un-artisanat-de-demain\/","og_site_name":"Librairie 7L","article_modified_time":"2026-04-23T23:17:22+00:00","og_image":[{"width":600,"height":841,"url":"https:\/\/librairie7l.com\/wp-content\/uploads\/2018\/04\/9782376660064_1_75.jpg","type":"image\/jpeg"}],"twitter_card":"summary_large_image","twitter_misc":{"Est. reading time":"2 minutes"},"schema":{"@context":"https:\/\/schema.org","@graph":[{"@type":"WebPage","@id":"https:\/\/librairie7l.com\/en\/produit\/crafts-anthologie-contemporaine-pour-un-artisanat-de-demain\/","url":"https:\/\/librairie7l.com\/en\/produit\/crafts-anthologie-contemporaine-pour-un-artisanat-de-demain\/","name":"CRAFTS ; ANTHOLOGIE CONTEMPORAINE POUR UN ARTISANAT DE DEMAIN - Librairie 7L","isPartOf":{"@id":"https:\/\/librairie7l.com\/en\/#website"},"datePublished":"2023-09-19T12:57:46+00:00","dateModified":"2026-04-23T23:17:22+00:00","breadcrumb":{"@id":"https:\/\/librairie7l.com\/en\/produit\/crafts-anthologie-contemporaine-pour-un-artisanat-de-demain\/#breadcrumb"},"inLanguage":"en-US","potentialAction":[{"@type":"ReadAction","target":["https:\/\/librairie7l.com\/en\/produit\/crafts-anthologie-contemporaine-pour-un-artisanat-de-demain\/"]}]},{"@type":"BreadcrumbList","@id":"https:\/\/librairie7l.com\/en\/produit\/crafts-anthologie-contemporaine-pour-un-artisanat-de-demain\/#breadcrumb","itemListElement":[{"@type":"ListItem","position":1,"name":"Accueil","item":"https:\/\/librairie7l.com\/en\/"},{"@type":"ListItem","position":2,"name":"Shop","item":"https:\/\/librairie7l.com\/en\/shop\/"},{"@type":"ListItem","position":3,"name":"CRAFTS ; ANTHOLOGIE CONTEMPORAINE POUR UN ARTISANAT DE DEMAIN"}]},{"@type":"WebSite","@id":"https:\/\/librairie7l.com\/en\/#website","url":"https:\/\/librairie7l.com\/en\/","name":"Librairie 7L","description":"Librairie fond\u00e9e en 1999 par Karl Lagerfeld \u00e0 Paris","publisher":{"@id":"https:\/\/librairie7l.com\/en\/#organization"},"potentialAction":[{"@type":"SearchAction","target":{"@type":"EntryPoint","urlTemplate":"https:\/\/librairie7l.com\/en\/?s={search_term_string}"},"query-input":"required name=search_term_string"}],"inLanguage":"en-US"},{"@type":"Organization","@id":"https:\/\/librairie7l.com\/en\/#organization","name":"Librairie 7L","url":"https:\/\/librairie7l.com\/en\/","logo":{"@type":"ImageObject","inLanguage":"en-US","@id":"https:\/\/librairie7l.com\/en\/#\/schema\/logo\/image\/","url":"https:\/\/librairie7l.com\/wp-content\/uploads\/2022\/08\/logo-1.png","contentUrl":"https:\/\/librairie7l.com\/wp-content\/uploads\/2022\/08\/logo-1.png","width":227,"height":301,"caption":"Librairie 7L"},"image":{"@id":"https:\/\/librairie7l.com\/en\/#\/schema\/logo\/image\/"}}]}},"_links":{"self":[{"href":"https:\/\/librairie7l.com\/en\/wp-json\/wp\/v2\/product\/33913"}],"collection":[{"href":"https:\/\/librairie7l.com\/en\/wp-json\/wp\/v2\/product"}],"about":[{"href":"https:\/\/librairie7l.com\/en\/wp-json\/wp\/v2\/types\/product"}],"wp:featuredmedia":[{"embeddable":true,"href":"https:\/\/librairie7l.com\/en\/wp-json\/wp\/v2\/media\/33911"}],"wp:attachment":[{"href":"https:\/\/librairie7l.com\/en\/wp-json\/wp\/v2\/media?parent=33913"}],"wp:term":[{"taxonomy":"product_cat","embeddable":true,"href":"https:\/\/librairie7l.com\/en\/wp-json\/wp\/v2\/product_cat?post=33913"},{"taxonomy":"product_tag","embeddable":true,"href":"https:\/\/librairie7l.com\/en\/wp-json\/wp\/v2\/product_tag?post=33913"}],"curies":[{"name":"wp","href":"https:\/\/api.w.org\/{rel}","templated":true}]}}