{"id":33917,"date":"2023-09-19T14:58:19","date_gmt":"2023-09-19T12:58:19","guid":{"rendered":"https:\/\/librairie7l.com\/?post_type=product&#038;p=33917"},"modified":"2026-05-01T07:19:04","modified_gmt":"2026-05-01T05:19:04","slug":"le-trianon-et-le-hameau-de-la-reine","status":"publish","type":"product","link":"https:\/\/librairie7l.com\/en\/produit\/le-trianon-et-le-hameau-de-la-reine\/","title":{"rendered":"LE TRIANON ET LE HAMEAU DE LA REINE"},"content":{"rendered":"<p>Depuis la cr\u00e9ation du pavillon \u00e9lev\u00e9 par Le Vau pour Louis XIV, Trianon fut pour la famille royale une oasis en marge de la vie politique, loin des rituels de la monarchie. Louis XV y donna libre cours \u00e0 sa passion pour la botanique et y cr\u00e9a un petit ch\u00e2teau de campagne extr\u00eamement raffin\u00e9, exemple rayonnant de l&#8217;excellence artistique fran\u00e7aise. Marie-Antoinette y d\u00e9veloppa \u00e0 son tour l&#8217;art des jardins, puis Napol\u00e9on et Louis-Philippe y trouv\u00e8rent un refuge paisible.\u00c0 quelques minutes de Versailles mais loin des contraintes de la cour, le domaine de Trianon devint un id\u00e9al de beaut\u00e9 et de paix, qui a su conserver son attrait d&#8217;origine. Entour\u00e9 de jardins qui comptent parmi les plus pr\u00e9cieux de France, il nous transmet une id\u00e9e de ce que Talleyrand appelait le \u00abplaisir de vivre\u00bb.Jacques Moulin raconte le d\u00e9veloppement du lieu et son importance dans le contexte politique et culturel de l&#8217;\u00e9poque, tandis qu&#8217;Yves Carlier \u00e9voque les riches collections de mobilier. Anecdotes et r\u00e9cits se succ\u00e8dent, appuy\u00e9s par un somptueux reportage photographique in\u00e9dit, men\u00e9 par Francis Hammond.<\/p>\n","protected":false},"excerpt":{"rendered":"<p>Depuis la cr\u00e9ation du pavillon \u00e9lev\u00e9 par Le Vau pour Louis XIV, Trianon fut pour la famille royale une oasis en marge de la vie politique, loin des rituels de la monarchie. Louis XV y donna libre cours \u00e0 sa passion pour la botanique et y cr\u00e9a un petit ch\u00e2teau de campagne extr\u00eamement raffin\u00e9, exemple [&hellip;]<\/p>\n","protected":false},"featured_media":33915,"template":"","meta":[],"product_cat":[2948,2956],"product_tag":[],"acf":[],"yoast_head":"<!-- This site is optimized with the Yoast SEO plugin v20.11 - https:\/\/yoast.com\/wordpress\/plugins\/seo\/ -->\n<title>LE TRIANON ET LE HAMEAU DE LA REINE - Librairie 7L<\/title>\n<meta name=\"robots\" content=\"index, follow, max-snippet:-1, max-image-preview:large, max-video-preview:-1\" \/>\n<link rel=\"canonical\" href=\"https:\/\/librairie7l.com\/en\/produit\/le-trianon-et-le-hameau-de-la-reine\/\" \/>\n<meta property=\"og:locale\" content=\"en_US\" \/>\n<meta property=\"og:type\" content=\"article\" \/>\n<meta property=\"og:title\" content=\"LE TRIANON ET LE HAMEAU DE LA REINE - Librairie 7L\" \/>\n<meta property=\"og:description\" content=\"Depuis la cr\u00e9ation du pavillon \u00e9lev\u00e9 par Le Vau pour Louis XIV, Trianon fut pour la famille royale une oasis en marge de la vie politique, loin des rituels de la monarchie. Louis XV y donna libre cours \u00e0 sa passion pour la botanique et y cr\u00e9a un petit ch\u00e2teau de campagne extr\u00eamement raffin\u00e9, exemple [&hellip;]\" \/>\n<meta property=\"og:url\" content=\"https:\/\/librairie7l.com\/en\/produit\/le-trianon-et-le-hameau-de-la-reine\/\" \/>\n<meta property=\"og:site_name\" content=\"Librairie 7L\" \/>\n<meta property=\"article:modified_time\" content=\"2026-05-01T05:19:04+00:00\" \/>\n<meta property=\"og:image\" content=\"https:\/\/librairie7l.com\/wp-content\/uploads\/2019\/06\/9782081425965_1_75.jpg\" \/>\n\t<meta property=\"og:image:width\" content=\"600\" \/>\n\t<meta property=\"og:image:height\" content=\"735\" \/>\n\t<meta property=\"og:image:type\" content=\"image\/jpeg\" \/>\n<meta name=\"twitter:card\" content=\"summary_large_image\" \/>\n<meta name=\"twitter:label1\" content=\"Est. reading time\" \/>\n\t<meta name=\"twitter:data1\" content=\"1 minute\" \/>\n<script type=\"application\/ld+json\" class=\"yoast-schema-graph\">{\"@context\":\"https:\/\/schema.org\",\"@graph\":[{\"@type\":\"WebPage\",\"@id\":\"https:\/\/librairie7l.com\/en\/produit\/le-trianon-et-le-hameau-de-la-reine\/\",\"url\":\"https:\/\/librairie7l.com\/en\/produit\/le-trianon-et-le-hameau-de-la-reine\/\",\"name\":\"LE TRIANON ET LE HAMEAU DE LA REINE - Librairie 7L\",\"isPartOf\":{\"@id\":\"https:\/\/librairie7l.com\/en\/#website\"},\"datePublished\":\"2023-09-19T12:58:19+00:00\",\"dateModified\":\"2026-05-01T05:19:04+00:00\",\"breadcrumb\":{\"@id\":\"https:\/\/librairie7l.com\/en\/produit\/le-trianon-et-le-hameau-de-la-reine\/#breadcrumb\"},\"inLanguage\":\"en-US\",\"potentialAction\":[{\"@type\":\"ReadAction\",\"target\":[\"https:\/\/librairie7l.com\/en\/produit\/le-trianon-et-le-hameau-de-la-reine\/\"]}]},{\"@type\":\"BreadcrumbList\",\"@id\":\"https:\/\/librairie7l.com\/en\/produit\/le-trianon-et-le-hameau-de-la-reine\/#breadcrumb\",\"itemListElement\":[{\"@type\":\"ListItem\",\"position\":1,\"name\":\"Accueil\",\"item\":\"https:\/\/librairie7l.com\/en\/\"},{\"@type\":\"ListItem\",\"position\":2,\"name\":\"Shop\",\"item\":\"https:\/\/librairie7l.com\/en\/shop\/\"},{\"@type\":\"ListItem\",\"position\":3,\"name\":\"LE TRIANON ET LE HAMEAU DE LA REINE\"}]},{\"@type\":\"WebSite\",\"@id\":\"https:\/\/librairie7l.com\/en\/#website\",\"url\":\"https:\/\/librairie7l.com\/en\/\",\"name\":\"Librairie 7L\",\"description\":\"Librairie fond\u00e9e en 1999 par Karl Lagerfeld \u00e0 Paris\",\"publisher\":{\"@id\":\"https:\/\/librairie7l.com\/en\/#organization\"},\"potentialAction\":[{\"@type\":\"SearchAction\",\"target\":{\"@type\":\"EntryPoint\",\"urlTemplate\":\"https:\/\/librairie7l.com\/en\/?s={search_term_string}\"},\"query-input\":\"required name=search_term_string\"}],\"inLanguage\":\"en-US\"},{\"@type\":\"Organization\",\"@id\":\"https:\/\/librairie7l.com\/en\/#organization\",\"name\":\"Librairie 7L\",\"url\":\"https:\/\/librairie7l.com\/en\/\",\"logo\":{\"@type\":\"ImageObject\",\"inLanguage\":\"en-US\",\"@id\":\"https:\/\/librairie7l.com\/en\/#\/schema\/logo\/image\/\",\"url\":\"https:\/\/librairie7l.com\/wp-content\/uploads\/2022\/08\/logo-1.png\",\"contentUrl\":\"https:\/\/librairie7l.com\/wp-content\/uploads\/2022\/08\/logo-1.png\",\"width\":227,\"height\":301,\"caption\":\"Librairie 7L\"},\"image\":{\"@id\":\"https:\/\/librairie7l.com\/en\/#\/schema\/logo\/image\/\"}}]}<\/script>\n<!-- \/ Yoast SEO plugin. -->","yoast_head_json":{"title":"LE TRIANON ET LE HAMEAU DE LA REINE - Librairie 7L","robots":{"index":"index","follow":"follow","max-snippet":"max-snippet:-1","max-image-preview":"max-image-preview:large","max-video-preview":"max-video-preview:-1"},"canonical":"https:\/\/librairie7l.com\/en\/produit\/le-trianon-et-le-hameau-de-la-reine\/","og_locale":"en_US","og_type":"article","og_title":"LE TRIANON ET LE HAMEAU DE LA REINE - Librairie 7L","og_description":"Depuis la cr\u00e9ation du pavillon \u00e9lev\u00e9 par Le Vau pour Louis XIV, Trianon fut pour la famille royale une oasis en marge de la vie politique, loin des rituels de la monarchie. Louis XV y donna libre cours \u00e0 sa passion pour la botanique et y cr\u00e9a un petit ch\u00e2teau de campagne extr\u00eamement raffin\u00e9, exemple [&hellip;]","og_url":"https:\/\/librairie7l.com\/en\/produit\/le-trianon-et-le-hameau-de-la-reine\/","og_site_name":"Librairie 7L","article_modified_time":"2026-05-01T05:19:04+00:00","og_image":[{"width":600,"height":735,"url":"https:\/\/librairie7l.com\/wp-content\/uploads\/2019\/06\/9782081425965_1_75.jpg","type":"image\/jpeg"}],"twitter_card":"summary_large_image","twitter_misc":{"Est. reading time":"1 minute"},"schema":{"@context":"https:\/\/schema.org","@graph":[{"@type":"WebPage","@id":"https:\/\/librairie7l.com\/en\/produit\/le-trianon-et-le-hameau-de-la-reine\/","url":"https:\/\/librairie7l.com\/en\/produit\/le-trianon-et-le-hameau-de-la-reine\/","name":"LE TRIANON ET LE HAMEAU DE LA REINE - Librairie 7L","isPartOf":{"@id":"https:\/\/librairie7l.com\/en\/#website"},"datePublished":"2023-09-19T12:58:19+00:00","dateModified":"2026-05-01T05:19:04+00:00","breadcrumb":{"@id":"https:\/\/librairie7l.com\/en\/produit\/le-trianon-et-le-hameau-de-la-reine\/#breadcrumb"},"inLanguage":"en-US","potentialAction":[{"@type":"ReadAction","target":["https:\/\/librairie7l.com\/en\/produit\/le-trianon-et-le-hameau-de-la-reine\/"]}]},{"@type":"BreadcrumbList","@id":"https:\/\/librairie7l.com\/en\/produit\/le-trianon-et-le-hameau-de-la-reine\/#breadcrumb","itemListElement":[{"@type":"ListItem","position":1,"name":"Accueil","item":"https:\/\/librairie7l.com\/en\/"},{"@type":"ListItem","position":2,"name":"Shop","item":"https:\/\/librairie7l.com\/en\/shop\/"},{"@type":"ListItem","position":3,"name":"LE TRIANON ET LE HAMEAU DE LA REINE"}]},{"@type":"WebSite","@id":"https:\/\/librairie7l.com\/en\/#website","url":"https:\/\/librairie7l.com\/en\/","name":"Librairie 7L","description":"Librairie fond\u00e9e en 1999 par Karl Lagerfeld \u00e0 Paris","publisher":{"@id":"https:\/\/librairie7l.com\/en\/#organization"},"potentialAction":[{"@type":"SearchAction","target":{"@type":"EntryPoint","urlTemplate":"https:\/\/librairie7l.com\/en\/?s={search_term_string}"},"query-input":"required name=search_term_string"}],"inLanguage":"en-US"},{"@type":"Organization","@id":"https:\/\/librairie7l.com\/en\/#organization","name":"Librairie 7L","url":"https:\/\/librairie7l.com\/en\/","logo":{"@type":"ImageObject","inLanguage":"en-US","@id":"https:\/\/librairie7l.com\/en\/#\/schema\/logo\/image\/","url":"https:\/\/librairie7l.com\/wp-content\/uploads\/2022\/08\/logo-1.png","contentUrl":"https:\/\/librairie7l.com\/wp-content\/uploads\/2022\/08\/logo-1.png","width":227,"height":301,"caption":"Librairie 7L"},"image":{"@id":"https:\/\/librairie7l.com\/en\/#\/schema\/logo\/image\/"}}]}},"_links":{"self":[{"href":"https:\/\/librairie7l.com\/en\/wp-json\/wp\/v2\/product\/33917"}],"collection":[{"href":"https:\/\/librairie7l.com\/en\/wp-json\/wp\/v2\/product"}],"about":[{"href":"https:\/\/librairie7l.com\/en\/wp-json\/wp\/v2\/types\/product"}],"wp:featuredmedia":[{"embeddable":true,"href":"https:\/\/librairie7l.com\/en\/wp-json\/wp\/v2\/media\/33915"}],"wp:attachment":[{"href":"https:\/\/librairie7l.com\/en\/wp-json\/wp\/v2\/media?parent=33917"}],"wp:term":[{"taxonomy":"product_cat","embeddable":true,"href":"https:\/\/librairie7l.com\/en\/wp-json\/wp\/v2\/product_cat?post=33917"},{"taxonomy":"product_tag","embeddable":true,"href":"https:\/\/librairie7l.com\/en\/wp-json\/wp\/v2\/product_tag?post=33917"}],"curies":[{"name":"wp","href":"https:\/\/api.w.org\/{rel}","templated":true}]}}