{"id":33925,"date":"2023-09-19T15:04:20","date_gmt":"2023-09-19T13:04:20","guid":{"rendered":"https:\/\/librairie7l.com\/?post_type=product&#038;p=33925"},"modified":"2026-04-05T10:06:37","modified_gmt":"2026-04-05T08:06:37","slug":"martin-barre-les-oeuvres-de-la-fondation-gandur-pour-lart","status":"publish","type":"product","link":"https:\/\/librairie7l.com\/en\/produit\/martin-barre-les-oeuvres-de-la-fondation-gandur-pour-lart\/","title":{"rendered":"MARTIN BARR\u00c9 : LES OEUVRES DE LA FONDATION GANDUR POUR L&#8217;ART"},"content":{"rendered":"<p>Martin Barr\u00e9, n\u00e9 le 22 septembre 1924 \u00e0 Nantes, mort en juillet 1993 \u00e0 Paris, est un peintre abstrait fran\u00e7ais. Martin Barr\u00e9 r\u00e9alise \u00e0 partir des ann\u00e9es 1960 une peinture abstraite qui n&#8217;est ni informelle, ni g\u00e9om\u00e9trique. Remarqu\u00e9 par Pierre Restany pour une oeuvre de 1960, il cherche plus \u00e0 r\u00e9v\u00e9ler l&#8217;espace, par exemple par le trac\u00e9 d&#8217;une ligne, qu&#8217;\u00e0 produire des formes. Il trace cette ligne en appliquant le tube directement sur la toile, ou plus tard \u00e0 la bombe a\u00e9rosol. Au cours des ann\u00e9es 1970, son travail s&#8217;organise \u00e0 travers cinq s\u00e9ries qui suivent un protocole identique : il trace un fragment de grille oblique sur un fond blanc, hachure ou marque certaines cases puis recouvre le tout d&#8217;un voile plus ou moins blanc, recommen\u00e7ant \u00e9ventuellement plusieurs fois. Dans les ann\u00e9es 1980, il redonne de l&#8217;importance \u00e0 la couleur et sa peinture devient plus g\u00e9om\u00e9trique<\/p>\n","protected":false},"excerpt":{"rendered":"<p>Martin Barr\u00e9, n\u00e9 le 22 septembre 1924 \u00e0 Nantes, mort en juillet 1993 \u00e0 Paris, est un peintre abstrait fran\u00e7ais. Martin Barr\u00e9 r\u00e9alise \u00e0 partir des ann\u00e9es 1960 une peinture abstraite qui n&#8217;est ni informelle, ni g\u00e9om\u00e9trique. Remarqu\u00e9 par Pierre Restany pour une oeuvre de 1960, il cherche plus \u00e0 r\u00e9v\u00e9ler l&#8217;espace, par exemple par [&hellip;]<\/p>\n","protected":false},"featured_media":33923,"template":"","meta":[],"product_cat":[2948,2953],"product_tag":[],"acf":[],"yoast_head":"<!-- This site is optimized with the Yoast SEO plugin v20.11 - https:\/\/yoast.com\/wordpress\/plugins\/seo\/ -->\n<title>MARTIN BARR\u00c9 : LES OEUVRES DE LA FONDATION GANDUR POUR L&#039;ART - Librairie 7L<\/title>\n<meta name=\"robots\" content=\"index, follow, max-snippet:-1, max-image-preview:large, max-video-preview:-1\" \/>\n<link rel=\"canonical\" href=\"https:\/\/librairie7l.com\/en\/produit\/martin-barre-les-oeuvres-de-la-fondation-gandur-pour-lart\/\" \/>\n<meta property=\"og:locale\" content=\"en_US\" \/>\n<meta property=\"og:type\" content=\"article\" \/>\n<meta property=\"og:title\" content=\"MARTIN BARR\u00c9 : LES OEUVRES DE LA FONDATION GANDUR POUR L&#039;ART - Librairie 7L\" \/>\n<meta property=\"og:description\" content=\"Martin Barr\u00e9, n\u00e9 le 22 septembre 1924 \u00e0 Nantes, mort en juillet 1993 \u00e0 Paris, est un peintre abstrait fran\u00e7ais. Martin Barr\u00e9 r\u00e9alise \u00e0 partir des ann\u00e9es 1960 une peinture abstraite qui n&#8217;est ni informelle, ni g\u00e9om\u00e9trique. Remarqu\u00e9 par Pierre Restany pour une oeuvre de 1960, il cherche plus \u00e0 r\u00e9v\u00e9ler l&#8217;espace, par exemple par [&hellip;]\" \/>\n<meta property=\"og:url\" content=\"https:\/\/librairie7l.com\/en\/produit\/martin-barre-les-oeuvres-de-la-fondation-gandur-pour-lart\/\" \/>\n<meta property=\"og:site_name\" content=\"Librairie 7L\" \/>\n<meta property=\"article:modified_time\" content=\"2026-04-05T08:06:37+00:00\" \/>\n<meta property=\"og:image\" content=\"https:\/\/librairie7l.com\/wp-content\/uploads\/2022\/09\/9789461617637_1_75.jpg\" \/>\n\t<meta property=\"og:image:width\" content=\"600\" \/>\n\t<meta property=\"og:image:height\" content=\"821\" \/>\n\t<meta property=\"og:image:type\" content=\"image\/jpeg\" \/>\n<meta name=\"twitter:card\" content=\"summary_large_image\" \/>\n<meta name=\"twitter:label1\" content=\"Est. reading time\" \/>\n\t<meta name=\"twitter:data1\" content=\"1 minute\" \/>\n<script type=\"application\/ld+json\" class=\"yoast-schema-graph\">{\"@context\":\"https:\/\/schema.org\",\"@graph\":[{\"@type\":\"WebPage\",\"@id\":\"https:\/\/librairie7l.com\/en\/produit\/martin-barre-les-oeuvres-de-la-fondation-gandur-pour-lart\/\",\"url\":\"https:\/\/librairie7l.com\/en\/produit\/martin-barre-les-oeuvres-de-la-fondation-gandur-pour-lart\/\",\"name\":\"MARTIN BARR\u00c9 : LES OEUVRES DE LA FONDATION GANDUR POUR L'ART - Librairie 7L\",\"isPartOf\":{\"@id\":\"https:\/\/librairie7l.com\/en\/#website\"},\"datePublished\":\"2023-09-19T13:04:20+00:00\",\"dateModified\":\"2026-04-05T08:06:37+00:00\",\"breadcrumb\":{\"@id\":\"https:\/\/librairie7l.com\/en\/produit\/martin-barre-les-oeuvres-de-la-fondation-gandur-pour-lart\/#breadcrumb\"},\"inLanguage\":\"en-US\",\"potentialAction\":[{\"@type\":\"ReadAction\",\"target\":[\"https:\/\/librairie7l.com\/en\/produit\/martin-barre-les-oeuvres-de-la-fondation-gandur-pour-lart\/\"]}]},{\"@type\":\"BreadcrumbList\",\"@id\":\"https:\/\/librairie7l.com\/en\/produit\/martin-barre-les-oeuvres-de-la-fondation-gandur-pour-lart\/#breadcrumb\",\"itemListElement\":[{\"@type\":\"ListItem\",\"position\":1,\"name\":\"Accueil\",\"item\":\"https:\/\/librairie7l.com\/en\/\"},{\"@type\":\"ListItem\",\"position\":2,\"name\":\"Shop\",\"item\":\"https:\/\/librairie7l.com\/en\/shop\/\"},{\"@type\":\"ListItem\",\"position\":3,\"name\":\"MARTIN BARR\u00c9 : LES OEUVRES DE LA FONDATION GANDUR POUR L&#8217;ART\"}]},{\"@type\":\"WebSite\",\"@id\":\"https:\/\/librairie7l.com\/en\/#website\",\"url\":\"https:\/\/librairie7l.com\/en\/\",\"name\":\"Librairie 7L\",\"description\":\"Librairie fond\u00e9e en 1999 par Karl Lagerfeld \u00e0 Paris\",\"publisher\":{\"@id\":\"https:\/\/librairie7l.com\/en\/#organization\"},\"potentialAction\":[{\"@type\":\"SearchAction\",\"target\":{\"@type\":\"EntryPoint\",\"urlTemplate\":\"https:\/\/librairie7l.com\/en\/?s={search_term_string}\"},\"query-input\":\"required name=search_term_string\"}],\"inLanguage\":\"en-US\"},{\"@type\":\"Organization\",\"@id\":\"https:\/\/librairie7l.com\/en\/#organization\",\"name\":\"Librairie 7L\",\"url\":\"https:\/\/librairie7l.com\/en\/\",\"logo\":{\"@type\":\"ImageObject\",\"inLanguage\":\"en-US\",\"@id\":\"https:\/\/librairie7l.com\/en\/#\/schema\/logo\/image\/\",\"url\":\"https:\/\/librairie7l.com\/wp-content\/uploads\/2022\/08\/logo-1.png\",\"contentUrl\":\"https:\/\/librairie7l.com\/wp-content\/uploads\/2022\/08\/logo-1.png\",\"width\":227,\"height\":301,\"caption\":\"Librairie 7L\"},\"image\":{\"@id\":\"https:\/\/librairie7l.com\/en\/#\/schema\/logo\/image\/\"}}]}<\/script>\n<!-- \/ Yoast SEO plugin. -->","yoast_head_json":{"title":"MARTIN BARR\u00c9 : LES OEUVRES DE LA FONDATION GANDUR POUR L'ART - Librairie 7L","robots":{"index":"index","follow":"follow","max-snippet":"max-snippet:-1","max-image-preview":"max-image-preview:large","max-video-preview":"max-video-preview:-1"},"canonical":"https:\/\/librairie7l.com\/en\/produit\/martin-barre-les-oeuvres-de-la-fondation-gandur-pour-lart\/","og_locale":"en_US","og_type":"article","og_title":"MARTIN BARR\u00c9 : LES OEUVRES DE LA FONDATION GANDUR POUR L'ART - Librairie 7L","og_description":"Martin Barr\u00e9, n\u00e9 le 22 septembre 1924 \u00e0 Nantes, mort en juillet 1993 \u00e0 Paris, est un peintre abstrait fran\u00e7ais. Martin Barr\u00e9 r\u00e9alise \u00e0 partir des ann\u00e9es 1960 une peinture abstraite qui n&#8217;est ni informelle, ni g\u00e9om\u00e9trique. Remarqu\u00e9 par Pierre Restany pour une oeuvre de 1960, il cherche plus \u00e0 r\u00e9v\u00e9ler l&#8217;espace, par exemple par [&hellip;]","og_url":"https:\/\/librairie7l.com\/en\/produit\/martin-barre-les-oeuvres-de-la-fondation-gandur-pour-lart\/","og_site_name":"Librairie 7L","article_modified_time":"2026-04-05T08:06:37+00:00","og_image":[{"width":600,"height":821,"url":"https:\/\/librairie7l.com\/wp-content\/uploads\/2022\/09\/9789461617637_1_75.jpg","type":"image\/jpeg"}],"twitter_card":"summary_large_image","twitter_misc":{"Est. reading time":"1 minute"},"schema":{"@context":"https:\/\/schema.org","@graph":[{"@type":"WebPage","@id":"https:\/\/librairie7l.com\/en\/produit\/martin-barre-les-oeuvres-de-la-fondation-gandur-pour-lart\/","url":"https:\/\/librairie7l.com\/en\/produit\/martin-barre-les-oeuvres-de-la-fondation-gandur-pour-lart\/","name":"MARTIN BARR\u00c9 : LES OEUVRES DE LA FONDATION GANDUR POUR L'ART - Librairie 7L","isPartOf":{"@id":"https:\/\/librairie7l.com\/en\/#website"},"datePublished":"2023-09-19T13:04:20+00:00","dateModified":"2026-04-05T08:06:37+00:00","breadcrumb":{"@id":"https:\/\/librairie7l.com\/en\/produit\/martin-barre-les-oeuvres-de-la-fondation-gandur-pour-lart\/#breadcrumb"},"inLanguage":"en-US","potentialAction":[{"@type":"ReadAction","target":["https:\/\/librairie7l.com\/en\/produit\/martin-barre-les-oeuvres-de-la-fondation-gandur-pour-lart\/"]}]},{"@type":"BreadcrumbList","@id":"https:\/\/librairie7l.com\/en\/produit\/martin-barre-les-oeuvres-de-la-fondation-gandur-pour-lart\/#breadcrumb","itemListElement":[{"@type":"ListItem","position":1,"name":"Accueil","item":"https:\/\/librairie7l.com\/en\/"},{"@type":"ListItem","position":2,"name":"Shop","item":"https:\/\/librairie7l.com\/en\/shop\/"},{"@type":"ListItem","position":3,"name":"MARTIN BARR\u00c9 : LES OEUVRES DE LA FONDATION GANDUR POUR L&#8217;ART"}]},{"@type":"WebSite","@id":"https:\/\/librairie7l.com\/en\/#website","url":"https:\/\/librairie7l.com\/en\/","name":"Librairie 7L","description":"Librairie fond\u00e9e en 1999 par Karl Lagerfeld \u00e0 Paris","publisher":{"@id":"https:\/\/librairie7l.com\/en\/#organization"},"potentialAction":[{"@type":"SearchAction","target":{"@type":"EntryPoint","urlTemplate":"https:\/\/librairie7l.com\/en\/?s={search_term_string}"},"query-input":"required name=search_term_string"}],"inLanguage":"en-US"},{"@type":"Organization","@id":"https:\/\/librairie7l.com\/en\/#organization","name":"Librairie 7L","url":"https:\/\/librairie7l.com\/en\/","logo":{"@type":"ImageObject","inLanguage":"en-US","@id":"https:\/\/librairie7l.com\/en\/#\/schema\/logo\/image\/","url":"https:\/\/librairie7l.com\/wp-content\/uploads\/2022\/08\/logo-1.png","contentUrl":"https:\/\/librairie7l.com\/wp-content\/uploads\/2022\/08\/logo-1.png","width":227,"height":301,"caption":"Librairie 7L"},"image":{"@id":"https:\/\/librairie7l.com\/en\/#\/schema\/logo\/image\/"}}]}},"_links":{"self":[{"href":"https:\/\/librairie7l.com\/en\/wp-json\/wp\/v2\/product\/33925"}],"collection":[{"href":"https:\/\/librairie7l.com\/en\/wp-json\/wp\/v2\/product"}],"about":[{"href":"https:\/\/librairie7l.com\/en\/wp-json\/wp\/v2\/types\/product"}],"wp:featuredmedia":[{"embeddable":true,"href":"https:\/\/librairie7l.com\/en\/wp-json\/wp\/v2\/media\/33923"}],"wp:attachment":[{"href":"https:\/\/librairie7l.com\/en\/wp-json\/wp\/v2\/media?parent=33925"}],"wp:term":[{"taxonomy":"product_cat","embeddable":true,"href":"https:\/\/librairie7l.com\/en\/wp-json\/wp\/v2\/product_cat?post=33925"},{"taxonomy":"product_tag","embeddable":true,"href":"https:\/\/librairie7l.com\/en\/wp-json\/wp\/v2\/product_tag?post=33925"}],"curies":[{"name":"wp","href":"https:\/\/api.w.org\/{rel}","templated":true}]}}