{"id":33937,"date":"2023-09-19T15:12:02","date_gmt":"2023-09-19T13:12:02","guid":{"rendered":"https:\/\/librairie7l.com\/?post_type=product&#038;p=33937"},"modified":"2026-04-05T20:16:21","modified_gmt":"2026-04-05T18:16:21","slug":"un-acte-dune-violence-indicible","status":"publish","type":"product","link":"https:\/\/librairie7l.com\/en\/produit\/un-acte-dune-violence-indicible\/","title":{"rendered":"UN ACTE D&#8217;UNE VIOLENCE INDICIBLE"},"content":{"rendered":"<p>Les photographies de Matthias Bruggmann portent un regard critique sur la repr\u00e9sentation des horreurs de la guerre. Elles donnent \u00e0 voir au public occidental une vision plus nuanc\u00e9e de l&#8217;exp\u00e9rience du conflit arm\u00e9 et gomment les fronti\u00e8res entre photojournalisme et photographie plasticienne. \u00c0 travers elles, Bruggmann interroge les codes du photojournalisme et fait bouger les lignes de d\u00e9marcation entre photo document et photo d&#8217;art. Ainsi, il pr\u00e9cise, \u00ab comme en physique quantique, les conditions de l&#8217;observation changent la nature de ce qui est observ\u00e9 \u00bb. Son travail s&#8217;inspire de ce pr\u00e9suppos\u00e9.<\/p>\n<p>Initi\u00e9 en 2012, son projet syrien nous immerge dans la complexit\u00e9 du conflit. D&#8217;un point de vue documentaire, il s&#8217;agit de la seule oeuvre de ce type r\u00e9alis\u00e9e \u00e0 l&#8217;int\u00e9rieur du pays par un seul photographe occidental, ce gr\u00e2ce \u00e0 l&#8217;aide des meilleurs experts ind\u00e9pendants sur le conflit. Ses images, qui couvrent une zone g\u00e9ographique plus vaste que la Syrie, pulv\u00e9risent l&#8217;id\u00e9e de fronti\u00e8re et de nation. Elles questionnent nos suppositions morales et suscitent une compr\u00e9hension autre de la violence qui sous-tend les combats. Le photographe, en juxtaposant des images prises par des t\u00e9l\u00e9phones portables de miliciens combattant l&#8217;\u00c9tat islamique \u00e0 ses propres clich\u00e9s, invite \u00e0 r\u00e9fl\u00e9chir sur notre perception occidentale de la photographie en zones de guerre et sur le r\u00f4le du photojournalisme.<\/p>\n<p>En s&#8217;appropriant ces images non professionnelles et en les m\u00e9langeant aux siennes, il pousse \u00e0 regarder \u00e0 travers l&#8217;oeil des Syriens et questionne ainsi notre perception entre r\u00e9alit\u00e9 du photographe et r\u00e9alit\u00e9 de ses sujets. Son travail r\u00e9v\u00e8le alors un aspect cach\u00e9 du conflit et nous am\u00e8ne \u00e0 consid\u00e9rer quel prix nous serions pr\u00eats \u00e0 payer, quels actes de violence nous serions pr\u00eats \u00e0 commettre pour d\u00e9fendre nos propres libert\u00e9s.<\/p>\n<p>Pour accompagner ces images, cinq auteurs appartenant \u00e0 des bords diff\u00e9rents du conflit exposent leur vision sur l&#8217;origine de cette guerre d\u00e9sormais civile. Journaliste, professeur, consultant pour des ONG, fondateur des Casques blancs d\u00e9voilent toute la complexit\u00e9 de la situation et les multiples enjeux qui en r\u00e9sultent.<\/p>\n","protected":false},"excerpt":{"rendered":"<p>Les photographies de Matthias Bruggmann portent un regard critique sur la repr\u00e9sentation des horreurs de la guerre. Elles donnent \u00e0 voir au public occidental une vision plus nuanc\u00e9e de l&#8217;exp\u00e9rience du conflit arm\u00e9 et gomment les fronti\u00e8res entre photojournalisme et photographie plasticienne. \u00c0 travers elles, Bruggmann interroge les codes du photojournalisme et fait bouger les [&hellip;]<\/p>\n","protected":false},"featured_media":33935,"template":"","meta":[],"product_cat":[2948,2958],"product_tag":[],"acf":[],"yoast_head":"<!-- This site is optimized with the Yoast SEO plugin v20.11 - https:\/\/yoast.com\/wordpress\/plugins\/seo\/ -->\n<title>UN ACTE D&#039;UNE VIOLENCE INDICIBLE - Librairie 7L<\/title>\n<meta name=\"robots\" content=\"index, follow, max-snippet:-1, max-image-preview:large, max-video-preview:-1\" \/>\n<link rel=\"canonical\" href=\"https:\/\/librairie7l.com\/en\/produit\/un-acte-dune-violence-indicible\/\" \/>\n<meta property=\"og:locale\" content=\"en_US\" \/>\n<meta property=\"og:type\" content=\"article\" \/>\n<meta property=\"og:title\" content=\"UN ACTE D&#039;UNE VIOLENCE INDICIBLE - Librairie 7L\" \/>\n<meta property=\"og:description\" content=\"Les photographies de Matthias Bruggmann portent un regard critique sur la repr\u00e9sentation des horreurs de la guerre. Elles donnent \u00e0 voir au public occidental une vision plus nuanc\u00e9e de l&#8217;exp\u00e9rience du conflit arm\u00e9 et gomment les fronti\u00e8res entre photojournalisme et photographie plasticienne. \u00c0 travers elles, Bruggmann interroge les codes du photojournalisme et fait bouger les [&hellip;]\" \/>\n<meta property=\"og:url\" content=\"https:\/\/librairie7l.com\/en\/produit\/un-acte-dune-violence-indicible\/\" \/>\n<meta property=\"og:site_name\" content=\"Librairie 7L\" \/>\n<meta property=\"article:modified_time\" content=\"2026-04-05T18:16:21+00:00\" \/>\n<meta property=\"og:image\" content=\"https:\/\/librairie7l.com\/wp-content\/uploads\/2018\/06\/9782365111867_1_75.jpg\" \/>\n\t<meta property=\"og:image:width\" content=\"600\" \/>\n\t<meta property=\"og:image:height\" content=\"807\" \/>\n\t<meta property=\"og:image:type\" content=\"image\/jpeg\" \/>\n<meta name=\"twitter:card\" content=\"summary_large_image\" \/>\n<meta name=\"twitter:label1\" content=\"Est. reading time\" \/>\n\t<meta name=\"twitter:data1\" content=\"2 minutes\" \/>\n<script type=\"application\/ld+json\" class=\"yoast-schema-graph\">{\"@context\":\"https:\/\/schema.org\",\"@graph\":[{\"@type\":\"WebPage\",\"@id\":\"https:\/\/librairie7l.com\/en\/produit\/un-acte-dune-violence-indicible\/\",\"url\":\"https:\/\/librairie7l.com\/en\/produit\/un-acte-dune-violence-indicible\/\",\"name\":\"UN ACTE D'UNE VIOLENCE INDICIBLE - Librairie 7L\",\"isPartOf\":{\"@id\":\"https:\/\/librairie7l.com\/en\/#website\"},\"datePublished\":\"2023-09-19T13:12:02+00:00\",\"dateModified\":\"2026-04-05T18:16:21+00:00\",\"breadcrumb\":{\"@id\":\"https:\/\/librairie7l.com\/en\/produit\/un-acte-dune-violence-indicible\/#breadcrumb\"},\"inLanguage\":\"en-US\",\"potentialAction\":[{\"@type\":\"ReadAction\",\"target\":[\"https:\/\/librairie7l.com\/en\/produit\/un-acte-dune-violence-indicible\/\"]}]},{\"@type\":\"BreadcrumbList\",\"@id\":\"https:\/\/librairie7l.com\/en\/produit\/un-acte-dune-violence-indicible\/#breadcrumb\",\"itemListElement\":[{\"@type\":\"ListItem\",\"position\":1,\"name\":\"Accueil\",\"item\":\"https:\/\/librairie7l.com\/en\/\"},{\"@type\":\"ListItem\",\"position\":2,\"name\":\"Shop\",\"item\":\"https:\/\/librairie7l.com\/en\/shop\/\"},{\"@type\":\"ListItem\",\"position\":3,\"name\":\"UN ACTE D&#8217;UNE VIOLENCE INDICIBLE\"}]},{\"@type\":\"WebSite\",\"@id\":\"https:\/\/librairie7l.com\/en\/#website\",\"url\":\"https:\/\/librairie7l.com\/en\/\",\"name\":\"Librairie 7L\",\"description\":\"Librairie fond\u00e9e en 1999 par Karl Lagerfeld \u00e0 Paris\",\"publisher\":{\"@id\":\"https:\/\/librairie7l.com\/en\/#organization\"},\"potentialAction\":[{\"@type\":\"SearchAction\",\"target\":{\"@type\":\"EntryPoint\",\"urlTemplate\":\"https:\/\/librairie7l.com\/en\/?s={search_term_string}\"},\"query-input\":\"required name=search_term_string\"}],\"inLanguage\":\"en-US\"},{\"@type\":\"Organization\",\"@id\":\"https:\/\/librairie7l.com\/en\/#organization\",\"name\":\"Librairie 7L\",\"url\":\"https:\/\/librairie7l.com\/en\/\",\"logo\":{\"@type\":\"ImageObject\",\"inLanguage\":\"en-US\",\"@id\":\"https:\/\/librairie7l.com\/en\/#\/schema\/logo\/image\/\",\"url\":\"https:\/\/librairie7l.com\/wp-content\/uploads\/2022\/08\/logo-1.png\",\"contentUrl\":\"https:\/\/librairie7l.com\/wp-content\/uploads\/2022\/08\/logo-1.png\",\"width\":227,\"height\":301,\"caption\":\"Librairie 7L\"},\"image\":{\"@id\":\"https:\/\/librairie7l.com\/en\/#\/schema\/logo\/image\/\"}}]}<\/script>\n<!-- \/ Yoast SEO plugin. -->","yoast_head_json":{"title":"UN ACTE D'UNE VIOLENCE INDICIBLE - Librairie 7L","robots":{"index":"index","follow":"follow","max-snippet":"max-snippet:-1","max-image-preview":"max-image-preview:large","max-video-preview":"max-video-preview:-1"},"canonical":"https:\/\/librairie7l.com\/en\/produit\/un-acte-dune-violence-indicible\/","og_locale":"en_US","og_type":"article","og_title":"UN ACTE D'UNE VIOLENCE INDICIBLE - Librairie 7L","og_description":"Les photographies de Matthias Bruggmann portent un regard critique sur la repr\u00e9sentation des horreurs de la guerre. Elles donnent \u00e0 voir au public occidental une vision plus nuanc\u00e9e de l&#8217;exp\u00e9rience du conflit arm\u00e9 et gomment les fronti\u00e8res entre photojournalisme et photographie plasticienne. \u00c0 travers elles, Bruggmann interroge les codes du photojournalisme et fait bouger les [&hellip;]","og_url":"https:\/\/librairie7l.com\/en\/produit\/un-acte-dune-violence-indicible\/","og_site_name":"Librairie 7L","article_modified_time":"2026-04-05T18:16:21+00:00","og_image":[{"width":600,"height":807,"url":"https:\/\/librairie7l.com\/wp-content\/uploads\/2018\/06\/9782365111867_1_75.jpg","type":"image\/jpeg"}],"twitter_card":"summary_large_image","twitter_misc":{"Est. reading time":"2 minutes"},"schema":{"@context":"https:\/\/schema.org","@graph":[{"@type":"WebPage","@id":"https:\/\/librairie7l.com\/en\/produit\/un-acte-dune-violence-indicible\/","url":"https:\/\/librairie7l.com\/en\/produit\/un-acte-dune-violence-indicible\/","name":"UN ACTE D'UNE VIOLENCE INDICIBLE - Librairie 7L","isPartOf":{"@id":"https:\/\/librairie7l.com\/en\/#website"},"datePublished":"2023-09-19T13:12:02+00:00","dateModified":"2026-04-05T18:16:21+00:00","breadcrumb":{"@id":"https:\/\/librairie7l.com\/en\/produit\/un-acte-dune-violence-indicible\/#breadcrumb"},"inLanguage":"en-US","potentialAction":[{"@type":"ReadAction","target":["https:\/\/librairie7l.com\/en\/produit\/un-acte-dune-violence-indicible\/"]}]},{"@type":"BreadcrumbList","@id":"https:\/\/librairie7l.com\/en\/produit\/un-acte-dune-violence-indicible\/#breadcrumb","itemListElement":[{"@type":"ListItem","position":1,"name":"Accueil","item":"https:\/\/librairie7l.com\/en\/"},{"@type":"ListItem","position":2,"name":"Shop","item":"https:\/\/librairie7l.com\/en\/shop\/"},{"@type":"ListItem","position":3,"name":"UN ACTE D&#8217;UNE VIOLENCE INDICIBLE"}]},{"@type":"WebSite","@id":"https:\/\/librairie7l.com\/en\/#website","url":"https:\/\/librairie7l.com\/en\/","name":"Librairie 7L","description":"Librairie fond\u00e9e en 1999 par Karl Lagerfeld \u00e0 Paris","publisher":{"@id":"https:\/\/librairie7l.com\/en\/#organization"},"potentialAction":[{"@type":"SearchAction","target":{"@type":"EntryPoint","urlTemplate":"https:\/\/librairie7l.com\/en\/?s={search_term_string}"},"query-input":"required name=search_term_string"}],"inLanguage":"en-US"},{"@type":"Organization","@id":"https:\/\/librairie7l.com\/en\/#organization","name":"Librairie 7L","url":"https:\/\/librairie7l.com\/en\/","logo":{"@type":"ImageObject","inLanguage":"en-US","@id":"https:\/\/librairie7l.com\/en\/#\/schema\/logo\/image\/","url":"https:\/\/librairie7l.com\/wp-content\/uploads\/2022\/08\/logo-1.png","contentUrl":"https:\/\/librairie7l.com\/wp-content\/uploads\/2022\/08\/logo-1.png","width":227,"height":301,"caption":"Librairie 7L"},"image":{"@id":"https:\/\/librairie7l.com\/en\/#\/schema\/logo\/image\/"}}]}},"_links":{"self":[{"href":"https:\/\/librairie7l.com\/en\/wp-json\/wp\/v2\/product\/33937"}],"collection":[{"href":"https:\/\/librairie7l.com\/en\/wp-json\/wp\/v2\/product"}],"about":[{"href":"https:\/\/librairie7l.com\/en\/wp-json\/wp\/v2\/types\/product"}],"wp:featuredmedia":[{"embeddable":true,"href":"https:\/\/librairie7l.com\/en\/wp-json\/wp\/v2\/media\/33935"}],"wp:attachment":[{"href":"https:\/\/librairie7l.com\/en\/wp-json\/wp\/v2\/media?parent=33937"}],"wp:term":[{"taxonomy":"product_cat","embeddable":true,"href":"https:\/\/librairie7l.com\/en\/wp-json\/wp\/v2\/product_cat?post=33937"},{"taxonomy":"product_tag","embeddable":true,"href":"https:\/\/librairie7l.com\/en\/wp-json\/wp\/v2\/product_tag?post=33937"}],"curies":[{"name":"wp","href":"https:\/\/api.w.org\/{rel}","templated":true}]}}