{"id":33957,"date":"2023-09-19T15:21:41","date_gmt":"2023-09-19T13:21:41","guid":{"rendered":"https:\/\/librairie7l.com\/?post_type=product&#038;p=33957"},"modified":"2026-04-05T20:15:02","modified_gmt":"2026-04-05T18:15:02","slug":"ellsworth-kelly-postcards","status":"publish","type":"product","link":"https:\/\/librairie7l.com\/en\/produit\/ellsworth-kelly-postcards\/","title":{"rendered":"ELLSWORTH KELLY : POSTCARDS"},"content":{"rendered":"<p>Sur plus de 50 ann\u00e9es de carri\u00e8re, Ellsworth Kelly a cr\u00e9\u00e9 environ 400 cartes postales faites de collages, certaines ayant servi d&#8217;\u00e9tudes pour des oeuvres d&#8217;autres medias ou de plus grand format. Cet ouvrage pr\u00e9sente ces cartes, depuis les premi\u00e8res monochromes de 1949 jusqu&#8217;\u00e0 celles de 2005 repr\u00e9sentant des marines. Il permet ainsi de d\u00e9couvrir une facette moins connue et plus exp\u00e9rimentale du travail de l&#8217;artiste am\u00e9ricain.<\/p>\n","protected":false},"excerpt":{"rendered":"<p>Sur plus de 50 ann\u00e9es de carri\u00e8re, Ellsworth Kelly a cr\u00e9\u00e9 environ 400 cartes postales faites de collages, certaines ayant servi d&#8217;\u00e9tudes pour des oeuvres d&#8217;autres medias ou de plus grand format. Cet ouvrage pr\u00e9sente ces cartes, depuis les premi\u00e8res monochromes de 1949 jusqu&#8217;\u00e0 celles de 2005 repr\u00e9sentant des marines. Il permet ainsi de d\u00e9couvrir [&hellip;]<\/p>\n","protected":false},"featured_media":33956,"template":"","meta":[],"product_cat":[2948,2953],"product_tag":[],"acf":[],"yoast_head":"<!-- This site is optimized with the Yoast SEO plugin v20.11 - https:\/\/yoast.com\/wordpress\/plugins\/seo\/ -->\n<title>ELLSWORTH KELLY : POSTCARDS - Librairie 7L<\/title>\n<meta name=\"robots\" content=\"index, follow, max-snippet:-1, max-image-preview:large, max-video-preview:-1\" \/>\n<link rel=\"canonical\" href=\"https:\/\/librairie7l.com\/en\/produit\/ellsworth-kelly-postcards\/\" \/>\n<meta property=\"og:locale\" content=\"en_US\" \/>\n<meta property=\"og:type\" content=\"article\" \/>\n<meta property=\"og:title\" content=\"ELLSWORTH KELLY : POSTCARDS - Librairie 7L\" \/>\n<meta property=\"og:description\" content=\"Sur plus de 50 ann\u00e9es de carri\u00e8re, Ellsworth Kelly a cr\u00e9\u00e9 environ 400 cartes postales faites de collages, certaines ayant servi d&#8217;\u00e9tudes pour des oeuvres d&#8217;autres medias ou de plus grand format. Cet ouvrage pr\u00e9sente ces cartes, depuis les premi\u00e8res monochromes de 1949 jusqu&#8217;\u00e0 celles de 2005 repr\u00e9sentant des marines. Il permet ainsi de d\u00e9couvrir [&hellip;]\" \/>\n<meta property=\"og:url\" content=\"https:\/\/librairie7l.com\/en\/produit\/ellsworth-kelly-postcards\/\" \/>\n<meta property=\"og:site_name\" content=\"Librairie 7L\" \/>\n<meta property=\"article:modified_time\" content=\"2026-04-05T18:15:02+00:00\" \/>\n<meta property=\"og:image\" content=\"https:\/\/librairie7l.com\/wp-content\/uploads\/2021\/05\/9781636810096_1_75.jpg\" \/>\n\t<meta property=\"og:image:width\" content=\"387\" \/>\n\t<meta property=\"og:image:height\" content=\"500\" \/>\n\t<meta property=\"og:image:type\" content=\"image\/jpeg\" \/>\n<meta name=\"twitter:card\" content=\"summary_large_image\" \/>\n<script type=\"application\/ld+json\" class=\"yoast-schema-graph\">{\"@context\":\"https:\/\/schema.org\",\"@graph\":[{\"@type\":\"WebPage\",\"@id\":\"https:\/\/librairie7l.com\/en\/produit\/ellsworth-kelly-postcards\/\",\"url\":\"https:\/\/librairie7l.com\/en\/produit\/ellsworth-kelly-postcards\/\",\"name\":\"ELLSWORTH KELLY : POSTCARDS - Librairie 7L\",\"isPartOf\":{\"@id\":\"https:\/\/librairie7l.com\/en\/#website\"},\"datePublished\":\"2023-09-19T13:21:41+00:00\",\"dateModified\":\"2026-04-05T18:15:02+00:00\",\"breadcrumb\":{\"@id\":\"https:\/\/librairie7l.com\/en\/produit\/ellsworth-kelly-postcards\/#breadcrumb\"},\"inLanguage\":\"en-US\",\"potentialAction\":[{\"@type\":\"ReadAction\",\"target\":[\"https:\/\/librairie7l.com\/en\/produit\/ellsworth-kelly-postcards\/\"]}]},{\"@type\":\"BreadcrumbList\",\"@id\":\"https:\/\/librairie7l.com\/en\/produit\/ellsworth-kelly-postcards\/#breadcrumb\",\"itemListElement\":[{\"@type\":\"ListItem\",\"position\":1,\"name\":\"Accueil\",\"item\":\"https:\/\/librairie7l.com\/en\/\"},{\"@type\":\"ListItem\",\"position\":2,\"name\":\"Shop\",\"item\":\"https:\/\/librairie7l.com\/en\/shop\/\"},{\"@type\":\"ListItem\",\"position\":3,\"name\":\"ELLSWORTH KELLY : POSTCARDS\"}]},{\"@type\":\"WebSite\",\"@id\":\"https:\/\/librairie7l.com\/en\/#website\",\"url\":\"https:\/\/librairie7l.com\/en\/\",\"name\":\"Librairie 7L\",\"description\":\"Librairie fond\u00e9e en 1999 par Karl Lagerfeld \u00e0 Paris\",\"publisher\":{\"@id\":\"https:\/\/librairie7l.com\/en\/#organization\"},\"potentialAction\":[{\"@type\":\"SearchAction\",\"target\":{\"@type\":\"EntryPoint\",\"urlTemplate\":\"https:\/\/librairie7l.com\/en\/?s={search_term_string}\"},\"query-input\":\"required name=search_term_string\"}],\"inLanguage\":\"en-US\"},{\"@type\":\"Organization\",\"@id\":\"https:\/\/librairie7l.com\/en\/#organization\",\"name\":\"Librairie 7L\",\"url\":\"https:\/\/librairie7l.com\/en\/\",\"logo\":{\"@type\":\"ImageObject\",\"inLanguage\":\"en-US\",\"@id\":\"https:\/\/librairie7l.com\/en\/#\/schema\/logo\/image\/\",\"url\":\"https:\/\/librairie7l.com\/wp-content\/uploads\/2022\/08\/logo-1.png\",\"contentUrl\":\"https:\/\/librairie7l.com\/wp-content\/uploads\/2022\/08\/logo-1.png\",\"width\":227,\"height\":301,\"caption\":\"Librairie 7L\"},\"image\":{\"@id\":\"https:\/\/librairie7l.com\/en\/#\/schema\/logo\/image\/\"}}]}<\/script>\n<!-- \/ Yoast SEO plugin. -->","yoast_head_json":{"title":"ELLSWORTH KELLY : POSTCARDS - Librairie 7L","robots":{"index":"index","follow":"follow","max-snippet":"max-snippet:-1","max-image-preview":"max-image-preview:large","max-video-preview":"max-video-preview:-1"},"canonical":"https:\/\/librairie7l.com\/en\/produit\/ellsworth-kelly-postcards\/","og_locale":"en_US","og_type":"article","og_title":"ELLSWORTH KELLY : POSTCARDS - Librairie 7L","og_description":"Sur plus de 50 ann\u00e9es de carri\u00e8re, Ellsworth Kelly a cr\u00e9\u00e9 environ 400 cartes postales faites de collages, certaines ayant servi d&#8217;\u00e9tudes pour des oeuvres d&#8217;autres medias ou de plus grand format. Cet ouvrage pr\u00e9sente ces cartes, depuis les premi\u00e8res monochromes de 1949 jusqu&#8217;\u00e0 celles de 2005 repr\u00e9sentant des marines. Il permet ainsi de d\u00e9couvrir [&hellip;]","og_url":"https:\/\/librairie7l.com\/en\/produit\/ellsworth-kelly-postcards\/","og_site_name":"Librairie 7L","article_modified_time":"2026-04-05T18:15:02+00:00","og_image":[{"width":387,"height":500,"url":"https:\/\/librairie7l.com\/wp-content\/uploads\/2021\/05\/9781636810096_1_75.jpg","type":"image\/jpeg"}],"twitter_card":"summary_large_image","schema":{"@context":"https:\/\/schema.org","@graph":[{"@type":"WebPage","@id":"https:\/\/librairie7l.com\/en\/produit\/ellsworth-kelly-postcards\/","url":"https:\/\/librairie7l.com\/en\/produit\/ellsworth-kelly-postcards\/","name":"ELLSWORTH KELLY : POSTCARDS - Librairie 7L","isPartOf":{"@id":"https:\/\/librairie7l.com\/en\/#website"},"datePublished":"2023-09-19T13:21:41+00:00","dateModified":"2026-04-05T18:15:02+00:00","breadcrumb":{"@id":"https:\/\/librairie7l.com\/en\/produit\/ellsworth-kelly-postcards\/#breadcrumb"},"inLanguage":"en-US","potentialAction":[{"@type":"ReadAction","target":["https:\/\/librairie7l.com\/en\/produit\/ellsworth-kelly-postcards\/"]}]},{"@type":"BreadcrumbList","@id":"https:\/\/librairie7l.com\/en\/produit\/ellsworth-kelly-postcards\/#breadcrumb","itemListElement":[{"@type":"ListItem","position":1,"name":"Accueil","item":"https:\/\/librairie7l.com\/en\/"},{"@type":"ListItem","position":2,"name":"Shop","item":"https:\/\/librairie7l.com\/en\/shop\/"},{"@type":"ListItem","position":3,"name":"ELLSWORTH KELLY : POSTCARDS"}]},{"@type":"WebSite","@id":"https:\/\/librairie7l.com\/en\/#website","url":"https:\/\/librairie7l.com\/en\/","name":"Librairie 7L","description":"Librairie fond\u00e9e en 1999 par Karl Lagerfeld \u00e0 Paris","publisher":{"@id":"https:\/\/librairie7l.com\/en\/#organization"},"potentialAction":[{"@type":"SearchAction","target":{"@type":"EntryPoint","urlTemplate":"https:\/\/librairie7l.com\/en\/?s={search_term_string}"},"query-input":"required name=search_term_string"}],"inLanguage":"en-US"},{"@type":"Organization","@id":"https:\/\/librairie7l.com\/en\/#organization","name":"Librairie 7L","url":"https:\/\/librairie7l.com\/en\/","logo":{"@type":"ImageObject","inLanguage":"en-US","@id":"https:\/\/librairie7l.com\/en\/#\/schema\/logo\/image\/","url":"https:\/\/librairie7l.com\/wp-content\/uploads\/2022\/08\/logo-1.png","contentUrl":"https:\/\/librairie7l.com\/wp-content\/uploads\/2022\/08\/logo-1.png","width":227,"height":301,"caption":"Librairie 7L"},"image":{"@id":"https:\/\/librairie7l.com\/en\/#\/schema\/logo\/image\/"}}]}},"_links":{"self":[{"href":"https:\/\/librairie7l.com\/en\/wp-json\/wp\/v2\/product\/33957"}],"collection":[{"href":"https:\/\/librairie7l.com\/en\/wp-json\/wp\/v2\/product"}],"about":[{"href":"https:\/\/librairie7l.com\/en\/wp-json\/wp\/v2\/types\/product"}],"wp:featuredmedia":[{"embeddable":true,"href":"https:\/\/librairie7l.com\/en\/wp-json\/wp\/v2\/media\/33956"}],"wp:attachment":[{"href":"https:\/\/librairie7l.com\/en\/wp-json\/wp\/v2\/media?parent=33957"}],"wp:term":[{"taxonomy":"product_cat","embeddable":true,"href":"https:\/\/librairie7l.com\/en\/wp-json\/wp\/v2\/product_cat?post=33957"},{"taxonomy":"product_tag","embeddable":true,"href":"https:\/\/librairie7l.com\/en\/wp-json\/wp\/v2\/product_tag?post=33957"}],"curies":[{"name":"wp","href":"https:\/\/api.w.org\/{rel}","templated":true}]}}