{"id":34023,"date":"2023-09-19T15:42:55","date_gmt":"2023-09-19T13:42:55","guid":{"rendered":"https:\/\/librairie7l.com\/?post_type=product&#038;p=34023"},"modified":"2026-04-05T20:30:09","modified_gmt":"2026-04-05T18:30:09","slug":"rolf-de-mare","status":"publish","type":"product","link":"https:\/\/librairie7l.com\/en\/produit\/rolf-de-mare\/","title":{"rendered":"ROLF DE MAR\u00c9"},"content":{"rendered":"<p>Rolf de Mar\u00e9 (1888-1964), collectionneur, m\u00e9c\u00e8ne, fondateur des &#8221; Ballets su\u00e9dois &#8221; et des &#8221; Archives internationales de la danse &#8221; est une des personnalit\u00e9s su\u00e9doises de XXe si\u00e8cle mondialement connue dans le domaine de la danse et des arts visuels.<\/p>\n<p>Fondateur des &#8221; Ballets su\u00e9dois &#8220;, il fut l&#8217;un des premiers grands collectionneurs d&#8217;art moderne de son temps. Il fut aussi un infatigable voyageur, collectant \u00e0 travers le monde les mat\u00e9riaux n\u00e9cessaires \u00e0 la fondation du Mus\u00e9e de la danse de Stockholm, institution qui encore aujourd&#8217;hui est l&#8217;une des plus dynamiques en Europe. <\/p>\n<p>N\u00e9 \u00e0 Stockholm en 1888, petit-fils de la comtesse Whilhelmina von Hallwyl, elle-m\u00eame collectionneuse passionn\u00e9es d&#8217;art ancien, Rolf de Mar\u00e9 grandit dans un environnement aristocratique raffin\u00e9. Il commen\u00e7a tr\u00e8s t\u00f4t \u00e0 fr\u00e9quenter la haute soci\u00e9t\u00e9 internationale et les artistes d&#8217;avant-garde tels que Picasso, Braque, L\u00e9ger, Brancusi, Nils Dardel, dont il commence \u00e0 collectionner les oeuvres. Sa rencontre avec Mika\u00efl Fokine, alors chor\u00e9graphe c\u00e9l\u00e8bre gr\u00e2ce \u00e0 sa longue collaboration avec les &#8221; Ballets russes &#8221; de Diaghilev, \u00e9veille son int\u00e9r\u00eat pour la danse. <\/p>\n<p>Il fonde les &#8221; Ballets su\u00e9dois &#8221; en 1920 avec le danseur Jean B\u00f6rlin comme chor\u00e9graphe. A bien des \u00e9gards l&#8217;apport des &#8221; Ballets su\u00e9dois &#8221; au monde de la danse fut aussi important que celui des &#8221; Ballets russes &#8220;. Des cr\u00e9ateurs de danse contemporaine s&#8217;en r\u00e9clament encore aujourd&#8217;hui.<\/p>\n<p>Rolf de Mar\u00e9 cr\u00e9a \u00e0 Paris dans les ann\u00e9es 30 les Archives internationales de la danse, qui produisirent nombre d&#8217;expositions, et plusieurs concours chor\u00e9graphiques. En 1953, il  ouvrit le Mus\u00e9e de la danse de Stockholm, le premier mus\u00e9e de ce genre en Europe, dont les activit\u00e9s n&#8217;ont jamais cess\u00e9 depuis. Lorsqu&#8217;il mourut \u00e0 Barcelone en 1964, il laissa une grande partie de sa fortune au Mus\u00e9e de la danse de Stockholm,  et offrit sa collection d&#8217;art moderne au Moderna Museet de sa ville natale.<\/p>\n<p>Le texte de Erik Naslund nous pr\u00e9sente une \u00e9poque o\u00f9 un grand nombre d&#8217;artistes collabor\u00e8rent \u00e0 des oeuvres d&#8217;art total comme celles des &#8221; Ballets su\u00e9dois &#8220;. L&#8217;auteur ne se limite pas au destin particulier de Rolf de Mar\u00e9, mais nous entra\u00eene de mani\u00e8re transversale \u00e0 travers une \u00e9poque exceptionnelle dans le domaine des arts et de la pens\u00e9e.<br \/>\nLes documentalistes charg\u00e9s de r\u00e9unir les illustrations de l&#8217;ouvrage ont choisi 600 photographies, pour la plupart in\u00e9dites, gr\u00e2ce \u00e0 la collaboration des h\u00e9ritiers de Rolf de Mar\u00e9. Plus qu&#8217;un destin particulier, ces documents permettent, comme le texte, de recr\u00e9er toute l&#8217;\u00e9poque que v\u00e9cut Rolf de Mar\u00e9, non seulement en Su\u00e8de, mais aussi \u00e0 Paris et dans les autres pays o\u00f9 il voyagea.<\/p>\n","protected":false},"excerpt":{"rendered":"<p>Rolf de Mar\u00e9 (1888-1964), collectionneur, m\u00e9c\u00e8ne, fondateur des &#8221; Ballets su\u00e9dois &#8221; et des &#8221; Archives internationales de la danse &#8221; est une des personnalit\u00e9s su\u00e9doises de XXe si\u00e8cle mondialement connue dans le domaine de la danse et des arts visuels. Fondateur des &#8221; Ballets su\u00e9dois &#8220;, il fut l&#8217;un des premiers grands collectionneurs d&#8217;art [&hellip;]<\/p>\n","protected":false},"featured_media":34021,"template":"","meta":[],"product_cat":[2948,2953],"product_tag":[],"acf":[],"yoast_head":"<!-- This site is optimized with the Yoast SEO plugin v20.11 - https:\/\/yoast.com\/wordpress\/plugins\/seo\/ -->\n<title>ROLF DE MAR\u00c9 - Librairie 7L<\/title>\n<meta name=\"robots\" content=\"index, follow, max-snippet:-1, max-image-preview:large, max-video-preview:-1\" \/>\n<link rel=\"canonical\" href=\"https:\/\/librairie7l.com\/en\/produit\/rolf-de-mare\/\" \/>\n<meta property=\"og:locale\" content=\"en_US\" \/>\n<meta property=\"og:type\" content=\"article\" \/>\n<meta property=\"og:title\" content=\"ROLF DE MAR\u00c9 - Librairie 7L\" \/>\n<meta property=\"og:description\" content=\"Rolf de Mar\u00e9 (1888-1964), collectionneur, m\u00e9c\u00e8ne, fondateur des &#8221; Ballets su\u00e9dois &#8221; et des &#8221; Archives internationales de la danse &#8221; est une des personnalit\u00e9s su\u00e9doises de XXe si\u00e8cle mondialement connue dans le domaine de la danse et des arts visuels. Fondateur des &#8221; Ballets su\u00e9dois &#8220;, il fut l&#8217;un des premiers grands collectionneurs d&#8217;art [&hellip;]\" \/>\n<meta property=\"og:url\" content=\"https:\/\/librairie7l.com\/en\/produit\/rolf-de-mare\/\" \/>\n<meta property=\"og:site_name\" content=\"Librairie 7L\" \/>\n<meta property=\"article:modified_time\" content=\"2026-04-05T18:30:09+00:00\" \/>\n<meta property=\"og:image\" content=\"https:\/\/librairie7l.com\/wp-content\/uploads\/2008\/05\/9782742778539_1_75.jpg\" \/>\n\t<meta property=\"og:image:width\" content=\"485\" \/>\n\t<meta property=\"og:image:height\" content=\"632\" \/>\n\t<meta property=\"og:image:type\" content=\"image\/jpeg\" \/>\n<meta name=\"twitter:card\" content=\"summary_large_image\" \/>\n<meta name=\"twitter:label1\" content=\"Est. reading time\" \/>\n\t<meta name=\"twitter:data1\" content=\"2 minutes\" \/>\n<script type=\"application\/ld+json\" class=\"yoast-schema-graph\">{\"@context\":\"https:\/\/schema.org\",\"@graph\":[{\"@type\":\"WebPage\",\"@id\":\"https:\/\/librairie7l.com\/en\/produit\/rolf-de-mare\/\",\"url\":\"https:\/\/librairie7l.com\/en\/produit\/rolf-de-mare\/\",\"name\":\"ROLF DE MAR\u00c9 - Librairie 7L\",\"isPartOf\":{\"@id\":\"https:\/\/librairie7l.com\/en\/#website\"},\"datePublished\":\"2023-09-19T13:42:55+00:00\",\"dateModified\":\"2026-04-05T18:30:09+00:00\",\"breadcrumb\":{\"@id\":\"https:\/\/librairie7l.com\/en\/produit\/rolf-de-mare\/#breadcrumb\"},\"inLanguage\":\"en-US\",\"potentialAction\":[{\"@type\":\"ReadAction\",\"target\":[\"https:\/\/librairie7l.com\/en\/produit\/rolf-de-mare\/\"]}]},{\"@type\":\"BreadcrumbList\",\"@id\":\"https:\/\/librairie7l.com\/en\/produit\/rolf-de-mare\/#breadcrumb\",\"itemListElement\":[{\"@type\":\"ListItem\",\"position\":1,\"name\":\"Accueil\",\"item\":\"https:\/\/librairie7l.com\/en\/\"},{\"@type\":\"ListItem\",\"position\":2,\"name\":\"Shop\",\"item\":\"https:\/\/librairie7l.com\/en\/shop\/\"},{\"@type\":\"ListItem\",\"position\":3,\"name\":\"ROLF DE MAR\u00c9\"}]},{\"@type\":\"WebSite\",\"@id\":\"https:\/\/librairie7l.com\/en\/#website\",\"url\":\"https:\/\/librairie7l.com\/en\/\",\"name\":\"Librairie 7L\",\"description\":\"Librairie fond\u00e9e en 1999 par Karl Lagerfeld \u00e0 Paris\",\"publisher\":{\"@id\":\"https:\/\/librairie7l.com\/en\/#organization\"},\"potentialAction\":[{\"@type\":\"SearchAction\",\"target\":{\"@type\":\"EntryPoint\",\"urlTemplate\":\"https:\/\/librairie7l.com\/en\/?s={search_term_string}\"},\"query-input\":\"required name=search_term_string\"}],\"inLanguage\":\"en-US\"},{\"@type\":\"Organization\",\"@id\":\"https:\/\/librairie7l.com\/en\/#organization\",\"name\":\"Librairie 7L\",\"url\":\"https:\/\/librairie7l.com\/en\/\",\"logo\":{\"@type\":\"ImageObject\",\"inLanguage\":\"en-US\",\"@id\":\"https:\/\/librairie7l.com\/en\/#\/schema\/logo\/image\/\",\"url\":\"https:\/\/librairie7l.com\/wp-content\/uploads\/2022\/08\/logo-1.png\",\"contentUrl\":\"https:\/\/librairie7l.com\/wp-content\/uploads\/2022\/08\/logo-1.png\",\"width\":227,\"height\":301,\"caption\":\"Librairie 7L\"},\"image\":{\"@id\":\"https:\/\/librairie7l.com\/en\/#\/schema\/logo\/image\/\"}}]}<\/script>\n<!-- \/ Yoast SEO plugin. -->","yoast_head_json":{"title":"ROLF DE MAR\u00c9 - Librairie 7L","robots":{"index":"index","follow":"follow","max-snippet":"max-snippet:-1","max-image-preview":"max-image-preview:large","max-video-preview":"max-video-preview:-1"},"canonical":"https:\/\/librairie7l.com\/en\/produit\/rolf-de-mare\/","og_locale":"en_US","og_type":"article","og_title":"ROLF DE MAR\u00c9 - Librairie 7L","og_description":"Rolf de Mar\u00e9 (1888-1964), collectionneur, m\u00e9c\u00e8ne, fondateur des &#8221; Ballets su\u00e9dois &#8221; et des &#8221; Archives internationales de la danse &#8221; est une des personnalit\u00e9s su\u00e9doises de XXe si\u00e8cle mondialement connue dans le domaine de la danse et des arts visuels. Fondateur des &#8221; Ballets su\u00e9dois &#8220;, il fut l&#8217;un des premiers grands collectionneurs d&#8217;art [&hellip;]","og_url":"https:\/\/librairie7l.com\/en\/produit\/rolf-de-mare\/","og_site_name":"Librairie 7L","article_modified_time":"2026-04-05T18:30:09+00:00","og_image":[{"width":485,"height":632,"url":"https:\/\/librairie7l.com\/wp-content\/uploads\/2008\/05\/9782742778539_1_75.jpg","type":"image\/jpeg"}],"twitter_card":"summary_large_image","twitter_misc":{"Est. reading time":"2 minutes"},"schema":{"@context":"https:\/\/schema.org","@graph":[{"@type":"WebPage","@id":"https:\/\/librairie7l.com\/en\/produit\/rolf-de-mare\/","url":"https:\/\/librairie7l.com\/en\/produit\/rolf-de-mare\/","name":"ROLF DE MAR\u00c9 - Librairie 7L","isPartOf":{"@id":"https:\/\/librairie7l.com\/en\/#website"},"datePublished":"2023-09-19T13:42:55+00:00","dateModified":"2026-04-05T18:30:09+00:00","breadcrumb":{"@id":"https:\/\/librairie7l.com\/en\/produit\/rolf-de-mare\/#breadcrumb"},"inLanguage":"en-US","potentialAction":[{"@type":"ReadAction","target":["https:\/\/librairie7l.com\/en\/produit\/rolf-de-mare\/"]}]},{"@type":"BreadcrumbList","@id":"https:\/\/librairie7l.com\/en\/produit\/rolf-de-mare\/#breadcrumb","itemListElement":[{"@type":"ListItem","position":1,"name":"Accueil","item":"https:\/\/librairie7l.com\/en\/"},{"@type":"ListItem","position":2,"name":"Shop","item":"https:\/\/librairie7l.com\/en\/shop\/"},{"@type":"ListItem","position":3,"name":"ROLF DE MAR\u00c9"}]},{"@type":"WebSite","@id":"https:\/\/librairie7l.com\/en\/#website","url":"https:\/\/librairie7l.com\/en\/","name":"Librairie 7L","description":"Librairie fond\u00e9e en 1999 par Karl Lagerfeld \u00e0 Paris","publisher":{"@id":"https:\/\/librairie7l.com\/en\/#organization"},"potentialAction":[{"@type":"SearchAction","target":{"@type":"EntryPoint","urlTemplate":"https:\/\/librairie7l.com\/en\/?s={search_term_string}"},"query-input":"required name=search_term_string"}],"inLanguage":"en-US"},{"@type":"Organization","@id":"https:\/\/librairie7l.com\/en\/#organization","name":"Librairie 7L","url":"https:\/\/librairie7l.com\/en\/","logo":{"@type":"ImageObject","inLanguage":"en-US","@id":"https:\/\/librairie7l.com\/en\/#\/schema\/logo\/image\/","url":"https:\/\/librairie7l.com\/wp-content\/uploads\/2022\/08\/logo-1.png","contentUrl":"https:\/\/librairie7l.com\/wp-content\/uploads\/2022\/08\/logo-1.png","width":227,"height":301,"caption":"Librairie 7L"},"image":{"@id":"https:\/\/librairie7l.com\/en\/#\/schema\/logo\/image\/"}}]}},"_links":{"self":[{"href":"https:\/\/librairie7l.com\/en\/wp-json\/wp\/v2\/product\/34023"}],"collection":[{"href":"https:\/\/librairie7l.com\/en\/wp-json\/wp\/v2\/product"}],"about":[{"href":"https:\/\/librairie7l.com\/en\/wp-json\/wp\/v2\/types\/product"}],"wp:featuredmedia":[{"embeddable":true,"href":"https:\/\/librairie7l.com\/en\/wp-json\/wp\/v2\/media\/34021"}],"wp:attachment":[{"href":"https:\/\/librairie7l.com\/en\/wp-json\/wp\/v2\/media?parent=34023"}],"wp:term":[{"taxonomy":"product_cat","embeddable":true,"href":"https:\/\/librairie7l.com\/en\/wp-json\/wp\/v2\/product_cat?post=34023"},{"taxonomy":"product_tag","embeddable":true,"href":"https:\/\/librairie7l.com\/en\/wp-json\/wp\/v2\/product_tag?post=34023"}],"curies":[{"name":"wp","href":"https:\/\/api.w.org\/{rel}","templated":true}]}}