{"id":34033,"date":"2023-09-19T15:50:39","date_gmt":"2023-09-19T13:50:39","guid":{"rendered":"https:\/\/librairie7l.com\/?post_type=product&#038;p=34033"},"modified":"2026-05-14T17:51:50","modified_gmt":"2026-05-14T15:51:50","slug":"visual-spaces-of-today-andreas-gursky","status":"publish","type":"product","link":"https:\/\/librairie7l.com\/en\/produit\/visual-spaces-of-today-andreas-gursky\/","title":{"rendered":"VISUAL SPACES OF TODAY ANDREAS GURSKY"},"content":{"rendered":"<p>Publi\u00e9 par la Fondazione MAST, ce catalogue accompagne la premi\u00e8re exposition en Italie consacr\u00e9e \u00e0 l&#8217;artiste allemand Andreas Gursky. Les images grand format de Gursky encadrent le paysage contemporain et d\u00e9finissent notre exp\u00e9rience du monde. Cette exposition a \u00e9t\u00e9 con\u00e7ue en r\u00e9f\u00e9rence aux param\u00e8tres de la collection MAST &#8211; Manifattura di Arti, Sperimentazione e Tecnologia \/ Manufacture d&#8217;art, d&#8217;exp\u00e9rience et de technologie. Les quarante et une photographies spectaculaires de grand format ouvrent des perspectives particuli\u00e8res sur le monde du travail, l&#8217;\u00e9conomie et la mondialisation, r\u00e9v\u00e9lant des vues saisissantes de sites de production, de centres de manutention de marchandises, de temples de la consommation, de centres de transport, de production \u00e9nerg\u00e9tique et alimentaire, et de l&#8217;industrie financi\u00e8re. Ce volume, publi\u00e9 \u00e0 l&#8217;occasion du dixi\u00e8me anniversaire de la Fondazione MAST, comprend les quarante et une photographies expos\u00e9es, ainsi qu&#8217;un essai critique du commissaire Urs Stahel, qui jette un nouvel \u00e9clairage sur la recherche et la pratique d&#8217;un artiste international de premier plan dont le travail repousse les limites de la photographie tout en approfondissant notre compr\u00e9hension de notre \u00e9poque.<\/p>\n","protected":false},"excerpt":{"rendered":"<p>Publi\u00e9 par la Fondazione MAST, ce catalogue accompagne la premi\u00e8re exposition en Italie consacr\u00e9e \u00e0 l&#8217;artiste allemand Andreas Gursky. Les images grand format de Gursky encadrent le paysage contemporain et d\u00e9finissent notre exp\u00e9rience du monde. Cette exposition a \u00e9t\u00e9 con\u00e7ue en r\u00e9f\u00e9rence aux param\u00e8tres de la collection MAST &#8211; Manifattura di Arti, Sperimentazione e Tecnologia [&hellip;]<\/p>\n","protected":false},"featured_media":37070,"template":"","meta":[],"product_cat":[2948,2958],"product_tag":[],"acf":[],"yoast_head":"<!-- This site is optimized with the Yoast SEO plugin v20.11 - https:\/\/yoast.com\/wordpress\/plugins\/seo\/ -->\n<title>VISUAL SPACES OF TODAY ANDREAS GURSKY - Librairie 7L<\/title>\n<meta name=\"robots\" content=\"index, follow, max-snippet:-1, max-image-preview:large, max-video-preview:-1\" \/>\n<link rel=\"canonical\" href=\"https:\/\/librairie7l.com\/en\/produit\/visual-spaces-of-today-andreas-gursky\/\" \/>\n<meta property=\"og:locale\" content=\"en_US\" \/>\n<meta property=\"og:type\" content=\"article\" \/>\n<meta property=\"og:title\" content=\"VISUAL SPACES OF TODAY ANDREAS GURSKY - Librairie 7L\" \/>\n<meta property=\"og:description\" content=\"Publi\u00e9 par la Fondazione MAST, ce catalogue accompagne la premi\u00e8re exposition en Italie consacr\u00e9e \u00e0 l&#8217;artiste allemand Andreas Gursky. Les images grand format de Gursky encadrent le paysage contemporain et d\u00e9finissent notre exp\u00e9rience du monde. Cette exposition a \u00e9t\u00e9 con\u00e7ue en r\u00e9f\u00e9rence aux param\u00e8tres de la collection MAST &#8211; Manifattura di Arti, Sperimentazione e Tecnologia [&hellip;]\" \/>\n<meta property=\"og:url\" content=\"https:\/\/librairie7l.com\/en\/produit\/visual-spaces-of-today-andreas-gursky\/\" \/>\n<meta property=\"og:site_name\" content=\"Librairie 7L\" \/>\n<meta property=\"article:modified_time\" content=\"2026-05-14T15:51:50+00:00\" \/>\n<meta property=\"og:image\" content=\"https:\/\/librairie7l.com\/wp-content\/uploads\/2023\/10\/9781915743114_1_75.jpg\" \/>\n\t<meta property=\"og:image:width\" content=\"600\" \/>\n\t<meta property=\"og:image:height\" content=\"863\" \/>\n\t<meta property=\"og:image:type\" content=\"image\/jpeg\" \/>\n<meta name=\"twitter:card\" content=\"summary_large_image\" \/>\n<meta name=\"twitter:label1\" content=\"Est. reading time\" \/>\n\t<meta name=\"twitter:data1\" content=\"1 minute\" \/>\n<script type=\"application\/ld+json\" class=\"yoast-schema-graph\">{\"@context\":\"https:\/\/schema.org\",\"@graph\":[{\"@type\":\"WebPage\",\"@id\":\"https:\/\/librairie7l.com\/en\/produit\/visual-spaces-of-today-andreas-gursky\/\",\"url\":\"https:\/\/librairie7l.com\/en\/produit\/visual-spaces-of-today-andreas-gursky\/\",\"name\":\"VISUAL SPACES OF TODAY ANDREAS GURSKY - Librairie 7L\",\"isPartOf\":{\"@id\":\"https:\/\/librairie7l.com\/en\/#website\"},\"datePublished\":\"2023-09-19T13:50:39+00:00\",\"dateModified\":\"2026-05-14T15:51:50+00:00\",\"breadcrumb\":{\"@id\":\"https:\/\/librairie7l.com\/en\/produit\/visual-spaces-of-today-andreas-gursky\/#breadcrumb\"},\"inLanguage\":\"en-US\",\"potentialAction\":[{\"@type\":\"ReadAction\",\"target\":[\"https:\/\/librairie7l.com\/en\/produit\/visual-spaces-of-today-andreas-gursky\/\"]}]},{\"@type\":\"BreadcrumbList\",\"@id\":\"https:\/\/librairie7l.com\/en\/produit\/visual-spaces-of-today-andreas-gursky\/#breadcrumb\",\"itemListElement\":[{\"@type\":\"ListItem\",\"position\":1,\"name\":\"Accueil\",\"item\":\"https:\/\/librairie7l.com\/en\/\"},{\"@type\":\"ListItem\",\"position\":2,\"name\":\"Shop\",\"item\":\"https:\/\/librairie7l.com\/en\/shop\/\"},{\"@type\":\"ListItem\",\"position\":3,\"name\":\"VISUAL SPACES OF TODAY ANDREAS GURSKY\"}]},{\"@type\":\"WebSite\",\"@id\":\"https:\/\/librairie7l.com\/en\/#website\",\"url\":\"https:\/\/librairie7l.com\/en\/\",\"name\":\"Librairie 7L\",\"description\":\"Librairie fond\u00e9e en 1999 par Karl Lagerfeld \u00e0 Paris\",\"publisher\":{\"@id\":\"https:\/\/librairie7l.com\/en\/#organization\"},\"potentialAction\":[{\"@type\":\"SearchAction\",\"target\":{\"@type\":\"EntryPoint\",\"urlTemplate\":\"https:\/\/librairie7l.com\/en\/?s={search_term_string}\"},\"query-input\":\"required name=search_term_string\"}],\"inLanguage\":\"en-US\"},{\"@type\":\"Organization\",\"@id\":\"https:\/\/librairie7l.com\/en\/#organization\",\"name\":\"Librairie 7L\",\"url\":\"https:\/\/librairie7l.com\/en\/\",\"logo\":{\"@type\":\"ImageObject\",\"inLanguage\":\"en-US\",\"@id\":\"https:\/\/librairie7l.com\/en\/#\/schema\/logo\/image\/\",\"url\":\"https:\/\/librairie7l.com\/wp-content\/uploads\/2022\/08\/logo-1.png\",\"contentUrl\":\"https:\/\/librairie7l.com\/wp-content\/uploads\/2022\/08\/logo-1.png\",\"width\":227,\"height\":301,\"caption\":\"Librairie 7L\"},\"image\":{\"@id\":\"https:\/\/librairie7l.com\/en\/#\/schema\/logo\/image\/\"}}]}<\/script>\n<!-- \/ Yoast SEO plugin. -->","yoast_head_json":{"title":"VISUAL SPACES OF TODAY ANDREAS GURSKY - Librairie 7L","robots":{"index":"index","follow":"follow","max-snippet":"max-snippet:-1","max-image-preview":"max-image-preview:large","max-video-preview":"max-video-preview:-1"},"canonical":"https:\/\/librairie7l.com\/en\/produit\/visual-spaces-of-today-andreas-gursky\/","og_locale":"en_US","og_type":"article","og_title":"VISUAL SPACES OF TODAY ANDREAS GURSKY - Librairie 7L","og_description":"Publi\u00e9 par la Fondazione MAST, ce catalogue accompagne la premi\u00e8re exposition en Italie consacr\u00e9e \u00e0 l&#8217;artiste allemand Andreas Gursky. Les images grand format de Gursky encadrent le paysage contemporain et d\u00e9finissent notre exp\u00e9rience du monde. Cette exposition a \u00e9t\u00e9 con\u00e7ue en r\u00e9f\u00e9rence aux param\u00e8tres de la collection MAST &#8211; Manifattura di Arti, Sperimentazione e Tecnologia [&hellip;]","og_url":"https:\/\/librairie7l.com\/en\/produit\/visual-spaces-of-today-andreas-gursky\/","og_site_name":"Librairie 7L","article_modified_time":"2026-05-14T15:51:50+00:00","og_image":[{"width":600,"height":863,"url":"https:\/\/librairie7l.com\/wp-content\/uploads\/2023\/10\/9781915743114_1_75.jpg","type":"image\/jpeg"}],"twitter_card":"summary_large_image","twitter_misc":{"Est. reading time":"1 minute"},"schema":{"@context":"https:\/\/schema.org","@graph":[{"@type":"WebPage","@id":"https:\/\/librairie7l.com\/en\/produit\/visual-spaces-of-today-andreas-gursky\/","url":"https:\/\/librairie7l.com\/en\/produit\/visual-spaces-of-today-andreas-gursky\/","name":"VISUAL SPACES OF TODAY ANDREAS GURSKY - Librairie 7L","isPartOf":{"@id":"https:\/\/librairie7l.com\/en\/#website"},"datePublished":"2023-09-19T13:50:39+00:00","dateModified":"2026-05-14T15:51:50+00:00","breadcrumb":{"@id":"https:\/\/librairie7l.com\/en\/produit\/visual-spaces-of-today-andreas-gursky\/#breadcrumb"},"inLanguage":"en-US","potentialAction":[{"@type":"ReadAction","target":["https:\/\/librairie7l.com\/en\/produit\/visual-spaces-of-today-andreas-gursky\/"]}]},{"@type":"BreadcrumbList","@id":"https:\/\/librairie7l.com\/en\/produit\/visual-spaces-of-today-andreas-gursky\/#breadcrumb","itemListElement":[{"@type":"ListItem","position":1,"name":"Accueil","item":"https:\/\/librairie7l.com\/en\/"},{"@type":"ListItem","position":2,"name":"Shop","item":"https:\/\/librairie7l.com\/en\/shop\/"},{"@type":"ListItem","position":3,"name":"VISUAL SPACES OF TODAY ANDREAS GURSKY"}]},{"@type":"WebSite","@id":"https:\/\/librairie7l.com\/en\/#website","url":"https:\/\/librairie7l.com\/en\/","name":"Librairie 7L","description":"Librairie fond\u00e9e en 1999 par Karl Lagerfeld \u00e0 Paris","publisher":{"@id":"https:\/\/librairie7l.com\/en\/#organization"},"potentialAction":[{"@type":"SearchAction","target":{"@type":"EntryPoint","urlTemplate":"https:\/\/librairie7l.com\/en\/?s={search_term_string}"},"query-input":"required name=search_term_string"}],"inLanguage":"en-US"},{"@type":"Organization","@id":"https:\/\/librairie7l.com\/en\/#organization","name":"Librairie 7L","url":"https:\/\/librairie7l.com\/en\/","logo":{"@type":"ImageObject","inLanguage":"en-US","@id":"https:\/\/librairie7l.com\/en\/#\/schema\/logo\/image\/","url":"https:\/\/librairie7l.com\/wp-content\/uploads\/2022\/08\/logo-1.png","contentUrl":"https:\/\/librairie7l.com\/wp-content\/uploads\/2022\/08\/logo-1.png","width":227,"height":301,"caption":"Librairie 7L"},"image":{"@id":"https:\/\/librairie7l.com\/en\/#\/schema\/logo\/image\/"}}]}},"_links":{"self":[{"href":"https:\/\/librairie7l.com\/en\/wp-json\/wp\/v2\/product\/34033"}],"collection":[{"href":"https:\/\/librairie7l.com\/en\/wp-json\/wp\/v2\/product"}],"about":[{"href":"https:\/\/librairie7l.com\/en\/wp-json\/wp\/v2\/types\/product"}],"wp:featuredmedia":[{"embeddable":true,"href":"https:\/\/librairie7l.com\/en\/wp-json\/wp\/v2\/media\/37070"}],"wp:attachment":[{"href":"https:\/\/librairie7l.com\/en\/wp-json\/wp\/v2\/media?parent=34033"}],"wp:term":[{"taxonomy":"product_cat","embeddable":true,"href":"https:\/\/librairie7l.com\/en\/wp-json\/wp\/v2\/product_cat?post=34033"},{"taxonomy":"product_tag","embeddable":true,"href":"https:\/\/librairie7l.com\/en\/wp-json\/wp\/v2\/product_tag?post=34033"}],"curies":[{"name":"wp","href":"https:\/\/api.w.org\/{rel}","templated":true}]}}