{"id":34041,"date":"2023-09-19T15:57:30","date_gmt":"2023-09-19T13:57:30","guid":{"rendered":"https:\/\/librairie7l.com\/?post_type=product&#038;p=34041"},"modified":"2026-04-15T06:55:05","modified_gmt":"2026-04-15T04:55:05","slug":"moon-wood-the-drawers-and-i-matiere-lente-martin-et-pierre-lente-opus","status":"publish","type":"product","link":"https:\/\/librairie7l.com\/en\/produit\/moon-wood-the-drawers-and-i-matiere-lente-martin-et-pierre-lente-opus\/","title":{"rendered":"MOON WOOD, THE DRAWERS AND I, MATI\u00c8RE LENTE, MARTIN ET PIERRE, LENTE OPUS"},"content":{"rendered":"<p>Du mobilier d&#8217;usage \u00e0 l&#8217;objet th\u00e9orique ou de contemplation jusqu&#8217;\u00e0 la typographie, ce septi\u00e8me ouvrage r\u00e9alis\u00e9 en collaboration avec Martin Szekely donne donne \u00e0 voir, \u00e0 travers une s\u00e9rie de photographies prises par Fabrice Gousset, la formation initiale de son auteur. Ce volume inventorie les cinq derniers projets aboutis du designer : Moon Wood (2016) \/ The Drawers and I (2017-2018) \/ Mati\u00e8re Lente (2020-2021) \/ Martin et Pierre (2020) \/ Opus (2016). Chaque projet se distingue par son propos et son usage, par son mat\u00e9riau naturel ou composite, sa constitution monolithique ou modulaire et son \u00e9chelle. Moon Wood, The Drawers and I, Mati\u00e8re Lente, Martin et Pierre, Opus est le septi\u00e8me ouvrage publi\u00e9 sur le travail de Martin Szekely aux \u00c9ditions B42. Dans le cadre de cette s\u00e9rie entam\u00e9e en 2017, les \u00c9ditions B42 se sont associ\u00e9es avec le designer fran\u00e7ais pour donner \u00e0 voir son travail de mani\u00e8re exhaustive, en textes et en images. Chaque ouvrage s&#8217;attarde ainsi sur une pi\u00e8ce, une s\u00e9rie de pi\u00e8ces ou une exposition et analyse la production du designer.<\/p>\n","protected":false},"excerpt":{"rendered":"<p>Du mobilier d&#8217;usage \u00e0 l&#8217;objet th\u00e9orique ou de contemplation jusqu&#8217;\u00e0 la typographie, ce septi\u00e8me ouvrage r\u00e9alis\u00e9 en collaboration avec Martin Szekely donne donne \u00e0 voir, \u00e0 travers une s\u00e9rie de photographies prises par Fabrice Gousset, la formation initiale de son auteur. Ce volume inventorie les cinq derniers projets aboutis du designer : Moon Wood (2016) [&hellip;]<\/p>\n","protected":false},"featured_media":34039,"template":"","meta":[],"product_cat":[2948,2951],"product_tag":[],"acf":[],"yoast_head":"<!-- This site is optimized with the Yoast SEO plugin v20.11 - https:\/\/yoast.com\/wordpress\/plugins\/seo\/ -->\n<title>MOON WOOD, THE DRAWERS AND I, MATI\u00c8RE LENTE, MARTIN ET PIERRE, LENTE OPUS - Librairie 7L<\/title>\n<meta name=\"robots\" content=\"index, follow, max-snippet:-1, max-image-preview:large, max-video-preview:-1\" \/>\n<link rel=\"canonical\" href=\"https:\/\/librairie7l.com\/en\/produit\/moon-wood-the-drawers-and-i-matiere-lente-martin-et-pierre-lente-opus\/\" \/>\n<meta property=\"og:locale\" content=\"en_US\" \/>\n<meta property=\"og:type\" content=\"article\" \/>\n<meta property=\"og:title\" content=\"MOON WOOD, THE DRAWERS AND I, MATI\u00c8RE LENTE, MARTIN ET PIERRE, LENTE OPUS - Librairie 7L\" \/>\n<meta property=\"og:description\" content=\"Du mobilier d&#8217;usage \u00e0 l&#8217;objet th\u00e9orique ou de contemplation jusqu&#8217;\u00e0 la typographie, ce septi\u00e8me ouvrage r\u00e9alis\u00e9 en collaboration avec Martin Szekely donne donne \u00e0 voir, \u00e0 travers une s\u00e9rie de photographies prises par Fabrice Gousset, la formation initiale de son auteur. Ce volume inventorie les cinq derniers projets aboutis du designer : Moon Wood (2016) [&hellip;]\" \/>\n<meta property=\"og:url\" content=\"https:\/\/librairie7l.com\/en\/produit\/moon-wood-the-drawers-and-i-matiere-lente-martin-et-pierre-lente-opus\/\" \/>\n<meta property=\"og:site_name\" content=\"Librairie 7L\" \/>\n<meta property=\"article:modified_time\" content=\"2026-04-15T04:55:05+00:00\" \/>\n<meta property=\"og:image\" content=\"https:\/\/librairie7l.com\/wp-content\/uploads\/2022\/01\/9782490077724_1_75.jpg\" \/>\n\t<meta property=\"og:image:width\" content=\"400\" \/>\n\t<meta property=\"og:image:height\" content=\"560\" \/>\n\t<meta property=\"og:image:type\" content=\"image\/jpeg\" \/>\n<meta name=\"twitter:card\" content=\"summary_large_image\" \/>\n<meta name=\"twitter:label1\" content=\"Est. reading time\" \/>\n\t<meta name=\"twitter:data1\" content=\"1 minute\" \/>\n<script type=\"application\/ld+json\" class=\"yoast-schema-graph\">{\"@context\":\"https:\/\/schema.org\",\"@graph\":[{\"@type\":\"WebPage\",\"@id\":\"https:\/\/librairie7l.com\/en\/produit\/moon-wood-the-drawers-and-i-matiere-lente-martin-et-pierre-lente-opus\/\",\"url\":\"https:\/\/librairie7l.com\/en\/produit\/moon-wood-the-drawers-and-i-matiere-lente-martin-et-pierre-lente-opus\/\",\"name\":\"MOON WOOD, THE DRAWERS AND I, MATI\u00c8RE LENTE, MARTIN ET PIERRE, LENTE OPUS - Librairie 7L\",\"isPartOf\":{\"@id\":\"https:\/\/librairie7l.com\/en\/#website\"},\"datePublished\":\"2023-09-19T13:57:30+00:00\",\"dateModified\":\"2026-04-15T04:55:05+00:00\",\"breadcrumb\":{\"@id\":\"https:\/\/librairie7l.com\/en\/produit\/moon-wood-the-drawers-and-i-matiere-lente-martin-et-pierre-lente-opus\/#breadcrumb\"},\"inLanguage\":\"en-US\",\"potentialAction\":[{\"@type\":\"ReadAction\",\"target\":[\"https:\/\/librairie7l.com\/en\/produit\/moon-wood-the-drawers-and-i-matiere-lente-martin-et-pierre-lente-opus\/\"]}]},{\"@type\":\"BreadcrumbList\",\"@id\":\"https:\/\/librairie7l.com\/en\/produit\/moon-wood-the-drawers-and-i-matiere-lente-martin-et-pierre-lente-opus\/#breadcrumb\",\"itemListElement\":[{\"@type\":\"ListItem\",\"position\":1,\"name\":\"Accueil\",\"item\":\"https:\/\/librairie7l.com\/en\/\"},{\"@type\":\"ListItem\",\"position\":2,\"name\":\"Shop\",\"item\":\"https:\/\/librairie7l.com\/en\/shop\/\"},{\"@type\":\"ListItem\",\"position\":3,\"name\":\"MOON WOOD, THE DRAWERS AND I, MATI\u00c8RE LENTE, MARTIN ET PIERRE, LENTE OPUS\"}]},{\"@type\":\"WebSite\",\"@id\":\"https:\/\/librairie7l.com\/en\/#website\",\"url\":\"https:\/\/librairie7l.com\/en\/\",\"name\":\"Librairie 7L\",\"description\":\"Librairie fond\u00e9e en 1999 par Karl Lagerfeld \u00e0 Paris\",\"publisher\":{\"@id\":\"https:\/\/librairie7l.com\/en\/#organization\"},\"potentialAction\":[{\"@type\":\"SearchAction\",\"target\":{\"@type\":\"EntryPoint\",\"urlTemplate\":\"https:\/\/librairie7l.com\/en\/?s={search_term_string}\"},\"query-input\":\"required name=search_term_string\"}],\"inLanguage\":\"en-US\"},{\"@type\":\"Organization\",\"@id\":\"https:\/\/librairie7l.com\/en\/#organization\",\"name\":\"Librairie 7L\",\"url\":\"https:\/\/librairie7l.com\/en\/\",\"logo\":{\"@type\":\"ImageObject\",\"inLanguage\":\"en-US\",\"@id\":\"https:\/\/librairie7l.com\/en\/#\/schema\/logo\/image\/\",\"url\":\"https:\/\/librairie7l.com\/wp-content\/uploads\/2022\/08\/logo-1.png\",\"contentUrl\":\"https:\/\/librairie7l.com\/wp-content\/uploads\/2022\/08\/logo-1.png\",\"width\":227,\"height\":301,\"caption\":\"Librairie 7L\"},\"image\":{\"@id\":\"https:\/\/librairie7l.com\/en\/#\/schema\/logo\/image\/\"}}]}<\/script>\n<!-- \/ Yoast SEO plugin. -->","yoast_head_json":{"title":"MOON WOOD, THE DRAWERS AND I, MATI\u00c8RE LENTE, MARTIN ET PIERRE, LENTE OPUS - Librairie 7L","robots":{"index":"index","follow":"follow","max-snippet":"max-snippet:-1","max-image-preview":"max-image-preview:large","max-video-preview":"max-video-preview:-1"},"canonical":"https:\/\/librairie7l.com\/en\/produit\/moon-wood-the-drawers-and-i-matiere-lente-martin-et-pierre-lente-opus\/","og_locale":"en_US","og_type":"article","og_title":"MOON WOOD, THE DRAWERS AND I, MATI\u00c8RE LENTE, MARTIN ET PIERRE, LENTE OPUS - Librairie 7L","og_description":"Du mobilier d&#8217;usage \u00e0 l&#8217;objet th\u00e9orique ou de contemplation jusqu&#8217;\u00e0 la typographie, ce septi\u00e8me ouvrage r\u00e9alis\u00e9 en collaboration avec Martin Szekely donne donne \u00e0 voir, \u00e0 travers une s\u00e9rie de photographies prises par Fabrice Gousset, la formation initiale de son auteur. Ce volume inventorie les cinq derniers projets aboutis du designer : Moon Wood (2016) [&hellip;]","og_url":"https:\/\/librairie7l.com\/en\/produit\/moon-wood-the-drawers-and-i-matiere-lente-martin-et-pierre-lente-opus\/","og_site_name":"Librairie 7L","article_modified_time":"2026-04-15T04:55:05+00:00","og_image":[{"width":400,"height":560,"url":"https:\/\/librairie7l.com\/wp-content\/uploads\/2022\/01\/9782490077724_1_75.jpg","type":"image\/jpeg"}],"twitter_card":"summary_large_image","twitter_misc":{"Est. reading time":"1 minute"},"schema":{"@context":"https:\/\/schema.org","@graph":[{"@type":"WebPage","@id":"https:\/\/librairie7l.com\/en\/produit\/moon-wood-the-drawers-and-i-matiere-lente-martin-et-pierre-lente-opus\/","url":"https:\/\/librairie7l.com\/en\/produit\/moon-wood-the-drawers-and-i-matiere-lente-martin-et-pierre-lente-opus\/","name":"MOON WOOD, THE DRAWERS AND I, MATI\u00c8RE LENTE, MARTIN ET PIERRE, LENTE OPUS - Librairie 7L","isPartOf":{"@id":"https:\/\/librairie7l.com\/en\/#website"},"datePublished":"2023-09-19T13:57:30+00:00","dateModified":"2026-04-15T04:55:05+00:00","breadcrumb":{"@id":"https:\/\/librairie7l.com\/en\/produit\/moon-wood-the-drawers-and-i-matiere-lente-martin-et-pierre-lente-opus\/#breadcrumb"},"inLanguage":"en-US","potentialAction":[{"@type":"ReadAction","target":["https:\/\/librairie7l.com\/en\/produit\/moon-wood-the-drawers-and-i-matiere-lente-martin-et-pierre-lente-opus\/"]}]},{"@type":"BreadcrumbList","@id":"https:\/\/librairie7l.com\/en\/produit\/moon-wood-the-drawers-and-i-matiere-lente-martin-et-pierre-lente-opus\/#breadcrumb","itemListElement":[{"@type":"ListItem","position":1,"name":"Accueil","item":"https:\/\/librairie7l.com\/en\/"},{"@type":"ListItem","position":2,"name":"Shop","item":"https:\/\/librairie7l.com\/en\/shop\/"},{"@type":"ListItem","position":3,"name":"MOON WOOD, THE DRAWERS AND I, MATI\u00c8RE LENTE, MARTIN ET PIERRE, LENTE OPUS"}]},{"@type":"WebSite","@id":"https:\/\/librairie7l.com\/en\/#website","url":"https:\/\/librairie7l.com\/en\/","name":"Librairie 7L","description":"Librairie fond\u00e9e en 1999 par Karl Lagerfeld \u00e0 Paris","publisher":{"@id":"https:\/\/librairie7l.com\/en\/#organization"},"potentialAction":[{"@type":"SearchAction","target":{"@type":"EntryPoint","urlTemplate":"https:\/\/librairie7l.com\/en\/?s={search_term_string}"},"query-input":"required name=search_term_string"}],"inLanguage":"en-US"},{"@type":"Organization","@id":"https:\/\/librairie7l.com\/en\/#organization","name":"Librairie 7L","url":"https:\/\/librairie7l.com\/en\/","logo":{"@type":"ImageObject","inLanguage":"en-US","@id":"https:\/\/librairie7l.com\/en\/#\/schema\/logo\/image\/","url":"https:\/\/librairie7l.com\/wp-content\/uploads\/2022\/08\/logo-1.png","contentUrl":"https:\/\/librairie7l.com\/wp-content\/uploads\/2022\/08\/logo-1.png","width":227,"height":301,"caption":"Librairie 7L"},"image":{"@id":"https:\/\/librairie7l.com\/en\/#\/schema\/logo\/image\/"}}]}},"_links":{"self":[{"href":"https:\/\/librairie7l.com\/en\/wp-json\/wp\/v2\/product\/34041"}],"collection":[{"href":"https:\/\/librairie7l.com\/en\/wp-json\/wp\/v2\/product"}],"about":[{"href":"https:\/\/librairie7l.com\/en\/wp-json\/wp\/v2\/types\/product"}],"wp:featuredmedia":[{"embeddable":true,"href":"https:\/\/librairie7l.com\/en\/wp-json\/wp\/v2\/media\/34039"}],"wp:attachment":[{"href":"https:\/\/librairie7l.com\/en\/wp-json\/wp\/v2\/media?parent=34041"}],"wp:term":[{"taxonomy":"product_cat","embeddable":true,"href":"https:\/\/librairie7l.com\/en\/wp-json\/wp\/v2\/product_cat?post=34041"},{"taxonomy":"product_tag","embeddable":true,"href":"https:\/\/librairie7l.com\/en\/wp-json\/wp\/v2\/product_tag?post=34041"}],"curies":[{"name":"wp","href":"https:\/\/api.w.org\/{rel}","templated":true}]}}