{"id":34051,"date":"2023-09-19T15:59:25","date_gmt":"2023-09-19T13:59:25","guid":{"rendered":"https:\/\/librairie7l.com\/?post_type=product&#038;p=34051"},"modified":"2026-04-09T01:28:10","modified_gmt":"2026-04-08T23:28:10","slug":"magnificent-obsessions-saved-my-life","status":"publish","type":"product","link":"https:\/\/librairie7l.com\/en\/produit\/magnificent-obsessions-saved-my-life\/","title":{"rendered":"MAGNIFICENT OBSESSIONS SAVED MY LIFE"},"content":{"rendered":"<p>Une vie, entre art et cin\u00e9ma : l&#8217;autobiographie visuelle d&#8217;une figure pivotale du cin\u00e9ma en Suisse et en Europe en quelque 300 images tir\u00e9es de l&#8217;incroyable collection de photos de films de Matthias Brunner, des classiques hollywoodiens aux films d&#8217;auteur, et de reproductions d&#8217;oeuvres d&#8217;art contemporain, qui nous fait entrer dans l&#8217;intimit\u00e9 de Fassbinder, Waters, Warhol et bien d&#8217;autres.<br \/>\nLes biographies peuvent \u00eatre aussi vari\u00e9es que les vies humaines. Magnificent Obsessions Saved My Life est cependant un cas \u00e0 part, un genre tr\u00e8s particulier d'(auto)biographie qui retrace les \u00e9tapes et les tournants de la vie d&#8217;un artiste d&#8217;apr\u00e8s-guerre issu d&#8217;une famille dysfonctionnelle, avec pour toile de fond les exp\u00e9riences de lib\u00e9ration sexuelle de sa g\u00e9n\u00e9ration 68 et son exp\u00e9rience trop personnelle de deux pand\u00e9mies mortelles : le SIDA et le Covid-19. Mais ces \u00e9l\u00e9ments biographiques et historiques de la vie de l&#8217;artiste sont mis en avant dans un dialogue permanent avec les classiques hollywoodiens, les films d&#8217;auteur et l&#8217;art contemporain. Car une oeuvre d&#8217;art cin\u00e9matographique ou visuel n&#8217;est rien si elle ne vous parle pas de votre propre vie : le cin\u00e9ma et l&#8217;art parlent toujours de ce qui a \u00e9t\u00e9 et de ce qui aurait pu \u00eatre, de ce que nous sommes et de ce que nous voudrions \u00eatre. Magnificent Obsessions aborde ces questions existentielles par le biais de textes et d&#8217;images, notamment des s\u00e9lections de l&#8217;impressionnante collection de photos de films de Brunner et des reproductions de ses oeuvres d&#8217;art pr\u00e9f\u00e9r\u00e9es. Il examine comment le monde a chang\u00e9, en particulier les voyages, les h\u00f4tels et les expositions, depuis le milieu du XXe si\u00e8cle, quels v\u00eatements et coiffures les gens portaient alors et portent aujourd&#8217;hui.<br \/>\nComme dans les films, les gens sont au centre des des \u00e9crits de Brunner, parfois d&#8217;une franchise mordante et pourtant affectueux, presque tendres. Lorsqu&#8217;il perd l&#8217;amour de sa vie, le marchand d&#8217;art suisse Thomas Ammann, emport\u00e9 par le sida, il \u00e9crit sur leur bonheur commun pour ne pas \u00eatre rong\u00e9 par le chagrin. Il se souvient de la glamour Elisabeth Bossard (Thema Selection), son amante de longue date, et raconte des anecdotes d&#8217;un flirt \u00e0 Venise avec Edmund White, l&#8217;\u00e9crivain am\u00e9ricain qui devint son ami. Il raconte sa relation d&#8217;amour-haine avec le cin\u00e9aste suisse Daniel Schmid, avec des aper\u00e7us intimes des cin\u00e9astes allemands d\u00e9funts Reiner Werner Fassbinder et Werner Schroeter, de leurs oeuvres et de toute la sc\u00e8ne qui les entourait.<br \/>\nLa vie de Brunner est marqu\u00e9e par deux constantes : un d\u00e9sir d&#8217;\u00e9vasion artistique et une volont\u00e9 g\u00e9n\u00e9reuse et inlassable de partager ses obsessions avec les autres. C&#8217;est Brunner qui a tr\u00e8s t\u00f4t fait venir en Suisse les films de ses amis John Waters et Andy Warhol, en contournant la censure. Sans cela, ces films n&#8217;auraient pas \u00e9t\u00e9 vus &#8211; ou seulement beaucoup plus tard, avec l&#8217;av\u00e8nement de l&#8217;Internet. Brunner connaissait les c\u00f4t\u00e9s lumineux et sombres de l&#8217;usine \u00e0 r\u00eaves, mais il \u00e9tait toujours pr\u00eat \u00e0 succomber une fois de plus \u00e0 son Imitation of Life, comme Douglas Sirk a intitul\u00e9 l&#8217;un de ses grands m\u00e9lodrames.<\/p>\n","protected":false},"excerpt":{"rendered":"<p>Une vie, entre art et cin\u00e9ma : l&#8217;autobiographie visuelle d&#8217;une figure pivotale du cin\u00e9ma en Suisse et en Europe en quelque 300 images tir\u00e9es de l&#8217;incroyable collection de photos de films de Matthias Brunner, des classiques hollywoodiens aux films d&#8217;auteur, et de reproductions d&#8217;oeuvres d&#8217;art contemporain, qui nous fait entrer dans l&#8217;intimit\u00e9 de Fassbinder, Waters, [&hellip;]<\/p>\n","protected":false},"featured_media":34049,"template":"","meta":[],"product_cat":[2948,2958],"product_tag":[],"acf":[],"yoast_head":"<!-- This site is optimized with the Yoast SEO plugin v20.11 - https:\/\/yoast.com\/wordpress\/plugins\/seo\/ -->\n<title>MAGNIFICENT OBSESSIONS SAVED MY LIFE - Librairie 7L<\/title>\n<meta name=\"robots\" content=\"index, follow, max-snippet:-1, max-image-preview:large, max-video-preview:-1\" \/>\n<link rel=\"canonical\" href=\"https:\/\/librairie7l.com\/en\/produit\/magnificent-obsessions-saved-my-life\/\" \/>\n<meta property=\"og:locale\" content=\"en_US\" \/>\n<meta property=\"og:type\" content=\"article\" \/>\n<meta property=\"og:title\" content=\"MAGNIFICENT OBSESSIONS SAVED MY LIFE - Librairie 7L\" \/>\n<meta property=\"og:description\" content=\"Une vie, entre art et cin\u00e9ma : l&#8217;autobiographie visuelle d&#8217;une figure pivotale du cin\u00e9ma en Suisse et en Europe en quelque 300 images tir\u00e9es de l&#8217;incroyable collection de photos de films de Matthias Brunner, des classiques hollywoodiens aux films d&#8217;auteur, et de reproductions d&#8217;oeuvres d&#8217;art contemporain, qui nous fait entrer dans l&#8217;intimit\u00e9 de Fassbinder, Waters, [&hellip;]\" \/>\n<meta property=\"og:url\" content=\"https:\/\/librairie7l.com\/en\/produit\/magnificent-obsessions-saved-my-life\/\" \/>\n<meta property=\"og:site_name\" content=\"Librairie 7L\" \/>\n<meta property=\"article:modified_time\" content=\"2026-04-08T23:28:10+00:00\" \/>\n<meta property=\"og:image\" content=\"https:\/\/librairie7l.com\/wp-content\/uploads\/2023\/02\/9783907236420_1_75.jpg\" \/>\n\t<meta property=\"og:image:width\" content=\"600\" \/>\n\t<meta property=\"og:image:height\" content=\"668\" \/>\n\t<meta property=\"og:image:type\" content=\"image\/jpeg\" \/>\n<meta name=\"twitter:card\" content=\"summary_large_image\" \/>\n<meta name=\"twitter:label1\" content=\"Est. reading time\" \/>\n\t<meta name=\"twitter:data1\" content=\"3 minutes\" \/>\n<script type=\"application\/ld+json\" class=\"yoast-schema-graph\">{\"@context\":\"https:\/\/schema.org\",\"@graph\":[{\"@type\":\"WebPage\",\"@id\":\"https:\/\/librairie7l.com\/en\/produit\/magnificent-obsessions-saved-my-life\/\",\"url\":\"https:\/\/librairie7l.com\/en\/produit\/magnificent-obsessions-saved-my-life\/\",\"name\":\"MAGNIFICENT OBSESSIONS SAVED MY LIFE - Librairie 7L\",\"isPartOf\":{\"@id\":\"https:\/\/librairie7l.com\/en\/#website\"},\"datePublished\":\"2023-09-19T13:59:25+00:00\",\"dateModified\":\"2026-04-08T23:28:10+00:00\",\"breadcrumb\":{\"@id\":\"https:\/\/librairie7l.com\/en\/produit\/magnificent-obsessions-saved-my-life\/#breadcrumb\"},\"inLanguage\":\"en-US\",\"potentialAction\":[{\"@type\":\"ReadAction\",\"target\":[\"https:\/\/librairie7l.com\/en\/produit\/magnificent-obsessions-saved-my-life\/\"]}]},{\"@type\":\"BreadcrumbList\",\"@id\":\"https:\/\/librairie7l.com\/en\/produit\/magnificent-obsessions-saved-my-life\/#breadcrumb\",\"itemListElement\":[{\"@type\":\"ListItem\",\"position\":1,\"name\":\"Accueil\",\"item\":\"https:\/\/librairie7l.com\/en\/\"},{\"@type\":\"ListItem\",\"position\":2,\"name\":\"Shop\",\"item\":\"https:\/\/librairie7l.com\/en\/shop\/\"},{\"@type\":\"ListItem\",\"position\":3,\"name\":\"MAGNIFICENT OBSESSIONS SAVED MY LIFE\"}]},{\"@type\":\"WebSite\",\"@id\":\"https:\/\/librairie7l.com\/en\/#website\",\"url\":\"https:\/\/librairie7l.com\/en\/\",\"name\":\"Librairie 7L\",\"description\":\"Librairie fond\u00e9e en 1999 par Karl Lagerfeld \u00e0 Paris\",\"publisher\":{\"@id\":\"https:\/\/librairie7l.com\/en\/#organization\"},\"potentialAction\":[{\"@type\":\"SearchAction\",\"target\":{\"@type\":\"EntryPoint\",\"urlTemplate\":\"https:\/\/librairie7l.com\/en\/?s={search_term_string}\"},\"query-input\":\"required name=search_term_string\"}],\"inLanguage\":\"en-US\"},{\"@type\":\"Organization\",\"@id\":\"https:\/\/librairie7l.com\/en\/#organization\",\"name\":\"Librairie 7L\",\"url\":\"https:\/\/librairie7l.com\/en\/\",\"logo\":{\"@type\":\"ImageObject\",\"inLanguage\":\"en-US\",\"@id\":\"https:\/\/librairie7l.com\/en\/#\/schema\/logo\/image\/\",\"url\":\"https:\/\/librairie7l.com\/wp-content\/uploads\/2022\/08\/logo-1.png\",\"contentUrl\":\"https:\/\/librairie7l.com\/wp-content\/uploads\/2022\/08\/logo-1.png\",\"width\":227,\"height\":301,\"caption\":\"Librairie 7L\"},\"image\":{\"@id\":\"https:\/\/librairie7l.com\/en\/#\/schema\/logo\/image\/\"}}]}<\/script>\n<!-- \/ Yoast SEO plugin. -->","yoast_head_json":{"title":"MAGNIFICENT OBSESSIONS SAVED MY LIFE - Librairie 7L","robots":{"index":"index","follow":"follow","max-snippet":"max-snippet:-1","max-image-preview":"max-image-preview:large","max-video-preview":"max-video-preview:-1"},"canonical":"https:\/\/librairie7l.com\/en\/produit\/magnificent-obsessions-saved-my-life\/","og_locale":"en_US","og_type":"article","og_title":"MAGNIFICENT OBSESSIONS SAVED MY LIFE - Librairie 7L","og_description":"Une vie, entre art et cin\u00e9ma : l&#8217;autobiographie visuelle d&#8217;une figure pivotale du cin\u00e9ma en Suisse et en Europe en quelque 300 images tir\u00e9es de l&#8217;incroyable collection de photos de films de Matthias Brunner, des classiques hollywoodiens aux films d&#8217;auteur, et de reproductions d&#8217;oeuvres d&#8217;art contemporain, qui nous fait entrer dans l&#8217;intimit\u00e9 de Fassbinder, Waters, [&hellip;]","og_url":"https:\/\/librairie7l.com\/en\/produit\/magnificent-obsessions-saved-my-life\/","og_site_name":"Librairie 7L","article_modified_time":"2026-04-08T23:28:10+00:00","og_image":[{"width":600,"height":668,"url":"https:\/\/librairie7l.com\/wp-content\/uploads\/2023\/02\/9783907236420_1_75.jpg","type":"image\/jpeg"}],"twitter_card":"summary_large_image","twitter_misc":{"Est. reading time":"3 minutes"},"schema":{"@context":"https:\/\/schema.org","@graph":[{"@type":"WebPage","@id":"https:\/\/librairie7l.com\/en\/produit\/magnificent-obsessions-saved-my-life\/","url":"https:\/\/librairie7l.com\/en\/produit\/magnificent-obsessions-saved-my-life\/","name":"MAGNIFICENT OBSESSIONS SAVED MY LIFE - Librairie 7L","isPartOf":{"@id":"https:\/\/librairie7l.com\/en\/#website"},"datePublished":"2023-09-19T13:59:25+00:00","dateModified":"2026-04-08T23:28:10+00:00","breadcrumb":{"@id":"https:\/\/librairie7l.com\/en\/produit\/magnificent-obsessions-saved-my-life\/#breadcrumb"},"inLanguage":"en-US","potentialAction":[{"@type":"ReadAction","target":["https:\/\/librairie7l.com\/en\/produit\/magnificent-obsessions-saved-my-life\/"]}]},{"@type":"BreadcrumbList","@id":"https:\/\/librairie7l.com\/en\/produit\/magnificent-obsessions-saved-my-life\/#breadcrumb","itemListElement":[{"@type":"ListItem","position":1,"name":"Accueil","item":"https:\/\/librairie7l.com\/en\/"},{"@type":"ListItem","position":2,"name":"Shop","item":"https:\/\/librairie7l.com\/en\/shop\/"},{"@type":"ListItem","position":3,"name":"MAGNIFICENT OBSESSIONS SAVED MY LIFE"}]},{"@type":"WebSite","@id":"https:\/\/librairie7l.com\/en\/#website","url":"https:\/\/librairie7l.com\/en\/","name":"Librairie 7L","description":"Librairie fond\u00e9e en 1999 par Karl Lagerfeld \u00e0 Paris","publisher":{"@id":"https:\/\/librairie7l.com\/en\/#organization"},"potentialAction":[{"@type":"SearchAction","target":{"@type":"EntryPoint","urlTemplate":"https:\/\/librairie7l.com\/en\/?s={search_term_string}"},"query-input":"required name=search_term_string"}],"inLanguage":"en-US"},{"@type":"Organization","@id":"https:\/\/librairie7l.com\/en\/#organization","name":"Librairie 7L","url":"https:\/\/librairie7l.com\/en\/","logo":{"@type":"ImageObject","inLanguage":"en-US","@id":"https:\/\/librairie7l.com\/en\/#\/schema\/logo\/image\/","url":"https:\/\/librairie7l.com\/wp-content\/uploads\/2022\/08\/logo-1.png","contentUrl":"https:\/\/librairie7l.com\/wp-content\/uploads\/2022\/08\/logo-1.png","width":227,"height":301,"caption":"Librairie 7L"},"image":{"@id":"https:\/\/librairie7l.com\/en\/#\/schema\/logo\/image\/"}}]}},"_links":{"self":[{"href":"https:\/\/librairie7l.com\/en\/wp-json\/wp\/v2\/product\/34051"}],"collection":[{"href":"https:\/\/librairie7l.com\/en\/wp-json\/wp\/v2\/product"}],"about":[{"href":"https:\/\/librairie7l.com\/en\/wp-json\/wp\/v2\/types\/product"}],"wp:featuredmedia":[{"embeddable":true,"href":"https:\/\/librairie7l.com\/en\/wp-json\/wp\/v2\/media\/34049"}],"wp:attachment":[{"href":"https:\/\/librairie7l.com\/en\/wp-json\/wp\/v2\/media?parent=34051"}],"wp:term":[{"taxonomy":"product_cat","embeddable":true,"href":"https:\/\/librairie7l.com\/en\/wp-json\/wp\/v2\/product_cat?post=34051"},{"taxonomy":"product_tag","embeddable":true,"href":"https:\/\/librairie7l.com\/en\/wp-json\/wp\/v2\/product_tag?post=34051"}],"curies":[{"name":"wp","href":"https:\/\/api.w.org\/{rel}","templated":true}]}}