{"id":34059,"date":"2023-09-19T15:59:34","date_gmt":"2023-09-19T13:59:34","guid":{"rendered":"https:\/\/librairie7l.com\/?post_type=product&#038;p=34059"},"modified":"2026-04-05T20:30:09","modified_gmt":"2026-04-05T18:30:09","slug":"louise-nevelsons-sculptures","status":"publish","type":"product","link":"https:\/\/librairie7l.com\/en\/produit\/louise-nevelsons-sculptures\/","title":{"rendered":"LOUISE NEVELSON&#8217;S SCULPTURES"},"content":{"rendered":"<p>Une r\u00e9\u00e9valuation audacieuse de Louise Nevelson, une ic\u00f4ne de l&#8217;art du vingti\u00e8me si\u00e8cle dont les proc\u00e9dures innovantes sont li\u00e9es \u00e0 des formes de fabrication sexu\u00e9es, class\u00e9es et racialis\u00e9es. En repensant radicalement l&#8217;art de Louise Nevelson (1899-1988), Julia Bryan-Wilson fournit un compte rendu critique longtemps attendu d&#8217;une figure embl\u00e9matique de la sculpture d&#8217;apr\u00e8s-guerre. Immigr\u00e9e juive n\u00e9e en Ukraine, Louise Nevelson a pers\u00e9v\u00e9r\u00e9 dans le monde de l&#8217;art new-yorkais domin\u00e9 par les hommes. N\u00e9anmoins, ses proc\u00e9dures de construction minutieuses &#8211; dans lesquelles elle assemblait des morceaux de bois trouv\u00e9s en structures \u00e9labor\u00e9es, g\u00e9n\u00e9ralement peintes en noir &#8211; ont \u00e9t\u00e9 peu \u00e9tudi\u00e9es. Organis\u00e9 autour d&#8217;une s\u00e9rie d&#8217;op\u00e9rations cl\u00e9s du processus de Nevelson (tra\u00eener, colorier, assembler et faire face), le livre comprend quatre volumes sous coffret, reli\u00e9s individuellement, qui peuvent \u00eatre lus dans n&#8217;importe quel ordre. La forme et le contenu font ainsi \u00e9cho aux sculptures modulaires de Nevelson, dont l&#8217;artiste a elle-m\u00eame r\u00e9arrang\u00e9 les bo\u00eetes quadrill\u00e9es. Explorant la mani\u00e8re dont les cr\u00e9ations de Nevelson sont li\u00e9es \u00e0 la domesticit\u00e9, \u00e0 la mati\u00e8re racialis\u00e9e, au travail sexu\u00e9 et \u00e0 l&#8217;environnement, Bryan-Wilson propose un examen soutenu des implications sociales et politiques de l&#8217;art de Nevelson. L&#8217;auteur aborde \u00e9galement les sculptures de Nevelson \u00e0 partir de sa propre subjectivit\u00e9 incarn\u00e9e en tant qu&#8217;universitaire f\u00e9ministe queer. Elle forge une histoire de l&#8217;art \u00e9largie qui place les assemblages de Nevelson en dialogue avec un large \u00e9ventail de mondes marginalis\u00e9s et souligne la proclamation d&#8217;all\u00e9geance de l&#8217;artiste \u00e0 la n\u00e9gritude.<\/p>\n","protected":false},"excerpt":{"rendered":"<p>Une r\u00e9\u00e9valuation audacieuse de Louise Nevelson, une ic\u00f4ne de l&#8217;art du vingti\u00e8me si\u00e8cle dont les proc\u00e9dures innovantes sont li\u00e9es \u00e0 des formes de fabrication sexu\u00e9es, class\u00e9es et racialis\u00e9es. En repensant radicalement l&#8217;art de Louise Nevelson (1899-1988), Julia Bryan-Wilson fournit un compte rendu critique longtemps attendu d&#8217;une figure embl\u00e9matique de la sculpture d&#8217;apr\u00e8s-guerre. Immigr\u00e9e juive n\u00e9e [&hellip;]<\/p>\n","protected":false},"featured_media":34057,"template":"","meta":[],"product_cat":[2948,2953],"product_tag":[],"acf":[],"yoast_head":"<!-- This site is optimized with the Yoast SEO plugin v20.11 - https:\/\/yoast.com\/wordpress\/plugins\/seo\/ -->\n<title>LOUISE NEVELSON&#039;S SCULPTURES - Librairie 7L<\/title>\n<meta name=\"robots\" content=\"index, follow, max-snippet:-1, max-image-preview:large, max-video-preview:-1\" \/>\n<link rel=\"canonical\" href=\"https:\/\/librairie7l.com\/en\/produit\/louise-nevelsons-sculptures\/\" \/>\n<meta property=\"og:locale\" content=\"en_US\" \/>\n<meta property=\"og:type\" content=\"article\" \/>\n<meta property=\"og:title\" content=\"LOUISE NEVELSON&#039;S SCULPTURES - Librairie 7L\" \/>\n<meta property=\"og:description\" content=\"Une r\u00e9\u00e9valuation audacieuse de Louise Nevelson, une ic\u00f4ne de l&#8217;art du vingti\u00e8me si\u00e8cle dont les proc\u00e9dures innovantes sont li\u00e9es \u00e0 des formes de fabrication sexu\u00e9es, class\u00e9es et racialis\u00e9es. En repensant radicalement l&#8217;art de Louise Nevelson (1899-1988), Julia Bryan-Wilson fournit un compte rendu critique longtemps attendu d&#8217;une figure embl\u00e9matique de la sculpture d&#8217;apr\u00e8s-guerre. Immigr\u00e9e juive n\u00e9e [&hellip;]\" \/>\n<meta property=\"og:url\" content=\"https:\/\/librairie7l.com\/en\/produit\/louise-nevelsons-sculptures\/\" \/>\n<meta property=\"og:site_name\" content=\"Librairie 7L\" \/>\n<meta property=\"article:modified_time\" content=\"2026-04-05T18:30:09+00:00\" \/>\n<meta property=\"og:image\" content=\"https:\/\/librairie7l.com\/wp-content\/uploads\/2023\/02\/9780300236705_1_75.jpg\" \/>\n\t<meta property=\"og:image:width\" content=\"400\" \/>\n\t<meta property=\"og:image:height\" content=\"511\" \/>\n\t<meta property=\"og:image:type\" content=\"image\/jpeg\" \/>\n<meta name=\"twitter:card\" content=\"summary_large_image\" \/>\n<meta name=\"twitter:label1\" content=\"Est. reading time\" \/>\n\t<meta name=\"twitter:data1\" content=\"1 minute\" \/>\n<script type=\"application\/ld+json\" class=\"yoast-schema-graph\">{\"@context\":\"https:\/\/schema.org\",\"@graph\":[{\"@type\":\"WebPage\",\"@id\":\"https:\/\/librairie7l.com\/en\/produit\/louise-nevelsons-sculptures\/\",\"url\":\"https:\/\/librairie7l.com\/en\/produit\/louise-nevelsons-sculptures\/\",\"name\":\"LOUISE NEVELSON'S SCULPTURES - Librairie 7L\",\"isPartOf\":{\"@id\":\"https:\/\/librairie7l.com\/en\/#website\"},\"datePublished\":\"2023-09-19T13:59:34+00:00\",\"dateModified\":\"2026-04-05T18:30:09+00:00\",\"breadcrumb\":{\"@id\":\"https:\/\/librairie7l.com\/en\/produit\/louise-nevelsons-sculptures\/#breadcrumb\"},\"inLanguage\":\"en-US\",\"potentialAction\":[{\"@type\":\"ReadAction\",\"target\":[\"https:\/\/librairie7l.com\/en\/produit\/louise-nevelsons-sculptures\/\"]}]},{\"@type\":\"BreadcrumbList\",\"@id\":\"https:\/\/librairie7l.com\/en\/produit\/louise-nevelsons-sculptures\/#breadcrumb\",\"itemListElement\":[{\"@type\":\"ListItem\",\"position\":1,\"name\":\"Accueil\",\"item\":\"https:\/\/librairie7l.com\/en\/\"},{\"@type\":\"ListItem\",\"position\":2,\"name\":\"Shop\",\"item\":\"https:\/\/librairie7l.com\/en\/shop\/\"},{\"@type\":\"ListItem\",\"position\":3,\"name\":\"LOUISE NEVELSON&#8217;S SCULPTURES\"}]},{\"@type\":\"WebSite\",\"@id\":\"https:\/\/librairie7l.com\/en\/#website\",\"url\":\"https:\/\/librairie7l.com\/en\/\",\"name\":\"Librairie 7L\",\"description\":\"Librairie fond\u00e9e en 1999 par Karl Lagerfeld \u00e0 Paris\",\"publisher\":{\"@id\":\"https:\/\/librairie7l.com\/en\/#organization\"},\"potentialAction\":[{\"@type\":\"SearchAction\",\"target\":{\"@type\":\"EntryPoint\",\"urlTemplate\":\"https:\/\/librairie7l.com\/en\/?s={search_term_string}\"},\"query-input\":\"required name=search_term_string\"}],\"inLanguage\":\"en-US\"},{\"@type\":\"Organization\",\"@id\":\"https:\/\/librairie7l.com\/en\/#organization\",\"name\":\"Librairie 7L\",\"url\":\"https:\/\/librairie7l.com\/en\/\",\"logo\":{\"@type\":\"ImageObject\",\"inLanguage\":\"en-US\",\"@id\":\"https:\/\/librairie7l.com\/en\/#\/schema\/logo\/image\/\",\"url\":\"https:\/\/librairie7l.com\/wp-content\/uploads\/2022\/08\/logo-1.png\",\"contentUrl\":\"https:\/\/librairie7l.com\/wp-content\/uploads\/2022\/08\/logo-1.png\",\"width\":227,\"height\":301,\"caption\":\"Librairie 7L\"},\"image\":{\"@id\":\"https:\/\/librairie7l.com\/en\/#\/schema\/logo\/image\/\"}}]}<\/script>\n<!-- \/ Yoast SEO plugin. -->","yoast_head_json":{"title":"LOUISE NEVELSON'S SCULPTURES - Librairie 7L","robots":{"index":"index","follow":"follow","max-snippet":"max-snippet:-1","max-image-preview":"max-image-preview:large","max-video-preview":"max-video-preview:-1"},"canonical":"https:\/\/librairie7l.com\/en\/produit\/louise-nevelsons-sculptures\/","og_locale":"en_US","og_type":"article","og_title":"LOUISE NEVELSON'S SCULPTURES - Librairie 7L","og_description":"Une r\u00e9\u00e9valuation audacieuse de Louise Nevelson, une ic\u00f4ne de l&#8217;art du vingti\u00e8me si\u00e8cle dont les proc\u00e9dures innovantes sont li\u00e9es \u00e0 des formes de fabrication sexu\u00e9es, class\u00e9es et racialis\u00e9es. En repensant radicalement l&#8217;art de Louise Nevelson (1899-1988), Julia Bryan-Wilson fournit un compte rendu critique longtemps attendu d&#8217;une figure embl\u00e9matique de la sculpture d&#8217;apr\u00e8s-guerre. Immigr\u00e9e juive n\u00e9e [&hellip;]","og_url":"https:\/\/librairie7l.com\/en\/produit\/louise-nevelsons-sculptures\/","og_site_name":"Librairie 7L","article_modified_time":"2026-04-05T18:30:09+00:00","og_image":[{"width":400,"height":511,"url":"https:\/\/librairie7l.com\/wp-content\/uploads\/2023\/02\/9780300236705_1_75.jpg","type":"image\/jpeg"}],"twitter_card":"summary_large_image","twitter_misc":{"Est. reading time":"1 minute"},"schema":{"@context":"https:\/\/schema.org","@graph":[{"@type":"WebPage","@id":"https:\/\/librairie7l.com\/en\/produit\/louise-nevelsons-sculptures\/","url":"https:\/\/librairie7l.com\/en\/produit\/louise-nevelsons-sculptures\/","name":"LOUISE NEVELSON'S SCULPTURES - Librairie 7L","isPartOf":{"@id":"https:\/\/librairie7l.com\/en\/#website"},"datePublished":"2023-09-19T13:59:34+00:00","dateModified":"2026-04-05T18:30:09+00:00","breadcrumb":{"@id":"https:\/\/librairie7l.com\/en\/produit\/louise-nevelsons-sculptures\/#breadcrumb"},"inLanguage":"en-US","potentialAction":[{"@type":"ReadAction","target":["https:\/\/librairie7l.com\/en\/produit\/louise-nevelsons-sculptures\/"]}]},{"@type":"BreadcrumbList","@id":"https:\/\/librairie7l.com\/en\/produit\/louise-nevelsons-sculptures\/#breadcrumb","itemListElement":[{"@type":"ListItem","position":1,"name":"Accueil","item":"https:\/\/librairie7l.com\/en\/"},{"@type":"ListItem","position":2,"name":"Shop","item":"https:\/\/librairie7l.com\/en\/shop\/"},{"@type":"ListItem","position":3,"name":"LOUISE NEVELSON&#8217;S SCULPTURES"}]},{"@type":"WebSite","@id":"https:\/\/librairie7l.com\/en\/#website","url":"https:\/\/librairie7l.com\/en\/","name":"Librairie 7L","description":"Librairie fond\u00e9e en 1999 par Karl Lagerfeld \u00e0 Paris","publisher":{"@id":"https:\/\/librairie7l.com\/en\/#organization"},"potentialAction":[{"@type":"SearchAction","target":{"@type":"EntryPoint","urlTemplate":"https:\/\/librairie7l.com\/en\/?s={search_term_string}"},"query-input":"required name=search_term_string"}],"inLanguage":"en-US"},{"@type":"Organization","@id":"https:\/\/librairie7l.com\/en\/#organization","name":"Librairie 7L","url":"https:\/\/librairie7l.com\/en\/","logo":{"@type":"ImageObject","inLanguage":"en-US","@id":"https:\/\/librairie7l.com\/en\/#\/schema\/logo\/image\/","url":"https:\/\/librairie7l.com\/wp-content\/uploads\/2022\/08\/logo-1.png","contentUrl":"https:\/\/librairie7l.com\/wp-content\/uploads\/2022\/08\/logo-1.png","width":227,"height":301,"caption":"Librairie 7L"},"image":{"@id":"https:\/\/librairie7l.com\/en\/#\/schema\/logo\/image\/"}}]}},"_links":{"self":[{"href":"https:\/\/librairie7l.com\/en\/wp-json\/wp\/v2\/product\/34059"}],"collection":[{"href":"https:\/\/librairie7l.com\/en\/wp-json\/wp\/v2\/product"}],"about":[{"href":"https:\/\/librairie7l.com\/en\/wp-json\/wp\/v2\/types\/product"}],"wp:featuredmedia":[{"embeddable":true,"href":"https:\/\/librairie7l.com\/en\/wp-json\/wp\/v2\/media\/34057"}],"wp:attachment":[{"href":"https:\/\/librairie7l.com\/en\/wp-json\/wp\/v2\/media?parent=34059"}],"wp:term":[{"taxonomy":"product_cat","embeddable":true,"href":"https:\/\/librairie7l.com\/en\/wp-json\/wp\/v2\/product_cat?post=34059"},{"taxonomy":"product_tag","embeddable":true,"href":"https:\/\/librairie7l.com\/en\/wp-json\/wp\/v2\/product_tag?post=34059"}],"curies":[{"name":"wp","href":"https:\/\/api.w.org\/{rel}","templated":true}]}}