{"id":34118,"date":"2023-09-19T16:02:41","date_gmt":"2023-09-19T14:02:41","guid":{"rendered":"https:\/\/librairie7l.com\/?post_type=product&#038;p=34118"},"modified":"2026-04-15T06:59:07","modified_gmt":"2026-04-15T04:59:07","slug":"the-monocle-book-of-italy","status":"publish","type":"product","link":"https:\/\/librairie7l.com\/en\/produit\/the-monocle-book-of-italy\/","title":{"rendered":"THE MONOCLE BOOK OF ITALY"},"content":{"rendered":"<p>A la suite du succ\u00e8s du Monocle Book of Japan, la fameuse revue de Tyler Br\u00fbl\u00e9 s&#8217;int\u00e9resse cette fois ci \u00e0 l&#8217;Italie. M\u00ealant \u00e9l\u00e9gance, raffinement et d\u00e9tente, reconnue comme un berceau de la mode, l&#8217;Italie fascine par son esth\u00e9tique. Entre mode, cuisine et art de vivre, cet ouvrage richement illustr\u00e9 offre un portrait unique de cette nation. Des tailleurs milanais aux trattoria de Trieste en passant par la c\u00f4te sicilienne, c&#8217;est une v\u00e9ritable invitation au voyage et \u00e0 la d\u00e9couverte qui est pr\u00e9sent\u00e9e dans ces pages.<\/p>\n","protected":false},"excerpt":{"rendered":"<p>A la suite du succ\u00e8s du Monocle Book of Japan, la fameuse revue de Tyler Br\u00fbl\u00e9 s&#8217;int\u00e9resse cette fois ci \u00e0 l&#8217;Italie. M\u00ealant \u00e9l\u00e9gance, raffinement et d\u00e9tente, reconnue comme un berceau de la mode, l&#8217;Italie fascine par son esth\u00e9tique. Entre mode, cuisine et art de vivre, cet ouvrage richement illustr\u00e9 offre un portrait unique de [&hellip;]<\/p>\n","protected":false},"featured_media":34116,"template":"","meta":[],"product_cat":[2948,2951],"product_tag":[],"acf":[],"yoast_head":"<!-- This site is optimized with the Yoast SEO plugin v20.11 - https:\/\/yoast.com\/wordpress\/plugins\/seo\/ -->\n<title>THE MONOCLE BOOK OF ITALY - Librairie 7L<\/title>\n<meta name=\"robots\" content=\"index, follow, max-snippet:-1, max-image-preview:large, max-video-preview:-1\" \/>\n<link rel=\"canonical\" href=\"https:\/\/librairie7l.com\/en\/produit\/the-monocle-book-of-italy\/\" \/>\n<meta property=\"og:locale\" content=\"en_US\" \/>\n<meta property=\"og:type\" content=\"article\" \/>\n<meta property=\"og:title\" content=\"THE MONOCLE BOOK OF ITALY - Librairie 7L\" \/>\n<meta property=\"og:description\" content=\"A la suite du succ\u00e8s du Monocle Book of Japan, la fameuse revue de Tyler Br\u00fbl\u00e9 s&#8217;int\u00e9resse cette fois ci \u00e0 l&#8217;Italie. M\u00ealant \u00e9l\u00e9gance, raffinement et d\u00e9tente, reconnue comme un berceau de la mode, l&#8217;Italie fascine par son esth\u00e9tique. Entre mode, cuisine et art de vivre, cet ouvrage richement illustr\u00e9 offre un portrait unique de [&hellip;]\" \/>\n<meta property=\"og:url\" content=\"https:\/\/librairie7l.com\/en\/produit\/the-monocle-book-of-italy\/\" \/>\n<meta property=\"og:site_name\" content=\"Librairie 7L\" \/>\n<meta property=\"article:modified_time\" content=\"2026-04-15T04:59:07+00:00\" \/>\n<meta property=\"og:image\" content=\"https:\/\/librairie7l.com\/wp-content\/uploads\/2021\/01\/9780500971130_1_75.jpg\" \/>\n\t<meta property=\"og:image:width\" content=\"372\" \/>\n\t<meta property=\"og:image:height\" content=\"500\" \/>\n\t<meta property=\"og:image:type\" content=\"image\/jpeg\" \/>\n<meta name=\"twitter:card\" content=\"summary_large_image\" \/>\n<script type=\"application\/ld+json\" class=\"yoast-schema-graph\">{\"@context\":\"https:\/\/schema.org\",\"@graph\":[{\"@type\":\"WebPage\",\"@id\":\"https:\/\/librairie7l.com\/en\/produit\/the-monocle-book-of-italy\/\",\"url\":\"https:\/\/librairie7l.com\/en\/produit\/the-monocle-book-of-italy\/\",\"name\":\"THE MONOCLE BOOK OF ITALY - Librairie 7L\",\"isPartOf\":{\"@id\":\"https:\/\/librairie7l.com\/en\/#website\"},\"datePublished\":\"2023-09-19T14:02:41+00:00\",\"dateModified\":\"2026-04-15T04:59:07+00:00\",\"breadcrumb\":{\"@id\":\"https:\/\/librairie7l.com\/en\/produit\/the-monocle-book-of-italy\/#breadcrumb\"},\"inLanguage\":\"en-US\",\"potentialAction\":[{\"@type\":\"ReadAction\",\"target\":[\"https:\/\/librairie7l.com\/en\/produit\/the-monocle-book-of-italy\/\"]}]},{\"@type\":\"BreadcrumbList\",\"@id\":\"https:\/\/librairie7l.com\/en\/produit\/the-monocle-book-of-italy\/#breadcrumb\",\"itemListElement\":[{\"@type\":\"ListItem\",\"position\":1,\"name\":\"Accueil\",\"item\":\"https:\/\/librairie7l.com\/en\/\"},{\"@type\":\"ListItem\",\"position\":2,\"name\":\"Shop\",\"item\":\"https:\/\/librairie7l.com\/en\/shop\/\"},{\"@type\":\"ListItem\",\"position\":3,\"name\":\"THE MONOCLE BOOK OF ITALY\"}]},{\"@type\":\"WebSite\",\"@id\":\"https:\/\/librairie7l.com\/en\/#website\",\"url\":\"https:\/\/librairie7l.com\/en\/\",\"name\":\"Librairie 7L\",\"description\":\"Librairie fond\u00e9e en 1999 par Karl Lagerfeld \u00e0 Paris\",\"publisher\":{\"@id\":\"https:\/\/librairie7l.com\/en\/#organization\"},\"potentialAction\":[{\"@type\":\"SearchAction\",\"target\":{\"@type\":\"EntryPoint\",\"urlTemplate\":\"https:\/\/librairie7l.com\/en\/?s={search_term_string}\"},\"query-input\":\"required name=search_term_string\"}],\"inLanguage\":\"en-US\"},{\"@type\":\"Organization\",\"@id\":\"https:\/\/librairie7l.com\/en\/#organization\",\"name\":\"Librairie 7L\",\"url\":\"https:\/\/librairie7l.com\/en\/\",\"logo\":{\"@type\":\"ImageObject\",\"inLanguage\":\"en-US\",\"@id\":\"https:\/\/librairie7l.com\/en\/#\/schema\/logo\/image\/\",\"url\":\"https:\/\/librairie7l.com\/wp-content\/uploads\/2022\/08\/logo-1.png\",\"contentUrl\":\"https:\/\/librairie7l.com\/wp-content\/uploads\/2022\/08\/logo-1.png\",\"width\":227,\"height\":301,\"caption\":\"Librairie 7L\"},\"image\":{\"@id\":\"https:\/\/librairie7l.com\/en\/#\/schema\/logo\/image\/\"}}]}<\/script>\n<!-- \/ Yoast SEO plugin. -->","yoast_head_json":{"title":"THE MONOCLE BOOK OF ITALY - Librairie 7L","robots":{"index":"index","follow":"follow","max-snippet":"max-snippet:-1","max-image-preview":"max-image-preview:large","max-video-preview":"max-video-preview:-1"},"canonical":"https:\/\/librairie7l.com\/en\/produit\/the-monocle-book-of-italy\/","og_locale":"en_US","og_type":"article","og_title":"THE MONOCLE BOOK OF ITALY - Librairie 7L","og_description":"A la suite du succ\u00e8s du Monocle Book of Japan, la fameuse revue de Tyler Br\u00fbl\u00e9 s&#8217;int\u00e9resse cette fois ci \u00e0 l&#8217;Italie. M\u00ealant \u00e9l\u00e9gance, raffinement et d\u00e9tente, reconnue comme un berceau de la mode, l&#8217;Italie fascine par son esth\u00e9tique. Entre mode, cuisine et art de vivre, cet ouvrage richement illustr\u00e9 offre un portrait unique de [&hellip;]","og_url":"https:\/\/librairie7l.com\/en\/produit\/the-monocle-book-of-italy\/","og_site_name":"Librairie 7L","article_modified_time":"2026-04-15T04:59:07+00:00","og_image":[{"width":372,"height":500,"url":"https:\/\/librairie7l.com\/wp-content\/uploads\/2021\/01\/9780500971130_1_75.jpg","type":"image\/jpeg"}],"twitter_card":"summary_large_image","schema":{"@context":"https:\/\/schema.org","@graph":[{"@type":"WebPage","@id":"https:\/\/librairie7l.com\/en\/produit\/the-monocle-book-of-italy\/","url":"https:\/\/librairie7l.com\/en\/produit\/the-monocle-book-of-italy\/","name":"THE MONOCLE BOOK OF ITALY - Librairie 7L","isPartOf":{"@id":"https:\/\/librairie7l.com\/en\/#website"},"datePublished":"2023-09-19T14:02:41+00:00","dateModified":"2026-04-15T04:59:07+00:00","breadcrumb":{"@id":"https:\/\/librairie7l.com\/en\/produit\/the-monocle-book-of-italy\/#breadcrumb"},"inLanguage":"en-US","potentialAction":[{"@type":"ReadAction","target":["https:\/\/librairie7l.com\/en\/produit\/the-monocle-book-of-italy\/"]}]},{"@type":"BreadcrumbList","@id":"https:\/\/librairie7l.com\/en\/produit\/the-monocle-book-of-italy\/#breadcrumb","itemListElement":[{"@type":"ListItem","position":1,"name":"Accueil","item":"https:\/\/librairie7l.com\/en\/"},{"@type":"ListItem","position":2,"name":"Shop","item":"https:\/\/librairie7l.com\/en\/shop\/"},{"@type":"ListItem","position":3,"name":"THE MONOCLE BOOK OF ITALY"}]},{"@type":"WebSite","@id":"https:\/\/librairie7l.com\/en\/#website","url":"https:\/\/librairie7l.com\/en\/","name":"Librairie 7L","description":"Librairie fond\u00e9e en 1999 par Karl Lagerfeld \u00e0 Paris","publisher":{"@id":"https:\/\/librairie7l.com\/en\/#organization"},"potentialAction":[{"@type":"SearchAction","target":{"@type":"EntryPoint","urlTemplate":"https:\/\/librairie7l.com\/en\/?s={search_term_string}"},"query-input":"required name=search_term_string"}],"inLanguage":"en-US"},{"@type":"Organization","@id":"https:\/\/librairie7l.com\/en\/#organization","name":"Librairie 7L","url":"https:\/\/librairie7l.com\/en\/","logo":{"@type":"ImageObject","inLanguage":"en-US","@id":"https:\/\/librairie7l.com\/en\/#\/schema\/logo\/image\/","url":"https:\/\/librairie7l.com\/wp-content\/uploads\/2022\/08\/logo-1.png","contentUrl":"https:\/\/librairie7l.com\/wp-content\/uploads\/2022\/08\/logo-1.png","width":227,"height":301,"caption":"Librairie 7L"},"image":{"@id":"https:\/\/librairie7l.com\/en\/#\/schema\/logo\/image\/"}}]}},"_links":{"self":[{"href":"https:\/\/librairie7l.com\/en\/wp-json\/wp\/v2\/product\/34118"}],"collection":[{"href":"https:\/\/librairie7l.com\/en\/wp-json\/wp\/v2\/product"}],"about":[{"href":"https:\/\/librairie7l.com\/en\/wp-json\/wp\/v2\/types\/product"}],"wp:featuredmedia":[{"embeddable":true,"href":"https:\/\/librairie7l.com\/en\/wp-json\/wp\/v2\/media\/34116"}],"wp:attachment":[{"href":"https:\/\/librairie7l.com\/en\/wp-json\/wp\/v2\/media?parent=34118"}],"wp:term":[{"taxonomy":"product_cat","embeddable":true,"href":"https:\/\/librairie7l.com\/en\/wp-json\/wp\/v2\/product_cat?post=34118"},{"taxonomy":"product_tag","embeddable":true,"href":"https:\/\/librairie7l.com\/en\/wp-json\/wp\/v2\/product_tag?post=34118"}],"curies":[{"name":"wp","href":"https:\/\/api.w.org\/{rel}","templated":true}]}}