{"id":34134,"date":"2023-09-19T16:14:43","date_gmt":"2023-09-19T14:14:43","guid":{"rendered":"https:\/\/librairie7l.com\/?post_type=product&#038;p=34134"},"modified":"2026-04-27T15:05:45","modified_gmt":"2026-04-27T13:05:45","slug":"un-climat-sur-mesure-les-colonies-spatiales-de-la-nasa-1972-1982","status":"publish","type":"product","link":"https:\/\/librairie7l.com\/en\/produit\/un-climat-sur-mesure-les-colonies-spatiales-de-la-nasa-1972-1982\/","title":{"rendered":"UN CLIMAT SUR MESURE &#8211; LES COLONIES SPATIALES DE LA NASA, 1972-1982"},"content":{"rendered":"<p>\u00ab Rejoignez les colonies de l&#8217;espace ! \u00bb proclamaient les publicit\u00e9s volantes dans les cieux noirs et pollu\u00e9s du Los Angeles cyberpunk de Blade Runner en 1982. \u00c0 cette date, dans le vrai monde, ces \u00ab colonies \u00bb rang\u00e9es dans les cartons \u00e0 dessins de la NASA entonnent pourtant leur ultime chant du cygne. Cinq ans plus t\u00f4t, alors que le c\u00e9l\u00e8bre Stewart Brand avait mis un terme \u00e0 son Whole Earth Catalog (1968-1972) au profit de CoEvolution Quaterly (1974-1985), les \u00ab villes pour 10 000 habitants \u00bb con\u00e7ues par Gerard O&#8217;Neill pour l&#8217;agence spatiale d\u00e9frayent les r\u00e9dacteurs hippies, libertariens architectes, astronautes ou futurs entrepreneurs de la Silicon Valley. Fallait-il fuir notre plan\u00e8te \u00e0 l&#8217;heure de la Bombe P et du \u00ab retour \u00e0 la terre \u00bb ? Ce texte est pr\u00e9c\u00e9d\u00e9 de \u00ab Biosph\u00e8re 2 \u00bb, de Jean Baudrillard (1991).<\/p>\n","protected":false},"excerpt":{"rendered":"<p>\u00ab Rejoignez les colonies de l&#8217;espace ! \u00bb proclamaient les publicit\u00e9s volantes dans les cieux noirs et pollu\u00e9s du Los Angeles cyberpunk de Blade Runner en 1982. \u00c0 cette date, dans le vrai monde, ces \u00ab colonies \u00bb rang\u00e9es dans les cartons \u00e0 dessins de la NASA entonnent pourtant leur ultime chant du cygne. Cinq [&hellip;]<\/p>\n","protected":false},"featured_media":34132,"template":"","meta":[],"product_cat":[2948,2950],"product_tag":[],"acf":[],"yoast_head":"<!-- This site is optimized with the Yoast SEO plugin v20.11 - https:\/\/yoast.com\/wordpress\/plugins\/seo\/ -->\n<title>UN CLIMAT SUR MESURE - LES COLONIES SPATIALES DE LA NASA, 1972-1982 - Librairie 7L<\/title>\n<meta name=\"robots\" content=\"index, follow, max-snippet:-1, max-image-preview:large, max-video-preview:-1\" \/>\n<link rel=\"canonical\" href=\"https:\/\/librairie7l.com\/en\/produit\/un-climat-sur-mesure-les-colonies-spatiales-de-la-nasa-1972-1982\/\" \/>\n<meta property=\"og:locale\" content=\"en_US\" \/>\n<meta property=\"og:type\" content=\"article\" \/>\n<meta property=\"og:title\" content=\"UN CLIMAT SUR MESURE - LES COLONIES SPATIALES DE LA NASA, 1972-1982 - Librairie 7L\" \/>\n<meta property=\"og:description\" content=\"\u00ab Rejoignez les colonies de l&#8217;espace ! \u00bb proclamaient les publicit\u00e9s volantes dans les cieux noirs et pollu\u00e9s du Los Angeles cyberpunk de Blade Runner en 1982. \u00c0 cette date, dans le vrai monde, ces \u00ab colonies \u00bb rang\u00e9es dans les cartons \u00e0 dessins de la NASA entonnent pourtant leur ultime chant du cygne. Cinq [&hellip;]\" \/>\n<meta property=\"og:url\" content=\"https:\/\/librairie7l.com\/en\/produit\/un-climat-sur-mesure-les-colonies-spatiales-de-la-nasa-1972-1982\/\" \/>\n<meta property=\"og:site_name\" content=\"Librairie 7L\" \/>\n<meta property=\"article:modified_time\" content=\"2026-04-27T13:05:45+00:00\" \/>\n<meta property=\"og:image\" content=\"https:\/\/librairie7l.com\/wp-content\/uploads\/2018\/06\/9782365090957_1_75.jpg\" \/>\n\t<meta property=\"og:image:width\" content=\"425\" \/>\n\t<meta property=\"og:image:height\" content=\"638\" \/>\n\t<meta property=\"og:image:type\" content=\"image\/jpeg\" \/>\n<meta name=\"twitter:card\" content=\"summary_large_image\" \/>\n<meta name=\"twitter:label1\" content=\"Est. reading time\" \/>\n\t<meta name=\"twitter:data1\" content=\"1 minute\" \/>\n<script type=\"application\/ld+json\" class=\"yoast-schema-graph\">{\"@context\":\"https:\/\/schema.org\",\"@graph\":[{\"@type\":\"WebPage\",\"@id\":\"https:\/\/librairie7l.com\/en\/produit\/un-climat-sur-mesure-les-colonies-spatiales-de-la-nasa-1972-1982\/\",\"url\":\"https:\/\/librairie7l.com\/en\/produit\/un-climat-sur-mesure-les-colonies-spatiales-de-la-nasa-1972-1982\/\",\"name\":\"UN CLIMAT SUR MESURE - LES COLONIES SPATIALES DE LA NASA, 1972-1982 - Librairie 7L\",\"isPartOf\":{\"@id\":\"https:\/\/librairie7l.com\/en\/#website\"},\"datePublished\":\"2023-09-19T14:14:43+00:00\",\"dateModified\":\"2026-04-27T13:05:45+00:00\",\"breadcrumb\":{\"@id\":\"https:\/\/librairie7l.com\/en\/produit\/un-climat-sur-mesure-les-colonies-spatiales-de-la-nasa-1972-1982\/#breadcrumb\"},\"inLanguage\":\"en-US\",\"potentialAction\":[{\"@type\":\"ReadAction\",\"target\":[\"https:\/\/librairie7l.com\/en\/produit\/un-climat-sur-mesure-les-colonies-spatiales-de-la-nasa-1972-1982\/\"]}]},{\"@type\":\"BreadcrumbList\",\"@id\":\"https:\/\/librairie7l.com\/en\/produit\/un-climat-sur-mesure-les-colonies-spatiales-de-la-nasa-1972-1982\/#breadcrumb\",\"itemListElement\":[{\"@type\":\"ListItem\",\"position\":1,\"name\":\"Accueil\",\"item\":\"https:\/\/librairie7l.com\/en\/\"},{\"@type\":\"ListItem\",\"position\":2,\"name\":\"Shop\",\"item\":\"https:\/\/librairie7l.com\/en\/shop\/\"},{\"@type\":\"ListItem\",\"position\":3,\"name\":\"UN CLIMAT SUR MESURE &#8211; LES COLONIES SPATIALES DE LA NASA, 1972-1982\"}]},{\"@type\":\"WebSite\",\"@id\":\"https:\/\/librairie7l.com\/en\/#website\",\"url\":\"https:\/\/librairie7l.com\/en\/\",\"name\":\"Librairie 7L\",\"description\":\"Librairie fond\u00e9e en 1999 par Karl Lagerfeld \u00e0 Paris\",\"publisher\":{\"@id\":\"https:\/\/librairie7l.com\/en\/#organization\"},\"potentialAction\":[{\"@type\":\"SearchAction\",\"target\":{\"@type\":\"EntryPoint\",\"urlTemplate\":\"https:\/\/librairie7l.com\/en\/?s={search_term_string}\"},\"query-input\":\"required name=search_term_string\"}],\"inLanguage\":\"en-US\"},{\"@type\":\"Organization\",\"@id\":\"https:\/\/librairie7l.com\/en\/#organization\",\"name\":\"Librairie 7L\",\"url\":\"https:\/\/librairie7l.com\/en\/\",\"logo\":{\"@type\":\"ImageObject\",\"inLanguage\":\"en-US\",\"@id\":\"https:\/\/librairie7l.com\/en\/#\/schema\/logo\/image\/\",\"url\":\"https:\/\/librairie7l.com\/wp-content\/uploads\/2022\/08\/logo-1.png\",\"contentUrl\":\"https:\/\/librairie7l.com\/wp-content\/uploads\/2022\/08\/logo-1.png\",\"width\":227,\"height\":301,\"caption\":\"Librairie 7L\"},\"image\":{\"@id\":\"https:\/\/librairie7l.com\/en\/#\/schema\/logo\/image\/\"}}]}<\/script>\n<!-- \/ Yoast SEO plugin. -->","yoast_head_json":{"title":"UN CLIMAT SUR MESURE - LES COLONIES SPATIALES DE LA NASA, 1972-1982 - Librairie 7L","robots":{"index":"index","follow":"follow","max-snippet":"max-snippet:-1","max-image-preview":"max-image-preview:large","max-video-preview":"max-video-preview:-1"},"canonical":"https:\/\/librairie7l.com\/en\/produit\/un-climat-sur-mesure-les-colonies-spatiales-de-la-nasa-1972-1982\/","og_locale":"en_US","og_type":"article","og_title":"UN CLIMAT SUR MESURE - LES COLONIES SPATIALES DE LA NASA, 1972-1982 - Librairie 7L","og_description":"\u00ab Rejoignez les colonies de l&#8217;espace ! \u00bb proclamaient les publicit\u00e9s volantes dans les cieux noirs et pollu\u00e9s du Los Angeles cyberpunk de Blade Runner en 1982. \u00c0 cette date, dans le vrai monde, ces \u00ab colonies \u00bb rang\u00e9es dans les cartons \u00e0 dessins de la NASA entonnent pourtant leur ultime chant du cygne. Cinq [&hellip;]","og_url":"https:\/\/librairie7l.com\/en\/produit\/un-climat-sur-mesure-les-colonies-spatiales-de-la-nasa-1972-1982\/","og_site_name":"Librairie 7L","article_modified_time":"2026-04-27T13:05:45+00:00","og_image":[{"width":425,"height":638,"url":"https:\/\/librairie7l.com\/wp-content\/uploads\/2018\/06\/9782365090957_1_75.jpg","type":"image\/jpeg"}],"twitter_card":"summary_large_image","twitter_misc":{"Est. reading time":"1 minute"},"schema":{"@context":"https:\/\/schema.org","@graph":[{"@type":"WebPage","@id":"https:\/\/librairie7l.com\/en\/produit\/un-climat-sur-mesure-les-colonies-spatiales-de-la-nasa-1972-1982\/","url":"https:\/\/librairie7l.com\/en\/produit\/un-climat-sur-mesure-les-colonies-spatiales-de-la-nasa-1972-1982\/","name":"UN CLIMAT SUR MESURE - LES COLONIES SPATIALES DE LA NASA, 1972-1982 - Librairie 7L","isPartOf":{"@id":"https:\/\/librairie7l.com\/en\/#website"},"datePublished":"2023-09-19T14:14:43+00:00","dateModified":"2026-04-27T13:05:45+00:00","breadcrumb":{"@id":"https:\/\/librairie7l.com\/en\/produit\/un-climat-sur-mesure-les-colonies-spatiales-de-la-nasa-1972-1982\/#breadcrumb"},"inLanguage":"en-US","potentialAction":[{"@type":"ReadAction","target":["https:\/\/librairie7l.com\/en\/produit\/un-climat-sur-mesure-les-colonies-spatiales-de-la-nasa-1972-1982\/"]}]},{"@type":"BreadcrumbList","@id":"https:\/\/librairie7l.com\/en\/produit\/un-climat-sur-mesure-les-colonies-spatiales-de-la-nasa-1972-1982\/#breadcrumb","itemListElement":[{"@type":"ListItem","position":1,"name":"Accueil","item":"https:\/\/librairie7l.com\/en\/"},{"@type":"ListItem","position":2,"name":"Shop","item":"https:\/\/librairie7l.com\/en\/shop\/"},{"@type":"ListItem","position":3,"name":"UN CLIMAT SUR MESURE &#8211; LES COLONIES SPATIALES DE LA NASA, 1972-1982"}]},{"@type":"WebSite","@id":"https:\/\/librairie7l.com\/en\/#website","url":"https:\/\/librairie7l.com\/en\/","name":"Librairie 7L","description":"Librairie fond\u00e9e en 1999 par Karl Lagerfeld \u00e0 Paris","publisher":{"@id":"https:\/\/librairie7l.com\/en\/#organization"},"potentialAction":[{"@type":"SearchAction","target":{"@type":"EntryPoint","urlTemplate":"https:\/\/librairie7l.com\/en\/?s={search_term_string}"},"query-input":"required name=search_term_string"}],"inLanguage":"en-US"},{"@type":"Organization","@id":"https:\/\/librairie7l.com\/en\/#organization","name":"Librairie 7L","url":"https:\/\/librairie7l.com\/en\/","logo":{"@type":"ImageObject","inLanguage":"en-US","@id":"https:\/\/librairie7l.com\/en\/#\/schema\/logo\/image\/","url":"https:\/\/librairie7l.com\/wp-content\/uploads\/2022\/08\/logo-1.png","contentUrl":"https:\/\/librairie7l.com\/wp-content\/uploads\/2022\/08\/logo-1.png","width":227,"height":301,"caption":"Librairie 7L"},"image":{"@id":"https:\/\/librairie7l.com\/en\/#\/schema\/logo\/image\/"}}]}},"_links":{"self":[{"href":"https:\/\/librairie7l.com\/en\/wp-json\/wp\/v2\/product\/34134"}],"collection":[{"href":"https:\/\/librairie7l.com\/en\/wp-json\/wp\/v2\/product"}],"about":[{"href":"https:\/\/librairie7l.com\/en\/wp-json\/wp\/v2\/types\/product"}],"wp:featuredmedia":[{"embeddable":true,"href":"https:\/\/librairie7l.com\/en\/wp-json\/wp\/v2\/media\/34132"}],"wp:attachment":[{"href":"https:\/\/librairie7l.com\/en\/wp-json\/wp\/v2\/media?parent=34134"}],"wp:term":[{"taxonomy":"product_cat","embeddable":true,"href":"https:\/\/librairie7l.com\/en\/wp-json\/wp\/v2\/product_cat?post=34134"},{"taxonomy":"product_tag","embeddable":true,"href":"https:\/\/librairie7l.com\/en\/wp-json\/wp\/v2\/product_tag?post=34134"}],"curies":[{"name":"wp","href":"https:\/\/api.w.org\/{rel}","templated":true}]}}