{"id":34146,"date":"2023-09-19T16:16:45","date_gmt":"2023-09-19T14:16:45","guid":{"rendered":"https:\/\/librairie7l.com\/?post_type=product&#038;p=34146"},"modified":"2026-04-21T23:49:09","modified_gmt":"2026-04-21T21:49:09","slug":"chris-killip-the-station","status":"publish","type":"product","link":"https:\/\/librairie7l.com\/en\/produit\/chris-killip-the-station\/","title":{"rendered":"CHRIS KILLIP THE STATION"},"content":{"rendered":"<p>\u00c0 la fin de 2016, le fils de Chris Killip a d\u00e9couvert par hasard des photos que son p\u00e8re avait faites \u00e0 The Station, un lieu de musique anarcho-punk \u00e0 Gateshead ouvert de 1981 \u00e0 1985. Ces images puissantes de jeunes pris dans le feu de la f\u00eate rest\u00e9es cach\u00e9es pendant 30 ans reviennent maintenant \u00e0 la vie dans ce livre, qui d\u00e9voile l&#8217;histoire de ce lieu phare des sous-cultures et de la politique punk de l&#8217;\u00e9poque.<\/p>\n","protected":false},"excerpt":{"rendered":"<p>\u00c0 la fin de 2016, le fils de Chris Killip a d\u00e9couvert par hasard des photos que son p\u00e8re avait faites \u00e0 The Station, un lieu de musique anarcho-punk \u00e0 Gateshead ouvert de 1981 \u00e0 1985. Ces images puissantes de jeunes pris dans le feu de la f\u00eate rest\u00e9es cach\u00e9es pendant 30 ans reviennent maintenant [&hellip;]<\/p>\n","protected":false},"featured_media":34144,"template":"","meta":[],"product_cat":[2948,2958],"product_tag":[],"acf":[],"yoast_head":"<!-- This site is optimized with the Yoast SEO plugin v20.11 - https:\/\/yoast.com\/wordpress\/plugins\/seo\/ -->\n<title>CHRIS KILLIP THE STATION - Librairie 7L<\/title>\n<meta name=\"robots\" content=\"index, follow, max-snippet:-1, max-image-preview:large, max-video-preview:-1\" \/>\n<link rel=\"canonical\" href=\"https:\/\/librairie7l.com\/en\/produit\/chris-killip-the-station\/\" \/>\n<meta property=\"og:locale\" content=\"en_US\" \/>\n<meta property=\"og:type\" content=\"article\" \/>\n<meta property=\"og:title\" content=\"CHRIS KILLIP THE STATION - Librairie 7L\" \/>\n<meta property=\"og:description\" content=\"\u00c0 la fin de 2016, le fils de Chris Killip a d\u00e9couvert par hasard des photos que son p\u00e8re avait faites \u00e0 The Station, un lieu de musique anarcho-punk \u00e0 Gateshead ouvert de 1981 \u00e0 1985. Ces images puissantes de jeunes pris dans le feu de la f\u00eate rest\u00e9es cach\u00e9es pendant 30 ans reviennent maintenant [&hellip;]\" \/>\n<meta property=\"og:url\" content=\"https:\/\/librairie7l.com\/en\/produit\/chris-killip-the-station\/\" \/>\n<meta property=\"og:site_name\" content=\"Librairie 7L\" \/>\n<meta property=\"article:modified_time\" content=\"2026-04-21T21:49:09+00:00\" \/>\n<meta property=\"og:image\" content=\"https:\/\/librairie7l.com\/wp-content\/uploads\/2019\/05\/9783958296169_1_75.jpg\" \/>\n\t<meta property=\"og:image:width\" content=\"600\" \/>\n\t<meta property=\"og:image:height\" content=\"775\" \/>\n\t<meta property=\"og:image:type\" content=\"image\/jpeg\" \/>\n<meta name=\"twitter:card\" content=\"summary_large_image\" \/>\n<script type=\"application\/ld+json\" class=\"yoast-schema-graph\">{\"@context\":\"https:\/\/schema.org\",\"@graph\":[{\"@type\":\"WebPage\",\"@id\":\"https:\/\/librairie7l.com\/en\/produit\/chris-killip-the-station\/\",\"url\":\"https:\/\/librairie7l.com\/en\/produit\/chris-killip-the-station\/\",\"name\":\"CHRIS KILLIP THE STATION - Librairie 7L\",\"isPartOf\":{\"@id\":\"https:\/\/librairie7l.com\/en\/#website\"},\"datePublished\":\"2023-09-19T14:16:45+00:00\",\"dateModified\":\"2026-04-21T21:49:09+00:00\",\"breadcrumb\":{\"@id\":\"https:\/\/librairie7l.com\/en\/produit\/chris-killip-the-station\/#breadcrumb\"},\"inLanguage\":\"en-US\",\"potentialAction\":[{\"@type\":\"ReadAction\",\"target\":[\"https:\/\/librairie7l.com\/en\/produit\/chris-killip-the-station\/\"]}]},{\"@type\":\"BreadcrumbList\",\"@id\":\"https:\/\/librairie7l.com\/en\/produit\/chris-killip-the-station\/#breadcrumb\",\"itemListElement\":[{\"@type\":\"ListItem\",\"position\":1,\"name\":\"Accueil\",\"item\":\"https:\/\/librairie7l.com\/en\/\"},{\"@type\":\"ListItem\",\"position\":2,\"name\":\"Shop\",\"item\":\"https:\/\/librairie7l.com\/en\/shop\/\"},{\"@type\":\"ListItem\",\"position\":3,\"name\":\"CHRIS KILLIP THE STATION\"}]},{\"@type\":\"WebSite\",\"@id\":\"https:\/\/librairie7l.com\/en\/#website\",\"url\":\"https:\/\/librairie7l.com\/en\/\",\"name\":\"Librairie 7L\",\"description\":\"Librairie fond\u00e9e en 1999 par Karl Lagerfeld \u00e0 Paris\",\"publisher\":{\"@id\":\"https:\/\/librairie7l.com\/en\/#organization\"},\"potentialAction\":[{\"@type\":\"SearchAction\",\"target\":{\"@type\":\"EntryPoint\",\"urlTemplate\":\"https:\/\/librairie7l.com\/en\/?s={search_term_string}\"},\"query-input\":\"required name=search_term_string\"}],\"inLanguage\":\"en-US\"},{\"@type\":\"Organization\",\"@id\":\"https:\/\/librairie7l.com\/en\/#organization\",\"name\":\"Librairie 7L\",\"url\":\"https:\/\/librairie7l.com\/en\/\",\"logo\":{\"@type\":\"ImageObject\",\"inLanguage\":\"en-US\",\"@id\":\"https:\/\/librairie7l.com\/en\/#\/schema\/logo\/image\/\",\"url\":\"https:\/\/librairie7l.com\/wp-content\/uploads\/2022\/08\/logo-1.png\",\"contentUrl\":\"https:\/\/librairie7l.com\/wp-content\/uploads\/2022\/08\/logo-1.png\",\"width\":227,\"height\":301,\"caption\":\"Librairie 7L\"},\"image\":{\"@id\":\"https:\/\/librairie7l.com\/en\/#\/schema\/logo\/image\/\"}}]}<\/script>\n<!-- \/ Yoast SEO plugin. -->","yoast_head_json":{"title":"CHRIS KILLIP THE STATION - Librairie 7L","robots":{"index":"index","follow":"follow","max-snippet":"max-snippet:-1","max-image-preview":"max-image-preview:large","max-video-preview":"max-video-preview:-1"},"canonical":"https:\/\/librairie7l.com\/en\/produit\/chris-killip-the-station\/","og_locale":"en_US","og_type":"article","og_title":"CHRIS KILLIP THE STATION - Librairie 7L","og_description":"\u00c0 la fin de 2016, le fils de Chris Killip a d\u00e9couvert par hasard des photos que son p\u00e8re avait faites \u00e0 The Station, un lieu de musique anarcho-punk \u00e0 Gateshead ouvert de 1981 \u00e0 1985. Ces images puissantes de jeunes pris dans le feu de la f\u00eate rest\u00e9es cach\u00e9es pendant 30 ans reviennent maintenant [&hellip;]","og_url":"https:\/\/librairie7l.com\/en\/produit\/chris-killip-the-station\/","og_site_name":"Librairie 7L","article_modified_time":"2026-04-21T21:49:09+00:00","og_image":[{"width":600,"height":775,"url":"https:\/\/librairie7l.com\/wp-content\/uploads\/2019\/05\/9783958296169_1_75.jpg","type":"image\/jpeg"}],"twitter_card":"summary_large_image","schema":{"@context":"https:\/\/schema.org","@graph":[{"@type":"WebPage","@id":"https:\/\/librairie7l.com\/en\/produit\/chris-killip-the-station\/","url":"https:\/\/librairie7l.com\/en\/produit\/chris-killip-the-station\/","name":"CHRIS KILLIP THE STATION - Librairie 7L","isPartOf":{"@id":"https:\/\/librairie7l.com\/en\/#website"},"datePublished":"2023-09-19T14:16:45+00:00","dateModified":"2026-04-21T21:49:09+00:00","breadcrumb":{"@id":"https:\/\/librairie7l.com\/en\/produit\/chris-killip-the-station\/#breadcrumb"},"inLanguage":"en-US","potentialAction":[{"@type":"ReadAction","target":["https:\/\/librairie7l.com\/en\/produit\/chris-killip-the-station\/"]}]},{"@type":"BreadcrumbList","@id":"https:\/\/librairie7l.com\/en\/produit\/chris-killip-the-station\/#breadcrumb","itemListElement":[{"@type":"ListItem","position":1,"name":"Accueil","item":"https:\/\/librairie7l.com\/en\/"},{"@type":"ListItem","position":2,"name":"Shop","item":"https:\/\/librairie7l.com\/en\/shop\/"},{"@type":"ListItem","position":3,"name":"CHRIS KILLIP THE STATION"}]},{"@type":"WebSite","@id":"https:\/\/librairie7l.com\/en\/#website","url":"https:\/\/librairie7l.com\/en\/","name":"Librairie 7L","description":"Librairie fond\u00e9e en 1999 par Karl Lagerfeld \u00e0 Paris","publisher":{"@id":"https:\/\/librairie7l.com\/en\/#organization"},"potentialAction":[{"@type":"SearchAction","target":{"@type":"EntryPoint","urlTemplate":"https:\/\/librairie7l.com\/en\/?s={search_term_string}"},"query-input":"required name=search_term_string"}],"inLanguage":"en-US"},{"@type":"Organization","@id":"https:\/\/librairie7l.com\/en\/#organization","name":"Librairie 7L","url":"https:\/\/librairie7l.com\/en\/","logo":{"@type":"ImageObject","inLanguage":"en-US","@id":"https:\/\/librairie7l.com\/en\/#\/schema\/logo\/image\/","url":"https:\/\/librairie7l.com\/wp-content\/uploads\/2022\/08\/logo-1.png","contentUrl":"https:\/\/librairie7l.com\/wp-content\/uploads\/2022\/08\/logo-1.png","width":227,"height":301,"caption":"Librairie 7L"},"image":{"@id":"https:\/\/librairie7l.com\/en\/#\/schema\/logo\/image\/"}}]}},"_links":{"self":[{"href":"https:\/\/librairie7l.com\/en\/wp-json\/wp\/v2\/product\/34146"}],"collection":[{"href":"https:\/\/librairie7l.com\/en\/wp-json\/wp\/v2\/product"}],"about":[{"href":"https:\/\/librairie7l.com\/en\/wp-json\/wp\/v2\/types\/product"}],"wp:featuredmedia":[{"embeddable":true,"href":"https:\/\/librairie7l.com\/en\/wp-json\/wp\/v2\/media\/34144"}],"wp:attachment":[{"href":"https:\/\/librairie7l.com\/en\/wp-json\/wp\/v2\/media?parent=34146"}],"wp:term":[{"taxonomy":"product_cat","embeddable":true,"href":"https:\/\/librairie7l.com\/en\/wp-json\/wp\/v2\/product_cat?post=34146"},{"taxonomy":"product_tag","embeddable":true,"href":"https:\/\/librairie7l.com\/en\/wp-json\/wp\/v2\/product_tag?post=34146"}],"curies":[{"name":"wp","href":"https:\/\/api.w.org\/{rel}","templated":true}]}}