{"id":34154,"date":"2023-09-20T13:59:10","date_gmt":"2023-09-20T11:59:10","guid":{"rendered":"https:\/\/librairie7l.com\/?post_type=product&#038;p=34154"},"modified":"2026-05-14T17:04:05","modified_gmt":"2026-05-14T15:04:05","slug":"catharina-berents-contessa-di-castiglione","status":"publish","type":"product","link":"https:\/\/librairie7l.com\/en\/produit\/catharina-berents-contessa-di-castiglione\/","title":{"rendered":"CATHARINA BERENTS : CONTESSA DI CASTIGLIONE"},"content":{"rendered":"<p>&#8220;La Castiglione&#8221; (1837-1899), une beaut\u00e9 courtis\u00e9e de l&#8217;\u00e9lite italienne de la haute noblesse, devint c\u00e9l\u00e8bre comme mod\u00e8le, comme artiste du d\u00e9guisement dans de la cour et comme agent avec pour mission secr\u00e8te de s\u00e9duire l&#8217;empereur et de soutenir l&#8217;Italie afin de gagner l&#8217;ind\u00e9pendance. Changer de r\u00f4le comme de robe \u00e9tait la raison de vivre de la Contessa di Castiglione, qui, de 1856 \u00e0 1857, fut effectivement la ma\u00eetresse de Napol\u00e9on III. Plus de 400 portraits qu&#8217;elle a elle-m\u00eame mis en sc\u00e8ne et qu&#8217;elle a fait r\u00e9aliser par Pierre-Louis Pierson, le ma\u00eetre d&#8217;oeuvre de l&#8217;artiste et copropri\u00e9taire de l&#8217;atelier Mayer &amp; Pierson, que l&#8217;empereur et toute la cour fr\u00e9quentaient fr\u00e9quemment. La c\u00e9l\u00e8bre photo de la Contessa avec un petit cadre photo devant son visage deviendra plus tard une ic\u00f4ne f\u00e9ministe.<\/p>\n","protected":false},"excerpt":{"rendered":"<p>&#8220;La Castiglione&#8221; (1837-1899), une beaut\u00e9 courtis\u00e9e de l&#8217;\u00e9lite italienne de la haute noblesse, devint c\u00e9l\u00e8bre comme mod\u00e8le, comme artiste du d\u00e9guisement dans de la cour et comme agent avec pour mission secr\u00e8te de s\u00e9duire l&#8217;empereur et de soutenir l&#8217;Italie afin de gagner l&#8217;ind\u00e9pendance. Changer de r\u00f4le comme de robe \u00e9tait la raison de vivre de [&hellip;]<\/p>\n","protected":false},"featured_media":34152,"template":"","meta":[],"product_cat":[2948,2958],"product_tag":[],"acf":[],"yoast_head":"<!-- This site is optimized with the Yoast SEO plugin v20.11 - https:\/\/yoast.com\/wordpress\/plugins\/seo\/ -->\n<title>CATHARINA BERENTS : CONTESSA DI CASTIGLIONE - Librairie 7L<\/title>\n<meta name=\"robots\" content=\"index, follow, max-snippet:-1, max-image-preview:large, max-video-preview:-1\" \/>\n<link rel=\"canonical\" href=\"https:\/\/librairie7l.com\/en\/produit\/catharina-berents-contessa-di-castiglione\/\" \/>\n<meta property=\"og:locale\" content=\"en_US\" \/>\n<meta property=\"og:type\" content=\"article\" \/>\n<meta property=\"og:title\" content=\"CATHARINA BERENTS : CONTESSA DI CASTIGLIONE - Librairie 7L\" \/>\n<meta property=\"og:description\" content=\"&#8220;La Castiglione&#8221; (1837-1899), une beaut\u00e9 courtis\u00e9e de l&#8217;\u00e9lite italienne de la haute noblesse, devint c\u00e9l\u00e8bre comme mod\u00e8le, comme artiste du d\u00e9guisement dans de la cour et comme agent avec pour mission secr\u00e8te de s\u00e9duire l&#8217;empereur et de soutenir l&#8217;Italie afin de gagner l&#8217;ind\u00e9pendance. Changer de r\u00f4le comme de robe \u00e9tait la raison de vivre de [&hellip;]\" \/>\n<meta property=\"og:url\" content=\"https:\/\/librairie7l.com\/en\/produit\/catharina-berents-contessa-di-castiglione\/\" \/>\n<meta property=\"og:site_name\" content=\"Librairie 7L\" \/>\n<meta property=\"article:modified_time\" content=\"2026-05-14T15:04:05+00:00\" \/>\n<meta property=\"og:image\" content=\"https:\/\/librairie7l.com\/wp-content\/uploads\/2023\/01\/9783829609760_1_75.jpg\" \/>\n\t<meta property=\"og:image:width\" content=\"346\" \/>\n\t<meta property=\"og:image:height\" content=\"500\" \/>\n\t<meta property=\"og:image:type\" content=\"image\/jpeg\" \/>\n<meta name=\"twitter:card\" content=\"summary_large_image\" \/>\n<meta name=\"twitter:label1\" content=\"Est. reading time\" \/>\n\t<meta name=\"twitter:data1\" content=\"1 minute\" \/>\n<script type=\"application\/ld+json\" class=\"yoast-schema-graph\">{\"@context\":\"https:\/\/schema.org\",\"@graph\":[{\"@type\":\"WebPage\",\"@id\":\"https:\/\/librairie7l.com\/en\/produit\/catharina-berents-contessa-di-castiglione\/\",\"url\":\"https:\/\/librairie7l.com\/en\/produit\/catharina-berents-contessa-di-castiglione\/\",\"name\":\"CATHARINA BERENTS : CONTESSA DI CASTIGLIONE - Librairie 7L\",\"isPartOf\":{\"@id\":\"https:\/\/librairie7l.com\/en\/#website\"},\"datePublished\":\"2023-09-20T11:59:10+00:00\",\"dateModified\":\"2026-05-14T15:04:05+00:00\",\"breadcrumb\":{\"@id\":\"https:\/\/librairie7l.com\/en\/produit\/catharina-berents-contessa-di-castiglione\/#breadcrumb\"},\"inLanguage\":\"en-US\",\"potentialAction\":[{\"@type\":\"ReadAction\",\"target\":[\"https:\/\/librairie7l.com\/en\/produit\/catharina-berents-contessa-di-castiglione\/\"]}]},{\"@type\":\"BreadcrumbList\",\"@id\":\"https:\/\/librairie7l.com\/en\/produit\/catharina-berents-contessa-di-castiglione\/#breadcrumb\",\"itemListElement\":[{\"@type\":\"ListItem\",\"position\":1,\"name\":\"Accueil\",\"item\":\"https:\/\/librairie7l.com\/en\/\"},{\"@type\":\"ListItem\",\"position\":2,\"name\":\"Shop\",\"item\":\"https:\/\/librairie7l.com\/en\/shop\/\"},{\"@type\":\"ListItem\",\"position\":3,\"name\":\"CATHARINA BERENTS : CONTESSA DI CASTIGLIONE\"}]},{\"@type\":\"WebSite\",\"@id\":\"https:\/\/librairie7l.com\/en\/#website\",\"url\":\"https:\/\/librairie7l.com\/en\/\",\"name\":\"Librairie 7L\",\"description\":\"Librairie fond\u00e9e en 1999 par Karl Lagerfeld \u00e0 Paris\",\"publisher\":{\"@id\":\"https:\/\/librairie7l.com\/en\/#organization\"},\"potentialAction\":[{\"@type\":\"SearchAction\",\"target\":{\"@type\":\"EntryPoint\",\"urlTemplate\":\"https:\/\/librairie7l.com\/en\/?s={search_term_string}\"},\"query-input\":\"required name=search_term_string\"}],\"inLanguage\":\"en-US\"},{\"@type\":\"Organization\",\"@id\":\"https:\/\/librairie7l.com\/en\/#organization\",\"name\":\"Librairie 7L\",\"url\":\"https:\/\/librairie7l.com\/en\/\",\"logo\":{\"@type\":\"ImageObject\",\"inLanguage\":\"en-US\",\"@id\":\"https:\/\/librairie7l.com\/en\/#\/schema\/logo\/image\/\",\"url\":\"https:\/\/librairie7l.com\/wp-content\/uploads\/2022\/08\/logo-1.png\",\"contentUrl\":\"https:\/\/librairie7l.com\/wp-content\/uploads\/2022\/08\/logo-1.png\",\"width\":227,\"height\":301,\"caption\":\"Librairie 7L\"},\"image\":{\"@id\":\"https:\/\/librairie7l.com\/en\/#\/schema\/logo\/image\/\"}}]}<\/script>\n<!-- \/ Yoast SEO plugin. -->","yoast_head_json":{"title":"CATHARINA BERENTS : CONTESSA DI CASTIGLIONE - Librairie 7L","robots":{"index":"index","follow":"follow","max-snippet":"max-snippet:-1","max-image-preview":"max-image-preview:large","max-video-preview":"max-video-preview:-1"},"canonical":"https:\/\/librairie7l.com\/en\/produit\/catharina-berents-contessa-di-castiglione\/","og_locale":"en_US","og_type":"article","og_title":"CATHARINA BERENTS : CONTESSA DI CASTIGLIONE - Librairie 7L","og_description":"&#8220;La Castiglione&#8221; (1837-1899), une beaut\u00e9 courtis\u00e9e de l&#8217;\u00e9lite italienne de la haute noblesse, devint c\u00e9l\u00e8bre comme mod\u00e8le, comme artiste du d\u00e9guisement dans de la cour et comme agent avec pour mission secr\u00e8te de s\u00e9duire l&#8217;empereur et de soutenir l&#8217;Italie afin de gagner l&#8217;ind\u00e9pendance. Changer de r\u00f4le comme de robe \u00e9tait la raison de vivre de [&hellip;]","og_url":"https:\/\/librairie7l.com\/en\/produit\/catharina-berents-contessa-di-castiglione\/","og_site_name":"Librairie 7L","article_modified_time":"2026-05-14T15:04:05+00:00","og_image":[{"width":346,"height":500,"url":"https:\/\/librairie7l.com\/wp-content\/uploads\/2023\/01\/9783829609760_1_75.jpg","type":"image\/jpeg"}],"twitter_card":"summary_large_image","twitter_misc":{"Est. reading time":"1 minute"},"schema":{"@context":"https:\/\/schema.org","@graph":[{"@type":"WebPage","@id":"https:\/\/librairie7l.com\/en\/produit\/catharina-berents-contessa-di-castiglione\/","url":"https:\/\/librairie7l.com\/en\/produit\/catharina-berents-contessa-di-castiglione\/","name":"CATHARINA BERENTS : CONTESSA DI CASTIGLIONE - Librairie 7L","isPartOf":{"@id":"https:\/\/librairie7l.com\/en\/#website"},"datePublished":"2023-09-20T11:59:10+00:00","dateModified":"2026-05-14T15:04:05+00:00","breadcrumb":{"@id":"https:\/\/librairie7l.com\/en\/produit\/catharina-berents-contessa-di-castiglione\/#breadcrumb"},"inLanguage":"en-US","potentialAction":[{"@type":"ReadAction","target":["https:\/\/librairie7l.com\/en\/produit\/catharina-berents-contessa-di-castiglione\/"]}]},{"@type":"BreadcrumbList","@id":"https:\/\/librairie7l.com\/en\/produit\/catharina-berents-contessa-di-castiglione\/#breadcrumb","itemListElement":[{"@type":"ListItem","position":1,"name":"Accueil","item":"https:\/\/librairie7l.com\/en\/"},{"@type":"ListItem","position":2,"name":"Shop","item":"https:\/\/librairie7l.com\/en\/shop\/"},{"@type":"ListItem","position":3,"name":"CATHARINA BERENTS : CONTESSA DI CASTIGLIONE"}]},{"@type":"WebSite","@id":"https:\/\/librairie7l.com\/en\/#website","url":"https:\/\/librairie7l.com\/en\/","name":"Librairie 7L","description":"Librairie fond\u00e9e en 1999 par Karl Lagerfeld \u00e0 Paris","publisher":{"@id":"https:\/\/librairie7l.com\/en\/#organization"},"potentialAction":[{"@type":"SearchAction","target":{"@type":"EntryPoint","urlTemplate":"https:\/\/librairie7l.com\/en\/?s={search_term_string}"},"query-input":"required name=search_term_string"}],"inLanguage":"en-US"},{"@type":"Organization","@id":"https:\/\/librairie7l.com\/en\/#organization","name":"Librairie 7L","url":"https:\/\/librairie7l.com\/en\/","logo":{"@type":"ImageObject","inLanguage":"en-US","@id":"https:\/\/librairie7l.com\/en\/#\/schema\/logo\/image\/","url":"https:\/\/librairie7l.com\/wp-content\/uploads\/2022\/08\/logo-1.png","contentUrl":"https:\/\/librairie7l.com\/wp-content\/uploads\/2022\/08\/logo-1.png","width":227,"height":301,"caption":"Librairie 7L"},"image":{"@id":"https:\/\/librairie7l.com\/en\/#\/schema\/logo\/image\/"}}]}},"_links":{"self":[{"href":"https:\/\/librairie7l.com\/en\/wp-json\/wp\/v2\/product\/34154"}],"collection":[{"href":"https:\/\/librairie7l.com\/en\/wp-json\/wp\/v2\/product"}],"about":[{"href":"https:\/\/librairie7l.com\/en\/wp-json\/wp\/v2\/types\/product"}],"wp:featuredmedia":[{"embeddable":true,"href":"https:\/\/librairie7l.com\/en\/wp-json\/wp\/v2\/media\/34152"}],"wp:attachment":[{"href":"https:\/\/librairie7l.com\/en\/wp-json\/wp\/v2\/media?parent=34154"}],"wp:term":[{"taxonomy":"product_cat","embeddable":true,"href":"https:\/\/librairie7l.com\/en\/wp-json\/wp\/v2\/product_cat?post=34154"},{"taxonomy":"product_tag","embeddable":true,"href":"https:\/\/librairie7l.com\/en\/wp-json\/wp\/v2\/product_tag?post=34154"}],"curies":[{"name":"wp","href":"https:\/\/api.w.org\/{rel}","templated":true}]}}