{"id":34158,"date":"2023-09-19T16:30:37","date_gmt":"2023-09-19T14:30:37","guid":{"rendered":"https:\/\/librairie7l.com\/?post_type=product&#038;p=34158"},"modified":"2026-04-29T04:06:58","modified_gmt":"2026-04-29T02:06:58","slug":"fantastic-women-surreal-worlds-from-meret-oppenheim-to-louise-bourgeois","status":"publish","type":"product","link":"https:\/\/librairie7l.com\/en\/produit\/fantastic-women-surreal-worlds-from-meret-oppenheim-to-louise-bourgeois\/","title":{"rendered":"FANTASTIC WOMEN SURREAL WORLDS FROM MERET OPPENHEIM TO LOUISE BOURGEOIS"},"content":{"rendered":"<p>Outre Frida Kahlo, la plus connue aujourd&#8217;hui, c&#8217;est tout un groupe de femmes surr\u00e9alistes qui a \u00e9merg\u00e9 d\u00e8s les ann\u00e9es 30 et jusqu&#8217;aux ann\u00e9es 60, trop souvent consid\u00e9r\u00e9es \u00e0 tort par leurs homologues masculins, group\u00e9s autour d&#8217;Andr\u00e9 Breton, comme des mod\u00e8les et des muses. Tandis que les hommes du groupe avaient fait de la femme un th\u00e8me central de leur art, tant\u00f4t d\u00e9esse, tant\u00f4t poup\u00e9e f\u00e9tichis\u00e9e, tant\u00f4t femme enfant ou cr\u00e9ature hybride, les femmes artistes cherch\u00e8rent une nouvelle identit\u00e9 et un nouveau langage formel. Peintures, objets, photos et films, ce catalogue accompagnant une exposition au Schirn \u00e0 Francfort puis au Louisiana Museum \u00e0 Copenhague met ces femmes \u00e0 l&#8217;honneur pour d\u00e9fendre pleinement leur place et leur r\u00f4le dan l&#8217;histoire de l&#8217;art.<\/p>\n","protected":false},"excerpt":{"rendered":"<p>Outre Frida Kahlo, la plus connue aujourd&#8217;hui, c&#8217;est tout un groupe de femmes surr\u00e9alistes qui a \u00e9merg\u00e9 d\u00e8s les ann\u00e9es 30 et jusqu&#8217;aux ann\u00e9es 60, trop souvent consid\u00e9r\u00e9es \u00e0 tort par leurs homologues masculins, group\u00e9s autour d&#8217;Andr\u00e9 Breton, comme des mod\u00e8les et des muses. Tandis que les hommes du groupe avaient fait de la femme [&hellip;]<\/p>\n","protected":false},"featured_media":34156,"template":"","meta":[],"product_cat":[2948,2953],"product_tag":[],"acf":[],"yoast_head":"<!-- This site is optimized with the Yoast SEO plugin v20.11 - https:\/\/yoast.com\/wordpress\/plugins\/seo\/ -->\n<title>FANTASTIC WOMEN SURREAL WORLDS FROM MERET OPPENHEIM TO LOUISE BOURGEOIS - Librairie 7L<\/title>\n<meta name=\"robots\" content=\"index, follow, max-snippet:-1, max-image-preview:large, max-video-preview:-1\" \/>\n<link rel=\"canonical\" href=\"https:\/\/librairie7l.com\/en\/produit\/fantastic-women-surreal-worlds-from-meret-oppenheim-to-louise-bourgeois\/\" \/>\n<meta property=\"og:locale\" content=\"en_US\" \/>\n<meta property=\"og:type\" content=\"article\" \/>\n<meta property=\"og:title\" content=\"FANTASTIC WOMEN SURREAL WORLDS FROM MERET OPPENHEIM TO LOUISE BOURGEOIS - Librairie 7L\" \/>\n<meta property=\"og:description\" content=\"Outre Frida Kahlo, la plus connue aujourd&#8217;hui, c&#8217;est tout un groupe de femmes surr\u00e9alistes qui a \u00e9merg\u00e9 d\u00e8s les ann\u00e9es 30 et jusqu&#8217;aux ann\u00e9es 60, trop souvent consid\u00e9r\u00e9es \u00e0 tort par leurs homologues masculins, group\u00e9s autour d&#8217;Andr\u00e9 Breton, comme des mod\u00e8les et des muses. Tandis que les hommes du groupe avaient fait de la femme [&hellip;]\" \/>\n<meta property=\"og:url\" content=\"https:\/\/librairie7l.com\/en\/produit\/fantastic-women-surreal-worlds-from-meret-oppenheim-to-louise-bourgeois\/\" \/>\n<meta property=\"og:site_name\" content=\"Librairie 7L\" \/>\n<meta property=\"article:modified_time\" content=\"2026-04-29T02:06:58+00:00\" \/>\n<meta property=\"og:image\" content=\"https:\/\/librairie7l.com\/wp-content\/uploads\/2020\/01\/9783777434148_1_75.jpg\" \/>\n\t<meta property=\"og:image:width\" content=\"182\" \/>\n\t<meta property=\"og:image:height\" content=\"220\" \/>\n\t<meta property=\"og:image:type\" content=\"image\/jpeg\" \/>\n<meta name=\"twitter:card\" content=\"summary_large_image\" \/>\n<meta name=\"twitter:label1\" content=\"Est. reading time\" \/>\n\t<meta name=\"twitter:data1\" content=\"1 minute\" \/>\n<script type=\"application\/ld+json\" class=\"yoast-schema-graph\">{\"@context\":\"https:\/\/schema.org\",\"@graph\":[{\"@type\":\"WebPage\",\"@id\":\"https:\/\/librairie7l.com\/en\/produit\/fantastic-women-surreal-worlds-from-meret-oppenheim-to-louise-bourgeois\/\",\"url\":\"https:\/\/librairie7l.com\/en\/produit\/fantastic-women-surreal-worlds-from-meret-oppenheim-to-louise-bourgeois\/\",\"name\":\"FANTASTIC WOMEN SURREAL WORLDS FROM MERET OPPENHEIM TO LOUISE BOURGEOIS - Librairie 7L\",\"isPartOf\":{\"@id\":\"https:\/\/librairie7l.com\/en\/#website\"},\"datePublished\":\"2023-09-19T14:30:37+00:00\",\"dateModified\":\"2026-04-29T02:06:58+00:00\",\"breadcrumb\":{\"@id\":\"https:\/\/librairie7l.com\/en\/produit\/fantastic-women-surreal-worlds-from-meret-oppenheim-to-louise-bourgeois\/#breadcrumb\"},\"inLanguage\":\"en-US\",\"potentialAction\":[{\"@type\":\"ReadAction\",\"target\":[\"https:\/\/librairie7l.com\/en\/produit\/fantastic-women-surreal-worlds-from-meret-oppenheim-to-louise-bourgeois\/\"]}]},{\"@type\":\"BreadcrumbList\",\"@id\":\"https:\/\/librairie7l.com\/en\/produit\/fantastic-women-surreal-worlds-from-meret-oppenheim-to-louise-bourgeois\/#breadcrumb\",\"itemListElement\":[{\"@type\":\"ListItem\",\"position\":1,\"name\":\"Accueil\",\"item\":\"https:\/\/librairie7l.com\/en\/\"},{\"@type\":\"ListItem\",\"position\":2,\"name\":\"Shop\",\"item\":\"https:\/\/librairie7l.com\/en\/shop\/\"},{\"@type\":\"ListItem\",\"position\":3,\"name\":\"FANTASTIC WOMEN SURREAL WORLDS FROM MERET OPPENHEIM TO LOUISE BOURGEOIS\"}]},{\"@type\":\"WebSite\",\"@id\":\"https:\/\/librairie7l.com\/en\/#website\",\"url\":\"https:\/\/librairie7l.com\/en\/\",\"name\":\"Librairie 7L\",\"description\":\"Librairie fond\u00e9e en 1999 par Karl Lagerfeld \u00e0 Paris\",\"publisher\":{\"@id\":\"https:\/\/librairie7l.com\/en\/#organization\"},\"potentialAction\":[{\"@type\":\"SearchAction\",\"target\":{\"@type\":\"EntryPoint\",\"urlTemplate\":\"https:\/\/librairie7l.com\/en\/?s={search_term_string}\"},\"query-input\":\"required name=search_term_string\"}],\"inLanguage\":\"en-US\"},{\"@type\":\"Organization\",\"@id\":\"https:\/\/librairie7l.com\/en\/#organization\",\"name\":\"Librairie 7L\",\"url\":\"https:\/\/librairie7l.com\/en\/\",\"logo\":{\"@type\":\"ImageObject\",\"inLanguage\":\"en-US\",\"@id\":\"https:\/\/librairie7l.com\/en\/#\/schema\/logo\/image\/\",\"url\":\"https:\/\/librairie7l.com\/wp-content\/uploads\/2022\/08\/logo-1.png\",\"contentUrl\":\"https:\/\/librairie7l.com\/wp-content\/uploads\/2022\/08\/logo-1.png\",\"width\":227,\"height\":301,\"caption\":\"Librairie 7L\"},\"image\":{\"@id\":\"https:\/\/librairie7l.com\/en\/#\/schema\/logo\/image\/\"}}]}<\/script>\n<!-- \/ Yoast SEO plugin. -->","yoast_head_json":{"title":"FANTASTIC WOMEN SURREAL WORLDS FROM MERET OPPENHEIM TO LOUISE BOURGEOIS - Librairie 7L","robots":{"index":"index","follow":"follow","max-snippet":"max-snippet:-1","max-image-preview":"max-image-preview:large","max-video-preview":"max-video-preview:-1"},"canonical":"https:\/\/librairie7l.com\/en\/produit\/fantastic-women-surreal-worlds-from-meret-oppenheim-to-louise-bourgeois\/","og_locale":"en_US","og_type":"article","og_title":"FANTASTIC WOMEN SURREAL WORLDS FROM MERET OPPENHEIM TO LOUISE BOURGEOIS - Librairie 7L","og_description":"Outre Frida Kahlo, la plus connue aujourd&#8217;hui, c&#8217;est tout un groupe de femmes surr\u00e9alistes qui a \u00e9merg\u00e9 d\u00e8s les ann\u00e9es 30 et jusqu&#8217;aux ann\u00e9es 60, trop souvent consid\u00e9r\u00e9es \u00e0 tort par leurs homologues masculins, group\u00e9s autour d&#8217;Andr\u00e9 Breton, comme des mod\u00e8les et des muses. Tandis que les hommes du groupe avaient fait de la femme [&hellip;]","og_url":"https:\/\/librairie7l.com\/en\/produit\/fantastic-women-surreal-worlds-from-meret-oppenheim-to-louise-bourgeois\/","og_site_name":"Librairie 7L","article_modified_time":"2026-04-29T02:06:58+00:00","og_image":[{"width":182,"height":220,"url":"https:\/\/librairie7l.com\/wp-content\/uploads\/2020\/01\/9783777434148_1_75.jpg","type":"image\/jpeg"}],"twitter_card":"summary_large_image","twitter_misc":{"Est. reading time":"1 minute"},"schema":{"@context":"https:\/\/schema.org","@graph":[{"@type":"WebPage","@id":"https:\/\/librairie7l.com\/en\/produit\/fantastic-women-surreal-worlds-from-meret-oppenheim-to-louise-bourgeois\/","url":"https:\/\/librairie7l.com\/en\/produit\/fantastic-women-surreal-worlds-from-meret-oppenheim-to-louise-bourgeois\/","name":"FANTASTIC WOMEN SURREAL WORLDS FROM MERET OPPENHEIM TO LOUISE BOURGEOIS - Librairie 7L","isPartOf":{"@id":"https:\/\/librairie7l.com\/en\/#website"},"datePublished":"2023-09-19T14:30:37+00:00","dateModified":"2026-04-29T02:06:58+00:00","breadcrumb":{"@id":"https:\/\/librairie7l.com\/en\/produit\/fantastic-women-surreal-worlds-from-meret-oppenheim-to-louise-bourgeois\/#breadcrumb"},"inLanguage":"en-US","potentialAction":[{"@type":"ReadAction","target":["https:\/\/librairie7l.com\/en\/produit\/fantastic-women-surreal-worlds-from-meret-oppenheim-to-louise-bourgeois\/"]}]},{"@type":"BreadcrumbList","@id":"https:\/\/librairie7l.com\/en\/produit\/fantastic-women-surreal-worlds-from-meret-oppenheim-to-louise-bourgeois\/#breadcrumb","itemListElement":[{"@type":"ListItem","position":1,"name":"Accueil","item":"https:\/\/librairie7l.com\/en\/"},{"@type":"ListItem","position":2,"name":"Shop","item":"https:\/\/librairie7l.com\/en\/shop\/"},{"@type":"ListItem","position":3,"name":"FANTASTIC WOMEN SURREAL WORLDS FROM MERET OPPENHEIM TO LOUISE BOURGEOIS"}]},{"@type":"WebSite","@id":"https:\/\/librairie7l.com\/en\/#website","url":"https:\/\/librairie7l.com\/en\/","name":"Librairie 7L","description":"Librairie fond\u00e9e en 1999 par Karl Lagerfeld \u00e0 Paris","publisher":{"@id":"https:\/\/librairie7l.com\/en\/#organization"},"potentialAction":[{"@type":"SearchAction","target":{"@type":"EntryPoint","urlTemplate":"https:\/\/librairie7l.com\/en\/?s={search_term_string}"},"query-input":"required name=search_term_string"}],"inLanguage":"en-US"},{"@type":"Organization","@id":"https:\/\/librairie7l.com\/en\/#organization","name":"Librairie 7L","url":"https:\/\/librairie7l.com\/en\/","logo":{"@type":"ImageObject","inLanguage":"en-US","@id":"https:\/\/librairie7l.com\/en\/#\/schema\/logo\/image\/","url":"https:\/\/librairie7l.com\/wp-content\/uploads\/2022\/08\/logo-1.png","contentUrl":"https:\/\/librairie7l.com\/wp-content\/uploads\/2022\/08\/logo-1.png","width":227,"height":301,"caption":"Librairie 7L"},"image":{"@id":"https:\/\/librairie7l.com\/en\/#\/schema\/logo\/image\/"}}]}},"_links":{"self":[{"href":"https:\/\/librairie7l.com\/en\/wp-json\/wp\/v2\/product\/34158"}],"collection":[{"href":"https:\/\/librairie7l.com\/en\/wp-json\/wp\/v2\/product"}],"about":[{"href":"https:\/\/librairie7l.com\/en\/wp-json\/wp\/v2\/types\/product"}],"wp:featuredmedia":[{"embeddable":true,"href":"https:\/\/librairie7l.com\/en\/wp-json\/wp\/v2\/media\/34156"}],"wp:attachment":[{"href":"https:\/\/librairie7l.com\/en\/wp-json\/wp\/v2\/media?parent=34158"}],"wp:term":[{"taxonomy":"product_cat","embeddable":true,"href":"https:\/\/librairie7l.com\/en\/wp-json\/wp\/v2\/product_cat?post=34158"},{"taxonomy":"product_tag","embeddable":true,"href":"https:\/\/librairie7l.com\/en\/wp-json\/wp\/v2\/product_tag?post=34158"}],"curies":[{"name":"wp","href":"https:\/\/api.w.org\/{rel}","templated":true}]}}