{"id":34191,"date":"2023-09-19T16:41:54","date_gmt":"2023-09-19T14:41:54","guid":{"rendered":"https:\/\/librairie7l.com\/?post_type=product&#038;p=34191"},"modified":"2026-04-16T08:14:55","modified_gmt":"2026-04-16T06:14:55","slug":"xavier-veilhan-2","status":"publish","type":"product","link":"https:\/\/librairie7l.com\/en\/produit\/xavier-veilhan-2\/","title":{"rendered":"XAVIER VEILHAN"},"content":{"rendered":"<p>Depuis la fin des ann\u00e9es 1980, Xavier Veilhan travaille tout \u00e0 la fois sur la sculpture, la peinture, l&#8217;environnement, le spectacle, la vid\u00e9o, la photo, avec une d\u00e9marche entre classicisme formel et haute technologie. L&#8217;art est pour lui \u00ab un outil de vision au travers duquel il faut regarder pour comprendre notre pass\u00e9, notre pr\u00e9sent et notre futur \u00bb. Xavier Veilhan joue sur les perceptions au long de ses expositions et interventions in situ dans des villes, des espaces publics ou des maisons (\u00ab Veilhan Versailles \u00bb, 2009 ; \u00ab Veilhan at Hatfield: Promenade \u00bb, 2012 ; \u00ab Architectones \u00bb, 2012-2014). Ces derni\u00e8res ann\u00e9es, il a install\u00e9 des oeuvres \u00e0 New York (Jean-Marc, 2012), \u00e0 Shanghai (Alice, 2013) ou encore en Su\u00e8de (Vibration, 2010). En 2014, il est expos\u00e9 \u00e0 S\u00e9oul, Moscou et Barcelone, et il installe pour trois ans Le Baron de Triqueti (2006) \u00e0 l&#8217;Abbaye de Cluny (dispositif sc\u00e9nographique accueillant une s\u00e9lection d&#8217;oeuvres anciennes et contemporaines).<br \/>\nLe Ch\u00e2teau de Rentilly rouvre ses portes fin novembre, compl\u00e8tement r\u00e9invent\u00e9 pour devenir \u00e0 la fois oeuvre d&#8217;art et lieu d&#8217;exposition pour le Frac \u00cele-de-France. Xavier Veilhan collabore ainsi avec les architectes Bona-Lemercier et le sc\u00e9nographe Alexis Bertrand. De f\u00e9vrier \u00e0 avril 2015, les antennes de Paris et New York de la galerie Perrotin lui consacrent deux expositions personnelles.<br \/>\nCette monographie actualis\u00e9e pr\u00e9sente ses derniers projets, notamment \u00e0 dimension architecturale.<\/p>\n","protected":false},"excerpt":{"rendered":"<p>Depuis la fin des ann\u00e9es 1980, Xavier Veilhan travaille tout \u00e0 la fois sur la sculpture, la peinture, l&#8217;environnement, le spectacle, la vid\u00e9o, la photo, avec une d\u00e9marche entre classicisme formel et haute technologie. L&#8217;art est pour lui \u00ab un outil de vision au travers duquel il faut regarder pour comprendre notre pass\u00e9, notre pr\u00e9sent [&hellip;]<\/p>\n","protected":false},"featured_media":34189,"template":"","meta":[],"product_cat":[2948,2953],"product_tag":[],"acf":[],"yoast_head":"<!-- This site is optimized with the Yoast SEO plugin v20.11 - https:\/\/yoast.com\/wordpress\/plugins\/seo\/ -->\n<title>XAVIER VEILHAN - Librairie 7L<\/title>\n<meta name=\"robots\" content=\"index, follow, max-snippet:-1, max-image-preview:large, max-video-preview:-1\" \/>\n<link rel=\"canonical\" href=\"https:\/\/librairie7l.com\/en\/produit\/xavier-veilhan-2\/\" \/>\n<meta property=\"og:locale\" content=\"en_US\" \/>\n<meta property=\"og:type\" content=\"article\" \/>\n<meta property=\"og:title\" content=\"XAVIER VEILHAN - Librairie 7L\" \/>\n<meta property=\"og:description\" content=\"Depuis la fin des ann\u00e9es 1980, Xavier Veilhan travaille tout \u00e0 la fois sur la sculpture, la peinture, l&#8217;environnement, le spectacle, la vid\u00e9o, la photo, avec une d\u00e9marche entre classicisme formel et haute technologie. L&#8217;art est pour lui \u00ab un outil de vision au travers duquel il faut regarder pour comprendre notre pass\u00e9, notre pr\u00e9sent [&hellip;]\" \/>\n<meta property=\"og:url\" content=\"https:\/\/librairie7l.com\/en\/produit\/xavier-veilhan-2\/\" \/>\n<meta property=\"og:site_name\" content=\"Librairie 7L\" \/>\n<meta property=\"article:modified_time\" content=\"2026-04-16T06:14:55+00:00\" \/>\n<meta property=\"og:image\" content=\"https:\/\/librairie7l.com\/wp-content\/uploads\/2015\/02\/9791090490789_1_75.jpg\" \/>\n\t<meta property=\"og:image:width\" content=\"281\" \/>\n\t<meta property=\"og:image:height\" content=\"375\" \/>\n\t<meta property=\"og:image:type\" content=\"image\/jpeg\" \/>\n<meta name=\"twitter:card\" content=\"summary_large_image\" \/>\n<meta name=\"twitter:label1\" content=\"Est. reading time\" \/>\n\t<meta name=\"twitter:data1\" content=\"1 minute\" \/>\n<script type=\"application\/ld+json\" class=\"yoast-schema-graph\">{\"@context\":\"https:\/\/schema.org\",\"@graph\":[{\"@type\":\"WebPage\",\"@id\":\"https:\/\/librairie7l.com\/en\/produit\/xavier-veilhan-2\/\",\"url\":\"https:\/\/librairie7l.com\/en\/produit\/xavier-veilhan-2\/\",\"name\":\"XAVIER VEILHAN - Librairie 7L\",\"isPartOf\":{\"@id\":\"https:\/\/librairie7l.com\/en\/#website\"},\"datePublished\":\"2023-09-19T14:41:54+00:00\",\"dateModified\":\"2026-04-16T06:14:55+00:00\",\"breadcrumb\":{\"@id\":\"https:\/\/librairie7l.com\/en\/produit\/xavier-veilhan-2\/#breadcrumb\"},\"inLanguage\":\"en-US\",\"potentialAction\":[{\"@type\":\"ReadAction\",\"target\":[\"https:\/\/librairie7l.com\/en\/produit\/xavier-veilhan-2\/\"]}]},{\"@type\":\"BreadcrumbList\",\"@id\":\"https:\/\/librairie7l.com\/en\/produit\/xavier-veilhan-2\/#breadcrumb\",\"itemListElement\":[{\"@type\":\"ListItem\",\"position\":1,\"name\":\"Accueil\",\"item\":\"https:\/\/librairie7l.com\/en\/\"},{\"@type\":\"ListItem\",\"position\":2,\"name\":\"Shop\",\"item\":\"https:\/\/librairie7l.com\/en\/shop\/\"},{\"@type\":\"ListItem\",\"position\":3,\"name\":\"XAVIER VEILHAN\"}]},{\"@type\":\"WebSite\",\"@id\":\"https:\/\/librairie7l.com\/en\/#website\",\"url\":\"https:\/\/librairie7l.com\/en\/\",\"name\":\"Librairie 7L\",\"description\":\"Librairie fond\u00e9e en 1999 par Karl Lagerfeld \u00e0 Paris\",\"publisher\":{\"@id\":\"https:\/\/librairie7l.com\/en\/#organization\"},\"potentialAction\":[{\"@type\":\"SearchAction\",\"target\":{\"@type\":\"EntryPoint\",\"urlTemplate\":\"https:\/\/librairie7l.com\/en\/?s={search_term_string}\"},\"query-input\":\"required name=search_term_string\"}],\"inLanguage\":\"en-US\"},{\"@type\":\"Organization\",\"@id\":\"https:\/\/librairie7l.com\/en\/#organization\",\"name\":\"Librairie 7L\",\"url\":\"https:\/\/librairie7l.com\/en\/\",\"logo\":{\"@type\":\"ImageObject\",\"inLanguage\":\"en-US\",\"@id\":\"https:\/\/librairie7l.com\/en\/#\/schema\/logo\/image\/\",\"url\":\"https:\/\/librairie7l.com\/wp-content\/uploads\/2022\/08\/logo-1.png\",\"contentUrl\":\"https:\/\/librairie7l.com\/wp-content\/uploads\/2022\/08\/logo-1.png\",\"width\":227,\"height\":301,\"caption\":\"Librairie 7L\"},\"image\":{\"@id\":\"https:\/\/librairie7l.com\/en\/#\/schema\/logo\/image\/\"}}]}<\/script>\n<!-- \/ Yoast SEO plugin. -->","yoast_head_json":{"title":"XAVIER VEILHAN - Librairie 7L","robots":{"index":"index","follow":"follow","max-snippet":"max-snippet:-1","max-image-preview":"max-image-preview:large","max-video-preview":"max-video-preview:-1"},"canonical":"https:\/\/librairie7l.com\/en\/produit\/xavier-veilhan-2\/","og_locale":"en_US","og_type":"article","og_title":"XAVIER VEILHAN - Librairie 7L","og_description":"Depuis la fin des ann\u00e9es 1980, Xavier Veilhan travaille tout \u00e0 la fois sur la sculpture, la peinture, l&#8217;environnement, le spectacle, la vid\u00e9o, la photo, avec une d\u00e9marche entre classicisme formel et haute technologie. L&#8217;art est pour lui \u00ab un outil de vision au travers duquel il faut regarder pour comprendre notre pass\u00e9, notre pr\u00e9sent [&hellip;]","og_url":"https:\/\/librairie7l.com\/en\/produit\/xavier-veilhan-2\/","og_site_name":"Librairie 7L","article_modified_time":"2026-04-16T06:14:55+00:00","og_image":[{"width":281,"height":375,"url":"https:\/\/librairie7l.com\/wp-content\/uploads\/2015\/02\/9791090490789_1_75.jpg","type":"image\/jpeg"}],"twitter_card":"summary_large_image","twitter_misc":{"Est. reading time":"1 minute"},"schema":{"@context":"https:\/\/schema.org","@graph":[{"@type":"WebPage","@id":"https:\/\/librairie7l.com\/en\/produit\/xavier-veilhan-2\/","url":"https:\/\/librairie7l.com\/en\/produit\/xavier-veilhan-2\/","name":"XAVIER VEILHAN - Librairie 7L","isPartOf":{"@id":"https:\/\/librairie7l.com\/en\/#website"},"datePublished":"2023-09-19T14:41:54+00:00","dateModified":"2026-04-16T06:14:55+00:00","breadcrumb":{"@id":"https:\/\/librairie7l.com\/en\/produit\/xavier-veilhan-2\/#breadcrumb"},"inLanguage":"en-US","potentialAction":[{"@type":"ReadAction","target":["https:\/\/librairie7l.com\/en\/produit\/xavier-veilhan-2\/"]}]},{"@type":"BreadcrumbList","@id":"https:\/\/librairie7l.com\/en\/produit\/xavier-veilhan-2\/#breadcrumb","itemListElement":[{"@type":"ListItem","position":1,"name":"Accueil","item":"https:\/\/librairie7l.com\/en\/"},{"@type":"ListItem","position":2,"name":"Shop","item":"https:\/\/librairie7l.com\/en\/shop\/"},{"@type":"ListItem","position":3,"name":"XAVIER VEILHAN"}]},{"@type":"WebSite","@id":"https:\/\/librairie7l.com\/en\/#website","url":"https:\/\/librairie7l.com\/en\/","name":"Librairie 7L","description":"Librairie fond\u00e9e en 1999 par Karl Lagerfeld \u00e0 Paris","publisher":{"@id":"https:\/\/librairie7l.com\/en\/#organization"},"potentialAction":[{"@type":"SearchAction","target":{"@type":"EntryPoint","urlTemplate":"https:\/\/librairie7l.com\/en\/?s={search_term_string}"},"query-input":"required name=search_term_string"}],"inLanguage":"en-US"},{"@type":"Organization","@id":"https:\/\/librairie7l.com\/en\/#organization","name":"Librairie 7L","url":"https:\/\/librairie7l.com\/en\/","logo":{"@type":"ImageObject","inLanguage":"en-US","@id":"https:\/\/librairie7l.com\/en\/#\/schema\/logo\/image\/","url":"https:\/\/librairie7l.com\/wp-content\/uploads\/2022\/08\/logo-1.png","contentUrl":"https:\/\/librairie7l.com\/wp-content\/uploads\/2022\/08\/logo-1.png","width":227,"height":301,"caption":"Librairie 7L"},"image":{"@id":"https:\/\/librairie7l.com\/en\/#\/schema\/logo\/image\/"}}]}},"_links":{"self":[{"href":"https:\/\/librairie7l.com\/en\/wp-json\/wp\/v2\/product\/34191"}],"collection":[{"href":"https:\/\/librairie7l.com\/en\/wp-json\/wp\/v2\/product"}],"about":[{"href":"https:\/\/librairie7l.com\/en\/wp-json\/wp\/v2\/types\/product"}],"wp:featuredmedia":[{"embeddable":true,"href":"https:\/\/librairie7l.com\/en\/wp-json\/wp\/v2\/media\/34189"}],"wp:attachment":[{"href":"https:\/\/librairie7l.com\/en\/wp-json\/wp\/v2\/media?parent=34191"}],"wp:term":[{"taxonomy":"product_cat","embeddable":true,"href":"https:\/\/librairie7l.com\/en\/wp-json\/wp\/v2\/product_cat?post=34191"},{"taxonomy":"product_tag","embeddable":true,"href":"https:\/\/librairie7l.com\/en\/wp-json\/wp\/v2\/product_tag?post=34191"}],"curies":[{"name":"wp","href":"https:\/\/api.w.org\/{rel}","templated":true}]}}