{"id":34195,"date":"2023-09-19T16:42:18","date_gmt":"2023-09-19T14:42:18","guid":{"rendered":"https:\/\/librairie7l.com\/?post_type=product&#038;p=34195"},"modified":"2026-04-05T14:51:26","modified_gmt":"2026-04-05T12:51:26","slug":"paris-capitale-underground","status":"publish","type":"product","link":"https:\/\/librairie7l.com\/en\/produit\/paris-capitale-underground\/","title":{"rendered":"PARIS CAPITALE UNDERGROUND"},"content":{"rendered":"<p>\u00ab Jean-Claude \u00e9tait l\u00e9ger, ses pas \u00e9taient a\u00e9riens. Il filait toujours un peu au-dessus du monde, \u00e0 c\u00f4t\u00e9 de l&#8217;agitation qu&#8217;il savait provoquer et dans laquelle il aimait s&#8217;engloutir. \u00bb Ariel Wizman.<br \/>\nJean-Claude Lagr\u00e8ze couvait les artistes, de son oeil doux et inquiet \u00e0 la fois. Ses images sont \u00e0 l&#8217;image de sa vie, extravagantes et pleines de secrets ; elles t\u00e9moignent surtout d&#8217;une \u00e9poque, ces ann\u00e9es 1980-1990, pendant lesquelles l&#8217;underground et toutes ses ambigu\u00eft\u00e9s vivaient de passionnants soubresauts. Ce que Jean-Claude Lagr\u00e8ze a vu, souvent tard la nuit, c&#8217;est le monde de l&#8217;apr\u00e8s-glam, d&#8217;apr\u00e8s le punk, d&#8217;apr\u00e8s la New Wave, d&#8217;apr\u00e8s la Pop, d&#8217;apr\u00e8s le Vogueing&#8230; Il a vu s&#8217;ouvrir le monde de la cr\u00e9ation pure. Cette r\u00e9trospective rend compte de l&#8217;observation intimiste d&#8217;un monde en marge. La musique, deuxi\u00e8me passion du photographe, est largement repr\u00e9sent\u00e9e (Queen, David Bowie, Boy George, The Cure, Depeche Mode, Madonna, Mick Jagger, Sparks, Nina Hagen, Iggy Pop, Klaus Nomi, The Pretenders), mais avec elle le cin\u00e9ma (Julie Delpy, B\u00e9atrice Dalle, Orson Welles,&#8230;), la mode, et m\u00eame le monde de l&#8217;art avec Keith Haring et Leigh Bowery. La f\u00eate bat son plein !<\/p>\n","protected":false},"excerpt":{"rendered":"<p>\u00ab Jean-Claude \u00e9tait l\u00e9ger, ses pas \u00e9taient a\u00e9riens. Il filait toujours un peu au-dessus du monde, \u00e0 c\u00f4t\u00e9 de l&#8217;agitation qu&#8217;il savait provoquer et dans laquelle il aimait s&#8217;engloutir. \u00bb Ariel Wizman. Jean-Claude Lagr\u00e8ze couvait les artistes, de son oeil doux et inquiet \u00e0 la fois. Ses images sont \u00e0 l&#8217;image de sa vie, extravagantes [&hellip;]<\/p>\n","protected":false},"featured_media":34193,"template":"","meta":[],"product_cat":[2948,2958],"product_tag":[],"acf":[],"yoast_head":"<!-- This site is optimized with the Yoast SEO plugin v20.11 - https:\/\/yoast.com\/wordpress\/plugins\/seo\/ -->\n<title>PARIS CAPITALE UNDERGROUND - Librairie 7L<\/title>\n<meta name=\"robots\" content=\"index, follow, max-snippet:-1, max-image-preview:large, max-video-preview:-1\" \/>\n<link rel=\"canonical\" href=\"https:\/\/librairie7l.com\/en\/produit\/paris-capitale-underground\/\" \/>\n<meta property=\"og:locale\" content=\"en_US\" \/>\n<meta property=\"og:type\" content=\"article\" \/>\n<meta property=\"og:title\" content=\"PARIS CAPITALE UNDERGROUND - Librairie 7L\" \/>\n<meta property=\"og:description\" content=\"\u00ab Jean-Claude \u00e9tait l\u00e9ger, ses pas \u00e9taient a\u00e9riens. Il filait toujours un peu au-dessus du monde, \u00e0 c\u00f4t\u00e9 de l&#8217;agitation qu&#8217;il savait provoquer et dans laquelle il aimait s&#8217;engloutir. \u00bb Ariel Wizman. Jean-Claude Lagr\u00e8ze couvait les artistes, de son oeil doux et inquiet \u00e0 la fois. Ses images sont \u00e0 l&#8217;image de sa vie, extravagantes [&hellip;]\" \/>\n<meta property=\"og:url\" content=\"https:\/\/librairie7l.com\/en\/produit\/paris-capitale-underground\/\" \/>\n<meta property=\"og:site_name\" content=\"Librairie 7L\" \/>\n<meta property=\"article:modified_time\" content=\"2026-04-05T12:51:26+00:00\" \/>\n<meta property=\"og:image\" content=\"https:\/\/librairie7l.com\/wp-content\/uploads\/2016\/04\/9782732475325_1_75.jpg\" \/>\n\t<meta property=\"og:image:width\" content=\"400\" \/>\n\t<meta property=\"og:image:height\" content=\"516\" \/>\n\t<meta property=\"og:image:type\" content=\"image\/jpeg\" \/>\n<meta name=\"twitter:card\" content=\"summary_large_image\" \/>\n<meta name=\"twitter:label1\" content=\"Est. reading time\" \/>\n\t<meta name=\"twitter:data1\" content=\"1 minute\" \/>\n<script type=\"application\/ld+json\" class=\"yoast-schema-graph\">{\"@context\":\"https:\/\/schema.org\",\"@graph\":[{\"@type\":\"WebPage\",\"@id\":\"https:\/\/librairie7l.com\/en\/produit\/paris-capitale-underground\/\",\"url\":\"https:\/\/librairie7l.com\/en\/produit\/paris-capitale-underground\/\",\"name\":\"PARIS CAPITALE UNDERGROUND - Librairie 7L\",\"isPartOf\":{\"@id\":\"https:\/\/librairie7l.com\/en\/#website\"},\"datePublished\":\"2023-09-19T14:42:18+00:00\",\"dateModified\":\"2026-04-05T12:51:26+00:00\",\"breadcrumb\":{\"@id\":\"https:\/\/librairie7l.com\/en\/produit\/paris-capitale-underground\/#breadcrumb\"},\"inLanguage\":\"en-US\",\"potentialAction\":[{\"@type\":\"ReadAction\",\"target\":[\"https:\/\/librairie7l.com\/en\/produit\/paris-capitale-underground\/\"]}]},{\"@type\":\"BreadcrumbList\",\"@id\":\"https:\/\/librairie7l.com\/en\/produit\/paris-capitale-underground\/#breadcrumb\",\"itemListElement\":[{\"@type\":\"ListItem\",\"position\":1,\"name\":\"Accueil\",\"item\":\"https:\/\/librairie7l.com\/en\/\"},{\"@type\":\"ListItem\",\"position\":2,\"name\":\"Shop\",\"item\":\"https:\/\/librairie7l.com\/en\/shop\/\"},{\"@type\":\"ListItem\",\"position\":3,\"name\":\"PARIS CAPITALE UNDERGROUND\"}]},{\"@type\":\"WebSite\",\"@id\":\"https:\/\/librairie7l.com\/en\/#website\",\"url\":\"https:\/\/librairie7l.com\/en\/\",\"name\":\"Librairie 7L\",\"description\":\"Librairie fond\u00e9e en 1999 par Karl Lagerfeld \u00e0 Paris\",\"publisher\":{\"@id\":\"https:\/\/librairie7l.com\/en\/#organization\"},\"potentialAction\":[{\"@type\":\"SearchAction\",\"target\":{\"@type\":\"EntryPoint\",\"urlTemplate\":\"https:\/\/librairie7l.com\/en\/?s={search_term_string}\"},\"query-input\":\"required name=search_term_string\"}],\"inLanguage\":\"en-US\"},{\"@type\":\"Organization\",\"@id\":\"https:\/\/librairie7l.com\/en\/#organization\",\"name\":\"Librairie 7L\",\"url\":\"https:\/\/librairie7l.com\/en\/\",\"logo\":{\"@type\":\"ImageObject\",\"inLanguage\":\"en-US\",\"@id\":\"https:\/\/librairie7l.com\/en\/#\/schema\/logo\/image\/\",\"url\":\"https:\/\/librairie7l.com\/wp-content\/uploads\/2022\/08\/logo-1.png\",\"contentUrl\":\"https:\/\/librairie7l.com\/wp-content\/uploads\/2022\/08\/logo-1.png\",\"width\":227,\"height\":301,\"caption\":\"Librairie 7L\"},\"image\":{\"@id\":\"https:\/\/librairie7l.com\/en\/#\/schema\/logo\/image\/\"}}]}<\/script>\n<!-- \/ Yoast SEO plugin. -->","yoast_head_json":{"title":"PARIS CAPITALE UNDERGROUND - Librairie 7L","robots":{"index":"index","follow":"follow","max-snippet":"max-snippet:-1","max-image-preview":"max-image-preview:large","max-video-preview":"max-video-preview:-1"},"canonical":"https:\/\/librairie7l.com\/en\/produit\/paris-capitale-underground\/","og_locale":"en_US","og_type":"article","og_title":"PARIS CAPITALE UNDERGROUND - Librairie 7L","og_description":"\u00ab Jean-Claude \u00e9tait l\u00e9ger, ses pas \u00e9taient a\u00e9riens. Il filait toujours un peu au-dessus du monde, \u00e0 c\u00f4t\u00e9 de l&#8217;agitation qu&#8217;il savait provoquer et dans laquelle il aimait s&#8217;engloutir. \u00bb Ariel Wizman. Jean-Claude Lagr\u00e8ze couvait les artistes, de son oeil doux et inquiet \u00e0 la fois. Ses images sont \u00e0 l&#8217;image de sa vie, extravagantes [&hellip;]","og_url":"https:\/\/librairie7l.com\/en\/produit\/paris-capitale-underground\/","og_site_name":"Librairie 7L","article_modified_time":"2026-04-05T12:51:26+00:00","og_image":[{"width":400,"height":516,"url":"https:\/\/librairie7l.com\/wp-content\/uploads\/2016\/04\/9782732475325_1_75.jpg","type":"image\/jpeg"}],"twitter_card":"summary_large_image","twitter_misc":{"Est. reading time":"1 minute"},"schema":{"@context":"https:\/\/schema.org","@graph":[{"@type":"WebPage","@id":"https:\/\/librairie7l.com\/en\/produit\/paris-capitale-underground\/","url":"https:\/\/librairie7l.com\/en\/produit\/paris-capitale-underground\/","name":"PARIS CAPITALE UNDERGROUND - Librairie 7L","isPartOf":{"@id":"https:\/\/librairie7l.com\/en\/#website"},"datePublished":"2023-09-19T14:42:18+00:00","dateModified":"2026-04-05T12:51:26+00:00","breadcrumb":{"@id":"https:\/\/librairie7l.com\/en\/produit\/paris-capitale-underground\/#breadcrumb"},"inLanguage":"en-US","potentialAction":[{"@type":"ReadAction","target":["https:\/\/librairie7l.com\/en\/produit\/paris-capitale-underground\/"]}]},{"@type":"BreadcrumbList","@id":"https:\/\/librairie7l.com\/en\/produit\/paris-capitale-underground\/#breadcrumb","itemListElement":[{"@type":"ListItem","position":1,"name":"Accueil","item":"https:\/\/librairie7l.com\/en\/"},{"@type":"ListItem","position":2,"name":"Shop","item":"https:\/\/librairie7l.com\/en\/shop\/"},{"@type":"ListItem","position":3,"name":"PARIS CAPITALE UNDERGROUND"}]},{"@type":"WebSite","@id":"https:\/\/librairie7l.com\/en\/#website","url":"https:\/\/librairie7l.com\/en\/","name":"Librairie 7L","description":"Librairie fond\u00e9e en 1999 par Karl Lagerfeld \u00e0 Paris","publisher":{"@id":"https:\/\/librairie7l.com\/en\/#organization"},"potentialAction":[{"@type":"SearchAction","target":{"@type":"EntryPoint","urlTemplate":"https:\/\/librairie7l.com\/en\/?s={search_term_string}"},"query-input":"required name=search_term_string"}],"inLanguage":"en-US"},{"@type":"Organization","@id":"https:\/\/librairie7l.com\/en\/#organization","name":"Librairie 7L","url":"https:\/\/librairie7l.com\/en\/","logo":{"@type":"ImageObject","inLanguage":"en-US","@id":"https:\/\/librairie7l.com\/en\/#\/schema\/logo\/image\/","url":"https:\/\/librairie7l.com\/wp-content\/uploads\/2022\/08\/logo-1.png","contentUrl":"https:\/\/librairie7l.com\/wp-content\/uploads\/2022\/08\/logo-1.png","width":227,"height":301,"caption":"Librairie 7L"},"image":{"@id":"https:\/\/librairie7l.com\/en\/#\/schema\/logo\/image\/"}}]}},"_links":{"self":[{"href":"https:\/\/librairie7l.com\/en\/wp-json\/wp\/v2\/product\/34195"}],"collection":[{"href":"https:\/\/librairie7l.com\/en\/wp-json\/wp\/v2\/product"}],"about":[{"href":"https:\/\/librairie7l.com\/en\/wp-json\/wp\/v2\/types\/product"}],"wp:featuredmedia":[{"embeddable":true,"href":"https:\/\/librairie7l.com\/en\/wp-json\/wp\/v2\/media\/34193"}],"wp:attachment":[{"href":"https:\/\/librairie7l.com\/en\/wp-json\/wp\/v2\/media?parent=34195"}],"wp:term":[{"taxonomy":"product_cat","embeddable":true,"href":"https:\/\/librairie7l.com\/en\/wp-json\/wp\/v2\/product_cat?post=34195"},{"taxonomy":"product_tag","embeddable":true,"href":"https:\/\/librairie7l.com\/en\/wp-json\/wp\/v2\/product_tag?post=34195"}],"curies":[{"name":"wp","href":"https:\/\/api.w.org\/{rel}","templated":true}]}}