{"id":34219,"date":"2023-09-19T17:00:58","date_gmt":"2023-09-19T15:00:58","guid":{"rendered":"https:\/\/librairie7l.com\/?post_type=product&#038;p=34219"},"modified":"2026-04-17T05:03:20","modified_gmt":"2026-04-17T03:03:20","slug":"vie-nouvelle","status":"publish","type":"product","link":"https:\/\/librairie7l.com\/en\/produit\/vie-nouvelle\/","title":{"rendered":"VIE NOUVELLE"},"content":{"rendered":"<p>Une s\u00e9rie de dessins r\u00e9alis\u00e9s sur tablette num\u00e9rique offrant une entr\u00e9e par le d\u00e9tail dans l&#8217;univers \u00e9largi de la peinture d&#8217;Hugo Pernet.<br \/>\nVie nouvelle se pr\u00e9sente comme un objet interm\u00e9diaire entre le livre d&#8217;artiste et la tablette num\u00e9rique sur laquelle ces dessins ont \u00e9t\u00e9 r\u00e9alis\u00e9s. Publi\u00e9 sans ajout de texte, dans une forme inspir\u00e9e du calendrier, de l&#8217;ardoise ou du carnet de croquis, Vie nouvelle se veut une sorte d&#8217;anti-monographie ou de monographie invers\u00e9e de l&#8217;artiste : une entr\u00e9e par le d\u00e9tail dans l&#8217;univers \u00e9largi de sa peinture.<\/p>\n<p>\u00ab D\u00e9but 2020, je me retrouve comme tout le monde confin\u00e9 dans une situation in\u00e9dite, avec mes enfants, dans la maison o\u00f9 j&#8217;ai grandi. Sans atelier, sans mat\u00e9riel, avec juste un peu de temps et d&#8217;espace pour jouir de ce privil\u00e8ge. Le paysage de moyenne montagne, l&#8217;incertitude de la premi\u00e8re vague, la beaut\u00e9 du printemps, les fant\u00f4mes et les fantasmes se m\u00ealent dans des dessins num\u00e9riques qui sont pour moi comme autant de portes de sorties. A mi-chemin du dessin et de la peinture, ce ne sont jamais des illustrations de cette Vita nova (qui ressemble \u00e0 s&#8217;y m\u00e9prendre \u00e0 la vie d&#8217;avant), mais des propositions silencieuses, des r\u00eaveries qui reprennent en les exag\u00e9rant les th\u00e9matiques r\u00e9centes de ma peinture.<br \/>\nAvec le Frac Bourgogne, nous d\u00e9cidons de publier au jour le jour ces dessins sur leur page Facebook. Apr\u00e8s l&#8217;\u00e9t\u00e9, nous r\u00e9fl\u00e9chissons \u00e0 donner une forme plus concr\u00e8te \u00e0 ce qui fut d&#8217;abord r\u00e9alis\u00e9 dans l&#8217;urgence. L&#8217;\u00e9dition \u00e0 laquelle nous travaillons se pr\u00e9sente comme un objet interm\u00e9diaire entre le livre d&#8217;artiste et le support d&#8217;origine de ces dessins : la tablette.<br \/>\nVie nouvelle convoque ainsi diff\u00e9rentes exp\u00e9riences li\u00e9es \u00e0 l&#8217;\u00e9criture, au dessin et \u00e0 l&#8217;imprim\u00e9. Celles, num\u00e9riques, du scrolling vertical et du trac\u00e9 tactile, mais aussi celles du calendrier, de l&#8217;ardoise ou du carnet de croquis. \u00bb.<br \/>\nHugo Pernet<\/p>\n","protected":false},"excerpt":{"rendered":"<p>Une s\u00e9rie de dessins r\u00e9alis\u00e9s sur tablette num\u00e9rique offrant une entr\u00e9e par le d\u00e9tail dans l&#8217;univers \u00e9largi de la peinture d&#8217;Hugo Pernet. Vie nouvelle se pr\u00e9sente comme un objet interm\u00e9diaire entre le livre d&#8217;artiste et la tablette num\u00e9rique sur laquelle ces dessins ont \u00e9t\u00e9 r\u00e9alis\u00e9s. Publi\u00e9 sans ajout de texte, dans une forme inspir\u00e9e du [&hellip;]<\/p>\n","protected":false},"featured_media":34217,"template":"","meta":[],"product_cat":[2948,2953],"product_tag":[],"acf":[],"yoast_head":"<!-- This site is optimized with the Yoast SEO plugin v20.11 - https:\/\/yoast.com\/wordpress\/plugins\/seo\/ -->\n<title>VIE NOUVELLE - Librairie 7L<\/title>\n<meta name=\"robots\" content=\"index, follow, max-snippet:-1, max-image-preview:large, max-video-preview:-1\" \/>\n<link rel=\"canonical\" href=\"https:\/\/librairie7l.com\/en\/produit\/vie-nouvelle\/\" \/>\n<meta property=\"og:locale\" content=\"en_US\" \/>\n<meta property=\"og:type\" content=\"article\" \/>\n<meta property=\"og:title\" content=\"VIE NOUVELLE - Librairie 7L\" \/>\n<meta property=\"og:description\" content=\"Une s\u00e9rie de dessins r\u00e9alis\u00e9s sur tablette num\u00e9rique offrant une entr\u00e9e par le d\u00e9tail dans l&#8217;univers \u00e9largi de la peinture d&#8217;Hugo Pernet. Vie nouvelle se pr\u00e9sente comme un objet interm\u00e9diaire entre le livre d&#8217;artiste et la tablette num\u00e9rique sur laquelle ces dessins ont \u00e9t\u00e9 r\u00e9alis\u00e9s. Publi\u00e9 sans ajout de texte, dans une forme inspir\u00e9e du [&hellip;]\" \/>\n<meta property=\"og:url\" content=\"https:\/\/librairie7l.com\/en\/produit\/vie-nouvelle\/\" \/>\n<meta property=\"og:site_name\" content=\"Librairie 7L\" \/>\n<meta property=\"article:modified_time\" content=\"2026-04-17T03:03:20+00:00\" \/>\n<meta property=\"og:image\" content=\"https:\/\/librairie7l.com\/wp-content\/uploads\/2022\/02\/9782913994010_1_75.jpg\" \/>\n\t<meta property=\"og:image:width\" content=\"600\" \/>\n\t<meta property=\"og:image:height\" content=\"791\" \/>\n\t<meta property=\"og:image:type\" content=\"image\/jpeg\" \/>\n<meta name=\"twitter:card\" content=\"summary_large_image\" \/>\n<meta name=\"twitter:label1\" content=\"Est. reading time\" \/>\n\t<meta name=\"twitter:data1\" content=\"2 minutes\" \/>\n<script type=\"application\/ld+json\" class=\"yoast-schema-graph\">{\"@context\":\"https:\/\/schema.org\",\"@graph\":[{\"@type\":\"WebPage\",\"@id\":\"https:\/\/librairie7l.com\/en\/produit\/vie-nouvelle\/\",\"url\":\"https:\/\/librairie7l.com\/en\/produit\/vie-nouvelle\/\",\"name\":\"VIE NOUVELLE - Librairie 7L\",\"isPartOf\":{\"@id\":\"https:\/\/librairie7l.com\/en\/#website\"},\"datePublished\":\"2023-09-19T15:00:58+00:00\",\"dateModified\":\"2026-04-17T03:03:20+00:00\",\"breadcrumb\":{\"@id\":\"https:\/\/librairie7l.com\/en\/produit\/vie-nouvelle\/#breadcrumb\"},\"inLanguage\":\"en-US\",\"potentialAction\":[{\"@type\":\"ReadAction\",\"target\":[\"https:\/\/librairie7l.com\/en\/produit\/vie-nouvelle\/\"]}]},{\"@type\":\"BreadcrumbList\",\"@id\":\"https:\/\/librairie7l.com\/en\/produit\/vie-nouvelle\/#breadcrumb\",\"itemListElement\":[{\"@type\":\"ListItem\",\"position\":1,\"name\":\"Accueil\",\"item\":\"https:\/\/librairie7l.com\/en\/\"},{\"@type\":\"ListItem\",\"position\":2,\"name\":\"Shop\",\"item\":\"https:\/\/librairie7l.com\/en\/shop\/\"},{\"@type\":\"ListItem\",\"position\":3,\"name\":\"VIE NOUVELLE\"}]},{\"@type\":\"WebSite\",\"@id\":\"https:\/\/librairie7l.com\/en\/#website\",\"url\":\"https:\/\/librairie7l.com\/en\/\",\"name\":\"Librairie 7L\",\"description\":\"Librairie fond\u00e9e en 1999 par Karl Lagerfeld \u00e0 Paris\",\"publisher\":{\"@id\":\"https:\/\/librairie7l.com\/en\/#organization\"},\"potentialAction\":[{\"@type\":\"SearchAction\",\"target\":{\"@type\":\"EntryPoint\",\"urlTemplate\":\"https:\/\/librairie7l.com\/en\/?s={search_term_string}\"},\"query-input\":\"required name=search_term_string\"}],\"inLanguage\":\"en-US\"},{\"@type\":\"Organization\",\"@id\":\"https:\/\/librairie7l.com\/en\/#organization\",\"name\":\"Librairie 7L\",\"url\":\"https:\/\/librairie7l.com\/en\/\",\"logo\":{\"@type\":\"ImageObject\",\"inLanguage\":\"en-US\",\"@id\":\"https:\/\/librairie7l.com\/en\/#\/schema\/logo\/image\/\",\"url\":\"https:\/\/librairie7l.com\/wp-content\/uploads\/2022\/08\/logo-1.png\",\"contentUrl\":\"https:\/\/librairie7l.com\/wp-content\/uploads\/2022\/08\/logo-1.png\",\"width\":227,\"height\":301,\"caption\":\"Librairie 7L\"},\"image\":{\"@id\":\"https:\/\/librairie7l.com\/en\/#\/schema\/logo\/image\/\"}}]}<\/script>\n<!-- \/ Yoast SEO plugin. -->","yoast_head_json":{"title":"VIE NOUVELLE - Librairie 7L","robots":{"index":"index","follow":"follow","max-snippet":"max-snippet:-1","max-image-preview":"max-image-preview:large","max-video-preview":"max-video-preview:-1"},"canonical":"https:\/\/librairie7l.com\/en\/produit\/vie-nouvelle\/","og_locale":"en_US","og_type":"article","og_title":"VIE NOUVELLE - Librairie 7L","og_description":"Une s\u00e9rie de dessins r\u00e9alis\u00e9s sur tablette num\u00e9rique offrant une entr\u00e9e par le d\u00e9tail dans l&#8217;univers \u00e9largi de la peinture d&#8217;Hugo Pernet. Vie nouvelle se pr\u00e9sente comme un objet interm\u00e9diaire entre le livre d&#8217;artiste et la tablette num\u00e9rique sur laquelle ces dessins ont \u00e9t\u00e9 r\u00e9alis\u00e9s. Publi\u00e9 sans ajout de texte, dans une forme inspir\u00e9e du [&hellip;]","og_url":"https:\/\/librairie7l.com\/en\/produit\/vie-nouvelle\/","og_site_name":"Librairie 7L","article_modified_time":"2026-04-17T03:03:20+00:00","og_image":[{"width":600,"height":791,"url":"https:\/\/librairie7l.com\/wp-content\/uploads\/2022\/02\/9782913994010_1_75.jpg","type":"image\/jpeg"}],"twitter_card":"summary_large_image","twitter_misc":{"Est. reading time":"2 minutes"},"schema":{"@context":"https:\/\/schema.org","@graph":[{"@type":"WebPage","@id":"https:\/\/librairie7l.com\/en\/produit\/vie-nouvelle\/","url":"https:\/\/librairie7l.com\/en\/produit\/vie-nouvelle\/","name":"VIE NOUVELLE - Librairie 7L","isPartOf":{"@id":"https:\/\/librairie7l.com\/en\/#website"},"datePublished":"2023-09-19T15:00:58+00:00","dateModified":"2026-04-17T03:03:20+00:00","breadcrumb":{"@id":"https:\/\/librairie7l.com\/en\/produit\/vie-nouvelle\/#breadcrumb"},"inLanguage":"en-US","potentialAction":[{"@type":"ReadAction","target":["https:\/\/librairie7l.com\/en\/produit\/vie-nouvelle\/"]}]},{"@type":"BreadcrumbList","@id":"https:\/\/librairie7l.com\/en\/produit\/vie-nouvelle\/#breadcrumb","itemListElement":[{"@type":"ListItem","position":1,"name":"Accueil","item":"https:\/\/librairie7l.com\/en\/"},{"@type":"ListItem","position":2,"name":"Shop","item":"https:\/\/librairie7l.com\/en\/shop\/"},{"@type":"ListItem","position":3,"name":"VIE NOUVELLE"}]},{"@type":"WebSite","@id":"https:\/\/librairie7l.com\/en\/#website","url":"https:\/\/librairie7l.com\/en\/","name":"Librairie 7L","description":"Librairie fond\u00e9e en 1999 par Karl Lagerfeld \u00e0 Paris","publisher":{"@id":"https:\/\/librairie7l.com\/en\/#organization"},"potentialAction":[{"@type":"SearchAction","target":{"@type":"EntryPoint","urlTemplate":"https:\/\/librairie7l.com\/en\/?s={search_term_string}"},"query-input":"required name=search_term_string"}],"inLanguage":"en-US"},{"@type":"Organization","@id":"https:\/\/librairie7l.com\/en\/#organization","name":"Librairie 7L","url":"https:\/\/librairie7l.com\/en\/","logo":{"@type":"ImageObject","inLanguage":"en-US","@id":"https:\/\/librairie7l.com\/en\/#\/schema\/logo\/image\/","url":"https:\/\/librairie7l.com\/wp-content\/uploads\/2022\/08\/logo-1.png","contentUrl":"https:\/\/librairie7l.com\/wp-content\/uploads\/2022\/08\/logo-1.png","width":227,"height":301,"caption":"Librairie 7L"},"image":{"@id":"https:\/\/librairie7l.com\/en\/#\/schema\/logo\/image\/"}}]}},"_links":{"self":[{"href":"https:\/\/librairie7l.com\/en\/wp-json\/wp\/v2\/product\/34219"}],"collection":[{"href":"https:\/\/librairie7l.com\/en\/wp-json\/wp\/v2\/product"}],"about":[{"href":"https:\/\/librairie7l.com\/en\/wp-json\/wp\/v2\/types\/product"}],"wp:featuredmedia":[{"embeddable":true,"href":"https:\/\/librairie7l.com\/en\/wp-json\/wp\/v2\/media\/34217"}],"wp:attachment":[{"href":"https:\/\/librairie7l.com\/en\/wp-json\/wp\/v2\/media?parent=34219"}],"wp:term":[{"taxonomy":"product_cat","embeddable":true,"href":"https:\/\/librairie7l.com\/en\/wp-json\/wp\/v2\/product_cat?post=34219"},{"taxonomy":"product_tag","embeddable":true,"href":"https:\/\/librairie7l.com\/en\/wp-json\/wp\/v2\/product_tag?post=34219"}],"curies":[{"name":"wp","href":"https:\/\/api.w.org\/{rel}","templated":true}]}}