{"id":34229,"date":"2023-09-19T17:03:57","date_gmt":"2023-09-19T15:03:57","guid":{"rendered":"https:\/\/librairie7l.com\/?post_type=product&#038;p=34229"},"modified":"2026-04-09T03:39:55","modified_gmt":"2026-04-09T01:39:55","slug":"a-search-for-the-universal-the-axel-may-vervoordt-foundation","status":"publish","type":"product","link":"https:\/\/librairie7l.com\/en\/produit\/a-search-for-the-universal-the-axel-may-vervoordt-foundation\/","title":{"rendered":"A SEARCH FOR THE UNIVERSAL : THE AXEL &AMP; MAY VERVOORDT FOUNDATION"},"content":{"rendered":"<p>Ouvrage d\u00e9di\u00e9 \u00e0 la Axel &amp; May Vervoordt Foundation, une collection d&#8217;art belge qui rassemble plus de 700 oeuvres d&#8217;art d&#8217;artistes contemporains (Jef Verheyen, Anish Kapoor, Angel Vergara, etc.) ainsi que des objets et des oeuvres d&#8217;art ancien.<br \/>\nLa collection d&#8217;Axel et de May Vervoordt comprend quelque 750 oeuvres, couvrant des g\u00e9ographies et des p\u00e9riodes diff\u00e9rentes, allant de l&#8217;arch\u00e9ologie \u00e0 l&#8217;art le plus contemporain. Leur int\u00e9r\u00eat pour les questions relatives \u00e0 l&#8217;espace, au temps et aux concepts du vide est \u00e0 la base d&#8217;une collection qui est n\u00e9e d&#8217;une curiosit\u00e9 intuitive et d&#8217;une proximit\u00e9 particuli\u00e8re avec des artistes depuis les ann\u00e9es 1970. Une s\u00e9rie d&#8217;expositions organis\u00e9es au Palazzo Fortuny de Venise de 2007 \u00e0 2017 a permis \u00e0 leur d\u00e9marche d&#8217;acqu\u00e9rir une visibilit\u00e9 et une reconnaissance internationales.<br \/>\nOeuvres de Marina Abramovic, Ida Barbarigo, Miguel Berrocal, Lanceloot Blondeel, Otto Boll, Micha\u00ebl Borremans, Lucia Bru, Markus Brunetti, Peter Buggenhout, Shen Chen, Kwon Dae-Sup, Berlinde De Bruyckere, Maerten de Vos, Jan Dries, Lucio Fontana, Raimund Girke, Gotthard Graubner, Cai Guo-Qiang, Sadaharu Horio, Norio Imai, Yuichi Inoue, Tan&#8217;yu Kano, Anish Kapoor, Kimsooja, Harry Mikael Kivij\u00e4rvi, Le Corbusier, Heinz Mack, Tsuyoshi Maekawa, Masatoshi Masanobu, Christian Megert, Tatsuo Miyajima, Michel Mouffe, Sadamasa Motonaga, Saburo Murakami, Zoran Mu\u0161ic, Yuko Nasaka, Renato Nicolodi, Jarom\u00edr Novotn\u00fd, Kimiko Ohara, Roman Opalka, Otto Piene, Frans Pourbus II, Kurt Ralske, Doris Salcedo, Joseph Schippers, Park Seo-Bo, Conrad Shawcross, Fujiko Shiraga, Shozo Shimamoto, Dominique Stroobant, Bosco Sodi, Horinouchi Sokan, Dominique Stroobant, Takis, Ryuji Tanaka, Antoni T\u00e0pies, James Turrell, G\u00fcnther Uecker, Chiyu Uemae, Angel Vergara, Jef Verheyen, Tsuruko Yamazaki, Chen Xianzhang&#8230;<\/p>\n","protected":false},"excerpt":{"rendered":"<p>Ouvrage d\u00e9di\u00e9 \u00e0 la Axel &amp; May Vervoordt Foundation, une collection d&#8217;art belge qui rassemble plus de 700 oeuvres d&#8217;art d&#8217;artistes contemporains (Jef Verheyen, Anish Kapoor, Angel Vergara, etc.) ainsi que des objets et des oeuvres d&#8217;art ancien. La collection d&#8217;Axel et de May Vervoordt comprend quelque 750 oeuvres, couvrant des g\u00e9ographies et des p\u00e9riodes [&hellip;]<\/p>\n","protected":false},"featured_media":34227,"template":"","meta":[],"product_cat":[2948,2951],"product_tag":[],"acf":[],"yoast_head":"<!-- This site is optimized with the Yoast SEO plugin v20.11 - https:\/\/yoast.com\/wordpress\/plugins\/seo\/ -->\n<title>A SEARCH FOR THE UNIVERSAL : THE AXEL &amp; MAY VERVOORDT FOUNDATION - Librairie 7L<\/title>\n<meta name=\"robots\" content=\"index, follow, max-snippet:-1, max-image-preview:large, max-video-preview:-1\" \/>\n<link rel=\"canonical\" href=\"https:\/\/librairie7l.com\/en\/produit\/a-search-for-the-universal-the-axel-may-vervoordt-foundation\/\" \/>\n<meta property=\"og:locale\" content=\"en_US\" \/>\n<meta property=\"og:type\" content=\"article\" \/>\n<meta property=\"og:title\" content=\"A SEARCH FOR THE UNIVERSAL : THE AXEL &amp; MAY VERVOORDT FOUNDATION - Librairie 7L\" \/>\n<meta property=\"og:description\" content=\"Ouvrage d\u00e9di\u00e9 \u00e0 la Axel &amp; May Vervoordt Foundation, une collection d&#8217;art belge qui rassemble plus de 700 oeuvres d&#8217;art d&#8217;artistes contemporains (Jef Verheyen, Anish Kapoor, Angel Vergara, etc.) ainsi que des objets et des oeuvres d&#8217;art ancien. La collection d&#8217;Axel et de May Vervoordt comprend quelque 750 oeuvres, couvrant des g\u00e9ographies et des p\u00e9riodes [&hellip;]\" \/>\n<meta property=\"og:url\" content=\"https:\/\/librairie7l.com\/en\/produit\/a-search-for-the-universal-the-axel-may-vervoordt-foundation\/\" \/>\n<meta property=\"og:site_name\" content=\"Librairie 7L\" \/>\n<meta property=\"article:modified_time\" content=\"2026-04-09T01:39:55+00:00\" \/>\n<meta property=\"og:image\" content=\"https:\/\/librairie7l.com\/wp-content\/uploads\/2023\/06\/9789464759600_1_75.jpg\" \/>\n\t<meta property=\"og:image:width\" content=\"600\" \/>\n\t<meta property=\"og:image:height\" content=\"608\" \/>\n\t<meta property=\"og:image:type\" content=\"image\/jpeg\" \/>\n<meta name=\"twitter:card\" content=\"summary_large_image\" \/>\n<meta name=\"twitter:label1\" content=\"Est. reading time\" \/>\n\t<meta name=\"twitter:data1\" content=\"1 minute\" \/>\n<script type=\"application\/ld+json\" class=\"yoast-schema-graph\">{\"@context\":\"https:\/\/schema.org\",\"@graph\":[{\"@type\":\"WebPage\",\"@id\":\"https:\/\/librairie7l.com\/en\/produit\/a-search-for-the-universal-the-axel-may-vervoordt-foundation\/\",\"url\":\"https:\/\/librairie7l.com\/en\/produit\/a-search-for-the-universal-the-axel-may-vervoordt-foundation\/\",\"name\":\"A SEARCH FOR THE UNIVERSAL : THE AXEL &amp; MAY VERVOORDT FOUNDATION - Librairie 7L\",\"isPartOf\":{\"@id\":\"https:\/\/librairie7l.com\/en\/#website\"},\"datePublished\":\"2023-09-19T15:03:57+00:00\",\"dateModified\":\"2026-04-09T01:39:55+00:00\",\"breadcrumb\":{\"@id\":\"https:\/\/librairie7l.com\/en\/produit\/a-search-for-the-universal-the-axel-may-vervoordt-foundation\/#breadcrumb\"},\"inLanguage\":\"en-US\",\"potentialAction\":[{\"@type\":\"ReadAction\",\"target\":[\"https:\/\/librairie7l.com\/en\/produit\/a-search-for-the-universal-the-axel-may-vervoordt-foundation\/\"]}]},{\"@type\":\"BreadcrumbList\",\"@id\":\"https:\/\/librairie7l.com\/en\/produit\/a-search-for-the-universal-the-axel-may-vervoordt-foundation\/#breadcrumb\",\"itemListElement\":[{\"@type\":\"ListItem\",\"position\":1,\"name\":\"Accueil\",\"item\":\"https:\/\/librairie7l.com\/en\/\"},{\"@type\":\"ListItem\",\"position\":2,\"name\":\"Shop\",\"item\":\"https:\/\/librairie7l.com\/en\/shop\/\"},{\"@type\":\"ListItem\",\"position\":3,\"name\":\"A SEARCH FOR THE UNIVERSAL : THE AXEL &AMP; MAY VERVOORDT FOUNDATION\"}]},{\"@type\":\"WebSite\",\"@id\":\"https:\/\/librairie7l.com\/en\/#website\",\"url\":\"https:\/\/librairie7l.com\/en\/\",\"name\":\"Librairie 7L\",\"description\":\"Librairie fond\u00e9e en 1999 par Karl Lagerfeld \u00e0 Paris\",\"publisher\":{\"@id\":\"https:\/\/librairie7l.com\/en\/#organization\"},\"potentialAction\":[{\"@type\":\"SearchAction\",\"target\":{\"@type\":\"EntryPoint\",\"urlTemplate\":\"https:\/\/librairie7l.com\/en\/?s={search_term_string}\"},\"query-input\":\"required name=search_term_string\"}],\"inLanguage\":\"en-US\"},{\"@type\":\"Organization\",\"@id\":\"https:\/\/librairie7l.com\/en\/#organization\",\"name\":\"Librairie 7L\",\"url\":\"https:\/\/librairie7l.com\/en\/\",\"logo\":{\"@type\":\"ImageObject\",\"inLanguage\":\"en-US\",\"@id\":\"https:\/\/librairie7l.com\/en\/#\/schema\/logo\/image\/\",\"url\":\"https:\/\/librairie7l.com\/wp-content\/uploads\/2022\/08\/logo-1.png\",\"contentUrl\":\"https:\/\/librairie7l.com\/wp-content\/uploads\/2022\/08\/logo-1.png\",\"width\":227,\"height\":301,\"caption\":\"Librairie 7L\"},\"image\":{\"@id\":\"https:\/\/librairie7l.com\/en\/#\/schema\/logo\/image\/\"}}]}<\/script>\n<!-- \/ Yoast SEO plugin. -->","yoast_head_json":{"title":"A SEARCH FOR THE UNIVERSAL : THE AXEL &amp; MAY VERVOORDT FOUNDATION - Librairie 7L","robots":{"index":"index","follow":"follow","max-snippet":"max-snippet:-1","max-image-preview":"max-image-preview:large","max-video-preview":"max-video-preview:-1"},"canonical":"https:\/\/librairie7l.com\/en\/produit\/a-search-for-the-universal-the-axel-may-vervoordt-foundation\/","og_locale":"en_US","og_type":"article","og_title":"A SEARCH FOR THE UNIVERSAL : THE AXEL &amp; MAY VERVOORDT FOUNDATION - Librairie 7L","og_description":"Ouvrage d\u00e9di\u00e9 \u00e0 la Axel &amp; May Vervoordt Foundation, une collection d&#8217;art belge qui rassemble plus de 700 oeuvres d&#8217;art d&#8217;artistes contemporains (Jef Verheyen, Anish Kapoor, Angel Vergara, etc.) ainsi que des objets et des oeuvres d&#8217;art ancien. La collection d&#8217;Axel et de May Vervoordt comprend quelque 750 oeuvres, couvrant des g\u00e9ographies et des p\u00e9riodes [&hellip;]","og_url":"https:\/\/librairie7l.com\/en\/produit\/a-search-for-the-universal-the-axel-may-vervoordt-foundation\/","og_site_name":"Librairie 7L","article_modified_time":"2026-04-09T01:39:55+00:00","og_image":[{"width":600,"height":608,"url":"https:\/\/librairie7l.com\/wp-content\/uploads\/2023\/06\/9789464759600_1_75.jpg","type":"image\/jpeg"}],"twitter_card":"summary_large_image","twitter_misc":{"Est. reading time":"1 minute"},"schema":{"@context":"https:\/\/schema.org","@graph":[{"@type":"WebPage","@id":"https:\/\/librairie7l.com\/en\/produit\/a-search-for-the-universal-the-axel-may-vervoordt-foundation\/","url":"https:\/\/librairie7l.com\/en\/produit\/a-search-for-the-universal-the-axel-may-vervoordt-foundation\/","name":"A SEARCH FOR THE UNIVERSAL : THE AXEL &amp; MAY VERVOORDT FOUNDATION - Librairie 7L","isPartOf":{"@id":"https:\/\/librairie7l.com\/en\/#website"},"datePublished":"2023-09-19T15:03:57+00:00","dateModified":"2026-04-09T01:39:55+00:00","breadcrumb":{"@id":"https:\/\/librairie7l.com\/en\/produit\/a-search-for-the-universal-the-axel-may-vervoordt-foundation\/#breadcrumb"},"inLanguage":"en-US","potentialAction":[{"@type":"ReadAction","target":["https:\/\/librairie7l.com\/en\/produit\/a-search-for-the-universal-the-axel-may-vervoordt-foundation\/"]}]},{"@type":"BreadcrumbList","@id":"https:\/\/librairie7l.com\/en\/produit\/a-search-for-the-universal-the-axel-may-vervoordt-foundation\/#breadcrumb","itemListElement":[{"@type":"ListItem","position":1,"name":"Accueil","item":"https:\/\/librairie7l.com\/en\/"},{"@type":"ListItem","position":2,"name":"Shop","item":"https:\/\/librairie7l.com\/en\/shop\/"},{"@type":"ListItem","position":3,"name":"A SEARCH FOR THE UNIVERSAL : THE AXEL &AMP; MAY VERVOORDT FOUNDATION"}]},{"@type":"WebSite","@id":"https:\/\/librairie7l.com\/en\/#website","url":"https:\/\/librairie7l.com\/en\/","name":"Librairie 7L","description":"Librairie fond\u00e9e en 1999 par Karl Lagerfeld \u00e0 Paris","publisher":{"@id":"https:\/\/librairie7l.com\/en\/#organization"},"potentialAction":[{"@type":"SearchAction","target":{"@type":"EntryPoint","urlTemplate":"https:\/\/librairie7l.com\/en\/?s={search_term_string}"},"query-input":"required name=search_term_string"}],"inLanguage":"en-US"},{"@type":"Organization","@id":"https:\/\/librairie7l.com\/en\/#organization","name":"Librairie 7L","url":"https:\/\/librairie7l.com\/en\/","logo":{"@type":"ImageObject","inLanguage":"en-US","@id":"https:\/\/librairie7l.com\/en\/#\/schema\/logo\/image\/","url":"https:\/\/librairie7l.com\/wp-content\/uploads\/2022\/08\/logo-1.png","contentUrl":"https:\/\/librairie7l.com\/wp-content\/uploads\/2022\/08\/logo-1.png","width":227,"height":301,"caption":"Librairie 7L"},"image":{"@id":"https:\/\/librairie7l.com\/en\/#\/schema\/logo\/image\/"}}]}},"_links":{"self":[{"href":"https:\/\/librairie7l.com\/en\/wp-json\/wp\/v2\/product\/34229"}],"collection":[{"href":"https:\/\/librairie7l.com\/en\/wp-json\/wp\/v2\/product"}],"about":[{"href":"https:\/\/librairie7l.com\/en\/wp-json\/wp\/v2\/types\/product"}],"wp:featuredmedia":[{"embeddable":true,"href":"https:\/\/librairie7l.com\/en\/wp-json\/wp\/v2\/media\/34227"}],"wp:attachment":[{"href":"https:\/\/librairie7l.com\/en\/wp-json\/wp\/v2\/media?parent=34229"}],"wp:term":[{"taxonomy":"product_cat","embeddable":true,"href":"https:\/\/librairie7l.com\/en\/wp-json\/wp\/v2\/product_cat?post=34229"},{"taxonomy":"product_tag","embeddable":true,"href":"https:\/\/librairie7l.com\/en\/wp-json\/wp\/v2\/product_tag?post=34229"}],"curies":[{"name":"wp","href":"https:\/\/api.w.org\/{rel}","templated":true}]}}