{"id":34263,"date":"2023-09-19T17:11:05","date_gmt":"2023-09-19T15:11:05","guid":{"rendered":"https:\/\/librairie7l.com\/?post_type=product&#038;p=34263"},"modified":"2026-04-05T01:08:43","modified_gmt":"2026-04-04T23:08:43","slug":"sporting-fashion-outdoor-girls-1800-to-1960","status":"publish","type":"product","link":"https:\/\/librairie7l.com\/en\/produit\/sporting-fashion-outdoor-girls-1800-to-1960\/","title":{"rendered":"SPORTING FASHION OUTDOOR GIRLS 1800 TO 1960"},"content":{"rendered":"<p>Une histoire en images de la mode pens\u00e9e pour les activit\u00e9s f\u00e9minines en extr\u00e9ieur du d\u00e9but du XIXe si\u00e8cle aux ann\u00e9es 60. Accompagn\u00e9es d&#8217;images d&#8217;archives, toutes ces silhouettes pr\u00e9sent\u00e9es sur des mannequins aux postures sportives nous font d\u00e9couvrir l&#8217;escalade en robe, les tenues pour le patin \u00e0 glace ou \u00e0 roulette, le pique-nique, le golf et de nombreuses autres activit\u00e9s parfois dr\u00f4les et inattendues. On y retrouve des v\u00eatements de marques comme Keds, Pendleton ou Spalding et parfois con\u00e7us par Coco Chanel, Claire McCardell et Jean Patou parmi d&#8217;autres.<\/p>\n","protected":false},"excerpt":{"rendered":"<p>Une histoire en images de la mode pens\u00e9e pour les activit\u00e9s f\u00e9minines en extr\u00e9ieur du d\u00e9but du XIXe si\u00e8cle aux ann\u00e9es 60. Accompagn\u00e9es d&#8217;images d&#8217;archives, toutes ces silhouettes pr\u00e9sent\u00e9es sur des mannequins aux postures sportives nous font d\u00e9couvrir l&#8217;escalade en robe, les tenues pour le patin \u00e0 glace ou \u00e0 roulette, le pique-nique, le golf [&hellip;]<\/p>\n","protected":false},"featured_media":34261,"template":"","meta":[],"product_cat":[2948,2957],"product_tag":[],"acf":[],"yoast_head":"<!-- This site is optimized with the Yoast SEO plugin v20.11 - https:\/\/yoast.com\/wordpress\/plugins\/seo\/ -->\n<title>SPORTING FASHION OUTDOOR GIRLS 1800 TO 1960 - Librairie 7L<\/title>\n<meta name=\"robots\" content=\"index, follow, max-snippet:-1, max-image-preview:large, max-video-preview:-1\" \/>\n<link rel=\"canonical\" href=\"https:\/\/librairie7l.com\/en\/produit\/sporting-fashion-outdoor-girls-1800-to-1960\/\" \/>\n<meta property=\"og:locale\" content=\"en_US\" \/>\n<meta property=\"og:type\" content=\"article\" \/>\n<meta property=\"og:title\" content=\"SPORTING FASHION OUTDOOR GIRLS 1800 TO 1960 - Librairie 7L\" \/>\n<meta property=\"og:description\" content=\"Une histoire en images de la mode pens\u00e9e pour les activit\u00e9s f\u00e9minines en extr\u00e9ieur du d\u00e9but du XIXe si\u00e8cle aux ann\u00e9es 60. Accompagn\u00e9es d&#8217;images d&#8217;archives, toutes ces silhouettes pr\u00e9sent\u00e9es sur des mannequins aux postures sportives nous font d\u00e9couvrir l&#8217;escalade en robe, les tenues pour le patin \u00e0 glace ou \u00e0 roulette, le pique-nique, le golf [&hellip;]\" \/>\n<meta property=\"og:url\" content=\"https:\/\/librairie7l.com\/en\/produit\/sporting-fashion-outdoor-girls-1800-to-1960\/\" \/>\n<meta property=\"og:site_name\" content=\"Librairie 7L\" \/>\n<meta property=\"article:modified_time\" content=\"2026-04-04T23:08:43+00:00\" \/>\n<meta property=\"og:image\" content=\"https:\/\/librairie7l.com\/wp-content\/uploads\/2020\/01\/9783791359434_1_75.jpg\" \/>\n\t<meta property=\"og:image:width\" content=\"600\" \/>\n\t<meta property=\"og:image:height\" content=\"768\" \/>\n\t<meta property=\"og:image:type\" content=\"image\/jpeg\" \/>\n<meta name=\"twitter:card\" content=\"summary_large_image\" \/>\n<meta name=\"twitter:label1\" content=\"Est. reading time\" \/>\n\t<meta name=\"twitter:data1\" content=\"1 minute\" \/>\n<script type=\"application\/ld+json\" class=\"yoast-schema-graph\">{\"@context\":\"https:\/\/schema.org\",\"@graph\":[{\"@type\":\"WebPage\",\"@id\":\"https:\/\/librairie7l.com\/en\/produit\/sporting-fashion-outdoor-girls-1800-to-1960\/\",\"url\":\"https:\/\/librairie7l.com\/en\/produit\/sporting-fashion-outdoor-girls-1800-to-1960\/\",\"name\":\"SPORTING FASHION OUTDOOR GIRLS 1800 TO 1960 - Librairie 7L\",\"isPartOf\":{\"@id\":\"https:\/\/librairie7l.com\/en\/#website\"},\"datePublished\":\"2023-09-19T15:11:05+00:00\",\"dateModified\":\"2026-04-04T23:08:43+00:00\",\"breadcrumb\":{\"@id\":\"https:\/\/librairie7l.com\/en\/produit\/sporting-fashion-outdoor-girls-1800-to-1960\/#breadcrumb\"},\"inLanguage\":\"en-US\",\"potentialAction\":[{\"@type\":\"ReadAction\",\"target\":[\"https:\/\/librairie7l.com\/en\/produit\/sporting-fashion-outdoor-girls-1800-to-1960\/\"]}]},{\"@type\":\"BreadcrumbList\",\"@id\":\"https:\/\/librairie7l.com\/en\/produit\/sporting-fashion-outdoor-girls-1800-to-1960\/#breadcrumb\",\"itemListElement\":[{\"@type\":\"ListItem\",\"position\":1,\"name\":\"Accueil\",\"item\":\"https:\/\/librairie7l.com\/en\/\"},{\"@type\":\"ListItem\",\"position\":2,\"name\":\"Shop\",\"item\":\"https:\/\/librairie7l.com\/en\/shop\/\"},{\"@type\":\"ListItem\",\"position\":3,\"name\":\"SPORTING FASHION OUTDOOR GIRLS 1800 TO 1960\"}]},{\"@type\":\"WebSite\",\"@id\":\"https:\/\/librairie7l.com\/en\/#website\",\"url\":\"https:\/\/librairie7l.com\/en\/\",\"name\":\"Librairie 7L\",\"description\":\"Librairie fond\u00e9e en 1999 par Karl Lagerfeld \u00e0 Paris\",\"publisher\":{\"@id\":\"https:\/\/librairie7l.com\/en\/#organization\"},\"potentialAction\":[{\"@type\":\"SearchAction\",\"target\":{\"@type\":\"EntryPoint\",\"urlTemplate\":\"https:\/\/librairie7l.com\/en\/?s={search_term_string}\"},\"query-input\":\"required name=search_term_string\"}],\"inLanguage\":\"en-US\"},{\"@type\":\"Organization\",\"@id\":\"https:\/\/librairie7l.com\/en\/#organization\",\"name\":\"Librairie 7L\",\"url\":\"https:\/\/librairie7l.com\/en\/\",\"logo\":{\"@type\":\"ImageObject\",\"inLanguage\":\"en-US\",\"@id\":\"https:\/\/librairie7l.com\/en\/#\/schema\/logo\/image\/\",\"url\":\"https:\/\/librairie7l.com\/wp-content\/uploads\/2022\/08\/logo-1.png\",\"contentUrl\":\"https:\/\/librairie7l.com\/wp-content\/uploads\/2022\/08\/logo-1.png\",\"width\":227,\"height\":301,\"caption\":\"Librairie 7L\"},\"image\":{\"@id\":\"https:\/\/librairie7l.com\/en\/#\/schema\/logo\/image\/\"}}]}<\/script>\n<!-- \/ Yoast SEO plugin. -->","yoast_head_json":{"title":"SPORTING FASHION OUTDOOR GIRLS 1800 TO 1960 - Librairie 7L","robots":{"index":"index","follow":"follow","max-snippet":"max-snippet:-1","max-image-preview":"max-image-preview:large","max-video-preview":"max-video-preview:-1"},"canonical":"https:\/\/librairie7l.com\/en\/produit\/sporting-fashion-outdoor-girls-1800-to-1960\/","og_locale":"en_US","og_type":"article","og_title":"SPORTING FASHION OUTDOOR GIRLS 1800 TO 1960 - Librairie 7L","og_description":"Une histoire en images de la mode pens\u00e9e pour les activit\u00e9s f\u00e9minines en extr\u00e9ieur du d\u00e9but du XIXe si\u00e8cle aux ann\u00e9es 60. Accompagn\u00e9es d&#8217;images d&#8217;archives, toutes ces silhouettes pr\u00e9sent\u00e9es sur des mannequins aux postures sportives nous font d\u00e9couvrir l&#8217;escalade en robe, les tenues pour le patin \u00e0 glace ou \u00e0 roulette, le pique-nique, le golf [&hellip;]","og_url":"https:\/\/librairie7l.com\/en\/produit\/sporting-fashion-outdoor-girls-1800-to-1960\/","og_site_name":"Librairie 7L","article_modified_time":"2026-04-04T23:08:43+00:00","og_image":[{"width":600,"height":768,"url":"https:\/\/librairie7l.com\/wp-content\/uploads\/2020\/01\/9783791359434_1_75.jpg","type":"image\/jpeg"}],"twitter_card":"summary_large_image","twitter_misc":{"Est. reading time":"1 minute"},"schema":{"@context":"https:\/\/schema.org","@graph":[{"@type":"WebPage","@id":"https:\/\/librairie7l.com\/en\/produit\/sporting-fashion-outdoor-girls-1800-to-1960\/","url":"https:\/\/librairie7l.com\/en\/produit\/sporting-fashion-outdoor-girls-1800-to-1960\/","name":"SPORTING FASHION OUTDOOR GIRLS 1800 TO 1960 - Librairie 7L","isPartOf":{"@id":"https:\/\/librairie7l.com\/en\/#website"},"datePublished":"2023-09-19T15:11:05+00:00","dateModified":"2026-04-04T23:08:43+00:00","breadcrumb":{"@id":"https:\/\/librairie7l.com\/en\/produit\/sporting-fashion-outdoor-girls-1800-to-1960\/#breadcrumb"},"inLanguage":"en-US","potentialAction":[{"@type":"ReadAction","target":["https:\/\/librairie7l.com\/en\/produit\/sporting-fashion-outdoor-girls-1800-to-1960\/"]}]},{"@type":"BreadcrumbList","@id":"https:\/\/librairie7l.com\/en\/produit\/sporting-fashion-outdoor-girls-1800-to-1960\/#breadcrumb","itemListElement":[{"@type":"ListItem","position":1,"name":"Accueil","item":"https:\/\/librairie7l.com\/en\/"},{"@type":"ListItem","position":2,"name":"Shop","item":"https:\/\/librairie7l.com\/en\/shop\/"},{"@type":"ListItem","position":3,"name":"SPORTING FASHION OUTDOOR GIRLS 1800 TO 1960"}]},{"@type":"WebSite","@id":"https:\/\/librairie7l.com\/en\/#website","url":"https:\/\/librairie7l.com\/en\/","name":"Librairie 7L","description":"Librairie fond\u00e9e en 1999 par Karl Lagerfeld \u00e0 Paris","publisher":{"@id":"https:\/\/librairie7l.com\/en\/#organization"},"potentialAction":[{"@type":"SearchAction","target":{"@type":"EntryPoint","urlTemplate":"https:\/\/librairie7l.com\/en\/?s={search_term_string}"},"query-input":"required name=search_term_string"}],"inLanguage":"en-US"},{"@type":"Organization","@id":"https:\/\/librairie7l.com\/en\/#organization","name":"Librairie 7L","url":"https:\/\/librairie7l.com\/en\/","logo":{"@type":"ImageObject","inLanguage":"en-US","@id":"https:\/\/librairie7l.com\/en\/#\/schema\/logo\/image\/","url":"https:\/\/librairie7l.com\/wp-content\/uploads\/2022\/08\/logo-1.png","contentUrl":"https:\/\/librairie7l.com\/wp-content\/uploads\/2022\/08\/logo-1.png","width":227,"height":301,"caption":"Librairie 7L"},"image":{"@id":"https:\/\/librairie7l.com\/en\/#\/schema\/logo\/image\/"}}]}},"_links":{"self":[{"href":"https:\/\/librairie7l.com\/en\/wp-json\/wp\/v2\/product\/34263"}],"collection":[{"href":"https:\/\/librairie7l.com\/en\/wp-json\/wp\/v2\/product"}],"about":[{"href":"https:\/\/librairie7l.com\/en\/wp-json\/wp\/v2\/types\/product"}],"wp:featuredmedia":[{"embeddable":true,"href":"https:\/\/librairie7l.com\/en\/wp-json\/wp\/v2\/media\/34261"}],"wp:attachment":[{"href":"https:\/\/librairie7l.com\/en\/wp-json\/wp\/v2\/media?parent=34263"}],"wp:term":[{"taxonomy":"product_cat","embeddable":true,"href":"https:\/\/librairie7l.com\/en\/wp-json\/wp\/v2\/product_cat?post=34263"},{"taxonomy":"product_tag","embeddable":true,"href":"https:\/\/librairie7l.com\/en\/wp-json\/wp\/v2\/product_tag?post=34263"}],"curies":[{"name":"wp","href":"https:\/\/api.w.org\/{rel}","templated":true}]}}