{"id":34267,"date":"2023-09-19T17:11:21","date_gmt":"2023-09-19T15:11:21","guid":{"rendered":"https:\/\/librairie7l.com\/?post_type=product&#038;p=34267"},"modified":"2026-04-09T03:40:32","modified_gmt":"2026-04-09T01:40:32","slug":"jean-vendome-les-voyages-precieux-dun-createur","status":"publish","type":"product","link":"https:\/\/librairie7l.com\/en\/produit\/jean-vendome-les-voyages-precieux-dun-createur\/","title":{"rendered":"JEAN VENDOME ; LES VOYAGES PR\u00c9CIEUX D&#8217;UN CR\u00c9ATEUR"},"content":{"rendered":"<p>D\u00e9sign\u00e9 comme le \u00ab p\u00e8re de la joaillerie contemporaine \u00bb, Jean Vendome est cr\u00e9ateur de bijoux depuis plus d&#8217;un demi-si\u00e8cle. Anciennement install\u00e9 au 352 de  la rue Saint Honor\u00e9 \u00e0 Paris, il a con\u00e7u pr\u00e8s de trente mille bijoux dont la grande majorit\u00e9 sont des pi\u00e8ces uniques. Pendant quatre ann\u00e9es, l&#8217;auteur expert en bijou, a rencontr\u00e9 le joaillier. Elle s&#8217;est int\u00e9ress\u00e9e \u00e0 sa vie, \u00e0 ses rencontres avec le pressentiment d&#8217;y trouver la cl\u00e9 de ses cr\u00e9ations.<br \/>\nPour la premi\u00e8re fois, l&#8217;artiste lui-m\u00eame, par une r\u00e9trospective compl\u00e8te sur sa carri\u00e8re, pr\u00e9sente la gen\u00e8se des diff\u00e9rentes lignes qu&#8217;il a cr\u00e9\u00e9es. Ses commentaires passionnants rehaussent encore l&#8217;int\u00e9r\u00eat et le plaisir du regard que l&#8217;on porte sur ses bijoux.<\/p>\n","protected":false},"excerpt":{"rendered":"<p>D\u00e9sign\u00e9 comme le \u00ab p\u00e8re de la joaillerie contemporaine \u00bb, Jean Vendome est cr\u00e9ateur de bijoux depuis plus d&#8217;un demi-si\u00e8cle. Anciennement install\u00e9 au 352 de la rue Saint Honor\u00e9 \u00e0 Paris, il a con\u00e7u pr\u00e8s de trente mille bijoux dont la grande majorit\u00e9 sont des pi\u00e8ces uniques. Pendant quatre ann\u00e9es, l&#8217;auteur expert en bijou, a [&hellip;]<\/p>\n","protected":false},"featured_media":34265,"template":"","meta":[],"product_cat":[2948,2957],"product_tag":[],"acf":[],"yoast_head":"<!-- This site is optimized with the Yoast SEO plugin v20.11 - https:\/\/yoast.com\/wordpress\/plugins\/seo\/ -->\n<title>JEAN VENDOME ; LES VOYAGES PR\u00c9CIEUX D&#039;UN CR\u00c9ATEUR - Librairie 7L<\/title>\n<meta name=\"robots\" content=\"index, follow, max-snippet:-1, max-image-preview:large, max-video-preview:-1\" \/>\n<link rel=\"canonical\" href=\"https:\/\/librairie7l.com\/en\/produit\/jean-vendome-les-voyages-precieux-dun-createur\/\" \/>\n<meta property=\"og:locale\" content=\"en_US\" \/>\n<meta property=\"og:type\" content=\"article\" \/>\n<meta property=\"og:title\" content=\"JEAN VENDOME ; LES VOYAGES PR\u00c9CIEUX D&#039;UN CR\u00c9ATEUR - Librairie 7L\" \/>\n<meta property=\"og:description\" content=\"D\u00e9sign\u00e9 comme le \u00ab p\u00e8re de la joaillerie contemporaine \u00bb, Jean Vendome est cr\u00e9ateur de bijoux depuis plus d&#8217;un demi-si\u00e8cle. Anciennement install\u00e9 au 352 de la rue Saint Honor\u00e9 \u00e0 Paris, il a con\u00e7u pr\u00e8s de trente mille bijoux dont la grande majorit\u00e9 sont des pi\u00e8ces uniques. Pendant quatre ann\u00e9es, l&#8217;auteur expert en bijou, a [&hellip;]\" \/>\n<meta property=\"og:url\" content=\"https:\/\/librairie7l.com\/en\/produit\/jean-vendome-les-voyages-precieux-dun-createur\/\" \/>\n<meta property=\"og:site_name\" content=\"Librairie 7L\" \/>\n<meta property=\"article:modified_time\" content=\"2026-04-09T01:40:32+00:00\" \/>\n<meta property=\"og:image\" content=\"https:\/\/librairie7l.com\/wp-content\/uploads\/2008\/10\/9782878441154_1_75.jpg\" \/>\n\t<meta property=\"og:image:width\" content=\"222\" \/>\n\t<meta property=\"og:image:height\" content=\"292\" \/>\n\t<meta property=\"og:image:type\" content=\"image\/jpeg\" \/>\n<meta name=\"twitter:card\" content=\"summary_large_image\" \/>\n<meta name=\"twitter:label1\" content=\"Est. reading time\" \/>\n\t<meta name=\"twitter:data1\" content=\"1 minute\" \/>\n<script type=\"application\/ld+json\" class=\"yoast-schema-graph\">{\"@context\":\"https:\/\/schema.org\",\"@graph\":[{\"@type\":\"WebPage\",\"@id\":\"https:\/\/librairie7l.com\/en\/produit\/jean-vendome-les-voyages-precieux-dun-createur\/\",\"url\":\"https:\/\/librairie7l.com\/en\/produit\/jean-vendome-les-voyages-precieux-dun-createur\/\",\"name\":\"JEAN VENDOME ; LES VOYAGES PR\u00c9CIEUX D'UN CR\u00c9ATEUR - Librairie 7L\",\"isPartOf\":{\"@id\":\"https:\/\/librairie7l.com\/en\/#website\"},\"datePublished\":\"2023-09-19T15:11:21+00:00\",\"dateModified\":\"2026-04-09T01:40:32+00:00\",\"breadcrumb\":{\"@id\":\"https:\/\/librairie7l.com\/en\/produit\/jean-vendome-les-voyages-precieux-dun-createur\/#breadcrumb\"},\"inLanguage\":\"en-US\",\"potentialAction\":[{\"@type\":\"ReadAction\",\"target\":[\"https:\/\/librairie7l.com\/en\/produit\/jean-vendome-les-voyages-precieux-dun-createur\/\"]}]},{\"@type\":\"BreadcrumbList\",\"@id\":\"https:\/\/librairie7l.com\/en\/produit\/jean-vendome-les-voyages-precieux-dun-createur\/#breadcrumb\",\"itemListElement\":[{\"@type\":\"ListItem\",\"position\":1,\"name\":\"Accueil\",\"item\":\"https:\/\/librairie7l.com\/en\/\"},{\"@type\":\"ListItem\",\"position\":2,\"name\":\"Shop\",\"item\":\"https:\/\/librairie7l.com\/en\/shop\/\"},{\"@type\":\"ListItem\",\"position\":3,\"name\":\"JEAN VENDOME ; LES VOYAGES PR\u00c9CIEUX D&#8217;UN CR\u00c9ATEUR\"}]},{\"@type\":\"WebSite\",\"@id\":\"https:\/\/librairie7l.com\/en\/#website\",\"url\":\"https:\/\/librairie7l.com\/en\/\",\"name\":\"Librairie 7L\",\"description\":\"Librairie fond\u00e9e en 1999 par Karl Lagerfeld \u00e0 Paris\",\"publisher\":{\"@id\":\"https:\/\/librairie7l.com\/en\/#organization\"},\"potentialAction\":[{\"@type\":\"SearchAction\",\"target\":{\"@type\":\"EntryPoint\",\"urlTemplate\":\"https:\/\/librairie7l.com\/en\/?s={search_term_string}\"},\"query-input\":\"required name=search_term_string\"}],\"inLanguage\":\"en-US\"},{\"@type\":\"Organization\",\"@id\":\"https:\/\/librairie7l.com\/en\/#organization\",\"name\":\"Librairie 7L\",\"url\":\"https:\/\/librairie7l.com\/en\/\",\"logo\":{\"@type\":\"ImageObject\",\"inLanguage\":\"en-US\",\"@id\":\"https:\/\/librairie7l.com\/en\/#\/schema\/logo\/image\/\",\"url\":\"https:\/\/librairie7l.com\/wp-content\/uploads\/2022\/08\/logo-1.png\",\"contentUrl\":\"https:\/\/librairie7l.com\/wp-content\/uploads\/2022\/08\/logo-1.png\",\"width\":227,\"height\":301,\"caption\":\"Librairie 7L\"},\"image\":{\"@id\":\"https:\/\/librairie7l.com\/en\/#\/schema\/logo\/image\/\"}}]}<\/script>\n<!-- \/ Yoast SEO plugin. -->","yoast_head_json":{"title":"JEAN VENDOME ; LES VOYAGES PR\u00c9CIEUX D'UN CR\u00c9ATEUR - Librairie 7L","robots":{"index":"index","follow":"follow","max-snippet":"max-snippet:-1","max-image-preview":"max-image-preview:large","max-video-preview":"max-video-preview:-1"},"canonical":"https:\/\/librairie7l.com\/en\/produit\/jean-vendome-les-voyages-precieux-dun-createur\/","og_locale":"en_US","og_type":"article","og_title":"JEAN VENDOME ; LES VOYAGES PR\u00c9CIEUX D'UN CR\u00c9ATEUR - Librairie 7L","og_description":"D\u00e9sign\u00e9 comme le \u00ab p\u00e8re de la joaillerie contemporaine \u00bb, Jean Vendome est cr\u00e9ateur de bijoux depuis plus d&#8217;un demi-si\u00e8cle. Anciennement install\u00e9 au 352 de la rue Saint Honor\u00e9 \u00e0 Paris, il a con\u00e7u pr\u00e8s de trente mille bijoux dont la grande majorit\u00e9 sont des pi\u00e8ces uniques. Pendant quatre ann\u00e9es, l&#8217;auteur expert en bijou, a [&hellip;]","og_url":"https:\/\/librairie7l.com\/en\/produit\/jean-vendome-les-voyages-precieux-dun-createur\/","og_site_name":"Librairie 7L","article_modified_time":"2026-04-09T01:40:32+00:00","og_image":[{"width":222,"height":292,"url":"https:\/\/librairie7l.com\/wp-content\/uploads\/2008\/10\/9782878441154_1_75.jpg","type":"image\/jpeg"}],"twitter_card":"summary_large_image","twitter_misc":{"Est. reading time":"1 minute"},"schema":{"@context":"https:\/\/schema.org","@graph":[{"@type":"WebPage","@id":"https:\/\/librairie7l.com\/en\/produit\/jean-vendome-les-voyages-precieux-dun-createur\/","url":"https:\/\/librairie7l.com\/en\/produit\/jean-vendome-les-voyages-precieux-dun-createur\/","name":"JEAN VENDOME ; LES VOYAGES PR\u00c9CIEUX D'UN CR\u00c9ATEUR - Librairie 7L","isPartOf":{"@id":"https:\/\/librairie7l.com\/en\/#website"},"datePublished":"2023-09-19T15:11:21+00:00","dateModified":"2026-04-09T01:40:32+00:00","breadcrumb":{"@id":"https:\/\/librairie7l.com\/en\/produit\/jean-vendome-les-voyages-precieux-dun-createur\/#breadcrumb"},"inLanguage":"en-US","potentialAction":[{"@type":"ReadAction","target":["https:\/\/librairie7l.com\/en\/produit\/jean-vendome-les-voyages-precieux-dun-createur\/"]}]},{"@type":"BreadcrumbList","@id":"https:\/\/librairie7l.com\/en\/produit\/jean-vendome-les-voyages-precieux-dun-createur\/#breadcrumb","itemListElement":[{"@type":"ListItem","position":1,"name":"Accueil","item":"https:\/\/librairie7l.com\/en\/"},{"@type":"ListItem","position":2,"name":"Shop","item":"https:\/\/librairie7l.com\/en\/shop\/"},{"@type":"ListItem","position":3,"name":"JEAN VENDOME ; LES VOYAGES PR\u00c9CIEUX D&#8217;UN CR\u00c9ATEUR"}]},{"@type":"WebSite","@id":"https:\/\/librairie7l.com\/en\/#website","url":"https:\/\/librairie7l.com\/en\/","name":"Librairie 7L","description":"Librairie fond\u00e9e en 1999 par Karl Lagerfeld \u00e0 Paris","publisher":{"@id":"https:\/\/librairie7l.com\/en\/#organization"},"potentialAction":[{"@type":"SearchAction","target":{"@type":"EntryPoint","urlTemplate":"https:\/\/librairie7l.com\/en\/?s={search_term_string}"},"query-input":"required name=search_term_string"}],"inLanguage":"en-US"},{"@type":"Organization","@id":"https:\/\/librairie7l.com\/en\/#organization","name":"Librairie 7L","url":"https:\/\/librairie7l.com\/en\/","logo":{"@type":"ImageObject","inLanguage":"en-US","@id":"https:\/\/librairie7l.com\/en\/#\/schema\/logo\/image\/","url":"https:\/\/librairie7l.com\/wp-content\/uploads\/2022\/08\/logo-1.png","contentUrl":"https:\/\/librairie7l.com\/wp-content\/uploads\/2022\/08\/logo-1.png","width":227,"height":301,"caption":"Librairie 7L"},"image":{"@id":"https:\/\/librairie7l.com\/en\/#\/schema\/logo\/image\/"}}]}},"_links":{"self":[{"href":"https:\/\/librairie7l.com\/en\/wp-json\/wp\/v2\/product\/34267"}],"collection":[{"href":"https:\/\/librairie7l.com\/en\/wp-json\/wp\/v2\/product"}],"about":[{"href":"https:\/\/librairie7l.com\/en\/wp-json\/wp\/v2\/types\/product"}],"wp:featuredmedia":[{"embeddable":true,"href":"https:\/\/librairie7l.com\/en\/wp-json\/wp\/v2\/media\/34265"}],"wp:attachment":[{"href":"https:\/\/librairie7l.com\/en\/wp-json\/wp\/v2\/media?parent=34267"}],"wp:term":[{"taxonomy":"product_cat","embeddable":true,"href":"https:\/\/librairie7l.com\/en\/wp-json\/wp\/v2\/product_cat?post=34267"},{"taxonomy":"product_tag","embeddable":true,"href":"https:\/\/librairie7l.com\/en\/wp-json\/wp\/v2\/product_tag?post=34267"}],"curies":[{"name":"wp","href":"https:\/\/api.w.org\/{rel}","templated":true}]}}