{"id":34291,"date":"2023-09-19T17:19:41","date_gmt":"2023-09-19T15:19:41","guid":{"rendered":"https:\/\/librairie7l.com\/?post_type=product&#038;p=34291"},"modified":"2026-04-30T01:13:07","modified_gmt":"2026-04-29T23:13:07","slug":"xavier-veilhan-film-et-performances","status":"publish","type":"product","link":"https:\/\/librairie7l.com\/en\/produit\/xavier-veilhan-film-et-performances\/","title":{"rendered":"XAVIER VEILHAN : FILM ET PERFORMANCES"},"content":{"rendered":"<p>Figure majeure de la sc\u00e8ne artistique fran\u00e7aise, Xavier Veilhan (n\u00e9 en 1963) vit et travaille \u00e0 Paris. Son oeuvre est le r\u00e9sultat d&#8217;une pratique plurielle, entre sculpture, peinture, photographie et installation.<br \/>\n\u00c0 travers un entretien avec l&#8217;artiste, des textes critiques mais aussi une s\u00e9lection d&#8217;essais de diff\u00e9rents acteurs du spectacle vivant, de philosophes ou de po\u00e8tes, l&#8217;ouvrage aborde deux pendants de la production de Xavier Veilhan, le film et la performance : deux pratiques \u00e0 la fois distinctes et compl\u00e9mentaires, qui interrogent \u00e0 leur mani\u00e8re le lieu et le rapport \u00e0 l&#8217;image.<br \/>\n\u00ab Je ne crois pas que l&#8217;artiste soit un inventeur, qui re\u00e7oit les id\u00e9es tomb\u00e9es du ciel, c&#8217;est une sorte de travailleur qui va r\u00e9v\u00e9ler des choses existantes par son travail et l&#8217;attention qu&#8217;il porte au monde et \u00e0 son environnement \u00bb (Xavier Veilhan, 2011).<br \/>\nAu d\u00e9but des ann\u00e9es 2000, il r\u00e9alise son premier film, Le Film du Japon (2002), dont les sc\u00e8nes, muettes, furent pens\u00e9es comme une extension de son travail de sculpteur. De 2003 \u00e0 2011, ce sont sept films qui viennent s&#8217;ajouter \u00e0 la production artistique de Xavier Veilhan. Son approche du cin\u00e9ma s&#8217;apparente \u00e0 celle de l&#8217;animation de photographies, afin de rendre compte d&#8217;un d\u00e9coupage du temps, d&#8217;un morcellement \u00e0 analyser. \u00ab C&#8217;est une mani\u00e8re, comme dans le cin\u00e9tisme et les probl\u00e9matiques d&#8217;optique, de r\u00e9v\u00e9ler une chose qui est pr\u00e9sente mais qui n&#8217;est pas visible, qui est d&#8217;ailleurs la fonction assign\u00e9e \u00e0 l&#8217;art en g\u00e9n\u00e9ral \u00bb (Xavier Veilhan, 2011). Les films de Xavier Veilhan accordent une importance toute particuli\u00e8re \u00e0 la musique : il s&#8217;entoure pour cela d&#8217;artistes contemporains comme S\u00e9bastien Tellier, \u00e9galement acteur dans Cruiser (2005) ou encore le groupe Air (Radiator, 2008). En 2015, Xavier Veilhan renoue avec sa pratique de cin\u00e9aste en r\u00e9alisant Vent moderne et Matching Numbers, dans lesquels il investit des espaces architecturaux audacieux, comme l&#8217;op\u00e9ra Garnier et la villa Noailles.<br \/>\nEntre chor\u00e9graphie et performance, \u00ab des corps se multiplient et cr\u00e9ent des f\u00eates kal\u00e9idoscopiques, des ouvriers sculptent des formes et leurs \u00e9tincelles deviennent des plan\u00e8tes dont les sillons rappellent des disques gramophones. et on voit alors que pas d&#8217;architecture sans regard, pas de corps sans espace, de composition sans d\u00e9sarticulation, pas de surfaces sans lignes bris\u00e9es \u00bb (La\u00ebtitia Masson).<br \/>\n\u00c0 l&#8217;instar de ses films, les performances de Xavier Veilhan se lisent en relation directe avec sa pratique plastique. Boucle et Ville nouvelle (2006), deux performances jou\u00e9es \u00e0 l&#8217;occasion de la cinqui\u00e8me \u00e9dition de Nuit Blanche (Paris), rappellent le lien \u00e9troit qui lie l&#8217;oeuvre et son contexte. Ailleurs, la performance vient souligner le propos d&#8217;une exposition (Performance a\u00e9rienne, 2012) ou la compl\u00e9ter, comme \u00e0 Los Angeles (2012), o\u00f9 la Case Study House n\u00b021 sert de pilier \u00e0 l&#8217;\u00e9laboration d&#8217;une dialectique entre architecture et sculpture.<br \/>\nXavier Veilhan a fait l&#8217;objet de nombreuses expositions personnelles, en France au mus\u00e9e d&#8217;Art moderne de la ville de Paris (1994), au Centre Pompidou (2004) ou encore au ch\u00e2teau de Versailles (2009) ; mais aussi \u00e0 l&#8217;international : Hong Kong, S\u00e9oul, Barcelone, New-York entre autres.<\/p>\n","protected":false},"excerpt":{"rendered":"<p>Figure majeure de la sc\u00e8ne artistique fran\u00e7aise, Xavier Veilhan (n\u00e9 en 1963) vit et travaille \u00e0 Paris. Son oeuvre est le r\u00e9sultat d&#8217;une pratique plurielle, entre sculpture, peinture, photographie et installation. \u00c0 travers un entretien avec l&#8217;artiste, des textes critiques mais aussi une s\u00e9lection d&#8217;essais de diff\u00e9rents acteurs du spectacle vivant, de philosophes ou de [&hellip;]<\/p>\n","protected":false},"featured_media":34289,"template":"","meta":[],"product_cat":[2948,2953],"product_tag":[],"acf":[],"yoast_head":"<!-- This site is optimized with the Yoast SEO plugin v20.11 - https:\/\/yoast.com\/wordpress\/plugins\/seo\/ -->\n<title>XAVIER VEILHAN : FILM ET PERFORMANCES - Librairie 7L<\/title>\n<meta name=\"robots\" content=\"index, follow, max-snippet:-1, max-image-preview:large, max-video-preview:-1\" \/>\n<link rel=\"canonical\" href=\"https:\/\/librairie7l.com\/en\/produit\/xavier-veilhan-film-et-performances\/\" \/>\n<meta property=\"og:locale\" content=\"en_US\" \/>\n<meta property=\"og:type\" content=\"article\" \/>\n<meta property=\"og:title\" content=\"XAVIER VEILHAN : FILM ET PERFORMANCES - Librairie 7L\" \/>\n<meta property=\"og:description\" content=\"Figure majeure de la sc\u00e8ne artistique fran\u00e7aise, Xavier Veilhan (n\u00e9 en 1963) vit et travaille \u00e0 Paris. Son oeuvre est le r\u00e9sultat d&#8217;une pratique plurielle, entre sculpture, peinture, photographie et installation. \u00c0 travers un entretien avec l&#8217;artiste, des textes critiques mais aussi une s\u00e9lection d&#8217;essais de diff\u00e9rents acteurs du spectacle vivant, de philosophes ou de [&hellip;]\" \/>\n<meta property=\"og:url\" content=\"https:\/\/librairie7l.com\/en\/produit\/xavier-veilhan-film-et-performances\/\" \/>\n<meta property=\"og:site_name\" content=\"Librairie 7L\" \/>\n<meta property=\"article:modified_time\" content=\"2026-04-29T23:13:07+00:00\" \/>\n<meta property=\"og:image\" content=\"https:\/\/librairie7l.com\/wp-content\/uploads\/2015\/11\/9782373720006_1_75.jpg\" \/>\n\t<meta property=\"og:image:width\" content=\"600\" \/>\n\t<meta property=\"og:image:height\" content=\"853\" \/>\n\t<meta property=\"og:image:type\" content=\"image\/jpeg\" \/>\n<meta name=\"twitter:card\" content=\"summary_large_image\" \/>\n<meta name=\"twitter:label1\" content=\"Est. reading time\" \/>\n\t<meta name=\"twitter:data1\" content=\"3 minutes\" \/>\n<script type=\"application\/ld+json\" class=\"yoast-schema-graph\">{\"@context\":\"https:\/\/schema.org\",\"@graph\":[{\"@type\":\"WebPage\",\"@id\":\"https:\/\/librairie7l.com\/en\/produit\/xavier-veilhan-film-et-performances\/\",\"url\":\"https:\/\/librairie7l.com\/en\/produit\/xavier-veilhan-film-et-performances\/\",\"name\":\"XAVIER VEILHAN : FILM ET PERFORMANCES - Librairie 7L\",\"isPartOf\":{\"@id\":\"https:\/\/librairie7l.com\/en\/#website\"},\"datePublished\":\"2023-09-19T15:19:41+00:00\",\"dateModified\":\"2026-04-29T23:13:07+00:00\",\"breadcrumb\":{\"@id\":\"https:\/\/librairie7l.com\/en\/produit\/xavier-veilhan-film-et-performances\/#breadcrumb\"},\"inLanguage\":\"en-US\",\"potentialAction\":[{\"@type\":\"ReadAction\",\"target\":[\"https:\/\/librairie7l.com\/en\/produit\/xavier-veilhan-film-et-performances\/\"]}]},{\"@type\":\"BreadcrumbList\",\"@id\":\"https:\/\/librairie7l.com\/en\/produit\/xavier-veilhan-film-et-performances\/#breadcrumb\",\"itemListElement\":[{\"@type\":\"ListItem\",\"position\":1,\"name\":\"Accueil\",\"item\":\"https:\/\/librairie7l.com\/en\/\"},{\"@type\":\"ListItem\",\"position\":2,\"name\":\"Shop\",\"item\":\"https:\/\/librairie7l.com\/en\/shop\/\"},{\"@type\":\"ListItem\",\"position\":3,\"name\":\"XAVIER VEILHAN : FILM ET PERFORMANCES\"}]},{\"@type\":\"WebSite\",\"@id\":\"https:\/\/librairie7l.com\/en\/#website\",\"url\":\"https:\/\/librairie7l.com\/en\/\",\"name\":\"Librairie 7L\",\"description\":\"Librairie fond\u00e9e en 1999 par Karl Lagerfeld \u00e0 Paris\",\"publisher\":{\"@id\":\"https:\/\/librairie7l.com\/en\/#organization\"},\"potentialAction\":[{\"@type\":\"SearchAction\",\"target\":{\"@type\":\"EntryPoint\",\"urlTemplate\":\"https:\/\/librairie7l.com\/en\/?s={search_term_string}\"},\"query-input\":\"required name=search_term_string\"}],\"inLanguage\":\"en-US\"},{\"@type\":\"Organization\",\"@id\":\"https:\/\/librairie7l.com\/en\/#organization\",\"name\":\"Librairie 7L\",\"url\":\"https:\/\/librairie7l.com\/en\/\",\"logo\":{\"@type\":\"ImageObject\",\"inLanguage\":\"en-US\",\"@id\":\"https:\/\/librairie7l.com\/en\/#\/schema\/logo\/image\/\",\"url\":\"https:\/\/librairie7l.com\/wp-content\/uploads\/2022\/08\/logo-1.png\",\"contentUrl\":\"https:\/\/librairie7l.com\/wp-content\/uploads\/2022\/08\/logo-1.png\",\"width\":227,\"height\":301,\"caption\":\"Librairie 7L\"},\"image\":{\"@id\":\"https:\/\/librairie7l.com\/en\/#\/schema\/logo\/image\/\"}}]}<\/script>\n<!-- \/ Yoast SEO plugin. -->","yoast_head_json":{"title":"XAVIER VEILHAN : FILM ET PERFORMANCES - Librairie 7L","robots":{"index":"index","follow":"follow","max-snippet":"max-snippet:-1","max-image-preview":"max-image-preview:large","max-video-preview":"max-video-preview:-1"},"canonical":"https:\/\/librairie7l.com\/en\/produit\/xavier-veilhan-film-et-performances\/","og_locale":"en_US","og_type":"article","og_title":"XAVIER VEILHAN : FILM ET PERFORMANCES - Librairie 7L","og_description":"Figure majeure de la sc\u00e8ne artistique fran\u00e7aise, Xavier Veilhan (n\u00e9 en 1963) vit et travaille \u00e0 Paris. Son oeuvre est le r\u00e9sultat d&#8217;une pratique plurielle, entre sculpture, peinture, photographie et installation. \u00c0 travers un entretien avec l&#8217;artiste, des textes critiques mais aussi une s\u00e9lection d&#8217;essais de diff\u00e9rents acteurs du spectacle vivant, de philosophes ou de [&hellip;]","og_url":"https:\/\/librairie7l.com\/en\/produit\/xavier-veilhan-film-et-performances\/","og_site_name":"Librairie 7L","article_modified_time":"2026-04-29T23:13:07+00:00","og_image":[{"width":600,"height":853,"url":"https:\/\/librairie7l.com\/wp-content\/uploads\/2015\/11\/9782373720006_1_75.jpg","type":"image\/jpeg"}],"twitter_card":"summary_large_image","twitter_misc":{"Est. reading time":"3 minutes"},"schema":{"@context":"https:\/\/schema.org","@graph":[{"@type":"WebPage","@id":"https:\/\/librairie7l.com\/en\/produit\/xavier-veilhan-film-et-performances\/","url":"https:\/\/librairie7l.com\/en\/produit\/xavier-veilhan-film-et-performances\/","name":"XAVIER VEILHAN : FILM ET PERFORMANCES - Librairie 7L","isPartOf":{"@id":"https:\/\/librairie7l.com\/en\/#website"},"datePublished":"2023-09-19T15:19:41+00:00","dateModified":"2026-04-29T23:13:07+00:00","breadcrumb":{"@id":"https:\/\/librairie7l.com\/en\/produit\/xavier-veilhan-film-et-performances\/#breadcrumb"},"inLanguage":"en-US","potentialAction":[{"@type":"ReadAction","target":["https:\/\/librairie7l.com\/en\/produit\/xavier-veilhan-film-et-performances\/"]}]},{"@type":"BreadcrumbList","@id":"https:\/\/librairie7l.com\/en\/produit\/xavier-veilhan-film-et-performances\/#breadcrumb","itemListElement":[{"@type":"ListItem","position":1,"name":"Accueil","item":"https:\/\/librairie7l.com\/en\/"},{"@type":"ListItem","position":2,"name":"Shop","item":"https:\/\/librairie7l.com\/en\/shop\/"},{"@type":"ListItem","position":3,"name":"XAVIER VEILHAN : FILM ET PERFORMANCES"}]},{"@type":"WebSite","@id":"https:\/\/librairie7l.com\/en\/#website","url":"https:\/\/librairie7l.com\/en\/","name":"Librairie 7L","description":"Librairie fond\u00e9e en 1999 par Karl Lagerfeld \u00e0 Paris","publisher":{"@id":"https:\/\/librairie7l.com\/en\/#organization"},"potentialAction":[{"@type":"SearchAction","target":{"@type":"EntryPoint","urlTemplate":"https:\/\/librairie7l.com\/en\/?s={search_term_string}"},"query-input":"required name=search_term_string"}],"inLanguage":"en-US"},{"@type":"Organization","@id":"https:\/\/librairie7l.com\/en\/#organization","name":"Librairie 7L","url":"https:\/\/librairie7l.com\/en\/","logo":{"@type":"ImageObject","inLanguage":"en-US","@id":"https:\/\/librairie7l.com\/en\/#\/schema\/logo\/image\/","url":"https:\/\/librairie7l.com\/wp-content\/uploads\/2022\/08\/logo-1.png","contentUrl":"https:\/\/librairie7l.com\/wp-content\/uploads\/2022\/08\/logo-1.png","width":227,"height":301,"caption":"Librairie 7L"},"image":{"@id":"https:\/\/librairie7l.com\/en\/#\/schema\/logo\/image\/"}}]}},"_links":{"self":[{"href":"https:\/\/librairie7l.com\/en\/wp-json\/wp\/v2\/product\/34291"}],"collection":[{"href":"https:\/\/librairie7l.com\/en\/wp-json\/wp\/v2\/product"}],"about":[{"href":"https:\/\/librairie7l.com\/en\/wp-json\/wp\/v2\/types\/product"}],"wp:featuredmedia":[{"embeddable":true,"href":"https:\/\/librairie7l.com\/en\/wp-json\/wp\/v2\/media\/34289"}],"wp:attachment":[{"href":"https:\/\/librairie7l.com\/en\/wp-json\/wp\/v2\/media?parent=34291"}],"wp:term":[{"taxonomy":"product_cat","embeddable":true,"href":"https:\/\/librairie7l.com\/en\/wp-json\/wp\/v2\/product_cat?post=34291"},{"taxonomy":"product_tag","embeddable":true,"href":"https:\/\/librairie7l.com\/en\/wp-json\/wp\/v2\/product_tag?post=34291"}],"curies":[{"name":"wp","href":"https:\/\/api.w.org\/{rel}","templated":true}]}}