{"id":34295,"date":"2023-09-19T17:19:54","date_gmt":"2023-09-19T15:19:54","guid":{"rendered":"https:\/\/librairie7l.com\/?post_type=product&#038;p=34295"},"modified":"2026-04-05T01:07:40","modified_gmt":"2026-04-04T23:07:40","slug":"claude-viallat-dessins","status":"publish","type":"product","link":"https:\/\/librairie7l.com\/en\/produit\/claude-viallat-dessins\/","title":{"rendered":"CLAUDE VIALLAT, DESSINS"},"content":{"rendered":"<p>La m\u00e9thode d&#8217;\u00e9criture d\u00e9velopp\u00e9e ces derni\u00e8res ann\u00e9es, passe le plus souvent par de petits carnets ordinaires o\u00f9 des mots, des phrases sont rapidement not\u00e9s, entrem\u00eal\u00e9s de quelques dessins, esquisses des lieux travers\u00e9s en voyage (Carnet de Tokyo), de saisies rapides de passes ou d&#8217;attitudes du torero ou du toro* au cours d&#8217;une corrida (.) ou de souvenirs de tableaux.<br \/>\nPierre Manuel<\/p>\n","protected":false},"excerpt":{"rendered":"<p>La m\u00e9thode d&#8217;\u00e9criture d\u00e9velopp\u00e9e ces derni\u00e8res ann\u00e9es, passe le plus souvent par de petits carnets ordinaires o\u00f9 des mots, des phrases sont rapidement not\u00e9s, entrem\u00eal\u00e9s de quelques dessins, esquisses des lieux travers\u00e9s en voyage (Carnet de Tokyo), de saisies rapides de passes ou d&#8217;attitudes du torero ou du toro* au cours d&#8217;une corrida (.) ou [&hellip;]<\/p>\n","protected":false},"featured_media":34293,"template":"","meta":[],"product_cat":[2948,2953],"product_tag":[],"acf":[],"yoast_head":"<!-- This site is optimized with the Yoast SEO plugin v20.11 - https:\/\/yoast.com\/wordpress\/plugins\/seo\/ -->\n<title>CLAUDE VIALLAT, DESSINS - Librairie 7L<\/title>\n<meta name=\"robots\" content=\"index, follow, max-snippet:-1, max-image-preview:large, max-video-preview:-1\" \/>\n<link rel=\"canonical\" href=\"https:\/\/librairie7l.com\/en\/produit\/claude-viallat-dessins\/\" \/>\n<meta property=\"og:locale\" content=\"en_US\" \/>\n<meta property=\"og:type\" content=\"article\" \/>\n<meta property=\"og:title\" content=\"CLAUDE VIALLAT, DESSINS - Librairie 7L\" \/>\n<meta property=\"og:description\" content=\"La m\u00e9thode d&#8217;\u00e9criture d\u00e9velopp\u00e9e ces derni\u00e8res ann\u00e9es, passe le plus souvent par de petits carnets ordinaires o\u00f9 des mots, des phrases sont rapidement not\u00e9s, entrem\u00eal\u00e9s de quelques dessins, esquisses des lieux travers\u00e9s en voyage (Carnet de Tokyo), de saisies rapides de passes ou d&#8217;attitudes du torero ou du toro* au cours d&#8217;une corrida (.) ou [&hellip;]\" \/>\n<meta property=\"og:url\" content=\"https:\/\/librairie7l.com\/en\/produit\/claude-viallat-dessins\/\" \/>\n<meta property=\"og:site_name\" content=\"Librairie 7L\" \/>\n<meta property=\"article:modified_time\" content=\"2026-04-04T23:07:40+00:00\" \/>\n<meta property=\"og:image\" content=\"https:\/\/librairie7l.com\/wp-content\/uploads\/2016\/02\/9782916373805_1_75.jpg\" \/>\n\t<meta property=\"og:image:width\" content=\"400\" \/>\n\t<meta property=\"og:image:height\" content=\"444\" \/>\n\t<meta property=\"og:image:type\" content=\"image\/jpeg\" \/>\n<meta name=\"twitter:card\" content=\"summary_large_image\" \/>\n<script type=\"application\/ld+json\" class=\"yoast-schema-graph\">{\"@context\":\"https:\/\/schema.org\",\"@graph\":[{\"@type\":\"WebPage\",\"@id\":\"https:\/\/librairie7l.com\/en\/produit\/claude-viallat-dessins\/\",\"url\":\"https:\/\/librairie7l.com\/en\/produit\/claude-viallat-dessins\/\",\"name\":\"CLAUDE VIALLAT, DESSINS - Librairie 7L\",\"isPartOf\":{\"@id\":\"https:\/\/librairie7l.com\/en\/#website\"},\"datePublished\":\"2023-09-19T15:19:54+00:00\",\"dateModified\":\"2026-04-04T23:07:40+00:00\",\"breadcrumb\":{\"@id\":\"https:\/\/librairie7l.com\/en\/produit\/claude-viallat-dessins\/#breadcrumb\"},\"inLanguage\":\"en-US\",\"potentialAction\":[{\"@type\":\"ReadAction\",\"target\":[\"https:\/\/librairie7l.com\/en\/produit\/claude-viallat-dessins\/\"]}]},{\"@type\":\"BreadcrumbList\",\"@id\":\"https:\/\/librairie7l.com\/en\/produit\/claude-viallat-dessins\/#breadcrumb\",\"itemListElement\":[{\"@type\":\"ListItem\",\"position\":1,\"name\":\"Accueil\",\"item\":\"https:\/\/librairie7l.com\/en\/\"},{\"@type\":\"ListItem\",\"position\":2,\"name\":\"Shop\",\"item\":\"https:\/\/librairie7l.com\/en\/shop\/\"},{\"@type\":\"ListItem\",\"position\":3,\"name\":\"CLAUDE VIALLAT, DESSINS\"}]},{\"@type\":\"WebSite\",\"@id\":\"https:\/\/librairie7l.com\/en\/#website\",\"url\":\"https:\/\/librairie7l.com\/en\/\",\"name\":\"Librairie 7L\",\"description\":\"Librairie fond\u00e9e en 1999 par Karl Lagerfeld \u00e0 Paris\",\"publisher\":{\"@id\":\"https:\/\/librairie7l.com\/en\/#organization\"},\"potentialAction\":[{\"@type\":\"SearchAction\",\"target\":{\"@type\":\"EntryPoint\",\"urlTemplate\":\"https:\/\/librairie7l.com\/en\/?s={search_term_string}\"},\"query-input\":\"required name=search_term_string\"}],\"inLanguage\":\"en-US\"},{\"@type\":\"Organization\",\"@id\":\"https:\/\/librairie7l.com\/en\/#organization\",\"name\":\"Librairie 7L\",\"url\":\"https:\/\/librairie7l.com\/en\/\",\"logo\":{\"@type\":\"ImageObject\",\"inLanguage\":\"en-US\",\"@id\":\"https:\/\/librairie7l.com\/en\/#\/schema\/logo\/image\/\",\"url\":\"https:\/\/librairie7l.com\/wp-content\/uploads\/2022\/08\/logo-1.png\",\"contentUrl\":\"https:\/\/librairie7l.com\/wp-content\/uploads\/2022\/08\/logo-1.png\",\"width\":227,\"height\":301,\"caption\":\"Librairie 7L\"},\"image\":{\"@id\":\"https:\/\/librairie7l.com\/en\/#\/schema\/logo\/image\/\"}}]}<\/script>\n<!-- \/ Yoast SEO plugin. -->","yoast_head_json":{"title":"CLAUDE VIALLAT, DESSINS - Librairie 7L","robots":{"index":"index","follow":"follow","max-snippet":"max-snippet:-1","max-image-preview":"max-image-preview:large","max-video-preview":"max-video-preview:-1"},"canonical":"https:\/\/librairie7l.com\/en\/produit\/claude-viallat-dessins\/","og_locale":"en_US","og_type":"article","og_title":"CLAUDE VIALLAT, DESSINS - Librairie 7L","og_description":"La m\u00e9thode d&#8217;\u00e9criture d\u00e9velopp\u00e9e ces derni\u00e8res ann\u00e9es, passe le plus souvent par de petits carnets ordinaires o\u00f9 des mots, des phrases sont rapidement not\u00e9s, entrem\u00eal\u00e9s de quelques dessins, esquisses des lieux travers\u00e9s en voyage (Carnet de Tokyo), de saisies rapides de passes ou d&#8217;attitudes du torero ou du toro* au cours d&#8217;une corrida (.) ou [&hellip;]","og_url":"https:\/\/librairie7l.com\/en\/produit\/claude-viallat-dessins\/","og_site_name":"Librairie 7L","article_modified_time":"2026-04-04T23:07:40+00:00","og_image":[{"width":400,"height":444,"url":"https:\/\/librairie7l.com\/wp-content\/uploads\/2016\/02\/9782916373805_1_75.jpg","type":"image\/jpeg"}],"twitter_card":"summary_large_image","schema":{"@context":"https:\/\/schema.org","@graph":[{"@type":"WebPage","@id":"https:\/\/librairie7l.com\/en\/produit\/claude-viallat-dessins\/","url":"https:\/\/librairie7l.com\/en\/produit\/claude-viallat-dessins\/","name":"CLAUDE VIALLAT, DESSINS - Librairie 7L","isPartOf":{"@id":"https:\/\/librairie7l.com\/en\/#website"},"datePublished":"2023-09-19T15:19:54+00:00","dateModified":"2026-04-04T23:07:40+00:00","breadcrumb":{"@id":"https:\/\/librairie7l.com\/en\/produit\/claude-viallat-dessins\/#breadcrumb"},"inLanguage":"en-US","potentialAction":[{"@type":"ReadAction","target":["https:\/\/librairie7l.com\/en\/produit\/claude-viallat-dessins\/"]}]},{"@type":"BreadcrumbList","@id":"https:\/\/librairie7l.com\/en\/produit\/claude-viallat-dessins\/#breadcrumb","itemListElement":[{"@type":"ListItem","position":1,"name":"Accueil","item":"https:\/\/librairie7l.com\/en\/"},{"@type":"ListItem","position":2,"name":"Shop","item":"https:\/\/librairie7l.com\/en\/shop\/"},{"@type":"ListItem","position":3,"name":"CLAUDE VIALLAT, DESSINS"}]},{"@type":"WebSite","@id":"https:\/\/librairie7l.com\/en\/#website","url":"https:\/\/librairie7l.com\/en\/","name":"Librairie 7L","description":"Librairie fond\u00e9e en 1999 par Karl Lagerfeld \u00e0 Paris","publisher":{"@id":"https:\/\/librairie7l.com\/en\/#organization"},"potentialAction":[{"@type":"SearchAction","target":{"@type":"EntryPoint","urlTemplate":"https:\/\/librairie7l.com\/en\/?s={search_term_string}"},"query-input":"required name=search_term_string"}],"inLanguage":"en-US"},{"@type":"Organization","@id":"https:\/\/librairie7l.com\/en\/#organization","name":"Librairie 7L","url":"https:\/\/librairie7l.com\/en\/","logo":{"@type":"ImageObject","inLanguage":"en-US","@id":"https:\/\/librairie7l.com\/en\/#\/schema\/logo\/image\/","url":"https:\/\/librairie7l.com\/wp-content\/uploads\/2022\/08\/logo-1.png","contentUrl":"https:\/\/librairie7l.com\/wp-content\/uploads\/2022\/08\/logo-1.png","width":227,"height":301,"caption":"Librairie 7L"},"image":{"@id":"https:\/\/librairie7l.com\/en\/#\/schema\/logo\/image\/"}}]}},"_links":{"self":[{"href":"https:\/\/librairie7l.com\/en\/wp-json\/wp\/v2\/product\/34295"}],"collection":[{"href":"https:\/\/librairie7l.com\/en\/wp-json\/wp\/v2\/product"}],"about":[{"href":"https:\/\/librairie7l.com\/en\/wp-json\/wp\/v2\/types\/product"}],"wp:featuredmedia":[{"embeddable":true,"href":"https:\/\/librairie7l.com\/en\/wp-json\/wp\/v2\/media\/34293"}],"wp:attachment":[{"href":"https:\/\/librairie7l.com\/en\/wp-json\/wp\/v2\/media?parent=34295"}],"wp:term":[{"taxonomy":"product_cat","embeddable":true,"href":"https:\/\/librairie7l.com\/en\/wp-json\/wp\/v2\/product_cat?post=34295"},{"taxonomy":"product_tag","embeddable":true,"href":"https:\/\/librairie7l.com\/en\/wp-json\/wp\/v2\/product_tag?post=34295"}],"curies":[{"name":"wp","href":"https:\/\/api.w.org\/{rel}","templated":true}]}}