{"id":34361,"date":"2023-09-19T18:15:10","date_gmt":"2023-09-19T16:15:10","guid":{"rendered":"https:\/\/librairie7l.com\/?post_type=product&#038;p=34361"},"modified":"2026-04-22T01:35:15","modified_gmt":"2026-04-21T23:35:15","slug":"la-derivee-mexicaine","status":"publish","type":"product","link":"https:\/\/librairie7l.com\/en\/produit\/la-derivee-mexicaine\/","title":{"rendered":"LA D\u00c9RIV\u00c9E MEXICAINE"},"content":{"rendered":"<p>Yves Tr\u00e9morin a rapport\u00e9 d&#8217;un s\u00e9jour mexicain un fascinant ensemble d&#8217;images tel un ethnologue d&#8217;un genre un peu particulier.<br \/>\nIsolant comme \u00e0 l&#8217;accoutum\u00e9e ses sujets, ici sur un fond souvent noir, il joue sur la position de l&#8217;explorateur occidental partant dans un pays lointain pour en ramener au gr\u00e9 de ses d\u00e9rives, objets et images qui deviendront comme les reliques mus\u00e9ales n\u00e9cessaires \u00e0 la compr\u00e9hension d&#8217;une civilisation aux codes diff\u00e9rents des n\u00f4tres. Nus ou portraits \u00e0 la gestuelle inhabituelle semblent se r\u00e9f\u00e9rer au seul domaine de la performance alors qu&#8217;ils reprennent un langage des signes explicitement li\u00e9 \u00e0 des repr\u00e9sentations enfouies dans la mythologie collective.<br \/>\nUne photographie \u00e9poustouflante d&#8217;un chien noir peut se r\u00e9f\u00e9rer \u00e0 la figure du Ahuitzotl, un dos tatou\u00e9 au Quetzalc\u00f3atl, le c\u00e9l\u00e8bre serpent \u00e0 plumes, un crapaud photographi\u00e9 frontalement au fond d&#8217;une grotte \u00e0 la d\u00e9esse Tlaltecuhtli. Les images mexicaines de Tr\u00e9morin \u00e9vitent tout effet photographique pour se concentrer sur (et concentrer) le sujet. Outre les r\u00e9f\u00e9rences \u00e0 une culture aux mythologies anciennes, au rapport particulier d&#8217;un peuple avec la mort, aux jeux de langages, Tr\u00e9morin n&#8217;oublie pas que ce pays a accueilli de grands artistes.<br \/>\nEt \u00e0 travers ces images, se retrouvent aussi d&#8217;autres mythologies, plus photographiques celles-ci, que sont devenus les chefs-d&#8217;oeuvre r\u00e9alis\u00e9s par un Edward Weston ou un Manuel Alvarez Bravo.<\/p>\n","protected":false},"excerpt":{"rendered":"<p>Yves Tr\u00e9morin a rapport\u00e9 d&#8217;un s\u00e9jour mexicain un fascinant ensemble d&#8217;images tel un ethnologue d&#8217;un genre un peu particulier. Isolant comme \u00e0 l&#8217;accoutum\u00e9e ses sujets, ici sur un fond souvent noir, il joue sur la position de l&#8217;explorateur occidental partant dans un pays lointain pour en ramener au gr\u00e9 de ses d\u00e9rives, objets et images [&hellip;]<\/p>\n","protected":false},"featured_media":34359,"template":"","meta":[],"product_cat":[2948,2958],"product_tag":[],"acf":[],"yoast_head":"<!-- This site is optimized with the Yoast SEO plugin v20.11 - https:\/\/yoast.com\/wordpress\/plugins\/seo\/ -->\n<title>LA D\u00c9RIV\u00c9E MEXICAINE - Librairie 7L<\/title>\n<meta name=\"robots\" content=\"index, follow, max-snippet:-1, max-image-preview:large, max-video-preview:-1\" \/>\n<link rel=\"canonical\" href=\"https:\/\/librairie7l.com\/en\/produit\/la-derivee-mexicaine\/\" \/>\n<meta property=\"og:locale\" content=\"en_US\" \/>\n<meta property=\"og:type\" content=\"article\" \/>\n<meta property=\"og:title\" content=\"LA D\u00c9RIV\u00c9E MEXICAINE - Librairie 7L\" \/>\n<meta property=\"og:description\" content=\"Yves Tr\u00e9morin a rapport\u00e9 d&#8217;un s\u00e9jour mexicain un fascinant ensemble d&#8217;images tel un ethnologue d&#8217;un genre un peu particulier. Isolant comme \u00e0 l&#8217;accoutum\u00e9e ses sujets, ici sur un fond souvent noir, il joue sur la position de l&#8217;explorateur occidental partant dans un pays lointain pour en ramener au gr\u00e9 de ses d\u00e9rives, objets et images [&hellip;]\" \/>\n<meta property=\"og:url\" content=\"https:\/\/librairie7l.com\/en\/produit\/la-derivee-mexicaine\/\" \/>\n<meta property=\"og:site_name\" content=\"Librairie 7L\" \/>\n<meta property=\"article:modified_time\" content=\"2026-04-21T23:35:15+00:00\" \/>\n<meta property=\"og:image\" content=\"https:\/\/librairie7l.com\/wp-content\/uploads\/2011\/05\/9782919507030_1_75.jpg\" \/>\n\t<meta property=\"og:image:width\" content=\"665\" \/>\n\t<meta property=\"og:image:height\" content=\"792\" \/>\n\t<meta property=\"og:image:type\" content=\"image\/jpeg\" \/>\n<meta name=\"twitter:card\" content=\"summary_large_image\" \/>\n<meta name=\"twitter:label1\" content=\"Est. reading time\" \/>\n\t<meta name=\"twitter:data1\" content=\"1 minute\" \/>\n<script type=\"application\/ld+json\" class=\"yoast-schema-graph\">{\"@context\":\"https:\/\/schema.org\",\"@graph\":[{\"@type\":\"WebPage\",\"@id\":\"https:\/\/librairie7l.com\/en\/produit\/la-derivee-mexicaine\/\",\"url\":\"https:\/\/librairie7l.com\/en\/produit\/la-derivee-mexicaine\/\",\"name\":\"LA D\u00c9RIV\u00c9E MEXICAINE - Librairie 7L\",\"isPartOf\":{\"@id\":\"https:\/\/librairie7l.com\/en\/#website\"},\"datePublished\":\"2023-09-19T16:15:10+00:00\",\"dateModified\":\"2026-04-21T23:35:15+00:00\",\"breadcrumb\":{\"@id\":\"https:\/\/librairie7l.com\/en\/produit\/la-derivee-mexicaine\/#breadcrumb\"},\"inLanguage\":\"en-US\",\"potentialAction\":[{\"@type\":\"ReadAction\",\"target\":[\"https:\/\/librairie7l.com\/en\/produit\/la-derivee-mexicaine\/\"]}]},{\"@type\":\"BreadcrumbList\",\"@id\":\"https:\/\/librairie7l.com\/en\/produit\/la-derivee-mexicaine\/#breadcrumb\",\"itemListElement\":[{\"@type\":\"ListItem\",\"position\":1,\"name\":\"Accueil\",\"item\":\"https:\/\/librairie7l.com\/en\/\"},{\"@type\":\"ListItem\",\"position\":2,\"name\":\"Shop\",\"item\":\"https:\/\/librairie7l.com\/en\/shop\/\"},{\"@type\":\"ListItem\",\"position\":3,\"name\":\"LA D\u00c9RIV\u00c9E MEXICAINE\"}]},{\"@type\":\"WebSite\",\"@id\":\"https:\/\/librairie7l.com\/en\/#website\",\"url\":\"https:\/\/librairie7l.com\/en\/\",\"name\":\"Librairie 7L\",\"description\":\"Librairie fond\u00e9e en 1999 par Karl Lagerfeld \u00e0 Paris\",\"publisher\":{\"@id\":\"https:\/\/librairie7l.com\/en\/#organization\"},\"potentialAction\":[{\"@type\":\"SearchAction\",\"target\":{\"@type\":\"EntryPoint\",\"urlTemplate\":\"https:\/\/librairie7l.com\/en\/?s={search_term_string}\"},\"query-input\":\"required name=search_term_string\"}],\"inLanguage\":\"en-US\"},{\"@type\":\"Organization\",\"@id\":\"https:\/\/librairie7l.com\/en\/#organization\",\"name\":\"Librairie 7L\",\"url\":\"https:\/\/librairie7l.com\/en\/\",\"logo\":{\"@type\":\"ImageObject\",\"inLanguage\":\"en-US\",\"@id\":\"https:\/\/librairie7l.com\/en\/#\/schema\/logo\/image\/\",\"url\":\"https:\/\/librairie7l.com\/wp-content\/uploads\/2022\/08\/logo-1.png\",\"contentUrl\":\"https:\/\/librairie7l.com\/wp-content\/uploads\/2022\/08\/logo-1.png\",\"width\":227,\"height\":301,\"caption\":\"Librairie 7L\"},\"image\":{\"@id\":\"https:\/\/librairie7l.com\/en\/#\/schema\/logo\/image\/\"}}]}<\/script>\n<!-- \/ Yoast SEO plugin. -->","yoast_head_json":{"title":"LA D\u00c9RIV\u00c9E MEXICAINE - Librairie 7L","robots":{"index":"index","follow":"follow","max-snippet":"max-snippet:-1","max-image-preview":"max-image-preview:large","max-video-preview":"max-video-preview:-1"},"canonical":"https:\/\/librairie7l.com\/en\/produit\/la-derivee-mexicaine\/","og_locale":"en_US","og_type":"article","og_title":"LA D\u00c9RIV\u00c9E MEXICAINE - Librairie 7L","og_description":"Yves Tr\u00e9morin a rapport\u00e9 d&#8217;un s\u00e9jour mexicain un fascinant ensemble d&#8217;images tel un ethnologue d&#8217;un genre un peu particulier. Isolant comme \u00e0 l&#8217;accoutum\u00e9e ses sujets, ici sur un fond souvent noir, il joue sur la position de l&#8217;explorateur occidental partant dans un pays lointain pour en ramener au gr\u00e9 de ses d\u00e9rives, objets et images [&hellip;]","og_url":"https:\/\/librairie7l.com\/en\/produit\/la-derivee-mexicaine\/","og_site_name":"Librairie 7L","article_modified_time":"2026-04-21T23:35:15+00:00","og_image":[{"width":665,"height":792,"url":"https:\/\/librairie7l.com\/wp-content\/uploads\/2011\/05\/9782919507030_1_75.jpg","type":"image\/jpeg"}],"twitter_card":"summary_large_image","twitter_misc":{"Est. reading time":"1 minute"},"schema":{"@context":"https:\/\/schema.org","@graph":[{"@type":"WebPage","@id":"https:\/\/librairie7l.com\/en\/produit\/la-derivee-mexicaine\/","url":"https:\/\/librairie7l.com\/en\/produit\/la-derivee-mexicaine\/","name":"LA D\u00c9RIV\u00c9E MEXICAINE - Librairie 7L","isPartOf":{"@id":"https:\/\/librairie7l.com\/en\/#website"},"datePublished":"2023-09-19T16:15:10+00:00","dateModified":"2026-04-21T23:35:15+00:00","breadcrumb":{"@id":"https:\/\/librairie7l.com\/en\/produit\/la-derivee-mexicaine\/#breadcrumb"},"inLanguage":"en-US","potentialAction":[{"@type":"ReadAction","target":["https:\/\/librairie7l.com\/en\/produit\/la-derivee-mexicaine\/"]}]},{"@type":"BreadcrumbList","@id":"https:\/\/librairie7l.com\/en\/produit\/la-derivee-mexicaine\/#breadcrumb","itemListElement":[{"@type":"ListItem","position":1,"name":"Accueil","item":"https:\/\/librairie7l.com\/en\/"},{"@type":"ListItem","position":2,"name":"Shop","item":"https:\/\/librairie7l.com\/en\/shop\/"},{"@type":"ListItem","position":3,"name":"LA D\u00c9RIV\u00c9E MEXICAINE"}]},{"@type":"WebSite","@id":"https:\/\/librairie7l.com\/en\/#website","url":"https:\/\/librairie7l.com\/en\/","name":"Librairie 7L","description":"Librairie fond\u00e9e en 1999 par Karl Lagerfeld \u00e0 Paris","publisher":{"@id":"https:\/\/librairie7l.com\/en\/#organization"},"potentialAction":[{"@type":"SearchAction","target":{"@type":"EntryPoint","urlTemplate":"https:\/\/librairie7l.com\/en\/?s={search_term_string}"},"query-input":"required name=search_term_string"}],"inLanguage":"en-US"},{"@type":"Organization","@id":"https:\/\/librairie7l.com\/en\/#organization","name":"Librairie 7L","url":"https:\/\/librairie7l.com\/en\/","logo":{"@type":"ImageObject","inLanguage":"en-US","@id":"https:\/\/librairie7l.com\/en\/#\/schema\/logo\/image\/","url":"https:\/\/librairie7l.com\/wp-content\/uploads\/2022\/08\/logo-1.png","contentUrl":"https:\/\/librairie7l.com\/wp-content\/uploads\/2022\/08\/logo-1.png","width":227,"height":301,"caption":"Librairie 7L"},"image":{"@id":"https:\/\/librairie7l.com\/en\/#\/schema\/logo\/image\/"}}]}},"_links":{"self":[{"href":"https:\/\/librairie7l.com\/en\/wp-json\/wp\/v2\/product\/34361"}],"collection":[{"href":"https:\/\/librairie7l.com\/en\/wp-json\/wp\/v2\/product"}],"about":[{"href":"https:\/\/librairie7l.com\/en\/wp-json\/wp\/v2\/types\/product"}],"wp:featuredmedia":[{"embeddable":true,"href":"https:\/\/librairie7l.com\/en\/wp-json\/wp\/v2\/media\/34359"}],"wp:attachment":[{"href":"https:\/\/librairie7l.com\/en\/wp-json\/wp\/v2\/media?parent=34361"}],"wp:term":[{"taxonomy":"product_cat","embeddable":true,"href":"https:\/\/librairie7l.com\/en\/wp-json\/wp\/v2\/product_cat?post=34361"},{"taxonomy":"product_tag","embeddable":true,"href":"https:\/\/librairie7l.com\/en\/wp-json\/wp\/v2\/product_tag?post=34361"}],"curies":[{"name":"wp","href":"https:\/\/api.w.org\/{rel}","templated":true}]}}