{"id":34365,"date":"2023-09-19T18:16:30","date_gmt":"2023-09-19T16:16:30","guid":{"rendered":"https:\/\/librairie7l.com\/?post_type=product&#038;p=34365"},"modified":"2026-04-05T00:25:29","modified_gmt":"2026-04-04T22:25:29","slug":"chanel","status":"publish","type":"product","link":"https:\/\/librairie7l.com\/en\/produit\/chanel\/","title":{"rendered":"CHANEL"},"content":{"rendered":"<p>Le nom Chanel est devenu en pr\u00e8s d&#8217;un si\u00e8cle, un v\u00e9ritable mythe d\u00e9passant le strict domaine de la mode pour atteindre \u00e0 l&#8217;universel.\u00c9ternelle Chanel, en s&#8217;appuyant sur les temps forts de l&#8217;histoire de l&#8217;art, survole le parcours cr\u00e9ateur de la l\u00e9gendaire Mademoiselle.Il s&#8217;ouvre sur une br\u00e8ve histoire de la mode et du costume, depuis l&#8217;\u00c9gypte ancienne jusqu&#8217;\u00e0 l&#8217;\u00e9poque contemporaine, \u00e9voquant en parall\u00e8le les \u00e9v\u00e9nements marquants de la vie de la cr\u00e9atrice et les personnalit\u00e9s qu&#8217;elle a c\u00f4toy\u00e9es ou aim\u00e9es : Colette, Jean Cocteau, Serge Diaghilev, Igor Stravinsky, Raymond Radiguet, mais aussi Romy Schneider ou Lucchino Visconti. Les plus grands photographes de mode ont immortalis\u00e9 ses cr\u00e9ations : Henry Clarke, Edward Steichen, Hoyningen-Huene, Irving Penn&#8230;Marc Lambron signe une postface consacr\u00e9e \u00e0 Karl Lagerfeld, directeur artistique de la maison Chanel depuis 1983.Chanel en quelques dates :1883 : naissance \u00e0 Saumur1910 : ouverture de sa premi\u00e8re boutique \u00e0 Paris, rue Cambon1921 :<br \/>\nCr\u00e9ation de son premier parfum, No 51926 : Chanel impose la petite robe noire, en rupture avec les codes vestimentaires de l&#8217;\u00e9poque1932 : premi\u00e8re cr\u00e9ation de haute-joaillerie, la ligne \u00ab Bijoux de diamants \u00bb1971 : Chanel s&#8217;\u00e9teint \u00e0 l&#8217;\u00e2ge de 88 ans dans sa chambre du Ritz1983 : Karl Lagerfeld devient directeur artistique de Chanel.<\/p>\n","protected":false},"excerpt":{"rendered":"<p>Le nom Chanel est devenu en pr\u00e8s d&#8217;un si\u00e8cle, un v\u00e9ritable mythe d\u00e9passant le strict domaine de la mode pour atteindre \u00e0 l&#8217;universel.\u00c9ternelle Chanel, en s&#8217;appuyant sur les temps forts de l&#8217;histoire de l&#8217;art, survole le parcours cr\u00e9ateur de la l\u00e9gendaire Mademoiselle.Il s&#8217;ouvre sur une br\u00e8ve histoire de la mode et du costume, depuis l&#8217;\u00c9gypte [&hellip;]<\/p>\n","protected":false},"featured_media":34363,"template":"","meta":[],"product_cat":[2948,2957],"product_tag":[],"acf":[],"yoast_head":"<!-- This site is optimized with the Yoast SEO plugin v20.11 - https:\/\/yoast.com\/wordpress\/plugins\/seo\/ -->\n<title>CHANEL - Librairie 7L<\/title>\n<meta name=\"robots\" content=\"index, follow, max-snippet:-1, max-image-preview:large, max-video-preview:-1\" \/>\n<link rel=\"canonical\" href=\"https:\/\/librairie7l.com\/en\/produit\/chanel\/\" \/>\n<meta property=\"og:locale\" content=\"en_US\" \/>\n<meta property=\"og:type\" content=\"article\" \/>\n<meta property=\"og:title\" content=\"CHANEL - Librairie 7L\" \/>\n<meta property=\"og:description\" content=\"Le nom Chanel est devenu en pr\u00e8s d&#8217;un si\u00e8cle, un v\u00e9ritable mythe d\u00e9passant le strict domaine de la mode pour atteindre \u00e0 l&#8217;universel.\u00c9ternelle Chanel, en s&#8217;appuyant sur les temps forts de l&#8217;histoire de l&#8217;art, survole le parcours cr\u00e9ateur de la l\u00e9gendaire Mademoiselle.Il s&#8217;ouvre sur une br\u00e8ve histoire de la mode et du costume, depuis l&#8217;\u00c9gypte [&hellip;]\" \/>\n<meta property=\"og:url\" content=\"https:\/\/librairie7l.com\/en\/produit\/chanel\/\" \/>\n<meta property=\"og:site_name\" content=\"Librairie 7L\" \/>\n<meta property=\"article:modified_time\" content=\"2026-04-04T22:25:29+00:00\" \/>\n<meta property=\"og:image\" content=\"https:\/\/librairie7l.com\/wp-content\/uploads\/2009\/03\/9782732440101_1_75.jpg\" \/>\n\t<meta property=\"og:image:width\" content=\"689\" \/>\n\t<meta property=\"og:image:height\" content=\"893\" \/>\n\t<meta property=\"og:image:type\" content=\"image\/jpeg\" \/>\n<meta name=\"twitter:card\" content=\"summary_large_image\" \/>\n<meta name=\"twitter:label1\" content=\"Est. reading time\" \/>\n\t<meta name=\"twitter:data1\" content=\"1 minute\" \/>\n<script type=\"application\/ld+json\" class=\"yoast-schema-graph\">{\"@context\":\"https:\/\/schema.org\",\"@graph\":[{\"@type\":\"WebPage\",\"@id\":\"https:\/\/librairie7l.com\/en\/produit\/chanel\/\",\"url\":\"https:\/\/librairie7l.com\/en\/produit\/chanel\/\",\"name\":\"CHANEL - Librairie 7L\",\"isPartOf\":{\"@id\":\"https:\/\/librairie7l.com\/en\/#website\"},\"datePublished\":\"2023-09-19T16:16:30+00:00\",\"dateModified\":\"2026-04-04T22:25:29+00:00\",\"breadcrumb\":{\"@id\":\"https:\/\/librairie7l.com\/en\/produit\/chanel\/#breadcrumb\"},\"inLanguage\":\"en-US\",\"potentialAction\":[{\"@type\":\"ReadAction\",\"target\":[\"https:\/\/librairie7l.com\/en\/produit\/chanel\/\"]}]},{\"@type\":\"BreadcrumbList\",\"@id\":\"https:\/\/librairie7l.com\/en\/produit\/chanel\/#breadcrumb\",\"itemListElement\":[{\"@type\":\"ListItem\",\"position\":1,\"name\":\"Accueil\",\"item\":\"https:\/\/librairie7l.com\/en\/\"},{\"@type\":\"ListItem\",\"position\":2,\"name\":\"Shop\",\"item\":\"https:\/\/librairie7l.com\/en\/shop\/\"},{\"@type\":\"ListItem\",\"position\":3,\"name\":\"CHANEL\"}]},{\"@type\":\"WebSite\",\"@id\":\"https:\/\/librairie7l.com\/en\/#website\",\"url\":\"https:\/\/librairie7l.com\/en\/\",\"name\":\"Librairie 7L\",\"description\":\"Librairie fond\u00e9e en 1999 par Karl Lagerfeld \u00e0 Paris\",\"publisher\":{\"@id\":\"https:\/\/librairie7l.com\/en\/#organization\"},\"potentialAction\":[{\"@type\":\"SearchAction\",\"target\":{\"@type\":\"EntryPoint\",\"urlTemplate\":\"https:\/\/librairie7l.com\/en\/?s={search_term_string}\"},\"query-input\":\"required name=search_term_string\"}],\"inLanguage\":\"en-US\"},{\"@type\":\"Organization\",\"@id\":\"https:\/\/librairie7l.com\/en\/#organization\",\"name\":\"Librairie 7L\",\"url\":\"https:\/\/librairie7l.com\/en\/\",\"logo\":{\"@type\":\"ImageObject\",\"inLanguage\":\"en-US\",\"@id\":\"https:\/\/librairie7l.com\/en\/#\/schema\/logo\/image\/\",\"url\":\"https:\/\/librairie7l.com\/wp-content\/uploads\/2022\/08\/logo-1.png\",\"contentUrl\":\"https:\/\/librairie7l.com\/wp-content\/uploads\/2022\/08\/logo-1.png\",\"width\":227,\"height\":301,\"caption\":\"Librairie 7L\"},\"image\":{\"@id\":\"https:\/\/librairie7l.com\/en\/#\/schema\/logo\/image\/\"}}]}<\/script>\n<!-- \/ Yoast SEO plugin. -->","yoast_head_json":{"title":"CHANEL - Librairie 7L","robots":{"index":"index","follow":"follow","max-snippet":"max-snippet:-1","max-image-preview":"max-image-preview:large","max-video-preview":"max-video-preview:-1"},"canonical":"https:\/\/librairie7l.com\/en\/produit\/chanel\/","og_locale":"en_US","og_type":"article","og_title":"CHANEL - Librairie 7L","og_description":"Le nom Chanel est devenu en pr\u00e8s d&#8217;un si\u00e8cle, un v\u00e9ritable mythe d\u00e9passant le strict domaine de la mode pour atteindre \u00e0 l&#8217;universel.\u00c9ternelle Chanel, en s&#8217;appuyant sur les temps forts de l&#8217;histoire de l&#8217;art, survole le parcours cr\u00e9ateur de la l\u00e9gendaire Mademoiselle.Il s&#8217;ouvre sur une br\u00e8ve histoire de la mode et du costume, depuis l&#8217;\u00c9gypte [&hellip;]","og_url":"https:\/\/librairie7l.com\/en\/produit\/chanel\/","og_site_name":"Librairie 7L","article_modified_time":"2026-04-04T22:25:29+00:00","og_image":[{"width":689,"height":893,"url":"https:\/\/librairie7l.com\/wp-content\/uploads\/2009\/03\/9782732440101_1_75.jpg","type":"image\/jpeg"}],"twitter_card":"summary_large_image","twitter_misc":{"Est. reading time":"1 minute"},"schema":{"@context":"https:\/\/schema.org","@graph":[{"@type":"WebPage","@id":"https:\/\/librairie7l.com\/en\/produit\/chanel\/","url":"https:\/\/librairie7l.com\/en\/produit\/chanel\/","name":"CHANEL - Librairie 7L","isPartOf":{"@id":"https:\/\/librairie7l.com\/en\/#website"},"datePublished":"2023-09-19T16:16:30+00:00","dateModified":"2026-04-04T22:25:29+00:00","breadcrumb":{"@id":"https:\/\/librairie7l.com\/en\/produit\/chanel\/#breadcrumb"},"inLanguage":"en-US","potentialAction":[{"@type":"ReadAction","target":["https:\/\/librairie7l.com\/en\/produit\/chanel\/"]}]},{"@type":"BreadcrumbList","@id":"https:\/\/librairie7l.com\/en\/produit\/chanel\/#breadcrumb","itemListElement":[{"@type":"ListItem","position":1,"name":"Accueil","item":"https:\/\/librairie7l.com\/en\/"},{"@type":"ListItem","position":2,"name":"Shop","item":"https:\/\/librairie7l.com\/en\/shop\/"},{"@type":"ListItem","position":3,"name":"CHANEL"}]},{"@type":"WebSite","@id":"https:\/\/librairie7l.com\/en\/#website","url":"https:\/\/librairie7l.com\/en\/","name":"Librairie 7L","description":"Librairie fond\u00e9e en 1999 par Karl Lagerfeld \u00e0 Paris","publisher":{"@id":"https:\/\/librairie7l.com\/en\/#organization"},"potentialAction":[{"@type":"SearchAction","target":{"@type":"EntryPoint","urlTemplate":"https:\/\/librairie7l.com\/en\/?s={search_term_string}"},"query-input":"required name=search_term_string"}],"inLanguage":"en-US"},{"@type":"Organization","@id":"https:\/\/librairie7l.com\/en\/#organization","name":"Librairie 7L","url":"https:\/\/librairie7l.com\/en\/","logo":{"@type":"ImageObject","inLanguage":"en-US","@id":"https:\/\/librairie7l.com\/en\/#\/schema\/logo\/image\/","url":"https:\/\/librairie7l.com\/wp-content\/uploads\/2022\/08\/logo-1.png","contentUrl":"https:\/\/librairie7l.com\/wp-content\/uploads\/2022\/08\/logo-1.png","width":227,"height":301,"caption":"Librairie 7L"},"image":{"@id":"https:\/\/librairie7l.com\/en\/#\/schema\/logo\/image\/"}}]}},"_links":{"self":[{"href":"https:\/\/librairie7l.com\/en\/wp-json\/wp\/v2\/product\/34365"}],"collection":[{"href":"https:\/\/librairie7l.com\/en\/wp-json\/wp\/v2\/product"}],"about":[{"href":"https:\/\/librairie7l.com\/en\/wp-json\/wp\/v2\/types\/product"}],"wp:featuredmedia":[{"embeddable":true,"href":"https:\/\/librairie7l.com\/en\/wp-json\/wp\/v2\/media\/34363"}],"wp:attachment":[{"href":"https:\/\/librairie7l.com\/en\/wp-json\/wp\/v2\/media?parent=34365"}],"wp:term":[{"taxonomy":"product_cat","embeddable":true,"href":"https:\/\/librairie7l.com\/en\/wp-json\/wp\/v2\/product_cat?post=34365"},{"taxonomy":"product_tag","embeddable":true,"href":"https:\/\/librairie7l.com\/en\/wp-json\/wp\/v2\/product_tag?post=34365"}],"curies":[{"name":"wp","href":"https:\/\/api.w.org\/{rel}","templated":true}]}}