{"id":34377,"date":"2023-09-19T18:20:28","date_gmt":"2023-09-19T16:20:28","guid":{"rendered":"https:\/\/librairie7l.com\/?post_type=product&#038;p=34377"},"modified":"2026-04-17T14:35:43","modified_gmt":"2026-04-17T12:35:43","slug":"lynette-yiadom-boakye-fly-in-league-with-the-night","status":"publish","type":"product","link":"https:\/\/librairie7l.com\/en\/produit\/lynette-yiadom-boakye-fly-in-league-with-the-night\/","title":{"rendered":"LYNETTE YIADOM-BOAKYE : FLY IN LEAGUE WITH THE NIGHT"},"content":{"rendered":"<p>Ce catalogue accompagne une exposition monographique consacr\u00e9e \u00e0 Lynette Yiadom-Boakye \u00e0 l&#8217;\u00e9t\u00e9 2020. Cette peintre contemporaine, londonienne d&#8217;origine ghan\u00e9enne, a grandement contribu\u00e9 au renouveau en peinture de la figure noire. Elle est devenue c\u00e9l\u00e8bre pour ses portraits \u00e9nigmatiques de personnages fictifs dans des couleurs sourdes. Elle r\u00e9alise ses portraits qu&#8217;elle qualifie de &#8220;suggestions de personnes&#8221; en une seule s\u00e9ance, reprenant parfois les codes de peintres comme Manet, Goya, ou Sargent.<\/p>\n","protected":false},"excerpt":{"rendered":"<p>Ce catalogue accompagne une exposition monographique consacr\u00e9e \u00e0 Lynette Yiadom-Boakye \u00e0 l&#8217;\u00e9t\u00e9 2020. Cette peintre contemporaine, londonienne d&#8217;origine ghan\u00e9enne, a grandement contribu\u00e9 au renouveau en peinture de la figure noire. Elle est devenue c\u00e9l\u00e8bre pour ses portraits \u00e9nigmatiques de personnages fictifs dans des couleurs sourdes. Elle r\u00e9alise ses portraits qu&#8217;elle qualifie de &#8220;suggestions de personnes&#8221; [&hellip;]<\/p>\n","protected":false},"featured_media":34375,"template":"","meta":[],"product_cat":[2948,2958,2953],"product_tag":[],"acf":[],"yoast_head":"<!-- This site is optimized with the Yoast SEO plugin v20.11 - https:\/\/yoast.com\/wordpress\/plugins\/seo\/ -->\n<title>LYNETTE YIADOM-BOAKYE : FLY IN LEAGUE WITH THE NIGHT - Librairie 7L<\/title>\n<meta name=\"robots\" content=\"index, follow, max-snippet:-1, max-image-preview:large, max-video-preview:-1\" \/>\n<link rel=\"canonical\" href=\"https:\/\/librairie7l.com\/en\/produit\/lynette-yiadom-boakye-fly-in-league-with-the-night\/\" \/>\n<meta property=\"og:locale\" content=\"en_US\" \/>\n<meta property=\"og:type\" content=\"article\" \/>\n<meta property=\"og:title\" content=\"LYNETTE YIADOM-BOAKYE : FLY IN LEAGUE WITH THE NIGHT - Librairie 7L\" \/>\n<meta property=\"og:description\" content=\"Ce catalogue accompagne une exposition monographique consacr\u00e9e \u00e0 Lynette Yiadom-Boakye \u00e0 l&#8217;\u00e9t\u00e9 2020. Cette peintre contemporaine, londonienne d&#8217;origine ghan\u00e9enne, a grandement contribu\u00e9 au renouveau en peinture de la figure noire. Elle est devenue c\u00e9l\u00e8bre pour ses portraits \u00e9nigmatiques de personnages fictifs dans des couleurs sourdes. Elle r\u00e9alise ses portraits qu&#8217;elle qualifie de &#8220;suggestions de personnes&#8221; [&hellip;]\" \/>\n<meta property=\"og:url\" content=\"https:\/\/librairie7l.com\/en\/produit\/lynette-yiadom-boakye-fly-in-league-with-the-night\/\" \/>\n<meta property=\"og:site_name\" content=\"Librairie 7L\" \/>\n<meta property=\"article:modified_time\" content=\"2026-04-17T12:35:43+00:00\" \/>\n<meta property=\"og:image\" content=\"https:\/\/librairie7l.com\/wp-content\/uploads\/2020\/01\/9781849767040_1_75.jpg\" \/>\n\t<meta property=\"og:image:width\" content=\"421\" \/>\n\t<meta property=\"og:image:height\" content=\"500\" \/>\n\t<meta property=\"og:image:type\" content=\"image\/jpeg\" \/>\n<meta name=\"twitter:card\" content=\"summary_large_image\" \/>\n<script type=\"application\/ld+json\" class=\"yoast-schema-graph\">{\"@context\":\"https:\/\/schema.org\",\"@graph\":[{\"@type\":\"WebPage\",\"@id\":\"https:\/\/librairie7l.com\/en\/produit\/lynette-yiadom-boakye-fly-in-league-with-the-night\/\",\"url\":\"https:\/\/librairie7l.com\/en\/produit\/lynette-yiadom-boakye-fly-in-league-with-the-night\/\",\"name\":\"LYNETTE YIADOM-BOAKYE : FLY IN LEAGUE WITH THE NIGHT - Librairie 7L\",\"isPartOf\":{\"@id\":\"https:\/\/librairie7l.com\/en\/#website\"},\"datePublished\":\"2023-09-19T16:20:28+00:00\",\"dateModified\":\"2026-04-17T12:35:43+00:00\",\"breadcrumb\":{\"@id\":\"https:\/\/librairie7l.com\/en\/produit\/lynette-yiadom-boakye-fly-in-league-with-the-night\/#breadcrumb\"},\"inLanguage\":\"en-US\",\"potentialAction\":[{\"@type\":\"ReadAction\",\"target\":[\"https:\/\/librairie7l.com\/en\/produit\/lynette-yiadom-boakye-fly-in-league-with-the-night\/\"]}]},{\"@type\":\"BreadcrumbList\",\"@id\":\"https:\/\/librairie7l.com\/en\/produit\/lynette-yiadom-boakye-fly-in-league-with-the-night\/#breadcrumb\",\"itemListElement\":[{\"@type\":\"ListItem\",\"position\":1,\"name\":\"Accueil\",\"item\":\"https:\/\/librairie7l.com\/en\/\"},{\"@type\":\"ListItem\",\"position\":2,\"name\":\"Shop\",\"item\":\"https:\/\/librairie7l.com\/en\/shop\/\"},{\"@type\":\"ListItem\",\"position\":3,\"name\":\"LYNETTE YIADOM-BOAKYE : FLY IN LEAGUE WITH THE NIGHT\"}]},{\"@type\":\"WebSite\",\"@id\":\"https:\/\/librairie7l.com\/en\/#website\",\"url\":\"https:\/\/librairie7l.com\/en\/\",\"name\":\"Librairie 7L\",\"description\":\"Librairie fond\u00e9e en 1999 par Karl Lagerfeld \u00e0 Paris\",\"publisher\":{\"@id\":\"https:\/\/librairie7l.com\/en\/#organization\"},\"potentialAction\":[{\"@type\":\"SearchAction\",\"target\":{\"@type\":\"EntryPoint\",\"urlTemplate\":\"https:\/\/librairie7l.com\/en\/?s={search_term_string}\"},\"query-input\":\"required name=search_term_string\"}],\"inLanguage\":\"en-US\"},{\"@type\":\"Organization\",\"@id\":\"https:\/\/librairie7l.com\/en\/#organization\",\"name\":\"Librairie 7L\",\"url\":\"https:\/\/librairie7l.com\/en\/\",\"logo\":{\"@type\":\"ImageObject\",\"inLanguage\":\"en-US\",\"@id\":\"https:\/\/librairie7l.com\/en\/#\/schema\/logo\/image\/\",\"url\":\"https:\/\/librairie7l.com\/wp-content\/uploads\/2022\/08\/logo-1.png\",\"contentUrl\":\"https:\/\/librairie7l.com\/wp-content\/uploads\/2022\/08\/logo-1.png\",\"width\":227,\"height\":301,\"caption\":\"Librairie 7L\"},\"image\":{\"@id\":\"https:\/\/librairie7l.com\/en\/#\/schema\/logo\/image\/\"}}]}<\/script>\n<!-- \/ Yoast SEO plugin. -->","yoast_head_json":{"title":"LYNETTE YIADOM-BOAKYE : FLY IN LEAGUE WITH THE NIGHT - Librairie 7L","robots":{"index":"index","follow":"follow","max-snippet":"max-snippet:-1","max-image-preview":"max-image-preview:large","max-video-preview":"max-video-preview:-1"},"canonical":"https:\/\/librairie7l.com\/en\/produit\/lynette-yiadom-boakye-fly-in-league-with-the-night\/","og_locale":"en_US","og_type":"article","og_title":"LYNETTE YIADOM-BOAKYE : FLY IN LEAGUE WITH THE NIGHT - Librairie 7L","og_description":"Ce catalogue accompagne une exposition monographique consacr\u00e9e \u00e0 Lynette Yiadom-Boakye \u00e0 l&#8217;\u00e9t\u00e9 2020. Cette peintre contemporaine, londonienne d&#8217;origine ghan\u00e9enne, a grandement contribu\u00e9 au renouveau en peinture de la figure noire. Elle est devenue c\u00e9l\u00e8bre pour ses portraits \u00e9nigmatiques de personnages fictifs dans des couleurs sourdes. Elle r\u00e9alise ses portraits qu&#8217;elle qualifie de &#8220;suggestions de personnes&#8221; [&hellip;]","og_url":"https:\/\/librairie7l.com\/en\/produit\/lynette-yiadom-boakye-fly-in-league-with-the-night\/","og_site_name":"Librairie 7L","article_modified_time":"2026-04-17T12:35:43+00:00","og_image":[{"width":421,"height":500,"url":"https:\/\/librairie7l.com\/wp-content\/uploads\/2020\/01\/9781849767040_1_75.jpg","type":"image\/jpeg"}],"twitter_card":"summary_large_image","schema":{"@context":"https:\/\/schema.org","@graph":[{"@type":"WebPage","@id":"https:\/\/librairie7l.com\/en\/produit\/lynette-yiadom-boakye-fly-in-league-with-the-night\/","url":"https:\/\/librairie7l.com\/en\/produit\/lynette-yiadom-boakye-fly-in-league-with-the-night\/","name":"LYNETTE YIADOM-BOAKYE : FLY IN LEAGUE WITH THE NIGHT - Librairie 7L","isPartOf":{"@id":"https:\/\/librairie7l.com\/en\/#website"},"datePublished":"2023-09-19T16:20:28+00:00","dateModified":"2026-04-17T12:35:43+00:00","breadcrumb":{"@id":"https:\/\/librairie7l.com\/en\/produit\/lynette-yiadom-boakye-fly-in-league-with-the-night\/#breadcrumb"},"inLanguage":"en-US","potentialAction":[{"@type":"ReadAction","target":["https:\/\/librairie7l.com\/en\/produit\/lynette-yiadom-boakye-fly-in-league-with-the-night\/"]}]},{"@type":"BreadcrumbList","@id":"https:\/\/librairie7l.com\/en\/produit\/lynette-yiadom-boakye-fly-in-league-with-the-night\/#breadcrumb","itemListElement":[{"@type":"ListItem","position":1,"name":"Accueil","item":"https:\/\/librairie7l.com\/en\/"},{"@type":"ListItem","position":2,"name":"Shop","item":"https:\/\/librairie7l.com\/en\/shop\/"},{"@type":"ListItem","position":3,"name":"LYNETTE YIADOM-BOAKYE : FLY IN LEAGUE WITH THE NIGHT"}]},{"@type":"WebSite","@id":"https:\/\/librairie7l.com\/en\/#website","url":"https:\/\/librairie7l.com\/en\/","name":"Librairie 7L","description":"Librairie fond\u00e9e en 1999 par Karl Lagerfeld \u00e0 Paris","publisher":{"@id":"https:\/\/librairie7l.com\/en\/#organization"},"potentialAction":[{"@type":"SearchAction","target":{"@type":"EntryPoint","urlTemplate":"https:\/\/librairie7l.com\/en\/?s={search_term_string}"},"query-input":"required name=search_term_string"}],"inLanguage":"en-US"},{"@type":"Organization","@id":"https:\/\/librairie7l.com\/en\/#organization","name":"Librairie 7L","url":"https:\/\/librairie7l.com\/en\/","logo":{"@type":"ImageObject","inLanguage":"en-US","@id":"https:\/\/librairie7l.com\/en\/#\/schema\/logo\/image\/","url":"https:\/\/librairie7l.com\/wp-content\/uploads\/2022\/08\/logo-1.png","contentUrl":"https:\/\/librairie7l.com\/wp-content\/uploads\/2022\/08\/logo-1.png","width":227,"height":301,"caption":"Librairie 7L"},"image":{"@id":"https:\/\/librairie7l.com\/en\/#\/schema\/logo\/image\/"}}]}},"_links":{"self":[{"href":"https:\/\/librairie7l.com\/en\/wp-json\/wp\/v2\/product\/34377"}],"collection":[{"href":"https:\/\/librairie7l.com\/en\/wp-json\/wp\/v2\/product"}],"about":[{"href":"https:\/\/librairie7l.com\/en\/wp-json\/wp\/v2\/types\/product"}],"wp:featuredmedia":[{"embeddable":true,"href":"https:\/\/librairie7l.com\/en\/wp-json\/wp\/v2\/media\/34375"}],"wp:attachment":[{"href":"https:\/\/librairie7l.com\/en\/wp-json\/wp\/v2\/media?parent=34377"}],"wp:term":[{"taxonomy":"product_cat","embeddable":true,"href":"https:\/\/librairie7l.com\/en\/wp-json\/wp\/v2\/product_cat?post=34377"},{"taxonomy":"product_tag","embeddable":true,"href":"https:\/\/librairie7l.com\/en\/wp-json\/wp\/v2\/product_tag?post=34377"}],"curies":[{"name":"wp","href":"https:\/\/api.w.org\/{rel}","templated":true}]}}