{"id":34381,"date":"2023-09-19T18:20:46","date_gmt":"2023-09-19T16:20:46","guid":{"rendered":"https:\/\/librairie7l.com\/?post_type=product&#038;p=34381"},"modified":"2026-04-27T02:30:12","modified_gmt":"2026-04-27T00:30:12","slug":"rays","status":"publish","type":"product","link":"https:\/\/librairie7l.com\/en\/produit\/rays\/","title":{"rendered":"RAYS"},"content":{"rendered":"<p>Monographie th\u00e9matique \/ livre d&#8217;artiste consacr\u00e9 \u00e0 la s\u00e9rie en cours des Rayons, des environnements immersifs et optiques pr\u00e9sent\u00e9s par Xavier Veilhan dans de nombreux \u00e9difices architecturaux c\u00e9l\u00e8bres (la Cit\u00e9 Radieuse du Corbusier \u00e0 Marseille, la Sheats Goldstein Residence de Los Angeles, la Hatfield House en Grande-Bretagne, la Conservera \u00e0 Murcia, etc.).<\/p>\n","protected":false},"excerpt":{"rendered":"<p>Monographie th\u00e9matique \/ livre d&#8217;artiste consacr\u00e9 \u00e0 la s\u00e9rie en cours des Rayons, des environnements immersifs et optiques pr\u00e9sent\u00e9s par Xavier Veilhan dans de nombreux \u00e9difices architecturaux c\u00e9l\u00e8bres (la Cit\u00e9 Radieuse du Corbusier \u00e0 Marseille, la Sheats Goldstein Residence de Los Angeles, la Hatfield House en Grande-Bretagne, la Conservera \u00e0 Murcia, etc.).<\/p>\n","protected":false},"featured_media":34379,"template":"","meta":[],"product_cat":[2948,2953],"product_tag":[],"acf":[],"yoast_head":"<!-- This site is optimized with the Yoast SEO plugin v20.11 - https:\/\/yoast.com\/wordpress\/plugins\/seo\/ -->\n<title>RAYS - Librairie 7L<\/title>\n<meta name=\"robots\" content=\"index, follow, max-snippet:-1, max-image-preview:large, max-video-preview:-1\" \/>\n<link rel=\"canonical\" href=\"https:\/\/librairie7l.com\/en\/produit\/rays\/\" \/>\n<meta property=\"og:locale\" content=\"en_US\" \/>\n<meta property=\"og:type\" content=\"article\" \/>\n<meta property=\"og:title\" content=\"RAYS - Librairie 7L\" \/>\n<meta property=\"og:description\" content=\"Monographie th\u00e9matique \/ livre d&#8217;artiste consacr\u00e9 \u00e0 la s\u00e9rie en cours des Rayons, des environnements immersifs et optiques pr\u00e9sent\u00e9s par Xavier Veilhan dans de nombreux \u00e9difices architecturaux c\u00e9l\u00e8bres (la Cit\u00e9 Radieuse du Corbusier \u00e0 Marseille, la Sheats Goldstein Residence de Los Angeles, la Hatfield House en Grande-Bretagne, la Conservera \u00e0 Murcia, etc.).\" \/>\n<meta property=\"og:url\" content=\"https:\/\/librairie7l.com\/en\/produit\/rays\/\" \/>\n<meta property=\"og:site_name\" content=\"Librairie 7L\" \/>\n<meta property=\"article:modified_time\" content=\"2026-04-27T00:30:12+00:00\" \/>\n<meta property=\"og:image\" content=\"https:\/\/librairie7l.com\/wp-content\/uploads\/2014\/01\/9783037643280_1_75.jpg\" \/>\n\t<meta property=\"og:image:width\" content=\"371\" \/>\n\t<meta property=\"og:image:height\" content=\"500\" \/>\n\t<meta property=\"og:image:type\" content=\"image\/jpeg\" \/>\n<meta name=\"twitter:card\" content=\"summary_large_image\" \/>\n<script type=\"application\/ld+json\" class=\"yoast-schema-graph\">{\"@context\":\"https:\/\/schema.org\",\"@graph\":[{\"@type\":\"WebPage\",\"@id\":\"https:\/\/librairie7l.com\/en\/produit\/rays\/\",\"url\":\"https:\/\/librairie7l.com\/en\/produit\/rays\/\",\"name\":\"RAYS - Librairie 7L\",\"isPartOf\":{\"@id\":\"https:\/\/librairie7l.com\/en\/#website\"},\"datePublished\":\"2023-09-19T16:20:46+00:00\",\"dateModified\":\"2026-04-27T00:30:12+00:00\",\"breadcrumb\":{\"@id\":\"https:\/\/librairie7l.com\/en\/produit\/rays\/#breadcrumb\"},\"inLanguage\":\"en-US\",\"potentialAction\":[{\"@type\":\"ReadAction\",\"target\":[\"https:\/\/librairie7l.com\/en\/produit\/rays\/\"]}]},{\"@type\":\"BreadcrumbList\",\"@id\":\"https:\/\/librairie7l.com\/en\/produit\/rays\/#breadcrumb\",\"itemListElement\":[{\"@type\":\"ListItem\",\"position\":1,\"name\":\"Accueil\",\"item\":\"https:\/\/librairie7l.com\/en\/\"},{\"@type\":\"ListItem\",\"position\":2,\"name\":\"Shop\",\"item\":\"https:\/\/librairie7l.com\/en\/shop\/\"},{\"@type\":\"ListItem\",\"position\":3,\"name\":\"RAYS\"}]},{\"@type\":\"WebSite\",\"@id\":\"https:\/\/librairie7l.com\/en\/#website\",\"url\":\"https:\/\/librairie7l.com\/en\/\",\"name\":\"Librairie 7L\",\"description\":\"Librairie fond\u00e9e en 1999 par Karl Lagerfeld \u00e0 Paris\",\"publisher\":{\"@id\":\"https:\/\/librairie7l.com\/en\/#organization\"},\"potentialAction\":[{\"@type\":\"SearchAction\",\"target\":{\"@type\":\"EntryPoint\",\"urlTemplate\":\"https:\/\/librairie7l.com\/en\/?s={search_term_string}\"},\"query-input\":\"required name=search_term_string\"}],\"inLanguage\":\"en-US\"},{\"@type\":\"Organization\",\"@id\":\"https:\/\/librairie7l.com\/en\/#organization\",\"name\":\"Librairie 7L\",\"url\":\"https:\/\/librairie7l.com\/en\/\",\"logo\":{\"@type\":\"ImageObject\",\"inLanguage\":\"en-US\",\"@id\":\"https:\/\/librairie7l.com\/en\/#\/schema\/logo\/image\/\",\"url\":\"https:\/\/librairie7l.com\/wp-content\/uploads\/2022\/08\/logo-1.png\",\"contentUrl\":\"https:\/\/librairie7l.com\/wp-content\/uploads\/2022\/08\/logo-1.png\",\"width\":227,\"height\":301,\"caption\":\"Librairie 7L\"},\"image\":{\"@id\":\"https:\/\/librairie7l.com\/en\/#\/schema\/logo\/image\/\"}}]}<\/script>\n<!-- \/ Yoast SEO plugin. -->","yoast_head_json":{"title":"RAYS - Librairie 7L","robots":{"index":"index","follow":"follow","max-snippet":"max-snippet:-1","max-image-preview":"max-image-preview:large","max-video-preview":"max-video-preview:-1"},"canonical":"https:\/\/librairie7l.com\/en\/produit\/rays\/","og_locale":"en_US","og_type":"article","og_title":"RAYS - Librairie 7L","og_description":"Monographie th\u00e9matique \/ livre d&#8217;artiste consacr\u00e9 \u00e0 la s\u00e9rie en cours des Rayons, des environnements immersifs et optiques pr\u00e9sent\u00e9s par Xavier Veilhan dans de nombreux \u00e9difices architecturaux c\u00e9l\u00e8bres (la Cit\u00e9 Radieuse du Corbusier \u00e0 Marseille, la Sheats Goldstein Residence de Los Angeles, la Hatfield House en Grande-Bretagne, la Conservera \u00e0 Murcia, etc.).","og_url":"https:\/\/librairie7l.com\/en\/produit\/rays\/","og_site_name":"Librairie 7L","article_modified_time":"2026-04-27T00:30:12+00:00","og_image":[{"width":371,"height":500,"url":"https:\/\/librairie7l.com\/wp-content\/uploads\/2014\/01\/9783037643280_1_75.jpg","type":"image\/jpeg"}],"twitter_card":"summary_large_image","schema":{"@context":"https:\/\/schema.org","@graph":[{"@type":"WebPage","@id":"https:\/\/librairie7l.com\/en\/produit\/rays\/","url":"https:\/\/librairie7l.com\/en\/produit\/rays\/","name":"RAYS - Librairie 7L","isPartOf":{"@id":"https:\/\/librairie7l.com\/en\/#website"},"datePublished":"2023-09-19T16:20:46+00:00","dateModified":"2026-04-27T00:30:12+00:00","breadcrumb":{"@id":"https:\/\/librairie7l.com\/en\/produit\/rays\/#breadcrumb"},"inLanguage":"en-US","potentialAction":[{"@type":"ReadAction","target":["https:\/\/librairie7l.com\/en\/produit\/rays\/"]}]},{"@type":"BreadcrumbList","@id":"https:\/\/librairie7l.com\/en\/produit\/rays\/#breadcrumb","itemListElement":[{"@type":"ListItem","position":1,"name":"Accueil","item":"https:\/\/librairie7l.com\/en\/"},{"@type":"ListItem","position":2,"name":"Shop","item":"https:\/\/librairie7l.com\/en\/shop\/"},{"@type":"ListItem","position":3,"name":"RAYS"}]},{"@type":"WebSite","@id":"https:\/\/librairie7l.com\/en\/#website","url":"https:\/\/librairie7l.com\/en\/","name":"Librairie 7L","description":"Librairie fond\u00e9e en 1999 par Karl Lagerfeld \u00e0 Paris","publisher":{"@id":"https:\/\/librairie7l.com\/en\/#organization"},"potentialAction":[{"@type":"SearchAction","target":{"@type":"EntryPoint","urlTemplate":"https:\/\/librairie7l.com\/en\/?s={search_term_string}"},"query-input":"required name=search_term_string"}],"inLanguage":"en-US"},{"@type":"Organization","@id":"https:\/\/librairie7l.com\/en\/#organization","name":"Librairie 7L","url":"https:\/\/librairie7l.com\/en\/","logo":{"@type":"ImageObject","inLanguage":"en-US","@id":"https:\/\/librairie7l.com\/en\/#\/schema\/logo\/image\/","url":"https:\/\/librairie7l.com\/wp-content\/uploads\/2022\/08\/logo-1.png","contentUrl":"https:\/\/librairie7l.com\/wp-content\/uploads\/2022\/08\/logo-1.png","width":227,"height":301,"caption":"Librairie 7L"},"image":{"@id":"https:\/\/librairie7l.com\/en\/#\/schema\/logo\/image\/"}}]}},"_links":{"self":[{"href":"https:\/\/librairie7l.com\/en\/wp-json\/wp\/v2\/product\/34381"}],"collection":[{"href":"https:\/\/librairie7l.com\/en\/wp-json\/wp\/v2\/product"}],"about":[{"href":"https:\/\/librairie7l.com\/en\/wp-json\/wp\/v2\/types\/product"}],"wp:featuredmedia":[{"embeddable":true,"href":"https:\/\/librairie7l.com\/en\/wp-json\/wp\/v2\/media\/34379"}],"wp:attachment":[{"href":"https:\/\/librairie7l.com\/en\/wp-json\/wp\/v2\/media?parent=34381"}],"wp:term":[{"taxonomy":"product_cat","embeddable":true,"href":"https:\/\/librairie7l.com\/en\/wp-json\/wp\/v2\/product_cat?post=34381"},{"taxonomy":"product_tag","embeddable":true,"href":"https:\/\/librairie7l.com\/en\/wp-json\/wp\/v2\/product_tag?post=34381"}],"curies":[{"name":"wp","href":"https:\/\/api.w.org\/{rel}","templated":true}]}}